{"id":9972,"date":"2017-05-24T16:31:46","date_gmt":"2017-05-24T20:31:46","guid":{"rendered":"https:\/\/camrt.wpenginepowered.com\/fr\/?page_id=9972"},"modified":"2017-05-24T16:31:46","modified_gmt":"2017-05-24T20:31:46","slug":"reprises-et-autoformations-expirees","status":"publish","type":"page","link":"https:\/\/camrt.ca\/fr\/perfectionnement-professionnel\/ppc-soutenir-la-diversite\/reprises-et-autoformations-expirees\/","title":{"rendered":"Reprises et autoformations expir\u00e9es"},"content":{"rendered":"<p style=\"text-align: justify\">L\u2019ACTRM permet une reprise aux candidats qui n\u2019ont pas obtenu la note de passage de 75 % pour l\u2019envoi de la feuille r\u00e9ponse d\u2019un cours d\u2019autoformation rapide. Un frais d\u2019administration est exig\u00e9 : 25 $ pour les membres et 50 $ pour les non membres. Les candidats ont un (1) an \u00e0 partir de la date d\u2019enregistrement \u00e0 faire demande pour une r\u00e9-\u00e9criture.<\/p>\n<p>Envoyez un courriel \u00e0 <a href=\"mailto:cpd@camrt.ca\">cpd@camrt.ca<\/a> pour prendre les arrangements pour une remise de cours.<\/p>\n<p style=\"text-align: justify\">Les candidats qui ont d\u00e9pass\u00e9 leur d\u00e9lai de quatre mois doivent racheter l\u2019autoformation rapide s\u2019ils veulent le cr\u00e9dit.<\/p>\n<p style=\"text-align: justify\"><strong>Ce frais d\u2019administration s\u2019applique \u00e9galement dans le cas des cours d\u2019autoformation rapide gratuits.<\/strong><\/p>\n","protected":false},"excerpt":{"rendered":"<p>L\u2019ACTRM permet une reprise aux candidats qui n\u2019ont pas obtenu la note de passage de 75 % pour l\u2019envoi de la feuille r\u00e9ponse d\u2019un cours d\u2019autoformation rapide. Un frais d\u2019administration [&hellip;]<\/p>\n","protected":false},"author":30,"featured_media":0,"parent":6517,"menu_order":0,"comment_status":"closed","ping_status":"closed","template":"","meta":{"_monsterinsights_skip_tracking":false,"_monsterinsights_sitenote_active":false,"_monsterinsights_sitenote_note":"","_monsterinsights_sitenote_category":0,"footnotes":""},"class_list":["post-9972","page","type-page","status-publish","hentry"],"_links":{"self":[{"href":"https:\/\/camrt.ca\/fr\/wp-json\/wp\/v2\/pages\/9972","targetHints":{"allow":["GET"]}}],"collection":[{"href":"https:\/\/camrt.ca\/fr\/wp-json\/wp\/v2\/pages"}],"about":[{"href":"https:\/\/camrt.ca\/fr\/wp-json\/wp\/v2\/types\/page"}],"author":[{"embeddable":true,"href":"https:\/\/camrt.ca\/fr\/wp-json\/wp\/v2\/users\/30"}],"replies":[{"embeddable":true,"href":"https:\/\/camrt.ca\/fr\/wp-json\/wp\/v2\/comments?post=9972"}],"version-history":[{"count":0,"href":"https:\/\/camrt.ca\/fr\/wp-json\/wp\/v2\/pages\/9972\/revisions"}],"up":[{"embeddable":true,"href":"https:\/\/camrt.ca\/fr\/wp-json\/wp\/v2\/pages\/6517"}],"wp:attachment":[{"href":"https:\/\/camrt.ca\/fr\/wp-json\/wp\/v2\/media?parent=9972"}],"curies":[{"name":"wp","href":"https:\/\/api.w.org\/{rel}","templated":true}]}}