{"id":9967,"date":"2017-05-24T16:27:51","date_gmt":"2017-05-24T20:27:51","guid":{"rendered":"https:\/\/camrt.wpenginepowered.com\/fr\/?page_id=9967"},"modified":"2017-05-24T16:27:51","modified_gmt":"2017-05-24T20:27:51","slug":"quiz-et-exigences-de-reussite","status":"publish","type":"page","link":"https:\/\/camrt.ca\/fr\/perfectionnement-professionnel\/ppc-soutenir-la-diversite\/quiz-et-exigences-de-reussite\/","title":{"rendered":"Quiz et exigences de r\u00e9ussite"},"content":{"rendered":"<p style=\"text-align: justify\">Vous disposez de <strong>quatre mois<\/strong> \u00e0 compter de la date d\u2019achat pour envoyer votre feuille-r\u00e9ponse \u00e0 l\u2019examen final pour obtenir vos cr\u00e9dits de cat\u00e9gorie \u00ab A \u00bb ou la reconnaissance de vos heures de cours. Ce d\u00e9lai s\u2019applique \u00e0 tous les cours d\u2019autoformation rapides, y compris ceux dans le format interactif en ligne.<\/p>\n<p style=\"text-align: justify\">La note de passage minimale est de 75 %. Les notes seront affich\u00e9es sur le site Web dans un d\u00e9lai de trois semaines apr\u00e8s l\u2019envoi de la feuille-r\u00e9ponse.<\/p>\n<p>L\u2019ACTRM permet une reprise aux candidats qui n\u2019ont pas obtenu la note de passage de 75 % pour l\u2019envoi de la feuille r\u00e9ponse d\u2019un cours d\u2019autoformation rapide. Un frais d\u2019administration de 25 $ est exig\u00e9. Les candidats ont un (1) an \u00e0 partir de la date d\u2019enregistrement \u00e0 faire demande pour une r\u00e9-\u00e9criture.<\/p>\n<p>Les candidats qui ont d\u00e9pass\u00e9 leur d\u00e9lai de quatre mois doivent racheter l\u2019autoformation rapide s\u2019ils veulent le cr\u00e9dit.<\/p>\n<p><strong>Ce frais d\u2019administration s\u2019applique \u00e9galement dans le cas des cours d\u2019autoformation rapide gratuits.<\/strong><\/p>\n","protected":false},"excerpt":{"rendered":"<p>Vous disposez de quatre mois \u00e0 compter de la date d\u2019achat pour envoyer votre feuille-r\u00e9ponse \u00e0 l\u2019examen final pour obtenir vos cr\u00e9dits de cat\u00e9gorie \u00ab A \u00bb ou la reconnaissance [&hellip;]<\/p>\n","protected":false},"author":30,"featured_media":0,"parent":6517,"menu_order":0,"comment_status":"closed","ping_status":"closed","template":"","meta":{"_monsterinsights_skip_tracking":false,"_monsterinsights_sitenote_active":false,"_monsterinsights_sitenote_note":"","_monsterinsights_sitenote_category":0,"footnotes":""},"class_list":["post-9967","page","type-page","status-publish","hentry"],"_links":{"self":[{"href":"https:\/\/camrt.ca\/fr\/wp-json\/wp\/v2\/pages\/9967","targetHints":{"allow":["GET"]}}],"collection":[{"href":"https:\/\/camrt.ca\/fr\/wp-json\/wp\/v2\/pages"}],"about":[{"href":"https:\/\/camrt.ca\/fr\/wp-json\/wp\/v2\/types\/page"}],"author":[{"embeddable":true,"href":"https:\/\/camrt.ca\/fr\/wp-json\/wp\/v2\/users\/30"}],"replies":[{"embeddable":true,"href":"https:\/\/camrt.ca\/fr\/wp-json\/wp\/v2\/comments?post=9967"}],"version-history":[{"count":0,"href":"https:\/\/camrt.ca\/fr\/wp-json\/wp\/v2\/pages\/9967\/revisions"}],"up":[{"embeddable":true,"href":"https:\/\/camrt.ca\/fr\/wp-json\/wp\/v2\/pages\/6517"}],"wp:attachment":[{"href":"https:\/\/camrt.ca\/fr\/wp-json\/wp\/v2\/media?parent=9967"}],"curies":[{"name":"wp","href":"https:\/\/api.w.org\/{rel}","templated":true}]}}