{"id":9888,"date":"2017-05-16T16:05:22","date_gmt":"2017-05-16T20:05:22","guid":{"rendered":"https:\/\/camrt.wpenginepowered.com\/fr\/?page_id=9888"},"modified":"2017-05-16T16:05:22","modified_gmt":"2017-05-16T20:05:22","slug":"credits-de-formation-continue","status":"publish","type":"page","link":"https:\/\/camrt.ca\/fr\/perfectionnement-professionnel\/cours-complets\/credits-de-formation-continue\/","title":{"rendered":"Cr\u00e9dits de formation continue"},"content":{"rendered":"<p style=\"text-align: justify\">L\u2019ACTRM attribue une valeur en cr\u00e9dits de formation continue \u00e0 toutes les activit\u00e9s de perfectionnement professionnel offertes par l\u2019association. Les technologues peuvent utiliser ces cr\u00e9dits (heures) pour respecter les exigences de formation continue \u00e9tablies par un organisme professionnel ou un ordre de r\u00e9glementation.<\/p>\n<p style=\"text-align: justify\">L\u2019ACTRM est un Programme d\u2019agr\u00e9ment des cr\u00e9dits de formation continue (PACFC) pour l\u2019ARRT et peut donc attribuer des cr\u00e9dits de cat\u00e9gorie \u00ab A \u00bb. Les technologues des \u00c9tats-Unis et du Canada qui sont membre en r\u00e8gle de l\u2019ARRT peuvent recevoir des cr\u00e9dits applicables aux exigences de cr\u00e9dits de formation continue de l\u2019ARRT.<\/p>\n<p style=\"text-align: justify\">Veuillez consulter les descriptions de cours pour conna\u00eetre le nombre de cr\u00e9dits attribu\u00e9s. <strong>Les examens bas\u00e9s sur les comp\u00e9tences et les examens de reconnaissance des acquis ne donnent pas droit \u00e0 des cr\u00e9dits.\u00a0<\/strong><\/p>\n","protected":false},"excerpt":{"rendered":"<p>L\u2019ACTRM attribue une valeur en cr\u00e9dits de formation continue \u00e0 toutes les activit\u00e9s de perfectionnement professionnel offertes par l\u2019association. Les technologues peuvent utiliser ces cr\u00e9dits (heures) pour respecter les exigences [&hellip;]<\/p>\n","protected":false},"author":30,"featured_media":0,"parent":6508,"menu_order":0,"comment_status":"closed","ping_status":"closed","template":"","meta":{"_monsterinsights_skip_tracking":false,"_monsterinsights_sitenote_active":false,"_monsterinsights_sitenote_note":"","_monsterinsights_sitenote_category":0,"footnotes":""},"class_list":["post-9888","page","type-page","status-publish","hentry"],"_links":{"self":[{"href":"https:\/\/camrt.ca\/fr\/wp-json\/wp\/v2\/pages\/9888","targetHints":{"allow":["GET"]}}],"collection":[{"href":"https:\/\/camrt.ca\/fr\/wp-json\/wp\/v2\/pages"}],"about":[{"href":"https:\/\/camrt.ca\/fr\/wp-json\/wp\/v2\/types\/page"}],"author":[{"embeddable":true,"href":"https:\/\/camrt.ca\/fr\/wp-json\/wp\/v2\/users\/30"}],"replies":[{"embeddable":true,"href":"https:\/\/camrt.ca\/fr\/wp-json\/wp\/v2\/comments?post=9888"}],"version-history":[{"count":0,"href":"https:\/\/camrt.ca\/fr\/wp-json\/wp\/v2\/pages\/9888\/revisions"}],"up":[{"embeddable":true,"href":"https:\/\/camrt.ca\/fr\/wp-json\/wp\/v2\/pages\/6508"}],"wp:attachment":[{"href":"https:\/\/camrt.ca\/fr\/wp-json\/wp\/v2\/media?parent=9888"}],"curies":[{"name":"wp","href":"https:\/\/api.w.org\/{rel}","templated":true}]}}