{"id":9882,"date":"2017-05-16T15:57:56","date_gmt":"2017-05-16T19:57:56","guid":{"rendered":"https:\/\/camrt.wpenginepowered.com\/fr\/?page_id=9882"},"modified":"2017-05-16T15:57:56","modified_gmt":"2017-05-16T19:57:56","slug":"frais-dinscription-et-recus-dimpots","status":"publish","type":"page","link":"https:\/\/camrt.ca\/fr\/perfectionnement-professionnel\/programmes-de-certificats\/frais-dinscription-et-recus-dimpots\/","title":{"rendered":"Frais d\u2019inscription"},"content":{"rendered":"<h3><strong>Frais<\/strong><\/h3>\n<p style=\"text-align: justify\">L\u2019ACTRM s\u2019efforce d\u2019offrir \u00e0 ses membres des formations de premi\u00e8re qualit\u00e9 \u00e0 un co\u00fbt concurrentiel; cependant, ces prix doivent \u00eatre ajust\u00e9s p\u00e9riodiquement pour nous permettre de g\u00e9rer le contenu actuel et de poursuivre le d\u00e9veloppement de nouvelles ressources.<\/p>\n<p>Tous les frais sont en devises canadiennes. Les frais sont modifiables sans pr\u00e9avis.<\/p>\n<h3>Frais d\u2019inscription<\/h3>\n<p><strong>Membres \u00e0 part enti\u00e8re, membres en exercice limit\u00e9 et membres temporaires<\/strong><\/p>\n<table width=\"100%\">\n<tbody>\n<tr>\n<td>Cours complet* (incluant travaux et examen final) &#8211; inscription h\u00e2tive<\/td>\n<td>390.00 $<\/td>\n<\/tr>\n<tr>\n<td>Examen de reconnaissance des acquis<\/td>\n<td>160.00 $<\/td>\n<\/tr>\n<tr>\n<td>Reprise d\u2019examen, incluant examens bas\u00e9s sur les comp\u00e9tences<\/td>\n<td>160.00 $<\/td>\n<\/tr>\n<\/tbody>\n<\/table>\n<p><strong>Membres adh\u00e9rents, membres \u00e9tudiants et membres retrait\u00e9s\u00a0<\/strong><\/p>\n<table style=\"width: 100%\" width=\"100%\">\n<tbody>\n<tr>\n<td style=\"width: 85.7923%\">Cours complet* (incluant travaux et examen final) &#8211; inscription h\u00e2tive<\/td>\n<td style=\"width: 13.4426%\">390.00 $<\/td>\n<\/tr>\n<tr>\n<td style=\"width: 85.7923%\">Examen de reconnaissance des acquis<\/td>\n<td style=\"width: 13.4426%\">160.00 $<\/td>\n<\/tr>\n<tr>\n<td style=\"width: 85.7923%\">Reprise d\u2019examen, incluant examens bas\u00e9s sur les comp\u00e9tences<\/td>\n<td style=\"width: 13.4426%\">160.00 $<\/td>\n<\/tr>\n<\/tbody>\n<\/table>\n<p><strong>Non membres<\/strong><\/p>\n<table style=\"width: 100%\" width=\"100%\">\n<tbody>\n<tr>\n<td style=\"width: 86.3388%\">Cours complet* (incluant travaux et examen final) &#8211; inscription h\u00e2tive<\/td>\n<td style=\"width: 12.8962%\">780.00 $<\/td>\n<\/tr>\n<tr>\n<td style=\"width: 86.3388%\">Examen de reconnaissance des acquis<\/td>\n<td style=\"width: 12.8962%\">320.00 $<\/td>\n<\/tr>\n<tr>\n<td style=\"width: 86.3388%\">Reprise d\u2019examen, incluant examens bas\u00e9s sur les comp\u00e9tences<\/td>\n<td style=\"width: 12.8962%\">320.00 $<\/td>\n<\/tr>\n<\/tbody>\n<\/table>\n<h3><strong>Frais d\u2019administration<\/strong><\/h3>\n<table width=\"100%\">\n<tbody>\n<tr>\n<td>Inscription apr\u00e8s la date limite pour l&rsquo;inscription h\u00e2tive*<\/p>\n<p>*Des frais de 50 $ seront ajout\u00e9s au prix pour l&rsquo;inscription h\u00e2tive.<\/td>\n<td>50.00 $<\/td>\n<\/tr>\n<tr>\n<td>Frais de transfert<\/td>\n<td>50.00 $<\/td>\n<\/tr>\n<tr>\n<td>P\u00e9nalit\u00e9 d\u2019examen<\/td>\n<td>50.00 $<\/td>\n<\/tr>\n<tr>\n<td>Relev\u00e9s de notes (25 $+TPS)<\/td>\n<td>26.25 $<\/td>\n<\/tr>\n<tr>\n<td>Relev\u00e9s de notes (25 $+TVH)<\/td>\n<td>28.25 $<\/td>\n<\/tr>\n<tr>\n<td>Frais de r\u00e9vision d\u2019un examen<\/td>\n<td>25.00 $<\/td>\n<\/tr>\n<\/tbody>\n<\/table>\n<p><em>Veuillez communiquer avec <strong><a href=\"mailto:cpd@camrt.ca\">cpd@camrt.ca<\/a><\/strong> pour obtenir plus d\u2019information.<\/em><\/p>\n","protected":false},"excerpt":{"rendered":"<p>Frais L\u2019ACTRM s\u2019efforce d\u2019offrir \u00e0 ses membres des formations de premi\u00e8re qualit\u00e9 \u00e0 un co\u00fbt concurrentiel; cependant, ces prix doivent \u00eatre ajust\u00e9s p\u00e9riodiquement pour nous permettre de g\u00e9rer le contenu [&hellip;]<\/p>\n","protected":false},"author":30,"featured_media":0,"parent":6539,"menu_order":0,"comment_status":"closed","ping_status":"closed","template":"","meta":{"_monsterinsights_skip_tracking":false,"_monsterinsights_sitenote_active":false,"_monsterinsights_sitenote_note":"","_monsterinsights_sitenote_category":0,"footnotes":""},"class_list":["post-9882","page","type-page","status-publish","hentry"],"_links":{"self":[{"href":"https:\/\/camrt.ca\/fr\/wp-json\/wp\/v2\/pages\/9882","targetHints":{"allow":["GET"]}}],"collection":[{"href":"https:\/\/camrt.ca\/fr\/wp-json\/wp\/v2\/pages"}],"about":[{"href":"https:\/\/camrt.ca\/fr\/wp-json\/wp\/v2\/types\/page"}],"author":[{"embeddable":true,"href":"https:\/\/camrt.ca\/fr\/wp-json\/wp\/v2\/users\/30"}],"replies":[{"embeddable":true,"href":"https:\/\/camrt.ca\/fr\/wp-json\/wp\/v2\/comments?post=9882"}],"version-history":[{"count":0,"href":"https:\/\/camrt.ca\/fr\/wp-json\/wp\/v2\/pages\/9882\/revisions"}],"up":[{"embeddable":true,"href":"https:\/\/camrt.ca\/fr\/wp-json\/wp\/v2\/pages\/6539"}],"wp:attachment":[{"href":"https:\/\/camrt.ca\/fr\/wp-json\/wp\/v2\/media?parent=9882"}],"curies":[{"name":"wp","href":"https:\/\/api.w.org\/{rel}","templated":true}]}}