{"id":9876,"date":"2017-05-16T15:38:06","date_gmt":"2017-05-16T19:38:06","guid":{"rendered":"https:\/\/camrt.wpenginepowered.com\/fr\/?page_id=9876"},"modified":"2017-05-16T15:38:06","modified_gmt":"2017-05-16T19:38:06","slug":"penalites-dexamen","status":"publish","type":"page","link":"https:\/\/camrt.ca\/fr\/perfectionnement-professionnel\/cours-complets\/examens-finaux\/penalites-dexamen\/","title":{"rendered":"P\u00e9nalit\u00e9s d\u2019examen"},"content":{"rendered":"<p style=\"text-align: justify\">Les candidats doivent passer l\u2019examen \u00e0 la date pr\u00e9vue. Si ce n\u2019est pas possible, le candidat doit communiquer avec le service de Perfectionnement professionnel continu de l\u2019ACTRM par courriel \u00e0 <strong><a href=\"mailto:cpd@camrt.ca\">cpd@camrt.ca<\/a><\/strong> au moins cinq jours ouvrables avant la date pr\u00e9vue de son examen. Le d\u00e9faut de le faire entra\u00eenera une p\u00e9nalit\u00e9 suppl\u00e9mentaire de 50 $, payable avant la prochaine occasion de passer l\u2019examen. <strong>Remarque : ces frais sont en sus des frais de transfert obligatoires.<\/strong><\/p>\n<p style=\"text-align: justify\"><strong>Remarque :<\/strong> Comme les examens de l\u2019ACTRM sont administr\u00e9s par un fournisseur externe, un report de s\u00e9ance d\u2019examen entra\u00eenera automatiquement un transfert \u00e0 la session suivante.<\/p>\n","protected":false},"excerpt":{"rendered":"<p>Les candidats doivent passer l\u2019examen \u00e0 la date pr\u00e9vue. Si ce n\u2019est pas possible, le candidat doit communiquer avec le service de Perfectionnement professionnel continu de l\u2019ACTRM par courriel \u00e0 cpd@camrt.ca au moins cinq jours ouvrables avant la date pr\u00e9vue de son examen. Le d\u00e9faut de le faire entra\u00eenera une p\u00e9nalit\u00e9 suppl\u00e9mentaire de 50 $, [&hellip;]<\/p>\n","protected":false},"author":30,"featured_media":0,"parent":47079,"menu_order":0,"comment_status":"closed","ping_status":"closed","template":"","meta":{"_monsterinsights_skip_tracking":false,"_monsterinsights_sitenote_active":false,"_monsterinsights_sitenote_note":"","_monsterinsights_sitenote_category":0,"footnotes":""},"class_list":["post-9876","page","type-page","status-publish","hentry"],"_links":{"self":[{"href":"https:\/\/camrt.ca\/fr\/wp-json\/wp\/v2\/pages\/9876","targetHints":{"allow":["GET"]}}],"collection":[{"href":"https:\/\/camrt.ca\/fr\/wp-json\/wp\/v2\/pages"}],"about":[{"href":"https:\/\/camrt.ca\/fr\/wp-json\/wp\/v2\/types\/page"}],"author":[{"embeddable":true,"href":"https:\/\/camrt.ca\/fr\/wp-json\/wp\/v2\/users\/30"}],"replies":[{"embeddable":true,"href":"https:\/\/camrt.ca\/fr\/wp-json\/wp\/v2\/comments?post=9876"}],"version-history":[{"count":0,"href":"https:\/\/camrt.ca\/fr\/wp-json\/wp\/v2\/pages\/9876\/revisions"}],"up":[{"embeddable":true,"href":"https:\/\/camrt.ca\/fr\/wp-json\/wp\/v2\/pages\/47079"}],"wp:attachment":[{"href":"https:\/\/camrt.ca\/fr\/wp-json\/wp\/v2\/media?parent=9876"}],"curies":[{"name":"wp","href":"https:\/\/api.w.org\/{rel}","templated":true}]}}