{"id":9871,"date":"2016-09-12T11:41:13","date_gmt":"2016-09-12T15:41:13","guid":{"rendered":"https:\/\/camrt.wpenginepowered.com\/fr\/?page_id=9871"},"modified":"2025-12-10T12:50:02","modified_gmt":"2025-12-10T17:50:02","slug":"fenetre-dexamen","status":"publish","type":"page","link":"https:\/\/camrt.ca\/fr\/perfectionnement-professionnel\/cours-complets\/examens-finaux\/fenetre-dexamen\/","title":{"rendered":"Fen\u00eatre d\u2019examen"},"content":{"rendered":"<p>Les examens en ligne seront disponibles uniquement pendant les heures indiqu\u00e9es ci-dessous.<\/p>\n<p>En raison de la collaboration avec des partenaires externes, il n\u2019est pas possible d\u2019offrir d\u2019autres dates ou heures d\u2019examen.<\/p>\n<h4><strong>SESSION D\u2019EXAMEN SUPPL\u00c9MENTAIRE POUR L\u2019 HIVER\u2013 samedi, 25 avril 2026*<\/strong><\/h4>\n<p style=\"text-align: justify;\">*Cette fen\u00eatre n\u2019est accessible qu\u2019aux candidats qui auront demand\u00e9 \u00e0 l\u2019avance une autre date d\u2019examen \u00e0 l\u2019ACTRM. Veuillez envoyer un courriel \u00e0\u00a0<a href=\"mailto:cpd@camrt.ca\">cpd@camrt.ca<\/a> avant le <strong>10 avril 2026<\/strong>\u00a0pour changer votre date d\u2019examen.<\/p>\n<h4 style=\"text-align: justify;\">FEN\u00caTRE D\u2019EXAMEN :<\/h4>\n<p style=\"text-align: justify;\"><ul class='dt-sc-fancy-list   rounded-arrow'>\n<li>\n<h5><span style=\"color: #0000ff;\"><strong>10:30 \u2013 16:30 heure normale de l&rsquo;Est<\/strong><\/span><\/h5>\n<\/li>\n<\/ul>\n<p>Les candidats devraient calculer le calendrier d\u2019examen pour leur fuseau horaire \u00e0 partir des heures indiqu\u00e9es ci-dessus. Pour convertir cette fen\u00eatre d\u2019examen dans votre fuseau horaire, vous pouvez consulter ce<a href=\"https:\/\/www.timeanddate.com\/worldclock\/fixedtime.html?msg=CAMRT+Early+Exam+-+Winter+2026&amp;iso=20260425T1030&amp;p1=188&amp;ah=6\"><strong> convertisseur de fuseau horaire<\/strong><\/a>.<\/p>\n<h4><\/h4>\n<h4 style=\"text-align: justify;\"><strong>HIVER 2026 \u2013 FEN\u00caTRE D\u2019EXAMEN FINAL: vendredi, 8 mai 2026<\/strong><\/h4>\n<h4 style=\"text-align: justify;\">FEN\u00caTRE D\u2019EXAMEN :<\/h4>\n<p style=\"text-align: justify;\"><ul class='dt-sc-fancy-list   rounded-arrow'>\n<li>\n<h5><span style=\"color: #0000ff;\"><strong>13:00 \u2013 23:00 heure normale de l&rsquo;Est<\/strong><\/span><\/h5>\n<\/li>\n<\/ul>\n<p>Les candidats devraient calculer le calendrier d\u2019examen pour leur fuseau horaire \u00e0 partir des heures indiqu\u00e9es ci-dessus. Pour convertir cette fen\u00eatre d\u2019examen dans votre fuseau horaire, vous pouvez consulter ce<a href=\"https:\/\/www.timeanddate.com\/worldclock\/fixedtime.html?msg=CAMRT+Early+Exam+-+Winter+2026&amp;iso=20260425T1030&amp;p1=188&amp;ah=6\"><strong> convertisseur de fuseau horaire<\/strong><\/a>.<\/p>\n<h4><strong>SESSION D\u2019EXAMEN SUPPL\u00c9MENTAIRE POUR L\u2019\u00c9T\u00c9 2026: samedi, 4 juillet 2026<\/strong><\/h4>\n<h4 style=\"text-align: justify;\">FEN\u00caTRE D\u2019EXAMEN :<\/h4>\n<p style=\"text-align: justify;\"><ul class='dt-sc-fancy-list   rounded-arrow'>\n<li>\n<h5><span style=\"color: #0000ff;\"><strong>10:30 \u2013 16:30 heure normale de l&rsquo;Est<\/strong><\/span><\/h5>\n<\/li>\n<\/ul>\n<p>Les candidats devraient calculer le calendrier d\u2019examen pour leur fuseau horaire \u00e0 partir des heures indiqu\u00e9es ci-dessus. Pour convertir cette fen\u00eatre d\u2019examen dans votre fuseau horaire, vous pouvez consulter ce<a href=\"https:\/\/www.timeanddate.com\/worldclock\/fixedtime.html?msg=CAMRT+CPD+Exam+-+Summer+2026&amp;iso=20260704T1030&amp;p1=188&amp;ah=6\"><strong> convertisseur de fuseau horaire<\/strong><\/a>.<\/p>\n<div class='dt-sc-info-box'>Pour savoir la dur\u00e9e de votre examen, veulliez visiter <a href=\"https:\/\/www.camrt.ca\/wp-content\/uploads\/2024\/11\/Length-of-Examinations.pdf\">cette page<\/a> (en anglais seulement).<\/div>\n<p>&nbsp;<\/p>\n<p>&nbsp;<\/p>\n","protected":false},"excerpt":{"rendered":"<p>Les examens en ligne seront disponibles uniquement pendant les heures indiqu\u00e9es ci-dessous. En raison de la collaboration avec des partenaires externes, il n\u2019est pas possible d\u2019offrir d\u2019autres dates ou heures d\u2019examen. SESSION D\u2019EXAMEN SUPPL\u00c9MENTAIRE POUR L\u2019 HIVER\u2013 samedi, 25 avril 2026* *Cette fen\u00eatre n\u2019est accessible qu\u2019aux candidats qui auront demand\u00e9 \u00e0 l\u2019avance une autre date [&hellip;]<\/p>\n","protected":false},"author":30,"featured_media":0,"parent":47079,"menu_order":0,"comment_status":"closed","ping_status":"closed","template":"","meta":{"_monsterinsights_skip_tracking":false,"_monsterinsights_sitenote_active":false,"_monsterinsights_sitenote_note":"","_monsterinsights_sitenote_category":0,"footnotes":""},"class_list":["post-9871","page","type-page","status-publish","hentry"],"_links":{"self":[{"href":"https:\/\/camrt.ca\/fr\/wp-json\/wp\/v2\/pages\/9871","targetHints":{"allow":["GET"]}}],"collection":[{"href":"https:\/\/camrt.ca\/fr\/wp-json\/wp\/v2\/pages"}],"about":[{"href":"https:\/\/camrt.ca\/fr\/wp-json\/wp\/v2\/types\/page"}],"author":[{"embeddable":true,"href":"https:\/\/camrt.ca\/fr\/wp-json\/wp\/v2\/users\/30"}],"replies":[{"embeddable":true,"href":"https:\/\/camrt.ca\/fr\/wp-json\/wp\/v2\/comments?post=9871"}],"version-history":[{"count":0,"href":"https:\/\/camrt.ca\/fr\/wp-json\/wp\/v2\/pages\/9871\/revisions"}],"up":[{"embeddable":true,"href":"https:\/\/camrt.ca\/fr\/wp-json\/wp\/v2\/pages\/47079"}],"wp:attachment":[{"href":"https:\/\/camrt.ca\/fr\/wp-json\/wp\/v2\/media?parent=9871"}],"curies":[{"name":"wp","href":"https:\/\/api.w.org\/{rel}","templated":true}]}}