{"id":9830,"date":"2016-09-12T11:39:30","date_gmt":"2016-09-12T15:39:30","guid":{"rendered":"https:\/\/camrt.wpenginepowered.com\/fr\/?page_id=9830"},"modified":"2026-02-25T15:37:29","modified_gmt":"2026-02-25T20:37:29","slug":"examen-de-reconnaissances-des-acquis-et-de-reprises","status":"publish","type":"page","link":"https:\/\/camrt.ca\/fr\/perfectionnement-professionnel\/cours-complets\/examens-finaux\/examen-de-reconnaissances-des-acquis-et-de-reprises\/","title":{"rendered":"Examen de reconnaissances des acquis et de reprises"},"content":{"rendered":"<p style=\"text-align: justify;\"><strong>La date limite pour s\u2019inscrire \u00e0 un examen de reprise ou \u00e0 un examen sur les connaissances au trimestre d\u2019hiver est le 1er avril, et le 1er octobre pour le trimestre d\u2019automne. Les examens de reprise et les examens fond\u00e9s sur les connaissances ne sont offerts qu\u2019\u00e0 <a href=\"https:\/\/camrt.wpenginepowered.com\/fr\/perfectionnement-professionnel\/cours-complets\/examens-finaux\/fenetre-dexamen\/\">la date d\u2019examen pr\u00e9vu<\/a> pour le trimestre.<\/strong><\/p>\n<h3 style=\"text-align: justify;\"><strong>Reprises d\u2019examens<\/strong><\/h3>\n<p style=\"text-align: justify;\">Les candidats ont droit \u00e0 l\u2019examen et \u00e0 deux reprises d\u2019examen dans les deux ans qui suivent la premi\u00e8re date d\u2019examen. Seule la version la plus r\u00e9cente de l\u2019examen sera disponible.<\/p>\n<p style=\"text-align: justify;\">Veuillez communiquer avec <a href=\"mailto:cpd@camrt.ca\">cpd@camrt.ca<\/a> pour vous inscrire \u00e0 un examen de reprise. <strong><a href=\"https:\/\/camrt.wpenginepowered.com\/fr\/perfectionnement-professionnel\/cours-complets\/inscription\/dates-limites-et-dexamens\/\">Dates limites pour l&rsquo;inscription<\/a><\/strong>.<\/p>\n<p style=\"text-align: justify;\"><strong>Les candidats qui demandent la\u00a0reprise de l&rsquo;examen \u00a0ne peuvent pas acheter le mat\u00e9riel du cours.<\/strong><\/p>\n<h3 style=\"text-align: justify;\"><strong>Examens de reconnaissance des acquis<\/strong><\/h3>\n<p><strong>Les examens de reconnaissance des acquis sont limit\u00e9s aux cours relatifs \u00e0 un certificat. La note minimale de r\u00e9ussite \u00e0 l\u2019examen est 75 %.<\/strong><\/p>\n<p style=\"text-align: justify;\">Les candidats qui croient poss\u00e9der des connaissances et une exp\u00e9rience qui sont l\u2019\u00e9quivalent du contenu d\u2019un cours de l\u2019ACTRM ont la possibilit\u00e9 de sauter l\u2019\u00e9tape du cours et des travaux et de ne faire que l\u2019examen final. L\u2019examen final compte alors pour 100 % de la note.<\/p>\n<p style=\"text-align: justify;\"><strong>Les candidats ne peuvent demander la reconnaissance des acquis qu\u2019une seule fois. <\/strong><\/p>\n<p style=\"text-align: justify;\">Il n\u2019y a pas de reprise \u00e0 un examen de reconnaissance des acquis. Vous ne pouvez pas vous r\u00e9inscrire dans un autre semestre pour passer le m\u00eame examen.<\/p>\n<p style=\"text-align: justify;\"><strong>Les candidats qui se pr\u00e9sentent \u00e0 un examen de reconnaissance des acquis ne recevront pas le document\/manuel de cours et celui-ci ne sera pas disponible \u00e0 l&rsquo;achat.*<\/strong><br \/>\n<strong>Les objectifs du cours et un plan d&rsquo;examen seront fournis.<\/strong><\/p>\n<p style=\"text-align: justify;\">Le fait de permettre aux candidats d\u2019obtenir la reconnaissance des acquis refl\u00e8te la connaissance actuelle de la th\u00e9orie et ne peut \u00eatre consid\u00e9r\u00e9 comme un \u00ab nouvel apprentissage \u00bb. Par cons\u00e9quent, <strong>les examens de reconnaissance des acquis ne donnent pas droit \u00e0 ces cr\u00e9dits.<\/strong><\/p>\n<p>*<em>Cela ne s&rsquo;applique pas aux examens en anatomie TDM et anatomie vasculaire. Un manuel de cours et des ressources \u00e9lectroniques seront fournis pour ceux-ci.<\/em><\/p>\n<p style=\"text-align: justify;\"><strong><a href=\"https:\/\/camrt.my.site.com\/CPBase__store?site=a0a1a00000AMdCoAAL&amp;catalog=a0p1a000004ola6\">Allez en ligne<\/a><\/strong> pour vous inscrire \u00e0 un examen de reconnaissance des acquis.<\/p>\n","protected":false},"excerpt":{"rendered":"<p>La date limite pour s\u2019inscrire \u00e0 un examen de reprise ou \u00e0 un examen sur les connaissances au trimestre d\u2019hiver est le 1er avril, et le 1er octobre pour le [&hellip;]<\/p>\n","protected":false},"author":30,"featured_media":0,"parent":47079,"menu_order":0,"comment_status":"closed","ping_status":"closed","template":"","meta":{"_monsterinsights_skip_tracking":false,"_monsterinsights_sitenote_active":false,"_monsterinsights_sitenote_note":"","_monsterinsights_sitenote_category":0,"footnotes":""},"class_list":["post-9830","page","type-page","status-publish","hentry"],"_links":{"self":[{"href":"https:\/\/camrt.ca\/fr\/wp-json\/wp\/v2\/pages\/9830","targetHints":{"allow":["GET"]}}],"collection":[{"href":"https:\/\/camrt.ca\/fr\/wp-json\/wp\/v2\/pages"}],"about":[{"href":"https:\/\/camrt.ca\/fr\/wp-json\/wp\/v2\/types\/page"}],"author":[{"embeddable":true,"href":"https:\/\/camrt.ca\/fr\/wp-json\/wp\/v2\/users\/30"}],"replies":[{"embeddable":true,"href":"https:\/\/camrt.ca\/fr\/wp-json\/wp\/v2\/comments?post=9830"}],"version-history":[{"count":1,"href":"https:\/\/camrt.ca\/fr\/wp-json\/wp\/v2\/pages\/9830\/revisions"}],"predecessor-version":[{"id":60239,"href":"https:\/\/camrt.ca\/fr\/wp-json\/wp\/v2\/pages\/9830\/revisions\/60239"}],"up":[{"embeddable":true,"href":"https:\/\/camrt.ca\/fr\/wp-json\/wp\/v2\/pages\/47079"}],"wp:attachment":[{"href":"https:\/\/camrt.ca\/fr\/wp-json\/wp\/v2\/media?parent=9830"}],"curies":[{"name":"wp","href":"https:\/\/api.w.org\/{rel}","templated":true}]}}