{"id":9806,"date":"2017-05-09T15:49:10","date_gmt":"2017-05-09T19:49:10","guid":{"rendered":"https:\/\/camrt.wpenginepowered.com\/fr\/?page_id=9806"},"modified":"2017-05-09T15:49:10","modified_gmt":"2017-05-09T19:49:10","slug":"information-sur-les-cours","status":"publish","type":"page","link":"https:\/\/camrt.ca\/fr\/perfectionnement-professionnel\/cours-complets\/information-sur-les-cours\/","title":{"rendered":"Information sur les cours"},"content":{"rendered":"<p style=\"text-align: justify\">Toutes les activit\u00e9s de perfectionnement professionnel \u2013 incluant les cours complets, les cours d\u2019autoformation rapides et les programmes de certificats \u2013 seront disponibles dans le profil personnel du candidat sur le site Web de l\u2019ACTRM. Ceux-ci seront disponibles par la date limite d\u2019inscription\u00a0de chaque session (sauf avis contraire). Les documents de cours devraient \u00eatre sauvegard\u00e9s sur le bureau de votre ordinateur ou sur une cl\u00e9 USB afin de pouvoir y acc\u00e9der de fa\u00e7on continue durant toute la session.<\/p>\n<p style=\"text-align: justify\">CT Imaging 2, Fundamentals of Quality Management, Human Factors in Patient Safety, Pharmacology in Cancer Care, Project Management for the Healthcare Professional et Sectional Anatomy 1 : Puisque ces cours sont maintenant livr\u00e9s sur notre nouveau syst\u00e8me de gestion de l\u2019apprentissage, les d\u00e9tails d\u2019acc\u00e8s seront fournis dans votre profil personnel en d\u00e9but de semestre.\u00a0Les candidats peuvent imprimer ou sauvegarder les diapositives individuelles, mais tous les exercices pratiques doivent \u00eatre faits en ligne.<\/p>\n<p style=\"text-align: justify\">Veuillez consulter la description du cours pour savoir si vous devez vous procurer d\u2019autres manuels en plus des documents fournis par l\u2019ACTRM.<\/p>\n<p style=\"text-align: justify\">Un candidat peut changer le cours auquel il est inscrit dans la mesure ou aucun travail n\u2019a \u00e9t\u00e9 soumis ou si le cours n\u2019a pas encore \u00e9t\u00e9 transf\u00e9r\u00e9. <strong>Des frais d\u2019administration de 75 $ s\u2019appliqueront. <\/strong><\/p>\n<p style=\"text-align: justify\">Envoyez un courriel \u00e0 <strong><a href=\"mailto:cpd@camrt.ca\">cpd@camrt.ca<\/a><\/strong> pour prendre les arrangements pour un changement de cours.<\/p>\n","protected":false},"excerpt":{"rendered":"<p>Toutes les activit\u00e9s de perfectionnement professionnel \u2013 incluant les cours complets, les cours d\u2019autoformation rapides et les programmes de certificats \u2013 seront disponibles dans le profil personnel du candidat sur le site Web de l\u2019ACTRM. Ceux-ci seront disponibles par la date limite d\u2019inscription\u00a0de chaque session (sauf avis contraire). Les documents de cours devraient \u00eatre sauvegard\u00e9s [&hellip;]<\/p>\n","protected":false},"author":30,"featured_media":0,"parent":6508,"menu_order":0,"comment_status":"closed","ping_status":"closed","template":"","meta":{"_monsterinsights_skip_tracking":false,"_monsterinsights_sitenote_active":false,"_monsterinsights_sitenote_note":"","_monsterinsights_sitenote_category":0,"footnotes":""},"class_list":["post-9806","page","type-page","status-publish","hentry"],"_links":{"self":[{"href":"https:\/\/camrt.ca\/fr\/wp-json\/wp\/v2\/pages\/9806","targetHints":{"allow":["GET"]}}],"collection":[{"href":"https:\/\/camrt.ca\/fr\/wp-json\/wp\/v2\/pages"}],"about":[{"href":"https:\/\/camrt.ca\/fr\/wp-json\/wp\/v2\/types\/page"}],"author":[{"embeddable":true,"href":"https:\/\/camrt.ca\/fr\/wp-json\/wp\/v2\/users\/30"}],"replies":[{"embeddable":true,"href":"https:\/\/camrt.ca\/fr\/wp-json\/wp\/v2\/comments?post=9806"}],"version-history":[{"count":0,"href":"https:\/\/camrt.ca\/fr\/wp-json\/wp\/v2\/pages\/9806\/revisions"}],"up":[{"embeddable":true,"href":"https:\/\/camrt.ca\/fr\/wp-json\/wp\/v2\/pages\/6508"}],"wp:attachment":[{"href":"https:\/\/camrt.ca\/fr\/wp-json\/wp\/v2\/media?parent=9806"}],"curies":[{"name":"wp","href":"https:\/\/api.w.org\/{rel}","templated":true}]}}