{"id":9804,"date":"2017-05-09T15:42:44","date_gmt":"2017-05-09T19:42:44","guid":{"rendered":"https:\/\/camrt.wpenginepowered.com\/fr\/?page_id=9804"},"modified":"2017-05-09T15:42:44","modified_gmt":"2017-05-09T19:42:44","slug":"temps-supplementaire-admissibilite","status":"publish","type":"page","link":"https:\/\/camrt.ca\/fr\/perfectionnement-professionnel\/cours-complets\/inscription\/temps-supplementaire-admissibilite\/","title":{"rendered":"Temps suppl\u00e9mentaire:  Admissibilit\u00e9"},"content":{"rendered":"<p>Les demandes de temps suppl\u00e9mentaire pour les examens de PPC seront consid\u00e9r\u00e9es.<\/p>\n<p>Contactez <strong><a href=\"mailto:cpd@camrt.ca\">cpd@camrt.ca<\/a><\/strong> au moins 4 semaines avant la date pr\u00e9vue de l\u2019examen pour plus d\u2019informations.<\/p>\n","protected":false},"excerpt":{"rendered":"<p>Les demandes de temps suppl\u00e9mentaire pour les examens de PPC seront consid\u00e9r\u00e9es. Contactez cpd@camrt.ca au moins 4 semaines avant la date pr\u00e9vue de l\u2019examen pour plus d\u2019informations.<\/p>\n","protected":false},"author":30,"featured_media":0,"parent":9648,"menu_order":0,"comment_status":"closed","ping_status":"closed","template":"","meta":{"_monsterinsights_skip_tracking":false,"_monsterinsights_sitenote_active":false,"_monsterinsights_sitenote_note":"","_monsterinsights_sitenote_category":0,"footnotes":""},"class_list":["post-9804","page","type-page","status-publish","hentry"],"_links":{"self":[{"href":"https:\/\/camrt.ca\/fr\/wp-json\/wp\/v2\/pages\/9804","targetHints":{"allow":["GET"]}}],"collection":[{"href":"https:\/\/camrt.ca\/fr\/wp-json\/wp\/v2\/pages"}],"about":[{"href":"https:\/\/camrt.ca\/fr\/wp-json\/wp\/v2\/types\/page"}],"author":[{"embeddable":true,"href":"https:\/\/camrt.ca\/fr\/wp-json\/wp\/v2\/users\/30"}],"replies":[{"embeddable":true,"href":"https:\/\/camrt.ca\/fr\/wp-json\/wp\/v2\/comments?post=9804"}],"version-history":[{"count":0,"href":"https:\/\/camrt.ca\/fr\/wp-json\/wp\/v2\/pages\/9804\/revisions"}],"up":[{"embeddable":true,"href":"https:\/\/camrt.ca\/fr\/wp-json\/wp\/v2\/pages\/9648"}],"wp:attachment":[{"href":"https:\/\/camrt.ca\/fr\/wp-json\/wp\/v2\/media?parent=9804"}],"curies":[{"name":"wp","href":"https:\/\/api.w.org\/{rel}","templated":true}]}}