{"id":9802,"date":"2017-05-09T15:38:29","date_gmt":"2017-05-09T19:38:29","guid":{"rendered":"https:\/\/camrt.wpenginepowered.com\/fr\/?page_id=9802"},"modified":"2017-05-09T15:38:29","modified_gmt":"2017-05-09T19:38:29","slug":"date-dexamen-de-rechange","status":"publish","type":"page","link":"https:\/\/camrt.ca\/fr\/perfectionnement-professionnel\/cours-complets\/inscription\/date-dexamen-de-rechange\/","title":{"rendered":"Date d&rsquo;examen de rechange"},"content":{"rendered":"<p>Une deuxi\u00e8me date d\u2019examen sera fournie par session. Il n&rsquo;y a pas de frais pour changer la date d&rsquo;examen final.<\/p>\n<p><strong><a href=\"https:\/\/camrt.wpenginepowered.com\/fr\/perfectionnement-professionnel\/cours-complets\/inscription\/dates-limites-et-dexamens\/\">Voir les dates limites et d&rsquo;examens<\/a><\/strong>.<\/p>\n<p>Contactez <strong><a href=\"mailto:cpd@camrt.ca\">cpd@camrt.ca<\/a><\/strong> pour plus d&rsquo;informations. Les demandes doivent\u00a0\u00eatre re\u00e7ues au plus tard cinq jours ouvrables avant la date pr\u00e9vue de l&rsquo;examen.<\/p>\n","protected":false},"excerpt":{"rendered":"<p>Une deuxi\u00e8me date d\u2019examen sera fournie par session. Il n&rsquo;y a pas de frais pour changer la date d&rsquo;examen final. Voir les dates limites et d&rsquo;examens. Contactez cpd@camrt.ca pour plus [&hellip;]<\/p>\n","protected":false},"author":30,"featured_media":0,"parent":9648,"menu_order":0,"comment_status":"closed","ping_status":"closed","template":"","meta":{"_monsterinsights_skip_tracking":false,"_monsterinsights_sitenote_active":false,"_monsterinsights_sitenote_note":"","_monsterinsights_sitenote_category":0,"footnotes":""},"class_list":["post-9802","page","type-page","status-publish","hentry"],"_links":{"self":[{"href":"https:\/\/camrt.ca\/fr\/wp-json\/wp\/v2\/pages\/9802","targetHints":{"allow":["GET"]}}],"collection":[{"href":"https:\/\/camrt.ca\/fr\/wp-json\/wp\/v2\/pages"}],"about":[{"href":"https:\/\/camrt.ca\/fr\/wp-json\/wp\/v2\/types\/page"}],"author":[{"embeddable":true,"href":"https:\/\/camrt.ca\/fr\/wp-json\/wp\/v2\/users\/30"}],"replies":[{"embeddable":true,"href":"https:\/\/camrt.ca\/fr\/wp-json\/wp\/v2\/comments?post=9802"}],"version-history":[{"count":0,"href":"https:\/\/camrt.ca\/fr\/wp-json\/wp\/v2\/pages\/9802\/revisions"}],"up":[{"embeddable":true,"href":"https:\/\/camrt.ca\/fr\/wp-json\/wp\/v2\/pages\/9648"}],"wp:attachment":[{"href":"https:\/\/camrt.ca\/fr\/wp-json\/wp\/v2\/media?parent=9802"}],"curies":[{"name":"wp","href":"https:\/\/api.w.org\/{rel}","templated":true}]}}