{"id":9775,"date":"2017-05-04T12:13:34","date_gmt":"2017-05-04T16:13:34","guid":{"rendered":"https:\/\/camrt.wpenginepowered.com\/fr\/?page_id=9775"},"modified":"2017-05-04T12:13:34","modified_gmt":"2017-05-04T16:13:34","slug":"communautes-de-pratique","status":"publish","type":"page","link":"https:\/\/camrt.ca\/fr\/profession-de-trm\/ressources-professionnelles\/communautes-de-pratique\/","title":{"rendered":"Communaut\u00e9s de pratique"},"content":{"rendered":"<p><strong>Les communaut\u00e9s de pratique (CdP) de l\u2019ACTRM :<\/strong><br \/>\n<strong><\/strong><\/p>\n<ul class='dt-sc-fancy-list   rounded-arrow'>\n<li><strong>Mise en contexte<\/strong><\/li>\n<li><strong>L\u2019initiative des CdP \u2013 cr\u00e9ation d\u2019une communaut\u00e9 en ligne pour les TRM<\/strong><\/li>\n<li><strong>Valeur pour les TRM \u2013 une occasion d\u2019\u00e9changer et de collaborer avec des TRM de partout au Canada<\/strong><\/li>\n<\/ul>\n<p><strong><\/strong><\/p>\n<h3 style=\"background: white;vertical-align: baseline;margin: 22.5pt 0in 7.5pt 0in\"><span lang=\"FR-CA\" style=\"font-size: 18.0pt;line-height: 107%;font-family: 'Arial',sans-serif;color: #4d4d4f\">Contexte<\/span><\/h3>\n<p>Apparues avec la cr\u00e9ation du Web, les Communaut\u00e9s de pratique (CdP) ont \u00e9t\u00e9 d\u00e9finies comme une occasion de communiquer et d\u2019\u00e9changer des renseignements. Les CdP dans diff\u00e9rents domaines se d\u00e9veloppent et existent lorsqu\u2019il y a des lacunes entre les connaissances existantes offertes dans la documentation et les documents de r\u00e9f\u00e9rence et les probl\u00e8mes r\u00e9els dans la pratique des vies quotidiennes des gens. Les communaut\u00e9s se rassemblent lorsqu\u2019il existe un groupe de personnes passionn\u00e9es ayant un sujet commun ou des domaines d\u2019int\u00e9r\u00eat. Avec la quantit\u00e9 de technologies disponibles au 21<sup>e<\/sup>\u00a0si\u00e8cle, les possibilit\u00e9s de collaboration en ligne sont devenues in\u00e9puisables.<\/p>\n<h3><strong>L\u2019initiative CdP<\/strong><\/h3>\n<p>Tout au long de la derni\u00e8re ann\u00e9e, l\u2019ACTRM a travaill\u00e9 \u00e0 \u00e9laborer une communaut\u00e9 virtuelle en ligne pour les membres de l\u2019Association, en collaboration avec le groupe de recherche sur la collaboration complexe de l\u2019Universit\u00e9 McGill, dirig\u00e9 par Samer Faraj. Le but de cette communaut\u00e9 est de fournir aux TRM un lieu virtuel pour communiquer, \u00e9changer des renseignements et d\u00e9velopper des id\u00e9es, tout en fournissant une exp\u00e9rience de collaboration interactive en ligne aux utilisateurs.<\/p>\n<p>Collectivement, apr\u00e8s un examen approfondi, la plateforme Slack a \u00e9t\u00e9 choisie pour l\u2019exp\u00e9rience riche et interactive qu\u2019elle offre aux personnes int\u00e9ress\u00e9es \u00e0 participer aux CdP de l\u2019ACTRM. Le potentiel de collaboration en ligne est sans limites.<\/p>\n<h3 style=\"background: white;vertical-align: baseline;margin: 22.5pt 0in 7.5pt 0in\"><b><span lang=\"FR-CA\" style=\"font-size: 18.0pt;line-height: 107%;font-family: 'Arial',sans-serif;color: #4d4d4f\">Valeur pour les TRM<\/span><\/b><\/h3>\n<p>Les CdP de l\u2019ACTRM :<br \/>\n<ul class='dt-sc-fancy-list   rounded-arrow'>\n<li>permettent des discussions \u00e0 l\u2019\u00e9chelle nationale au cours desquelles vous pouvez \u00e9changer, apprendre et \u00e9tablir des liens avec d\u2019autres TRM;<\/li>\n<li>offrent une plateforme pour \u00e9changer des fichiers servant \u00e0 \u00e9tablir la base de connaissances des TRM;<\/li>\n<li>sont mobiles et faciles \u00e0 utiliser sur tout appareil mobile;<\/li>\n<li>contiendront un r\u00e9pertoire des membres avec des capacit\u00e9s de messagerie directes;<\/li>\n<li>permettent la cr\u00e9ation d\u2019un profil personnalis\u00e9 et l\u2019\u00e9tablissement des pr\u00e9f\u00e9rences sans notifications ennuyeuses.<\/li>\n<\/ul>\n<p>L\u2019ACTRM a \u00e9labor\u00e9 un Code de conduite pour assurer la confidentialit\u00e9 et la protection des renseignements \u00e9chang\u00e9s sur la plateforme Slack et pour promouvoir la conduite professionnelle. Le code de conduite des communaut\u00e9s de pratique de l\u2019ACTRM est disponible sous\u00a0<a href=\"https:\/\/camrt.ca\/wp-content\/uploads\/2018\/02\/CdP-Code-de-conduite-for-review-2017-03-30.pdf\" target=\"_blank\" rel=\"noopener\">CdP Code de conduite<\/a>.<\/p>\n<p>Si vous avez des questions sur les CdP de l\u2019ACTRM ou d\u00e9sirez participer davantage, veuillez envoyer un courriel \u00e0 <a href=\"mailto:cop@camrt.ca\">cop@camrt.ca<\/a>.<\/p>\n<a href=\"https:\/\/camrt.wpenginepowered.com\/fr\/communautes-de-pratique\/cdp-inscription\/\" target=\"_blank\" class=\"dt-sc-button   medium  blue\">Inscrivez-vous Maintenant<\/a>\n<p>&nbsp;<\/p>\n<h4>D\u00e9j\u00e0 inscrit?<\/h4>\n<a href=\"https:\/\/camrt-actrm.slack.com\/messages\/C1UAEM2B0\/\" target=\"_blank\" class=\"dt-sc-button   medium  blue\">Visitez les Communaut\u00e9s de pratique<\/a>\n","protected":false},"excerpt":{"rendered":"<p>Les communaut\u00e9s de pratique (CdP) de l\u2019ACTRM : Contexte Apparues avec la cr\u00e9ation du Web, les Communaut\u00e9s de pratique (CdP) ont \u00e9t\u00e9 d\u00e9finies comme une occasion de communiquer et d\u2019\u00e9changer des renseignements. Les CdP dans diff\u00e9rents domaines se d\u00e9veloppent et existent lorsqu\u2019il y a des lacunes entre les connaissances existantes offertes dans la documentation et [&hellip;]<\/p>\n","protected":false},"author":30,"featured_media":0,"parent":47036,"menu_order":0,"comment_status":"closed","ping_status":"closed","template":"","meta":{"_monsterinsights_skip_tracking":false,"_monsterinsights_sitenote_active":false,"_monsterinsights_sitenote_note":"","_monsterinsights_sitenote_category":0,"footnotes":""},"class_list":["post-9775","page","type-page","status-publish","hentry"],"_links":{"self":[{"href":"https:\/\/camrt.ca\/fr\/wp-json\/wp\/v2\/pages\/9775","targetHints":{"allow":["GET"]}}],"collection":[{"href":"https:\/\/camrt.ca\/fr\/wp-json\/wp\/v2\/pages"}],"about":[{"href":"https:\/\/camrt.ca\/fr\/wp-json\/wp\/v2\/types\/page"}],"author":[{"embeddable":true,"href":"https:\/\/camrt.ca\/fr\/wp-json\/wp\/v2\/users\/30"}],"replies":[{"embeddable":true,"href":"https:\/\/camrt.ca\/fr\/wp-json\/wp\/v2\/comments?post=9775"}],"version-history":[{"count":0,"href":"https:\/\/camrt.ca\/fr\/wp-json\/wp\/v2\/pages\/9775\/revisions"}],"up":[{"embeddable":true,"href":"https:\/\/camrt.ca\/fr\/wp-json\/wp\/v2\/pages\/47036"}],"wp:attachment":[{"href":"https:\/\/camrt.ca\/fr\/wp-json\/wp\/v2\/media?parent=9775"}],"curies":[{"name":"wp","href":"https:\/\/api.w.org\/{rel}","templated":true}]}}