{"id":9736,"date":"2017-05-02T13:50:48","date_gmt":"2017-05-02T17:50:48","guid":{"rendered":"https:\/\/camrt.wpenginepowered.com\/fr\/?page_id=9736"},"modified":"2017-05-02T13:50:48","modified_gmt":"2017-05-02T17:50:48","slug":"membres-remarquables-de-lactrm","status":"publish","type":"page","link":"https:\/\/camrt.ca\/fr\/a-propos-de-lactrm\/histoire\/membres-remarquables-de-lactrm\/","title":{"rendered":"Membres remarquables de l\u2019ACTRM"},"content":{"rendered":"<h3>Claude James Bodle<\/h3>\n<p><a href=\"https:\/\/camrt.wpenginepowered.com\/wp-content\/uploads\/2016\/09\/President-BODLE-Claude.jpg\"><img loading=\"lazy\" decoding=\"async\" class=\"alignleft wp-image-11218\" src=\"https:\/\/camrt.wpenginepowered.com\/wp-content\/uploads\/2016\/09\/President-BODLE-Claude-220x300.jpg\" alt=\"\" width=\"110\" height=\"150\" srcset=\"https:\/\/camrt.ca\/wp-content\/uploads\/2016\/09\/President-BODLE-Claude-220x300.jpg 220w, https:\/\/camrt.ca\/wp-content\/uploads\/2016\/09\/President-BODLE-Claude-768x1048.jpg 768w, https:\/\/camrt.ca\/wp-content\/uploads\/2016\/09\/President-BODLE-Claude-750x1024.jpg 750w, https:\/\/camrt.ca\/wp-content\/uploads\/2016\/09\/President-BODLE-Claude.jpg 1209w\" sizes=\"auto, (max-width: 110px) 100vw, 110px\" \/><\/a><\/p>\n<p>Claude James Bodle obtient son dipl\u00f4me en pharmacie de l\u2019Universit\u00e9 du Manitoba en 1916, mais au terme d\u2019un s\u00e9jour de trois ans dans l\u2019arm\u00e9e (Corps m\u00e9dical de l\u2019Arm\u00e9e canadienne, 11<sup>e<\/sup> Ambulance de campagne, Corps exp\u00e9ditionnaire canadien), il se dirige vers une carri\u00e8re de technicien en rayons\u00a0X. Dans les ann\u00e9es 1920, il n\u2019y avait pas de cours pour le travail en rayons\u00a0X, et peu de livres, de sorte que Claude a d\u00fb recevoir sa formation \u00e0 l\u2019ancienne\u00a0: aupr\u00e8s de son employeur, par l\u2019exp\u00e9rience, et plus tard en voyageant \u00e0 travers le Canada et les \u00c9tats-Unis pour apprendre aupr\u00e8s d\u2019autres techniciens et radiologistes.<\/p>\n<p>Son engagement dans les associations professionnelles d\u00e9bute en 1920, alors qu\u2019il assiste \u00e0 une rencontre organis\u00e9e \u00e0 Chicago par le Dr\u00a0Ed Jerman (o\u00f9 fut form\u00e9e l\u2019American Society of X-Ray Technicians). Plus tard au cours de la d\u00e9cennie, il est \u00e9lu pr\u00e9sident de ASXT et fonde la Western Society of Radiographers (qui deviendra la MAMRT) en 1929. M. Bodle a ensuite particip\u00e9 \u00e0 la cr\u00e9ation de la Soci\u00e9t\u00e9 du Dominion, d\u2019abord en tant que membre du comit\u00e9 organisateur de la soci\u00e9t\u00e9 puis, apr\u00e8s son incorporation, en devenant son premier pr\u00e9sident \u00e9lu.<\/p>\n<p>Claude avait un excellent sens de l\u2019humour, qu\u2019il exprimait facilement durant les r\u00e9unions et surtout pendant les longs voyages en train des premi\u00e8res ann\u00e9es, vers l\u2019est et l\u2019ouest du Canada. Dans ses loisirs, il se consacrait \u00e0 l\u2019art, qu\u2019il a \u00e9tudi\u00e9 \u00e0 la fin de sa vie. Sa contribution a \u00e9t\u00e9 reconnue par l\u2019ACTRM au fil des ann\u00e9es, d\u2019abord \u00e0 titre de conf\u00e9rencier Welch puis par le titre de membre \u00e0 vie.<\/p>\n<p>&nbsp;<\/p>\n<h3>Mary Cameron<\/h3>\n<p><a href=\"https:\/\/camrt.wpenginepowered.com\/wp-content\/uploads\/2016\/09\/President-CAMERON-Mary.jpg\"><img loading=\"lazy\" decoding=\"async\" class=\"alignleft wp-image-11224\" src=\"https:\/\/camrt.wpenginepowered.com\/wp-content\/uploads\/2016\/09\/President-CAMERON-Mary-219x300.jpg\" alt=\"\" width=\"110\" height=\"150\" srcset=\"https:\/\/camrt.ca\/wp-content\/uploads\/2016\/09\/President-CAMERON-Mary-219x300.jpg 219w, https:\/\/camrt.ca\/wp-content\/uploads\/2016\/09\/President-CAMERON-Mary-768x1053.jpg 768w, https:\/\/camrt.ca\/wp-content\/uploads\/2016\/09\/President-CAMERON-Mary-747x1024.jpg 747w, https:\/\/camrt.ca\/wp-content\/uploads\/2016\/09\/President-CAMERON-Mary.jpg 1203w\" sizes=\"auto, (max-width: 110px) 100vw, 110px\" \/><\/a><\/p>\n<p>Mary Cameron est un monument des d\u00e9buts de la Soci\u00e9t\u00e9 canadienne des techniciens en radiologie. N\u00e9e et form\u00e9e au Canada, Mary \u00e9tait la petite-fille du troisi\u00e8me premier ministre du Canada, Sir John Abbott. Sa formation en rayons\u00a0X a d\u00e9but\u00e9 alors qu\u2019elle partageait la profession de son mari, le Dr Keith W. Cameron, et pendant un s\u00e9jour \u00e0 San Antonio, au Texas. \u00c0 son retour au Canada, elle a \u00e9t\u00e9 nomm\u00e9e technicienne en chef \u00e0 la clinique McGregor de Hamilton.<\/p>\n<p>C\u2019est en 1935, lors de l\u2019une des premi\u00e8res rencontres de l\u2019Ontario Society of X-Ray Technicians, que Mary Cameron entreprend son illustre carri\u00e8re de b\u00e9n\u00e9vole. En 1937, elle est \u00e9lue secr\u00e9taire-tr\u00e9sori\u00e8re et pr\u00e9sidente de la soci\u00e9t\u00e9 ontarienne. Membre du comit\u00e9 organisateur de la SCTR, elle suit un parcours similaire en devenant secr\u00e9taire-tr\u00e9sori\u00e8re au moment de la constitution en soci\u00e9t\u00e9, puis vice-pr\u00e9sidente la premi\u00e8re ann\u00e9e, avant d\u2019\u00eatre \u00e9lue pr\u00e9sidente de la SCTR en 1945.<\/p>\n<p>Au cours des ann\u00e9es qui ont suivi, son nom appara\u00eet un peu partout dans les activit\u00e9s de la SCTR\u00a0: elle pr\u00e9side et organise des conf\u00e9rences, et r\u00e9dige de nombreux articles et rapports de recherche pour <em>The Focal Spot<\/em>. Un coll\u00e8gue la pr\u00e9sente ainsi\u00a0:<br \/>\n<em>\u00ab\u00a0Mary a un esprit vif et curieux, qui s\u2019appuie sur une abondance surhumaine d\u2019\u00e9nergie et un esprit g\u00e9n\u00e9reux et enthousiaste\u00a0\u00bb.<\/em><\/p>\n<p>&nbsp;<\/p>\n<h3>George Reason<\/h3>\n<p><a href=\"https:\/\/camrt.wpenginepowered.com\/wp-content\/uploads\/2016\/09\/President-REASON-George.jpg\"><img loading=\"lazy\" decoding=\"async\" class=\"alignleft wp-image-11256\" src=\"https:\/\/camrt.wpenginepowered.com\/wp-content\/uploads\/2016\/09\/President-REASON-George-219x300.jpg\" alt=\"\" width=\"110\" height=\"150\" srcset=\"https:\/\/camrt.ca\/wp-content\/uploads\/2016\/09\/President-REASON-George-219x300.jpg 219w, https:\/\/camrt.ca\/wp-content\/uploads\/2016\/09\/President-REASON-George-768x1051.jpg 768w, https:\/\/camrt.ca\/wp-content\/uploads\/2016\/09\/President-REASON-George-748x1024.jpg 748w, https:\/\/camrt.ca\/wp-content\/uploads\/2016\/09\/President-REASON-George.jpg 1206w\" sizes=\"auto, (max-width: 110px) 100vw, 110px\" \/><\/a><\/p>\n<p>Felix George Reason est l\u2019un des cinq membres fondateurs de l\u2019association originale \u00e0 ne pas \u00eatre radiologiste.<\/p>\n<p>N\u00e9 \u00e0 Londres en Angleterre, il \u00e9migre au Canada \u00e0 la fin de l\u2019adolescence avec de l\u2019exp\u00e9rience comme technicien de chambre noire. \u00c0 17 ans, il travaillait en chambre noire au West London Hospital. Son engagement en radiographie s\u2019est poursuivi durant la Premi\u00e8re Guerre mondiale, alors qu\u2019il servait comme sergent au 4<sup>e<\/sup> Bataillon. Apr\u00e8s la guerre, il a travaill\u00e9 successivement au Christie Street Military Hospital, au Toronto General Hospital et au Toronto Medical Arts Building.<\/p>\n<p>Reason \u00e9tait consid\u00e9r\u00e9 comme un organisateur n\u00e9, et il s\u2019est charg\u00e9 pendant plusieurs ann\u00e9es de la planification du congr\u00e8s de la Soci\u00e9t\u00e9 ontarienne et des r\u00e9unions nationales. Il a \u00e9t\u00e9 l\u2019un des principaux organisateurs de l\u2019Ontario Society of X-Ray Technicians et pr\u00e9sidait celle-ci lorsqu\u2019il a \u00e9t\u00e9 nomm\u00e9 au comit\u00e9 charg\u00e9 de mettre sur pied la Soci\u00e9t\u00e9 canadienne. Apr\u00e8s cinq ans de travail acharn\u00e9, la SCTR a \u00e9t\u00e9 form\u00e9e, et George est devenu le premier pr\u00e9sident de son conseil d\u2019administration.<\/p>\n<p>&nbsp;<\/p>\n<h3>Sadie Storm<\/h3>\n<p>Sadie Colbeck (n\u00e9e Storm) a jou\u00e9 un r\u00f4le important dans les premi\u00e8res ann\u00e9es de l\u2019organisation professionnelle au Canada. Elle est l\u2019une des rares personnes qui puissent se targuer d\u2019avoir \u00e9t\u00e9 membre fondatrice de son association provinciale (Ontario) et nationale (SCTR). Son engagement au cours des premi\u00e8res ann\u00e9es de l\u2019organisation en Ontario lui a valu de longs voyages entre son domicile de Welland et Toronto, o\u00f9 se tenaient les rencontres, et on dit que son enthousiasme a suscit\u00e9 l\u2019attention d\u2019un certain radiologiste, le Dr\u00a0W. K. Colbeck, qu\u2019elle a plus tard \u00e9pous\u00e9. Le Dr\u00a0Colbeck est aussi l\u2019un des sept membres fondateurs de la SCTR.<\/p>\n","protected":false},"excerpt":{"rendered":"<p>Claude James Bodle Claude James Bodle obtient son dipl\u00f4me en pharmacie de l\u2019Universit\u00e9 du Manitoba en 1916, mais au terme d\u2019un s\u00e9jour de trois ans dans l\u2019arm\u00e9e (Corps m\u00e9dical de [&hellip;]<\/p>\n","protected":false},"author":30,"featured_media":0,"parent":9691,"menu_order":0,"comment_status":"closed","ping_status":"closed","template":"","meta":{"_monsterinsights_skip_tracking":false,"_monsterinsights_sitenote_active":false,"_monsterinsights_sitenote_note":"","_monsterinsights_sitenote_category":0,"footnotes":""},"class_list":["post-9736","page","type-page","status-publish","hentry"],"_links":{"self":[{"href":"https:\/\/camrt.ca\/fr\/wp-json\/wp\/v2\/pages\/9736","targetHints":{"allow":["GET"]}}],"collection":[{"href":"https:\/\/camrt.ca\/fr\/wp-json\/wp\/v2\/pages"}],"about":[{"href":"https:\/\/camrt.ca\/fr\/wp-json\/wp\/v2\/types\/page"}],"author":[{"embeddable":true,"href":"https:\/\/camrt.ca\/fr\/wp-json\/wp\/v2\/users\/30"}],"replies":[{"embeddable":true,"href":"https:\/\/camrt.ca\/fr\/wp-json\/wp\/v2\/comments?post=9736"}],"version-history":[{"count":0,"href":"https:\/\/camrt.ca\/fr\/wp-json\/wp\/v2\/pages\/9736\/revisions"}],"up":[{"embeddable":true,"href":"https:\/\/camrt.ca\/fr\/wp-json\/wp\/v2\/pages\/9691"}],"wp:attachment":[{"href":"https:\/\/camrt.ca\/fr\/wp-json\/wp\/v2\/media?parent=9736"}],"curies":[{"name":"wp","href":"https:\/\/api.w.org\/{rel}","templated":true}]}}