{"id":9717,"date":"2017-05-29T10:37:33","date_gmt":"2017-05-29T14:37:33","guid":{"rendered":"https:\/\/camrt.wpenginepowered.com\/fr\/?page_id=9717"},"modified":"2017-05-29T10:37:33","modified_gmt":"2017-05-29T14:37:33","slug":"medaille-de-la-presidente","status":"publish","type":"page","link":"https:\/\/camrt.ca\/fr\/a-propos-de-lactrm\/histoire\/recipiendaires-des-prix\/medaille-de-la-presidente\/","title":{"rendered":"R\u00e9cipiendaires de la m\u00e9daille de la pr\u00e9sidente"},"content":{"rendered":"<p>Pr\u00e9sent\u00e9e par la pr\u00e9sidente de l\u2019ACTRM \u00e0 une personne ou \u00e0 un groupe qui, de l\u2019avis de la pr\u00e9sidente, a eu une contribution consid\u00e9rable \u00e0 l\u2019association, \u00e0 la profession ou \u00e0 la pr\u00e9sidente dans l\u2019exercice de ses fonctions. Ce prix est pr\u00e9sent\u00e9 par la pr\u00e9sidente en exercice pour la derni\u00e8re ann\u00e9e civile.<\/p>\n<div class=\"dt-sc-toggle-frame\"><h5 class='dt-sc-toggle'><a href='#'>R\u00e9cipiendaires de la m\u00e9daille de la pr\u00e9sidente<\/a><\/h5><div class=\"dt-sc-toggle-content\" style=\"display: none;\"><div class=\"block\"><table width=\"700px\">\n<tbody>\n<tr>\n<th width=\"40\">Ann\u00e9e<\/th>\n<th width=\"230\"><strong>R\u00e9cipiendaire<\/strong><\/th>\n<th width=\"240\">Poste occup\u00e9<\/th>\n<th width=\"180\">Pr\u00e9sidente<\/th>\n<\/tr>\n<tr>\n<td>2024<\/td>\n<td>Jennifer Carey, RTR, CTIC<\/p>\n<p>Tyler Ferrish, RTNM, RTMR<\/p>\n<p>Nicole Jenkins, RTR, RTMR<\/td>\n<td><\/td>\n<td>Megan Brydon<\/td>\n<\/tr>\n<tr>\n<td>2023<\/td>\n<td>Karren Fader, RTNM<\/p>\n<p>Melissa Sponagle, RTNM<\/td>\n<td>CAMRT Foundation Chair<\/td>\n<td>Megan Brydon<\/td>\n<\/tr>\n<tr>\n<td>2021<\/td>\n<td>Linda Gough, RTR, ACR<\/td>\n<td>Registraire et PDG, CMRITO<\/td>\n<td>Jennifer Carey<\/td>\n<\/tr>\n<tr>\n<td>2020<\/td>\n<td>Deborah Murley, RTR<\/td>\n<td>Pr\u00e9sident sortant<\/td>\n<td>Gailyne MacPhearson<\/td>\n<\/tr>\n<tr>\n<td>2018<\/td>\n<td>Louise Rimanic, RTNM<\/td>\n<td>\u00c9cole des sciences de la sant\u00e9 de BCIT, M\u00e9decine nucl\u00e9aire<\/td>\n<td>Karen Fader<\/td>\n<\/tr>\n<tr>\n<td>2017<\/td>\n<td>Robert Gilbert, PhD<\/td>\n<td>Professeur agr\u00e9g\u00e9, \u00c9cole des sciences de la sant\u00e9 de l\u2019Universit\u00e9 Dalhousie<\/td>\n<td>Karen Fader<\/td>\n<\/tr>\n<tr>\n<td>2015<\/td>\n<td>Dr. Daniel Mollura<\/td>\n<td>Pr\u00e9sident et chef de la direction, Rad-Aid<\/td>\n<td>Deborah Murley<\/td>\n<\/tr>\n<tr>\n<td>2014<\/td>\n<td>Wendy Martin-Gutjahr, RTR<\/td>\n<td>Vice-pr\u00e9sident du conseil<\/td>\n<td>Deborah Murley<\/td>\n<\/tr>\n<tr>\n<td>2013<\/td>\n<td>Fiona Mitchell, RTT, ACT, CMS, FCAMRT<\/td>\n<td>Pr\u00e9sident sortant<\/td>\n<td>Amanda Bolderston<\/td>\n<\/tr>\n<tr>\n<td>2012<\/td>\n<td>Donna Lewis, RTT<\/td>\n<td>Pr\u00e9sidente, OTRMO<\/td>\n<td>Amanda Bolderston<\/td>\n<\/tr>\n<tr>\n<td>2011<\/td>\n<td>\u00ab\u00a0B4\u00a0\u00bb Team Bague<\/td>\n<td><\/td>\n<td>Shirley Bague<\/td>\n<\/tr>\n<tr>\n<td>2010<\/td>\n<td>Annett Fraser, RTNM, et<\/p>\n<p>Service de cardiologie nucl\u00e9aire, Foothills Medical Centre<\/td>\n<td><\/td>\n<td>Shirley Bague<\/td>\n<\/tr>\n<tr>\n<td>2009<\/td>\n<td>Sandra Iftody, RTT<\/p>\n<p>Darlene Courtney, RTT<\/p>\n<p>Timothy Healey, RTR, RTT<\/td>\n<td>Ex\u00e9cutif de la Fondation de l\u2019ACTRM<\/td>\n<td>Fiona Mitchell<\/td>\n<\/tr>\n<tr>\n<td>2008<\/td>\n<td>Louise Kallhood, RTR, ACR<\/p>\n<p>Amanda Bolderston, RTT, FCAMRT<\/td>\n<td>Pr\u00e9sidente, BCAMRT<\/p>\n<p>Comit\u00e9 du certificat de sp\u00e9cialiste en dosim\u00e9trie et comit\u00e9 \u00e9ditorial<\/td>\n<td>Fiona Mitchell<\/td>\n<\/tr>\n<tr>\n<td>2007<\/td>\n<td>Unit\u00e9 m\u00e9dicale multinationale Role 3<\/td>\n<td>Forces arm\u00e9es canadiennes<\/td>\n<td>Melanie Hilkewich<\/td>\n<\/tr>\n<tr>\n<td>2006<\/td>\n<td>Imagerie diagnostique, H\u00f4pital St. Paul&rsquo;s, SK<\/td>\n<td>Personnel<\/td>\n<td>Melanie Hilkewich<\/td>\n<\/tr>\n<tr>\n<td>2005<\/td>\n<td>Terry Ell, RTNM, FCAMRT<\/td>\n<td>Conseil de l\u2019\u00e9ducation, M\u00e9decine nucl\u00e9aire, CA<\/td>\n<td>Dorothy Gallagher<\/td>\n<\/tr>\n<tr>\n<td>2004<\/td>\n<td>Bureau du l&rsquo;ACTRM, Ottawa ON<\/td>\n<td>Personnel<\/td>\n<td>Dorothy Gallagher<\/td>\n<\/tr>\n<tr>\n<td>2003<\/td>\n<td>Dorothy Gallagher, RTR<\/p>\n<p>Melanie Hilkewich, RTR, ACR<\/td>\n<td>Membre du conseil d\u2019administration, ON<\/p>\n<p>Membre du conseil d\u2019administration, SK<\/td>\n<td>Claire Hatch<\/td>\n<\/tr>\n<tr>\n<td>2002<\/td>\n<td>Elaine Dever, RTR, ACR<\/td>\n<td>Membre du conseil d\u2019administration<\/td>\n<td>Claire Hatch<\/td>\n<\/tr>\n<tr>\n<td>2001<\/td>\n<td>Merv Devnich, RTR<\/p>\n<p>Sheila Boutcher, RTNM<\/td>\n<td>Membre du conseil d\u2019administration<\/p>\n<p>Pr\u00e9sident sortant<\/td>\n<td>Valerie Palm<\/td>\n<\/tr>\n<tr>\n<td>1994<\/td>\n<td>Earl Rooney<\/td>\n<td>Chef de la direction<\/td>\n<td>Larry Curtis<\/td>\n<\/tr>\n<tr>\n<td>1993<\/td>\n<td>Donna Hateley, RTR<\/p>\n<p>Corrie Dunlop<\/td>\n<td>Pr\u00e9sident sortant<\/p>\n<p>Adjointe administrative de la directrice ex\u00e9cutive<\/td>\n<td>Rita Eyer<\/td>\n<\/tr>\n<tr>\n<td>1992<\/td>\n<td>George Hall, RTR, ACR<\/td>\n<td>Pr\u00e9sident sortant et Pratiques personnelles<\/td>\n<td>Donna Hateley<\/td>\n<\/tr>\n<tr>\n<td>1991<\/td>\n<td>Robin Hesler, RTR<\/td>\n<td>Pr\u00e9sident sortant<\/td>\n<td>Donna Hateley<\/td>\n<\/tr>\n<tr>\n<td>1988<\/td>\n<td>Norma Saunders<\/p>\n<p>Dorothy Archibald, RTR, RTT<\/td>\n<td>Registraire<\/p>\n<p>Conseil de l\u2019\u00e9ducation, Radio-oncologie<\/td>\n<td>Robin Hesler<\/td>\n<\/tr>\n<tr>\n<td>1985<\/td>\n<td>Sister Mary Arthur, RT<\/td>\n<td>Pr\u00e9sident du comit\u00e9 des prix<\/td>\n<td>Denis Poulin<\/td>\n<\/tr>\n<tr>\n<td>1984<\/td>\n<td>Cora MacKay, RT<\/td>\n<td>Pratiques personnelles<\/td>\n<td>Denis Poulin<\/td>\n<\/tr>\n<tr>\n<td>1979<\/td>\n<td>Susan Eastham, RTNM, ACNM<\/td>\n<td>Conseil de l\u2019\u00e9ducation, M\u00e9decine nucl\u00e9aire<\/td>\n<td>Richard Walton<\/td>\n<\/tr>\n<tr>\n<td>1978<\/td>\n<td>Terry West, RTT<\/td>\n<td>Secr\u00e9taire de l\u2019ISRRT pour les Am\u00e9riques<\/td>\n<td>Jake Enns<\/td>\n<\/tr>\n<tr>\n<td>1977<\/td>\n<td>Joan Beaverstock, RTT<\/td>\n<td>Conseil de l\u2019\u00e9ducation, Radio-oncologie<\/td>\n<td>Paul Schmidt<\/td>\n<\/tr>\n<tr>\n<td>1976<\/td>\n<td>Martha Pearce, RTNM<\/td>\n<td>Conseil de l\u2019\u00e9ducation, M\u00e9decine nucl\u00e9aire<\/td>\n<td>Jim Clark<\/td>\n<\/tr>\n<tr>\n<td>1974<\/td>\n<td>Lewis Edwards, RT<\/p>\n<p>Rita Hudec, RTR<\/td>\n<td>Pr\u00e9sident sortant<\/p>\n<p>Secr\u00e9taire \u00e0 l\u2019agr\u00e9ment<\/td>\n<td>W. Ray Hansen<\/td>\n<\/tr>\n<tr>\n<td>1973<\/td>\n<td>Ed. Bailey, RT, ACR<\/p>\n<p>Arbo Mattila, RTR<\/td>\n<td>Assesseur-conseil<\/p>\n<p>Directrice ex\u00e9cutive de l\u2019ACTRM<\/td>\n<td>Lewis Edwards<\/td>\n<\/tr>\n<\/tbody>\n<\/table><\/div><\/div><\/div>\n","protected":false},"excerpt":{"rendered":"<p>Pr\u00e9sent\u00e9e par la pr\u00e9sidente de l\u2019ACTRM \u00e0 une personne ou \u00e0 un groupe qui, de l\u2019avis de la pr\u00e9sidente, a eu une contribution consid\u00e9rable \u00e0 l\u2019association, \u00e0 la profession ou [&hellip;]<\/p>\n","protected":false},"author":30,"featured_media":0,"parent":47073,"menu_order":0,"comment_status":"closed","ping_status":"closed","template":"","meta":{"_monsterinsights_skip_tracking":false,"_monsterinsights_sitenote_active":false,"_monsterinsights_sitenote_note":"","_monsterinsights_sitenote_category":0,"footnotes":""},"class_list":["post-9717","page","type-page","status-publish","hentry"],"_links":{"self":[{"href":"https:\/\/camrt.ca\/fr\/wp-json\/wp\/v2\/pages\/9717","targetHints":{"allow":["GET"]}}],"collection":[{"href":"https:\/\/camrt.ca\/fr\/wp-json\/wp\/v2\/pages"}],"about":[{"href":"https:\/\/camrt.ca\/fr\/wp-json\/wp\/v2\/types\/page"}],"author":[{"embeddable":true,"href":"https:\/\/camrt.ca\/fr\/wp-json\/wp\/v2\/users\/30"}],"replies":[{"embeddable":true,"href":"https:\/\/camrt.ca\/fr\/wp-json\/wp\/v2\/comments?post=9717"}],"version-history":[{"count":0,"href":"https:\/\/camrt.ca\/fr\/wp-json\/wp\/v2\/pages\/9717\/revisions"}],"up":[{"embeddable":true,"href":"https:\/\/camrt.ca\/fr\/wp-json\/wp\/v2\/pages\/47073"}],"wp:attachment":[{"href":"https:\/\/camrt.ca\/fr\/wp-json\/wp\/v2\/media?parent=9717"}],"curies":[{"name":"wp","href":"https:\/\/api.w.org\/{rel}","templated":true}]}}