{"id":9695,"date":"2017-04-26T16:57:06","date_gmt":"2017-04-26T20:57:06","guid":{"rendered":"https:\/\/camrt.wpenginepowered.com\/fr\/?page_id=9695"},"modified":"2017-04-26T16:57:06","modified_gmt":"2017-04-26T20:57:06","slug":"cga","status":"publish","type":"page","link":"https:\/\/camrt.ca\/fr\/a-propos-de-lactrm\/histoire\/cga\/","title":{"rendered":"75 ans de rassemblements nationaux"},"content":{"rendered":"<h3>Congr\u00e8s G\u00e9n\u00e9ral Annuel\u00a0(1943 \u2013 2017)<\/h3>\n<p>&nbsp;<\/p>\n<p>1943\u00a0\u00a0 Toronto, Ontario<\/p>\n<p>1944\u00a0\u00a0 Winnipeg, Manitoba<\/p>\n<p>1945\u00a0\u00a0 Montr\u00e9al, Qu\u00e9bec<\/p>\n<p>1946\u00a0\u00a0 Niagara Falls, Ontario<\/p>\n<p>1947\u00a0\u00a0 Saskatoon, Saskatchewan<\/p>\n<p>1948\u00a0\u00a0 Qu\u00e9bec, Qu\u00e9bec<\/p>\n<p>1949\u00a0\u00a0 Halifax, Nouvelle-\u00c9cosse<\/p>\n<p>1950\u00a0\u00a0 Vancouver, Colombie-Britannique<\/p>\n<p>1951\u00a0\u00a0 Winnipeg, Manitoba<\/p>\n<p>1952\u00a0\u00a0 Calgary, Alberta<\/p>\n<p>1953\u00a0\u00a0 Toronto, Ontario<\/p>\n<p>1954\u00a0\u00a0 Saint John, Nouveau-Brunswick<\/p>\n<p>1955\u00a0\u00a0 Montr\u00e9al, Qu\u00e9bec<\/p>\n<p>1956\u00a0\u00a0 Victoria, Colombie-Britannique<\/p>\n<p>1957\u00a0\u00a0 Washington, D.C., USA<\/p>\n<p>1958\u00a0\u00a0 Winnipeg, Manitoba<\/p>\n<p>1959\u00a0\u00a0 Kingston, Ontario<\/p>\n<p>1960\u00a0\u00a0 Edmonton, Alberta<\/p>\n<p>1961\u00a0\u00a0 Montr\u00e9al, Qu\u00e9bec<\/p>\n<p>1962\u00a0\u00a0 Saskatoon, Saskatchewan<\/p>\n<p>1963\u00a0\u00a0 Hamilton, Ontario<\/p>\n<p>1964\u00a0\u00a0 Halifax, Nouvelle-\u00c9cosse<\/p>\n<p>1965\u00a0\u00a0 Chicago, USA<\/p>\n<p>1966\u00a0\u00a0 Winnipeg, Manitoba<\/p>\n<p>1967\u00a0\u00a0 Banff, Alberta<\/p>\n<p>1968\u00a0\u00a0 Saint John, Nouveau-Brunswick<\/p>\n<p>1969\u00a0\u00a0 Toronto, Ontario<\/p>\n<p>1970\u00a0\u00a0 Vancouver, Colombie-Britannique<\/p>\n<p>1971\u00a0\u00a0 St. John\u2019s, Terre-Neuve-et-Labrador<\/p>\n<p>1972\u00a0\u00a0 Montr\u00e9al, Qu\u00e9bec<\/p>\n<p>1973\u00a0\u00a0 Saskatoon, Saskatchewan<\/p>\n<p>1974\u00a0\u00a0 Halifax, Nouvelle-\u00c9cosse<\/p>\n<p>1975\u00a0\u00a0 Winnipeg, Manitoba<\/p>\n<p>1976\u00a0\u00a0 Edmonton, Alberta<\/p>\n<p>1977\u00a0\u00a0 Hamilton, Ontario<\/p>\n<p>1978\u00a0\u00a0 Moncton, Nouveau-Brunswick<\/p>\n<p>1979\u00a0\u00a0 Vancouver, Colombie-Britannique<\/p>\n<p>1980\u00a0\u00a0 St. John\u2019s, Terre-Neuve-et-Labrador<\/p>\n<p>1981\u00a0\u00a0 Regina, Saskatchewan<\/p>\n<p>1982\u00a0\u00a0 Halifax, Nouvelle-\u00c9cosse<\/p>\n<p>1983\u00a0\u00a0 Toronto, Ontario<\/p>\n<p>1984\u00a0\u00a0 Winnipeg, Manitoba<\/p>\n<p>1985\u00a0\u00a0 Qu\u00e9bec, Qu\u00e9bec<\/p>\n<p>1986\u00a0\u00a0 Calgary, Alberta<\/p>\n<p>1987\u00a0\u00a0 Saint John, Nouveau-Brunswick<\/p>\n<p>1988\u00a0\u00a0 Vancouver, Colombie-Britannique<\/p>\n<p>1989\u00a0\u00a0 St. John\u2019s, Terre-Neuve-et-Labrador<\/p>\n<p>1990\u00a0\u00a0 Saskatoon, Saskatchewan<\/p>\n<p>1991\u00a0\u00a0 Halifax, Nouvelle-\u00c9cosse<\/p>\n<p>1992\u00a0\u00a0 Ottawa, Ontario<\/p>\n<p>1993\u00a0\u00a0 Charlottetown, \u00cele-du-Prince-\u00c9douard<\/p>\n<p>1994\u00a0\u00a0 Winnipeg, Manitoba<\/p>\n<p>1995\u00a0\u00a0 Montr\u00e9al, Qu\u00e9bec<\/p>\n<p>1996\u00a0\u00a0 Edmonton, Alberta<\/p>\n<p>1997\u00a0\u00a0 Saint John, Nouveau-Brunswick<\/p>\n<p>1998\u00a0\u00a0 Richmond, Colombie-Britannique<\/p>\n<p>1999\u00a0\u00a0 St. John\u2019s, Terre-Neuve-et-Labrador<\/p>\n<p>2000\u00a0\u00a0 Toronto, Ontario<\/p>\n<p>2001\u00a0\u00a0 Regina, Saskatchewan<\/p>\n<p>2002\u00a0\u00a0 Sydney, Nouvelle-\u00c9cosse<\/p>\n<p>2003\u00a0\u00a0 Winnipeg, Manitoba<\/p>\n<p>2004\u00a0\u00a0 Montr\u00e9al, Qu\u00e9bec<\/p>\n<p>2005\u00a0\u00a0 Charlottetown, \u00cele-du-Prince-\u00c9douard<\/p>\n<p>2006\u00a0\u00a0 Calgary, Alberta<\/p>\n<p>2007\u00a0\u00a0 Ottawa, Ontario<\/p>\n<p>2008\u00a0\u00a0 Moncton, Nouveau-Brunswick<\/p>\n<p>2009\u00a0\u00a0 Vancouver, Colombie-Britannique<\/p>\n<p>2010\u00a0\u00a0 Qu\u00e9bec, Qu\u00e9bec<\/p>\n<p>2011\u00a0\u00a0 Saskatoon, Saskatchewan<\/p>\n<p>2012\u00a0\u00a0 Toronto, Ontario<\/p>\n<p>2013\u00a0\u00a0 St. John\u2019s, Terre-Neuve-et-Labrador<\/p>\n<p>2014\u00a0\u00a0 Edmonton, Alberta<\/p>\n<p>2015\u00a0\u00a0 Montr\u00e9al, Qu\u00e9bec<\/p>\n<p>2016\u00a0\u00a0 Halifax, Nouvelle-\u00c9cosse<\/p>\n<p>2017\u00a0\u00a0 Ottawa, Ontario<\/p>\n","protected":false},"excerpt":{"rendered":"<p>Congr\u00e8s G\u00e9n\u00e9ral Annuel\u00a0(1943 \u2013 2017) &nbsp; 1943\u00a0\u00a0 Toronto, Ontario 1944\u00a0\u00a0 Winnipeg, Manitoba 1945\u00a0\u00a0 Montr\u00e9al, Qu\u00e9bec 1946\u00a0\u00a0 Niagara Falls, Ontario 1947\u00a0\u00a0 Saskatoon, Saskatchewan 1948\u00a0\u00a0 Qu\u00e9bec, Qu\u00e9bec 1949\u00a0\u00a0 Halifax, Nouvelle-\u00c9cosse 1950\u00a0\u00a0 Vancouver, [&hellip;]<\/p>\n","protected":false},"author":30,"featured_media":0,"parent":9691,"menu_order":0,"comment_status":"closed","ping_status":"closed","template":"","meta":{"_monsterinsights_skip_tracking":false,"_monsterinsights_sitenote_active":false,"_monsterinsights_sitenote_note":"","_monsterinsights_sitenote_category":0,"footnotes":""},"class_list":["post-9695","page","type-page","status-publish","hentry"],"_links":{"self":[{"href":"https:\/\/camrt.ca\/fr\/wp-json\/wp\/v2\/pages\/9695","targetHints":{"allow":["GET"]}}],"collection":[{"href":"https:\/\/camrt.ca\/fr\/wp-json\/wp\/v2\/pages"}],"about":[{"href":"https:\/\/camrt.ca\/fr\/wp-json\/wp\/v2\/types\/page"}],"author":[{"embeddable":true,"href":"https:\/\/camrt.ca\/fr\/wp-json\/wp\/v2\/users\/30"}],"replies":[{"embeddable":true,"href":"https:\/\/camrt.ca\/fr\/wp-json\/wp\/v2\/comments?post=9695"}],"version-history":[{"count":0,"href":"https:\/\/camrt.ca\/fr\/wp-json\/wp\/v2\/pages\/9695\/revisions"}],"up":[{"embeddable":true,"href":"https:\/\/camrt.ca\/fr\/wp-json\/wp\/v2\/pages\/9691"}],"wp:attachment":[{"href":"https:\/\/camrt.ca\/fr\/wp-json\/wp\/v2\/media?parent=9695"}],"curies":[{"name":"wp","href":"https:\/\/api.w.org\/{rel}","templated":true}]}}