{"id":9691,"date":"2017-04-26T11:04:44","date_gmt":"2017-04-26T15:04:44","guid":{"rendered":"https:\/\/camrt.wpenginepowered.com\/fr\/?page_id=9691"},"modified":"2025-10-25T22:16:13","modified_gmt":"2025-10-26T02:16:13","slug":"histoire","status":"publish","type":"page","link":"https:\/\/camrt.ca\/fr\/a-propos-de-lactrm\/histoire\/","title":{"rendered":"L&rsquo;histoire de l&rsquo;ACTRM"},"content":{"rendered":"<p>L\u2019association est n\u00e9e des efforts concert\u00e9s d\u2019un petit groupe de dirigeants provinciaux en 1942. Si de nouvelles technologies et m\u00eame de nouvelles disciplines compl\u00e8tes ont \u00e9merg\u00e9, l\u2019ACTRM est rest\u00e9 une constante pour les technologues en radiation m\u00e9dicale (autrefois appel\u00e9s techniciens en radiologie). Il est frappant de relire quelques-uns des objectifs de la jeune soci\u00e9t\u00e9 nationale :<\/p>\n<p>&nbsp;<\/p>\n<p><i>\u00ab fournir des normes et des installations de formation pour r\u00e9pondre aux besoins actuels des techniciens en radiologie \u00bb<\/i><br \/>\n<i>\u00ab promouvoir et encourager la science et l\u2019art de la technique radiologique et envisager tous les sujets qui s\u2019y rattachent<br \/>\net en discuter. \u00bb<\/i><\/p>\n<p>&nbsp;<\/p>\n<p>Bien que leur port\u00e9e puisse avoir chang\u00e9 au fil des ann\u00e9es, ils restent tr\u00e8s proches de la mission et de la vision de l\u2019ACTRM, et montrent comment l\u2019association a fourni une fondation et un soutien solides pour les TRM canadiens dans un paysage en constante \u00e9volution.<\/p>\n<p>Cette section du site Web donne un aper\u00e7u de l\u2019histoire de l\u2019Association, avec des anecdotes, des listes et m\u00eame une ligne du temps interactive. Prenez un peu de temps pour fouiller et d\u00e9couvrir quelques-unes des \u00e9tapes importantes et des r\u00e9alisations des TRM qui vous ont pr\u00e9c\u00e9d\u00e9s.<\/p>\n<p>&nbsp;<\/p>\n<p>Ligne du temps de l\u2019ACTRM<br \/>\n<a href=\"https:\/\/camrt.ca\/fr\/fondation-de-la-dominion-society\/\">Fondation de la Dominion Society<\/a><br \/>\n<a href=\"https:\/\/camrt.ca\/fr\/histoire-et-origine-du-nom-actrm\/\">Histoire et origine du nom ACTRM<\/a><br \/>\n<a href=\"https:\/\/camrt.ca\/fr\/membres-remarquables-de-lactrm\/\">Membres remarquables de l\u2019ACTRM<\/a><br \/>\n<a href=\"https:\/\/camrt.ca\/fr\/a-propos-de-actrm\/histoire\/cga\/\">75 ans de rassemblements nationaux<\/a><br \/>\n<a href=\"https:\/\/camrt.ca\/fr\/a-propos-de-actrm\/histoire\/prix-honorifiques\/\">Archives &#8211; R\u00e9cipiendaires de prix honorifiques<\/a><\/p>\n","protected":false},"excerpt":{"rendered":"<p>L\u2019association est n\u00e9e des efforts concert\u00e9s d\u2019un petit groupe de dirigeants provinciaux en 1942. Si de nouvelles technologies et m\u00eame de nouvelles disciplines compl\u00e8tes ont \u00e9merg\u00e9, l\u2019ACTRM est rest\u00e9 une [&hellip;]<\/p>\n","protected":false},"author":30,"featured_media":0,"parent":47116,"menu_order":0,"comment_status":"closed","ping_status":"closed","template":"","meta":{"_monsterinsights_skip_tracking":false,"_monsterinsights_sitenote_active":false,"_monsterinsights_sitenote_note":"","_monsterinsights_sitenote_category":0,"footnotes":""},"class_list":["post-9691","page","type-page","status-publish","hentry"],"_links":{"self":[{"href":"https:\/\/camrt.ca\/fr\/wp-json\/wp\/v2\/pages\/9691","targetHints":{"allow":["GET"]}}],"collection":[{"href":"https:\/\/camrt.ca\/fr\/wp-json\/wp\/v2\/pages"}],"about":[{"href":"https:\/\/camrt.ca\/fr\/wp-json\/wp\/v2\/types\/page"}],"author":[{"embeddable":true,"href":"https:\/\/camrt.ca\/fr\/wp-json\/wp\/v2\/users\/30"}],"replies":[{"embeddable":true,"href":"https:\/\/camrt.ca\/fr\/wp-json\/wp\/v2\/comments?post=9691"}],"version-history":[{"count":0,"href":"https:\/\/camrt.ca\/fr\/wp-json\/wp\/v2\/pages\/9691\/revisions"}],"up":[{"embeddable":true,"href":"https:\/\/camrt.ca\/fr\/wp-json\/wp\/v2\/pages\/47116"}],"wp:attachment":[{"href":"https:\/\/camrt.ca\/fr\/wp-json\/wp\/v2\/media?parent=9691"}],"curies":[{"name":"wp","href":"https:\/\/api.w.org\/{rel}","templated":true}]}}