{"id":9686,"date":"2016-09-12T11:16:35","date_gmt":"2016-09-12T15:16:35","guid":{"rendered":"https:\/\/camrt.wpenginepowered.com\/fr\/?page_id=9686"},"modified":"2026-01-08T12:45:26","modified_gmt":"2026-01-08T17:45:26","slug":"dates-limites-et-dexamens","status":"publish","type":"page","link":"https:\/\/camrt.ca\/fr\/perfectionnement-professionnel\/cours-complets\/inscription\/dates-limites-et-dexamens\/","title":{"rendered":"Dates limites et d&rsquo;examens"},"content":{"rendered":"<h3><strong style=\"font-size: 16px;\">Hiver 2026<\/strong><\/h3>\n<table width=\"1375\">\n<tbody>\n<tr>\n<td>Date limite d\u2019inscription h\u00e2tive (23 h 59 heure de l\u2019Est)<\/td>\n<td>11 janvier 2026<\/td>\n<\/tr>\n<tr>\n<td>Date limite d\u2019inscription tardive (23 h 59 heure de l\u2019Est)*<\/p>\n<p>*Des frais de 50 $ seront ajout\u00e9s au prix pour l&rsquo;inscription h\u00e2tive.<\/td>\n<td>18 janvier 2026<\/td>\n<\/tr>\n<tr>\n<td>Examens de reconnaissances des acquis\/reprises d\u2019examens<\/td>\n<td>1 avril 2026<\/td>\n<\/tr>\n<tr>\n<td>Travail\u00a01<\/td>\n<td>30 janvier\u00a02026<\/td>\n<\/tr>\n<tr>\n<td>Travail\u00a02<\/td>\n<td>13 f\u00e9vrier\u00a02026<\/td>\n<\/tr>\n<tr>\n<td>Travail 3<\/td>\n<td>27 f\u00e9vrier 2026<\/td>\n<\/tr>\n<tr>\n<td>Travail\u00a04<\/td>\n<td>13 mars 2026<\/td>\n<\/tr>\n<tr>\n<td>Travail\u00a05<\/td>\n<td>27 mars 2026<\/td>\n<\/tr>\n<tr>\n<td>Travail\u00a06<\/td>\n<td>10 avril 2026<\/td>\n<\/tr>\n<tr>\n<td>Examen final<\/p>\n<p>Fen\u00eatre d\u2019examen 13:00-23:00 heure normale de l&rsquo;Est<\/td>\n<td>8 mai 2026<\/td>\n<\/tr>\n<tr>\n<td>Date d\u2019examen optionnelle*<\/p>\n<p>Fen\u00eatre d\u2019examen 10:30-16:30 heure normale de l&rsquo;Est<\/p>\n<p>*Cette fen\u00eatre n\u2019est accessible qu\u2019aux candidats qui auront demand\u00e9 \u00e0 l\u2019avance une autre date d\u2019examen \u00e0 l\u2019ACTRM. Veuillez envoyer un courriel \u00e0\u00a0<strong><a href=\"mailto:cpd@camrt.ca\">cpd@camrt.ca<\/a><\/strong> avant le 20 avril 2026 pour changer votre date d&rsquo;examen.<\/td>\n<td>25 avril 2026<\/td>\n<\/tr>\n<\/tbody>\n<\/table>\n<p><em><strong>En raison de la collaboration avec un tiers fournisseur pour la session d&rsquo;examen, l&rsquo;ACTRM ne permettra pas de modifier la date ou la fen\u00eatre de l&rsquo;examen.<\/strong><\/em><\/p>\n<p style=\"text-align: center;\"><a href='https:\/\/camrt.my.site.com\/CPBase__store?site=a0a1a00000AMdCoAAL&#038;catalog=a0p1a000004ola6' target='_top'  class='dt-sc-button   medium  ' >S&rsquo;inscrire<\/a>\n<h3><strong style=\"font-size: 16px;\">Automne 2026<\/strong><\/h3>\n<table width=\"1375\">\n<tbody>\n<tr>\n<td>Date limite d\u2019inscription h\u00e2tive (23 h 59 heure de l\u2019Est)<\/td>\n<td>16 ao\u00fbt 2026<\/td>\n<\/tr>\n<tr>\n<td>Date limite d\u2019inscription tardive (23 h 59 heure de l\u2019Est)*<\/p>\n<p>*Des frais de 50 $ seront ajout\u00e9s au prix pour l&rsquo;inscription h\u00e2tive.<\/td>\n<td>23 ao\u00fbt 2026<\/td>\n<\/tr>\n<tr>\n<td>Examens de reconnaissances des acquis\/reprises d\u2019examens<\/td>\n<td>1 octobre 2026<\/td>\n<\/tr>\n<tr>\n<td>Travail\u00a01<\/td>\n<td>28 ao\u00fbt\u00a02026<\/td>\n<\/tr>\n<tr>\n<td>Travail\u00a02<\/td>\n<td>11 septembre\u00a02026<\/td>\n<\/tr>\n<tr>\n<td>Travail 3<\/td>\n<td>25 septembre 2026<\/td>\n<\/tr>\n<tr>\n<td>Travail\u00a04<\/td>\n<td>9 octobre 2026<\/td>\n<\/tr>\n<tr>\n<td>Travail\u00a05<\/td>\n<td>23 octobre 2026<\/td>\n<\/tr>\n<tr>\n<td>Travail\u00a06<\/td>\n<td>6 novembre 2026<\/td>\n<\/tr>\n<tr>\n<td>Examen final<\/p>\n<p>Fen\u00eatre d\u2019examen 13:00-23:00 heure normale de l&rsquo;Est<\/td>\n<td>27 novembre 2026<\/td>\n<\/tr>\n<tr>\n<td>Date d\u2019examen optionnelle*<\/p>\n<p>Fen\u00eatre d\u2019examen 10:30-16:30 heure normale de l&rsquo;Est<\/p>\n<p>*Cette fen\u00eatre n\u2019est accessible qu\u2019aux candidats qui auront demand\u00e9 \u00e0 l\u2019avance une autre date d\u2019examen \u00e0 l\u2019ACTRM. Veuillez envoyer un courriel \u00e0\u00a0<strong><a href=\"mailto:cpd@camrt.ca\">cpd@camrt.ca<\/a><\/strong> avant le 6 novembre 2026 pour changer votre date d&rsquo;examen.<\/td>\n<td>21 novembre 2026<\/td>\n<\/tr>\n<\/tbody>\n<\/table>\n<p><em><strong>En raison de la collaboration avec un tiers fournisseur pour la session d&rsquo;examen, l&rsquo;ACTRM ne permettra pas de modifier la date ou la fen\u00eatre de l&rsquo;examen.<\/strong><\/em><\/p>\n<p style=\"text-align: center;\"><a href='https:\/\/camrt.my.site.com\/CPBase__store?site=a0a1a00000AMdCoAAL&#038;catalog=a0p1a000004ola6' target='_top'  class='dt-sc-button   medium  ' >S&rsquo;inscrire<\/a>\n<h5 style=\"text-align: center;\"><strong>SESSION D&rsquo;EXAMEN SUPPL\u00c9MENTAIRE POUR L&rsquo;\u00c9T\u00c9 2026 &#8211; Examens de reconnaissances des acquis et de reprises<\/strong><\/h5>\n<table style=\"height: 102px;\" width=\"1375\">\n<tbody>\n<tr style=\"height: 15px;\">\n<td style=\"width: 1235.11px; height: 15px;\">Date limite d\u2019inscription (23\u00a0h\u00a059 heure de l\u2019Est)<\/td>\n<td style=\"width: 124.205px; height: 15px;\">21 juin 2026<\/td>\n<\/tr>\n<tr style=\"height: 15px;\">\n<td style=\"width: 1235.11px; height: 15px;\">Date d\u2019examen d&rsquo;\u00e9t\u00e9<\/p>\n<p>Fen\u00eatre d\u2019examen: 10:30 \u2013 16:30 heure de l\u2019Est<\/td>\n<td style=\"width: 124.205px; height: 15px;\">4 juillet 2026<\/td>\n<\/tr>\n<\/tbody>\n<\/table>\n<p><em><strong>En raison de la collaboration avec un tiers fournisseur pour la session d&rsquo;examen, l&rsquo;ACTRM ne permettra pas de modifier la date ou la fen\u00eatre de l&rsquo;examen.<\/strong><\/em><\/p>\n<p style=\"text-align: center;\"><a href='https:\/\/camrt.my.site.com\/CPBase__store?site=a0a1a00000AMdCoAAL&#038;catalog=a0p2L0000061gus' target='_top'  class='dt-sc-button   medium  ' >S&rsquo;inscrire<\/a>\n<h3><strong>Fen\u00eatre d\u2019examen<\/strong><\/h3>\n<p>Cliquez <a href=\"https:\/\/camrt.ca\/fr\/perfectionnement-professionnel\/cours-complets\/examens-finaux\/fenetre-dexamen\/\"><strong>ici<\/strong><\/a> pour voir le fen\u00eatre d\u2019examen.<\/p>\n<h3><strong>Date d&rsquo;examen de rechange<\/strong><\/h3>\n<p>Une deuxi\u00e8me date d\u2019examen sera fournie par session. Il n&rsquo;y a pas de frais pour changer la date d&rsquo;examen final.<\/p>\n<p>Contactez <strong><a href=\"mailto:cpd@camrt.ca\">cpd@camrt.ca<\/a><\/strong> pour plus d&rsquo;informations. Les demandes doivent\u00a0\u00eatre re\u00e7ues au plus tard cinq jours ouvrables avant la date pr\u00e9vue de l&rsquo;examen.<\/p>\n","protected":false},"excerpt":{"rendered":"<p>Hiver 2026 Date limite d\u2019inscription h\u00e2tive (23 h 59 heure de l\u2019Est) 11 janvier 2026 Date limite d\u2019inscription tardive (23 h 59 heure de l\u2019Est)* *Des frais de 50 $ seront ajout\u00e9s au prix pour l&rsquo;inscription h\u00e2tive. 18 janvier 2026 Examens de reconnaissances des acquis\/reprises d\u2019examens 1 avril 2026 Travail\u00a01 30 janvier\u00a02026 Travail\u00a02 13 f\u00e9vrier\u00a02026 [&hellip;]<\/p>\n","protected":false},"author":30,"featured_media":0,"parent":9648,"menu_order":0,"comment_status":"closed","ping_status":"closed","template":"","meta":{"_monsterinsights_skip_tracking":false,"_monsterinsights_sitenote_active":false,"_monsterinsights_sitenote_note":"","_monsterinsights_sitenote_category":0,"footnotes":""},"class_list":["post-9686","page","type-page","status-publish","hentry"],"_links":{"self":[{"href":"https:\/\/camrt.ca\/fr\/wp-json\/wp\/v2\/pages\/9686","targetHints":{"allow":["GET"]}}],"collection":[{"href":"https:\/\/camrt.ca\/fr\/wp-json\/wp\/v2\/pages"}],"about":[{"href":"https:\/\/camrt.ca\/fr\/wp-json\/wp\/v2\/types\/page"}],"author":[{"embeddable":true,"href":"https:\/\/camrt.ca\/fr\/wp-json\/wp\/v2\/users\/30"}],"replies":[{"embeddable":true,"href":"https:\/\/camrt.ca\/fr\/wp-json\/wp\/v2\/comments?post=9686"}],"version-history":[{"count":0,"href":"https:\/\/camrt.ca\/fr\/wp-json\/wp\/v2\/pages\/9686\/revisions"}],"up":[{"embeddable":true,"href":"https:\/\/camrt.ca\/fr\/wp-json\/wp\/v2\/pages\/9648"}],"wp:attachment":[{"href":"https:\/\/camrt.ca\/fr\/wp-json\/wp\/v2\/media?parent=9686"}],"curies":[{"name":"wp","href":"https:\/\/api.w.org\/{rel}","templated":true}]}}