{"id":9683,"date":"2016-09-12T13:37:11","date_gmt":"2016-09-12T17:37:11","guid":{"rendered":"https:\/\/camrt.wpenginepowered.com\/fr\/?page_id=9683"},"modified":"2026-02-25T13:03:30","modified_gmt":"2026-02-25T18:03:30","slug":"inscription","status":"publish","type":"page","link":"https:\/\/camrt.ca\/fr\/perfectionnement-professionnel\/programmes-de-certificats\/inscription\/","title":{"rendered":"Inscription"},"content":{"rendered":"<p style=\"text-align: justify;\">Pour acc\u00e9der \u00e0 cette page personnelle, le candidat doit acc\u00e9der \u00e0 <strong><a href=\"https:\/\/camrt.my.site.com\/CAMRT_Login_Page?startURL=%2Fsetup%2Fsecur%2FRemoteAccessAuthorizationPage.apexp%3Fsource%3DCAAAAV3s4qgQME8wMzAwMDAwMDA0Qzk3AAAA0NQdZ8LzErkwomDZdT5kMoZbITBSVq9EgLcfMUAQHIx8NZpo8n6rcezSqHO2mcY5GwqCV9-BaqOB5nvhFKuDHK_6YZEaYvFAV3tr4PYh0c9lrBGhVQhLQhdRLCxvkTZiEbiYea99Yd0Cq_FlrvN04K37nM9qnQ2S052mRJtdIbZ8HRwc2lFiVlI4wxV6EhXnawhdYTyXOVSWqb7YNXfpmvBdtEJj7H4lAPoWn2XP4bI7IZYeWwNzFjmD6JkY8fhSNyTwcPYr8wmGxcbBCR9wzVL4uOQfcj0zA-OQPO1atctOMh8XCi8PdBGjDriM7w5tjs--7nzKMjKjH9zuZwvatEY6yzTpkrFxXrQWK_NWQK_IChOzvlhxusjMDP-kFcCEoZEwHPAilRHb2B4rDKNaES9LK_HBlnPHK_R5HKeo148fKCIKr625qVlC_hUFjiP0RGmylTA7Gtd6lHPBP7O5G0wSrBA5Jfys3xjFdgIlFVpjZ1Lr3MO7_I8btVIWFUJWxsiixJVDO7RZvQZ7g9XiQyUV9vxrtqEpXGbQtETiI0WgjvF3ljw_LJRwoN-N69cFOw%253D%253D\">la section r\u00e9serv\u00e9e aux membres<\/a><\/strong> du site Web de l\u2019ACTRM.<\/p>\n<p style=\"text-align: justify;\">La page personnelle de PPC du candidat contient de l\u2019information sur l\u2019inscription, un dossier complet des activit\u00e9s et r\u00e9sultats de PPC, les re\u00e7us, un registre de participation aux conf\u00e9rences, etc.<\/p>\n<h3>Comment s\u2019inscrire<\/h3>\n<ul class='dt-sc-fancy-list   rounded-arrow'>\n<li>Les inscriptions sont accept\u00e9es durant toute l\u2019ann\u00e9e pour <strong><a href=\"https:\/\/camrt.ca\/fr\/perfectionnement-professionnel\/cours-complets\/\">les cours complets<\/a>,\u00a0<\/strong>cependant, ceux-ci sont seulement offerts pendant les sessions distinctifs : l\u2019hiver et l\u2019automne.<\/li>\n<li>L\u2019inscription est accessible en ligne seulement. <strong><a href=\"https:\/\/camrt.my.site.com\/joinapi__membershiplist?id=a2K2L000001DxvsUAC&amp;order=1\">Inscrivez-vous maintenant.<\/a><\/strong><\/li>\n<li>Seul le paiement par carte Visa ou MasterCard est accept\u00e9.<\/li>\n<li>Un courriel vous sera envoy\u00e9 pour confirmer votre inscription et le paiement incluant les directives d&rsquo;acc\u00e9der aux mat\u00e9riels de cours.<\/li>\n<li>Les re\u00e7us sont accessibles en ligne. Pour obtenir un re\u00e7u :\n<ul class='dt-sc-fancy-list   rounded-arrow'>\n<li>Allez sur votre <a href=\"https:\/\/camrt.my.site.com\/CAMRT_Login_Page?startURL=%2Fsetup%2Fsecur%2FRemoteAccessAuthorizationPage.apexp%3Fsource%3DCAAAAV3s4qgQME8wMzAwMDAwMDA0Qzk3AAAA0NQdZ8LzErkwomDZdT5kMoZbITBSVq9EgLcfMUAQHIx8NZpo8n6rcezSqHO2mcY5GwqCV9-BaqOB5nvhFKuDHK_6YZEaYvFAV3tr4PYh0c9lrBGhVQhLQhdRLCxvkTZiEbiYea99Yd0Cq_FlrvN04K37nM9qnQ2S052mRJtdIbZ8HRwc2lFiVlI4wxV6EhXnawhdYTyXOVSWqb7YNXfpmvBdtEJj7H4lAPoWn2XP4bI7IZYeWwNzFjmD6JkY8fhSNyTwcPYr8wmGxcbBCR9wzVL4uOQfcj0zA-OQPO1atctOMh8XCi8PdBGjDriM7w5tjs--7nzKMjKjH9zuZwvatEY6yzTpkrFxXrQWK_NWQK_IChOzvlhxusjMDP-kFcCEoZEwHPAilRHb2B4rDKNaES9LK_HBlnPHK_R5HKeo148fKCIKr625qVlC_hUFjiP0RGmylTA7Gtd6lHPBP7O5G0wSrBA5Jfys3xjFdgIlFVpjZ1Lr3MO7_I8btVIWFUJWxsiixJVDO7RZvQZ7g9XiQyUV9vxrtqEpXGbQtETiI0WgjvF3ljw_LJRwoN-N69cFOw%253D%253D\">page personnelle<\/a>.<\/li>\n<li>Entrez votre nom d&rsquo;utilisateur et votre mot de passe.<\/li>\n<li>Cliquez sur <em>My Transactions <\/em>dans le menu \u00e0 gauche<em>.<\/em><\/li>\n<\/ul>\n<\/li>\n<\/ul>\n<p><strong><em>L\u2019acc\u00e8s aux documents pour les cours n\u2019est possible qu\u2019\u00e0 partir de la <a href=\"https:\/\/camrt.ca\/fr\/perfectionnement-professionnel\/cours-complets\/inscription\/dates-limites-et-dexamens\/\">date limite d\u2019inscription<\/a>.<\/em><\/strong><\/p>\n<h3><strong>Inscription tardive<\/strong><\/h3>\n<p>L\u2019ACTRM a \u00e9tabli une date limite d\u2019inscription tardive, moyennant un suppl\u00e9ment de 50 $. <a href=\"https:\/\/camrt.my.site.com\/CPBase__store?site=a0a1a00000AMdCoAAL\"><strong>Inscrivez-vous<\/strong><\/a> \u00e0 un cours durant la p\u00e9riode d\u2019inscription tardive.<\/p>\n<h3><strong>En cas de retrait :<\/strong><\/h3>\n<ul class='dt-sc-fancy-list   rounded-arrow'>\n<li>75 % des frais du programme de certificat seront rembours\u00e9s si la demande de retrait est re\u00e7ue dans les six mois* suivant le d\u00e9p\u00f4t de la demande d\u2019inscription au programme.<\/li>\n<li>50 % des frais du programme de certificat seront rembours\u00e9s si la demande de retrait est re\u00e7ue dans l\u2019ann\u00e9e suivant le d\u00e9p\u00f4t de la demande d\u2019inscription au programme.<\/li>\n<li>Aucun remboursement ne sera accord\u00e9 apr\u00e8s un an suivant la date de d\u00e9p\u00f4t de la demande d\u2019inscription au programme.<\/li>\n<\/ul>\n<p style=\"text-align: justify;\">*\u00a0 <em>les candidats aux programmes de dosim\u00e9trie et de radiologie interventionnelle sont tenus de soumettre <span style=\"text-decoration: underline;\">un formulaire de v\u00e9rification de l&rsquo;exp\u00e9rience clinique<\/span> \u00e0 l&rsquo;ACTRM <strong>dans les 30 jours<\/strong> suivant l&rsquo;inscription au programme. La documentation requise qui n&rsquo;a pas \u00e9t\u00e9 re\u00e7ue dans les 30 jours suivant l&rsquo;inscription au programme entra\u00eenera une annulation du programme ou un remboursement partiel. Cela s&rsquo;applique \u00e9galement aux technologues en radiation m\u00e9dicale form\u00e9s \u00e0 l&rsquo;\u00e9tranger (TRMFE) qui n&rsquo;ont pas soumis leur documentation.<\/em><\/p>\n","protected":false},"excerpt":{"rendered":"<p>Pour acc\u00e9der \u00e0 cette page personnelle, le candidat doit acc\u00e9der \u00e0 la section r\u00e9serv\u00e9e aux membres du site Web de l\u2019ACTRM. La page personnelle de PPC du candidat contient de [&hellip;]<\/p>\n","protected":false},"author":30,"featured_media":0,"parent":6539,"menu_order":0,"comment_status":"closed","ping_status":"closed","template":"","meta":{"_monsterinsights_skip_tracking":false,"_monsterinsights_sitenote_active":false,"_monsterinsights_sitenote_note":"","_monsterinsights_sitenote_category":0,"footnotes":""},"class_list":["post-9683","page","type-page","status-publish","hentry"],"_links":{"self":[{"href":"https:\/\/camrt.ca\/fr\/wp-json\/wp\/v2\/pages\/9683","targetHints":{"allow":["GET"]}}],"collection":[{"href":"https:\/\/camrt.ca\/fr\/wp-json\/wp\/v2\/pages"}],"about":[{"href":"https:\/\/camrt.ca\/fr\/wp-json\/wp\/v2\/types\/page"}],"author":[{"embeddable":true,"href":"https:\/\/camrt.ca\/fr\/wp-json\/wp\/v2\/users\/30"}],"replies":[{"embeddable":true,"href":"https:\/\/camrt.ca\/fr\/wp-json\/wp\/v2\/comments?post=9683"}],"version-history":[{"count":0,"href":"https:\/\/camrt.ca\/fr\/wp-json\/wp\/v2\/pages\/9683\/revisions"}],"up":[{"embeddable":true,"href":"https:\/\/camrt.ca\/fr\/wp-json\/wp\/v2\/pages\/6539"}],"wp:attachment":[{"href":"https:\/\/camrt.ca\/fr\/wp-json\/wp\/v2\/media?parent=9683"}],"curies":[{"name":"wp","href":"https:\/\/api.w.org\/{rel}","templated":true}]}}