{"id":9663,"date":"2017-04-24T16:22:36","date_gmt":"2017-04-24T20:22:36","guid":{"rendered":"https:\/\/camrt.wpenginepowered.com\/fr\/?page_id=9663"},"modified":"2017-04-24T16:22:36","modified_gmt":"2017-04-24T20:22:36","slug":"notifications-des-resultats-et-releve-de-notes","status":"publish","type":"page","link":"https:\/\/camrt.ca\/fr\/perfectionnement-professionnel\/programmes-de-certificats\/notifications-des-resultats-et-releve-de-notes\/","title":{"rendered":"Notifications des r\u00e9sultats et relev\u00e9 de notes"},"content":{"rendered":"<p style=\"text-align: justify\">Les sommaires de comp\u00e9tences cliniques (SCC) remplis seront remis \u00e0 un membre du comit\u00e9 pour examen. Les candidats doivent s\u2019attendre \u00e0 une r\u00e9troaction dans un d\u00e9lai de deux \u00e0 quatre semaines de la date de soumission. Ces documents doivent \u00eatre compl\u00e9t\u00e9s et scann\u00e9s en un seul PDF \u00e0 l&rsquo;adresse specialtycertificates@camrt.ca.<\/p>\n<p style=\"text-align: justify\">Si le SCC est jug\u00e9 incomplet, l\u2019ACTRM retournera les \u00e9l\u00e9ments manquants au candidat. Des <a href=\"https:\/\/camrt.wpenginepowered.com\/professional-development\/certificate-programs\/fees-and-income-tax-receipts\/\">frais<\/a> administratifs s\u2019appliqueront.<\/p>\n<p style=\"text-align: justify\">Si le SCC est jug\u00e9 complet, l\u2019ACTRM \u00e9mettra un certificat. Les candidats ayant r\u00e9ussi peuvent utiliser le nouveau titre qui leur est attribu\u00e9.<\/p>\n<p>En janvier 2024, le CPD a lanc\u00e9 un certificat \u00e9lectronique (PDF) t\u00e9l\u00e9chargeable et imprimable pour ceux qui ont termin\u00e9 les programmes de certificat ! Ces certificats num\u00e9rot\u00e9s sont disponibles dans \u00ab\u00a0Mon CPD\u00a0\u00bb et font partie de notre engagement \u00e0 r\u00e9duire le gaspillage de papier et \u00e0 garantir un acc\u00e8s plus rapide \u00e0 vos certificats. Votre lettre d&rsquo;ach\u00e8vement sera \u00e9galement toujours disponible ! Ces certificats (en anglais seulement, pour l&rsquo;instant), combin\u00e9s aux <a href=\"https:\/\/camrt.wpenginepowered.com\/digital-badges\/\">badges<\/a> d\u00e9livr\u00e9s \u00e0 tous les nouveaux d\u00e9tenteurs de certificats et de micro-certificats, permettront aux TRM qui le souhaitent de pr\u00e9senter leurs r\u00e9alisations \u00e9ducatives et professionnelles en ligne ! Les certificats papier seront imprim\u00e9s \u00e0 la demande, moyennant des frais, au minimum trois fois par an \u00e0 partir de 2024.\u00a0 Un certificat PDF en fran\u00e7ais est disponible gratuitement, sur demande. Veuillez contacter &lt;cpd@camrt.ca&gt; pour en faire la demande !<\/p>\n<p>&nbsp;<\/p>\n<h3 style=\"text-align: justify\">Relev\u00e9s de notes<\/h3>\n<p style=\"text-align: justify\">Les relev\u00e9s de notes sont disponibles dans le profil personnel du candidat sur le site Web de l\u2019ACTRM. Des <a href=\"https:\/\/camrt.wpenginepowered.com\/professional-development\/certificate-programs\/fees-and-income-tax-receipts\/\">frais<\/a> d\u2019administration seront factur\u00e9s aux candidats qui demanderont un relev\u00e9 de notes officiel.<\/p>\n<p>Veuillez contacter <strong><a href=\"mailto:cpd@camrt.ca\">cpd@camrt.ca<\/a><\/strong> pour demander un relev\u00e9 de notes officiel.<\/p>\n","protected":false},"excerpt":{"rendered":"<p>Les sommaires de comp\u00e9tences cliniques (SCC) remplis seront remis \u00e0 un membre du comit\u00e9 pour examen. Les candidats doivent s\u2019attendre \u00e0 une r\u00e9troaction dans un d\u00e9lai de deux \u00e0 quatre [&hellip;]<\/p>\n","protected":false},"author":30,"featured_media":0,"parent":6539,"menu_order":0,"comment_status":"closed","ping_status":"closed","template":"","meta":{"_monsterinsights_skip_tracking":false,"_monsterinsights_sitenote_active":false,"_monsterinsights_sitenote_note":"","_monsterinsights_sitenote_category":0,"footnotes":""},"class_list":["post-9663","page","type-page","status-publish","hentry"],"_links":{"self":[{"href":"https:\/\/camrt.ca\/fr\/wp-json\/wp\/v2\/pages\/9663","targetHints":{"allow":["GET"]}}],"collection":[{"href":"https:\/\/camrt.ca\/fr\/wp-json\/wp\/v2\/pages"}],"about":[{"href":"https:\/\/camrt.ca\/fr\/wp-json\/wp\/v2\/types\/page"}],"author":[{"embeddable":true,"href":"https:\/\/camrt.ca\/fr\/wp-json\/wp\/v2\/users\/30"}],"replies":[{"embeddable":true,"href":"https:\/\/camrt.ca\/fr\/wp-json\/wp\/v2\/comments?post=9663"}],"version-history":[{"count":0,"href":"https:\/\/camrt.ca\/fr\/wp-json\/wp\/v2\/pages\/9663\/revisions"}],"up":[{"embeddable":true,"href":"https:\/\/camrt.ca\/fr\/wp-json\/wp\/v2\/pages\/6539"}],"wp:attachment":[{"href":"https:\/\/camrt.ca\/fr\/wp-json\/wp\/v2\/media?parent=9663"}],"curies":[{"name":"wp","href":"https:\/\/api.w.org\/{rel}","templated":true}]}}