{"id":9660,"date":"2016-09-12T13:54:48","date_gmt":"2016-09-12T17:54:48","guid":{"rendered":"https:\/\/camrt.wpenginepowered.com\/fr\/?page_id=9660"},"modified":"2017-04-24T16:15:35","modified_gmt":"2017-04-24T20:15:35","slug":"retraits-et-remboursements","status":"publish","type":"page","link":"https:\/\/camrt.ca\/fr\/perfectionnement-professionnel\/programmes-de-certificats\/retraits-et-remboursements\/","title":{"rendered":"Retraits et remboursements"},"content":{"rendered":"<p>En cas de retrait :<\/p>\n<ul class='dt-sc-fancy-list   rounded-arrow'>\n<li>75 % des frais du programme de certificat seront rembours\u00e9s si la demande de retrait est re\u00e7ue dans les six mois* suivant le d\u00e9p\u00f4t de la demande d\u2019inscription au programme.<\/li>\n<li>50 % des frais du programme de certificat seront rembours\u00e9s si la demande de retrait est re\u00e7ue dans l\u2019ann\u00e9e suivant le d\u00e9p\u00f4t de la demande d\u2019inscription au programme.<\/li>\n<li>Aucun remboursement ne sera accord\u00e9 apr\u00e8s un an suivant la date de d\u00e9p\u00f4t de la demande d\u2019inscription au programme.<\/li>\n<\/ul>\n<p style=\"text-align: justify\">*\u00a0 <em>les candidats aux programmes de dosim\u00e9trie et de radiologie interventionnelle sont tenus de soumettre <span style=\"text-decoration: underline\">un formulaire de v\u00e9rification de l&rsquo;exp\u00e9rience clinique<\/span> \u00e0 l&rsquo;ACTRM <strong>dans les 30 jours<\/strong> suivant l&rsquo;inscription au programme. La documentation requise qui n&rsquo;a pas \u00e9t\u00e9 re\u00e7ue dans les 30 jours suivant l&rsquo;inscription au programme entra\u00eenera une annulation du programme ou un remboursement partiel. Cela s&rsquo;applique \u00e9galement aux technologues en radiation m\u00e9dicale form\u00e9s \u00e0 l&rsquo;\u00e9tranger (TRMFE) qui n&rsquo;ont pas soumis leur documentation.<\/em><\/p>\n","protected":false},"excerpt":{"rendered":"<p>En cas de retrait : *\u00a0 les candidats aux programmes de dosim\u00e9trie et de radiologie interventionnelle sont tenus de soumettre un formulaire de v\u00e9rification de l&rsquo;exp\u00e9rience clinique \u00e0 l&rsquo;ACTRM dans les 30 jours suivant l&rsquo;inscription au programme. La documentation requise qui n&rsquo;a pas \u00e9t\u00e9 re\u00e7ue dans les 30 jours suivant l&rsquo;inscription au programme entra\u00eenera une [&hellip;]<\/p>\n","protected":false},"author":30,"featured_media":0,"parent":6539,"menu_order":0,"comment_status":"closed","ping_status":"closed","template":"","meta":{"_monsterinsights_skip_tracking":false,"_monsterinsights_sitenote_active":false,"_monsterinsights_sitenote_note":"","_monsterinsights_sitenote_category":0,"footnotes":""},"class_list":["post-9660","page","type-page","status-publish","hentry"],"_links":{"self":[{"href":"https:\/\/camrt.ca\/fr\/wp-json\/wp\/v2\/pages\/9660","targetHints":{"allow":["GET"]}}],"collection":[{"href":"https:\/\/camrt.ca\/fr\/wp-json\/wp\/v2\/pages"}],"about":[{"href":"https:\/\/camrt.ca\/fr\/wp-json\/wp\/v2\/types\/page"}],"author":[{"embeddable":true,"href":"https:\/\/camrt.ca\/fr\/wp-json\/wp\/v2\/users\/30"}],"replies":[{"embeddable":true,"href":"https:\/\/camrt.ca\/fr\/wp-json\/wp\/v2\/comments?post=9660"}],"version-history":[{"count":0,"href":"https:\/\/camrt.ca\/fr\/wp-json\/wp\/v2\/pages\/9660\/revisions"}],"up":[{"embeddable":true,"href":"https:\/\/camrt.ca\/fr\/wp-json\/wp\/v2\/pages\/6539"}],"wp:attachment":[{"href":"https:\/\/camrt.ca\/fr\/wp-json\/wp\/v2\/media?parent=9660"}],"curies":[{"name":"wp","href":"https:\/\/api.w.org\/{rel}","templated":true}]}}