{"id":9652,"date":"2017-04-24T16:00:34","date_gmt":"2017-04-24T20:00:34","guid":{"rendered":"https:\/\/camrt.wpenginepowered.com\/fr\/?page_id=9652"},"modified":"2017-04-24T16:00:34","modified_gmt":"2017-04-24T20:00:34","slug":"candidats-internationaux","status":"publish","type":"page","link":"https:\/\/camrt.ca\/fr\/perfectionnement-professionnel\/programmes-de-certificats\/candidats-internationaux\/","title":{"rendered":"Candidats internationaux"},"content":{"rendered":"<p>Les programmes de certificat de l\u2019ACTRM sont \u00e9galement ouverts aux technologues en radiation m\u00e9dicale form\u00e9s \u00e0 l\u2019\u00e9tranger (TRMFE) dipl\u00f4m\u00e9s d\u2019un programme de formation en technologie de radiation m\u00e9dicale.<\/p>\n<p>Les documents suivants doivent \u00eatre pr\u00e9sent\u00e9s par les TRMFE <strong>dans les 30 jours<\/strong> suivant l&rsquo;inscription \u00e0 l&rsquo;un des certificats. Veuillez envoyer un scan par courriel, en un seul PDF, \u00e0 cpd@camrt.ca pour examen.<\/p>\n<ul class='dt-sc-fancy-list   rounded-arrow'>\n<li>une lettre originale du programme d\u2019acc\u00e8s \u00e0 la profession confirmant la dur\u00e9e du programme et l\u2019inclusion d\u2019un volet didactique et d\u2019un volet clinique;<\/li>\n<li>une copie notari\u00e9e du dipl\u00f4me\/certificat du programme de formation d\u2019acc\u00e8s \u00e0 la profession;<\/li>\n<li>une copie notari\u00e9e des titres de comp\u00e9tence du conseiller clinique (dipl\u00f4me ou certificat);<\/li>\n<li>une lettre du sup\u00e9rieur imm\u00e9diat du conseiller clinique, sur papier \u00e0 en-t\u00eate de l\u2019institution, confirmant que le conseiller clinique est un technologue en exercice avec au moins cinq ann\u00e9es d\u2019exp\u00e9rience dans ce domaine de pratique sp\u00e9cialis\u00e9e.<\/li>\n<li>formulaire de v\u00e9rification de l&rsquo;exp\u00e9rience clinique*<\/li>\n<\/ul>\n<p style=\"text-align: justify\">* <em>ce formulaire sera affich\u00e9 dans le profil personnel du candidat sur le site Web de l&rsquo;ACTRM imm\u00e9diatement apr\u00e8s l&rsquo;enregistrement. Celui-ci doit \u00eatre soumis \u00e0 l&rsquo;ACTRM <strong>dans les 30 jours<\/strong> imm\u00e9diats afin de confirmer l&rsquo;inscription au programme. La documentation requise qui n&rsquo;a pas \u00e9t\u00e9 re\u00e7ue dans les 30 jours suivant l&rsquo;inscription au programme entra\u00eenera une annulation ou un remboursement partiel (voir <strong><a href=\"https:\/\/camrt.wpenginepowered.com\/fr\/perfectionnement-professionnel\/programmes-de-certificats\/retraits-et-remboursements\/\">retraits et remboursements<\/a><\/strong>). <strong>L&rsquo;ACTRM recommande fortement aux candidats d&rsquo;obtenir la documentation requise avant l&rsquo;inscription au programme et de l&rsquo;envoyer par courriel avant la date limite.<\/strong><\/em><\/p>\n<p>Les candidats ne peuvent commencer \u00e0 travailler sur le Sommaire de comp\u00e9tences cliniques avant que ces documents aient \u00e9t\u00e9 re\u00e7us et approuv\u00e9s par l\u2019ACTRM.<\/p>\n<p>Pour plus de renseignements, veuillez communiquer avec<strong><a href=\"mailto:specialtycertificates@camrt.ca\">\u00a0specialtycertificates@camrt.ca<\/a><\/strong>.<\/p>\n","protected":false},"excerpt":{"rendered":"<p>Les programmes de certificat de l\u2019ACTRM sont \u00e9galement ouverts aux technologues en radiation m\u00e9dicale form\u00e9s \u00e0 l\u2019\u00e9tranger (TRMFE) dipl\u00f4m\u00e9s d\u2019un programme de formation en technologie de radiation m\u00e9dicale. Les documents [&hellip;]<\/p>\n","protected":false},"author":30,"featured_media":0,"parent":6539,"menu_order":0,"comment_status":"closed","ping_status":"closed","template":"","meta":{"_monsterinsights_skip_tracking":false,"_monsterinsights_sitenote_active":false,"_monsterinsights_sitenote_note":"","_monsterinsights_sitenote_category":0,"footnotes":""},"class_list":["post-9652","page","type-page","status-publish","hentry"],"_links":{"self":[{"href":"https:\/\/camrt.ca\/fr\/wp-json\/wp\/v2\/pages\/9652","targetHints":{"allow":["GET"]}}],"collection":[{"href":"https:\/\/camrt.ca\/fr\/wp-json\/wp\/v2\/pages"}],"about":[{"href":"https:\/\/camrt.ca\/fr\/wp-json\/wp\/v2\/types\/page"}],"author":[{"embeddable":true,"href":"https:\/\/camrt.ca\/fr\/wp-json\/wp\/v2\/users\/30"}],"replies":[{"embeddable":true,"href":"https:\/\/camrt.ca\/fr\/wp-json\/wp\/v2\/comments?post=9652"}],"version-history":[{"count":0,"href":"https:\/\/camrt.ca\/fr\/wp-json\/wp\/v2\/pages\/9652\/revisions"}],"up":[{"embeddable":true,"href":"https:\/\/camrt.ca\/fr\/wp-json\/wp\/v2\/pages\/6539"}],"wp:attachment":[{"href":"https:\/\/camrt.ca\/fr\/wp-json\/wp\/v2\/media?parent=9652"}],"curies":[{"name":"wp","href":"https:\/\/api.w.org\/{rel}","templated":true}]}}