{"id":9650,"date":"2017-04-24T15:54:19","date_gmt":"2017-04-24T19:54:19","guid":{"rendered":"https:\/\/camrt.wpenginepowered.com\/fr\/?page_id=9650"},"modified":"2017-04-24T15:54:19","modified_gmt":"2017-04-24T19:54:19","slug":"conseillers-cliniquesevaluateurs-delegues","status":"publish","type":"page","link":"https:\/\/camrt.ca\/fr\/perfectionnement-professionnel\/programmes-de-certificats\/conseillers-cliniquesevaluateurs-delegues\/","title":{"rendered":"Conseillers cliniques\/\u00e9valuateurs d\u00e9l\u00e9gu\u00e9s"},"content":{"rendered":"<p style=\"text-align: justify\">Tous les programmes de certificat de l\u2019ACTRM exigent que le candidat ait un conseiller clinique pour le volet clinique du programme.<\/p>\n<p style=\"text-align: justify\">Il incombe au candidat de d\u00e9signer un conseiller clinique (CC) au site clinique et de s\u2019assurer que le conseiller clinique est inform\u00e9 de son r\u00f4le. Voir\u00a0<a href=\"https:\/\/camrt.wpenginepowered.com\/fr\/wp-content\/uploads\/sites\/3\/2018\/08\/Clinical-Advisor-Role-2018.pdf\"><strong>R\u00f4le et responsabilit\u00e9s des Conseillers cliniques\/\u00e9valuateurs d\u00e9l\u00e9gu\u00e9s (disponible en anglais seulement).<\/strong><\/a><\/p>\n<p style=\"text-align: justify\">Les exigences d\u2019admissibilit\u00e9 pour le conseiller clinique\/\u00e9valuateur d\u00e9l\u00e9gu\u00e9 sont \u00e9nonc\u00e9es dans le Guide du programme de chaque programme de certificat.<\/p>\n<p style=\"text-align: justify\">Le conseiller clinique doit :<\/p>\n<ol class=\"dt-sc-fancy-list   decimal\">\n<li style=\"text-align: justify\">\u00e9valuer le candidat pour les proc\u00e9dures \/comp\u00e9tences connexes ou d\u00e9l\u00e9guer l\u2019\u00e9valuation \u00e0 un autre technologue;<\/span><\/li>\n<li style=\"text-align: justify\">v\u00e9rifier que les autres personnes d\u00e9l\u00e9gu\u00e9es \u00e0 l\u2019\u00e9valuation du candidat poss\u00e8dent les attestations requises et sont comp\u00e9tentes dans leur pratique.<\/span><\/li>\n<\/ol>\n<p style=\"text-align: justify\"><strong>Le conseiller clinique ou l\u2019\u00e9valuateur d\u00e9l\u00e9gu\u00e9 observera et \u00e9valuera chacune des proc\u00e9dures\/comp\u00e9tences avant de signer et dater le Sommaire des comp\u00e9tences cliniques (SCC) au moment de la v\u00e9rification de chaque comp\u00e9tence.<\/strong><\/p>\n","protected":false},"excerpt":{"rendered":"<p>Tous les programmes de certificat de l\u2019ACTRM exigent que le candidat ait un conseiller clinique pour le volet clinique du programme. Il incombe au candidat de d\u00e9signer un conseiller clinique [&hellip;]<\/p>\n","protected":false},"author":30,"featured_media":0,"parent":6539,"menu_order":0,"comment_status":"closed","ping_status":"closed","template":"","meta":{"_monsterinsights_skip_tracking":false,"_monsterinsights_sitenote_active":false,"_monsterinsights_sitenote_note":"","_monsterinsights_sitenote_category":0,"footnotes":""},"class_list":["post-9650","page","type-page","status-publish","hentry"],"_links":{"self":[{"href":"https:\/\/camrt.ca\/fr\/wp-json\/wp\/v2\/pages\/9650","targetHints":{"allow":["GET"]}}],"collection":[{"href":"https:\/\/camrt.ca\/fr\/wp-json\/wp\/v2\/pages"}],"about":[{"href":"https:\/\/camrt.ca\/fr\/wp-json\/wp\/v2\/types\/page"}],"author":[{"embeddable":true,"href":"https:\/\/camrt.ca\/fr\/wp-json\/wp\/v2\/users\/30"}],"replies":[{"embeddable":true,"href":"https:\/\/camrt.ca\/fr\/wp-json\/wp\/v2\/comments?post=9650"}],"version-history":[{"count":0,"href":"https:\/\/camrt.ca\/fr\/wp-json\/wp\/v2\/pages\/9650\/revisions"}],"up":[{"embeddable":true,"href":"https:\/\/camrt.ca\/fr\/wp-json\/wp\/v2\/pages\/6539"}],"wp:attachment":[{"href":"https:\/\/camrt.ca\/fr\/wp-json\/wp\/v2\/media?parent=9650"}],"curies":[{"name":"wp","href":"https:\/\/api.w.org\/{rel}","templated":true}]}}