{"id":9648,"date":"2016-09-12T10:50:34","date_gmt":"2016-09-12T14:50:34","guid":{"rendered":"https:\/\/camrt.wpenginepowered.com\/fr\/?page_id=9648"},"modified":"2026-02-25T15:34:38","modified_gmt":"2026-02-25T20:34:38","slug":"inscription","status":"publish","type":"page","link":"https:\/\/camrt.ca\/fr\/perfectionnement-professionnel\/cours-complets\/inscription\/","title":{"rendered":"Inscription"},"content":{"rendered":"<p>Pour acc\u00e9der \u00e0 cette page personnelle, le candidat doit acc\u00e9der \u00e0 <strong><a href=\"https:\/\/camrt.my.site.com\/CAMRT_Login_Page?startURL=%2Fsetup%2Fsecur%2FRemoteAccessAuthorizationPage.apexp%3Fsource%3DCAAAAV3s4qgQME8wMzAwMDAwMDA0Qzk3AAAA0NQdZ8LzErkwomDZdT5kMoZbITBSVq9EgLcfMUAQHIx8NZpo8n6rcezSqHO2mcY5GwqCV9-BaqOB5nvhFKuDHK_6YZEaYvFAV3tr4PYh0c9lrBGhVQhLQhdRLCxvkTZiEbiYea99Yd0Cq_FlrvN04K37nM9qnQ2S052mRJtdIbZ8HRwc2lFiVlI4wxV6EhXnawhdYTyXOVSWqb7YNXfpmvBdtEJj7H4lAPoWn2XP4bI7IZYeWwNzFjmD6JkY8fhSNyTwcPYr8wmGxcbBCR9wzVL4uOQfcj0zA-OQPO1atctOMh8XCi8PdBGjDriM7w5tjs--7nzKMjKjH9zuZwvatEY6yzTpkrFxXrQWK_NWQK_IChOzvlhxusjMDP-kFcCEoZEwHPAilRHb2B4rDKNaES9LK_HBlnPHK_R5HKeo148fKCIKr625qVlC_hUFjiP0RGmylTA7Gtd6lHPBP7O5G0wSrBA5Jfys3xjFdgIlFVpjZ1Lr3MO7_I8btVIWFUJWxsiixJVDO7RZvQZ7g9XiQyUV9vxrtqEpXGbQtETiI0WgjvF3ljw_LJRwoN-N69cFOw%253D%253D\">la section r\u00e9serv\u00e9e aux membres<\/a><\/strong> du site Web de l\u2019ACTRM.<\/p>\n<p>La page personnelle de PPC du candidat contient de l\u2019information sur l\u2019inscription, un dossier complet des activit\u00e9s et r\u00e9sultats de PPC, les re\u00e7us, un registre de participation aux conf\u00e9rences, etc.<\/p>\n<h3>Comment s\u2019inscrire<\/h3>\n<ul class='dt-sc-fancy-list   rounded-arrow'>\n<li>Les inscriptions sont accept\u00e9es durant toute l\u2019ann\u00e9e pour <strong><a href=\"https:\/\/camrt.ca\/fr\/perfectionnement-professionnel\/cours-complets\/\">les cours compl\u00e8ts<\/a><\/strong><\/li>\n<li>L\u2019inscription est accessible en ligne seulement. <strong><a href=\"https:\/\/camrt.my.site.com\/CPBase__store?site=a0a1a00000AMdCoAAL&amp;catalog=a0p1a000004ola6\">Inscrivez-vous maintenant.<\/a><\/strong><\/li>\n<li>Seul le paiement par carte Visa ou MasterCard est accept\u00e9.<\/li>\n<li>Un courriel vous sera envoy\u00e9 pour confirmer votre inscription et le paiement.<\/li>\n<li>Les re\u00e7us sont accessibles en ligne. Pour obtenir un re\u00e7u :\n<ul class='dt-sc-fancy-list   rounded-arrow'>\n<li>Allez sur votre <a href=\"https:\/\/camrt.my.site.com\/CAMRT_Login_Page?startURL=%2Fsetup%2Fsecur%2FRemoteAccessAuthorizationPage.apexp%3Fsource%3DCAAAAV3s4qgQME8wMzAwMDAwMDA0Qzk3AAAA0NQdZ8LzErkwomDZdT5kMoZbITBSVq9EgLcfMUAQHIx8NZpo8n6rcezSqHO2mcY5GwqCV9-BaqOB5nvhFKuDHK_6YZEaYvFAV3tr4PYh0c9lrBGhVQhLQhdRLCxvkTZiEbiYea99Yd0Cq_FlrvN04K37nM9qnQ2S052mRJtdIbZ8HRwc2lFiVlI4wxV6EhXnawhdYTyXOVSWqb7YNXfpmvBdtEJj7H4lAPoWn2XP4bI7IZYeWwNzFjmD6JkY8fhSNyTwcPYr8wmGxcbBCR9wzVL4uOQfcj0zA-OQPO1atctOMh8XCi8PdBGjDriM7w5tjs--7nzKMjKjH9zuZwvatEY6yzTpkrFxXrQWK_NWQK_IChOzvlhxusjMDP-kFcCEoZEwHPAilRHb2B4rDKNaES9LK_HBlnPHK_R5HKeo148fKCIKr625qVlC_hUFjiP0RGmylTA7Gtd6lHPBP7O5G0wSrBA5Jfys3xjFdgIlFVpjZ1Lr3MO7_I8btVIWFUJWxsiixJVDO7RZvQZ7g9XiQyUV9vxrtqEpXGbQtETiI0WgjvF3ljw_LJRwoN-N69cFOw%253D%253D\">page personnelle<\/a>.<\/li>\n<li>Entrez votre nom d&rsquo;utilisateur et votre mot de passe.<\/li>\n<li>Cliquez sur <em>My Transactions <\/em>dans le menu \u00e0 gauche<em>.<\/em><\/li>\n<\/ul>\n<\/li>\n<\/ul>\n","protected":false},"excerpt":{"rendered":"<p>Pour acc\u00e9der \u00e0 cette page personnelle, le candidat doit acc\u00e9der \u00e0 la section r\u00e9serv\u00e9e aux membres du site Web de l\u2019ACTRM. La page personnelle de PPC du candidat contient de [&hellip;]<\/p>\n","protected":false},"author":30,"featured_media":0,"parent":6508,"menu_order":0,"comment_status":"closed","ping_status":"closed","template":"","meta":{"_monsterinsights_skip_tracking":false,"_monsterinsights_sitenote_active":false,"_monsterinsights_sitenote_note":"","_monsterinsights_sitenote_category":0,"footnotes":""},"class_list":["post-9648","page","type-page","status-publish","hentry"],"_links":{"self":[{"href":"https:\/\/camrt.ca\/fr\/wp-json\/wp\/v2\/pages\/9648","targetHints":{"allow":["GET"]}}],"collection":[{"href":"https:\/\/camrt.ca\/fr\/wp-json\/wp\/v2\/pages"}],"about":[{"href":"https:\/\/camrt.ca\/fr\/wp-json\/wp\/v2\/types\/page"}],"author":[{"embeddable":true,"href":"https:\/\/camrt.ca\/fr\/wp-json\/wp\/v2\/users\/30"}],"replies":[{"embeddable":true,"href":"https:\/\/camrt.ca\/fr\/wp-json\/wp\/v2\/comments?post=9648"}],"version-history":[{"count":0,"href":"https:\/\/camrt.ca\/fr\/wp-json\/wp\/v2\/pages\/9648\/revisions"}],"up":[{"embeddable":true,"href":"https:\/\/camrt.ca\/fr\/wp-json\/wp\/v2\/pages\/6508"}],"wp:attachment":[{"href":"https:\/\/camrt.ca\/fr\/wp-json\/wp\/v2\/media?parent=9648"}],"curies":[{"name":"wp","href":"https:\/\/api.w.org\/{rel}","templated":true}]}}