{"id":8884,"date":"2016-09-12T10:12:55","date_gmt":"2016-09-12T14:12:55","guid":{"rendered":"https:\/\/camrt.wpenginepowered.com\/fr\/?page_id=8884"},"modified":"2016-09-12T10:12:55","modified_gmt":"2016-09-12T14:12:55","slug":"semainedestrm","status":"publish","type":"page","link":"https:\/\/camrt.ca\/fr\/semainedestrm\/","title":{"rendered":"Semaine des TRM"},"content":{"rendered":"<h4 style=\"text-align: center\"><strong>Approbation gratuite des activit\u00e9s de formation professionnelle continue pour souligner la semaine des TRMs au Canada!<\/strong><\/h4>\n<p>L&rsquo;Association canadienne des technologues en radiation m\u00e9dicale (ACTRM) veut aider votre organisation \u00e0 c\u00e9l\u00e9brer la semaine des technologues en radiation m\u00e9dicale (TRM) 2022 en offrant d&rsquo;examiner ET approuver gratuitement les demandes d&rsquo;agr\u00e9ment de cr\u00e9dits des activit\u00e9s qui se d\u00e9rouleront entre <strong>le 6 et le 12 novembre 2022<\/strong>.<\/p>\n<p><strong>Seules les activit\u00e9s soumises par un commanditaire seront accept\u00e9es.<\/strong><\/p>\n<p>Les commanditaires doivent simplement organiser une activit\u00e9 et soumettre le descriptif \u00e0 l&rsquo;ACTRM au plus tard le <strong>21 octobre 2022<\/strong>.<\/p>\n<p><strong>Crit\u00e8res d&rsquo;admissibilit\u00e9 :<\/strong><br \/>\n\u2022 Conf\u00e9rence en direct entre le 6 et le 12 novembre 2022<br \/>\n\u2022 Sujet portant sur les sciences de la radiation m\u00e9dicale<br \/>\n\u2022 Dur\u00e9e maximale de trois (3) heures<br \/>\n\u2022 Date et heure fix\u00e9e<br \/>\n\u2022 Objectif d&rsquo;apprentissage (un par heure)<br \/>\n\u2022 Nom et titre du conf\u00e9rencier<\/p>\n<p>T\u00e9l\u00e9chargez un exemplaire du <strong><a href=\"https:\/\/camrt.wpenginepowered.com\/fr\/wp-content\/uploads\/sites\/3\/2022\/09\/MRT-WEEK-CECAP-Form-FR-2022.pdf\" target=\"_blank\" rel=\"noopener noreferrer\">formulaire de demande<\/a><\/strong> d&rsquo;agr\u00e9ment.<\/p>\n<p>Si vous avez des questions ou si vous avez besoin d&rsquo;aide pour remplir le formulaire, veuillez envoyer un courriel \u00e0 <strong><a href=\"cecap@camrt.ca\">cecap@camrt.ca<\/a><\/strong> ou appeler le 800-463-9729 poste 226.<\/p>\n","protected":false},"excerpt":{"rendered":"<p>Approbation gratuite des activit\u00e9s de formation professionnelle continue pour souligner la semaine des TRMs au Canada! L&rsquo;Association canadienne des technologues en radiation m\u00e9dicale (ACTRM) veut aider votre organisation \u00e0 c\u00e9l\u00e9brer [&hellip;]<\/p>\n","protected":false},"author":30,"featured_media":0,"parent":0,"menu_order":0,"comment_status":"closed","ping_status":"closed","template":"","meta":{"_monsterinsights_skip_tracking":false,"_monsterinsights_sitenote_active":false,"_monsterinsights_sitenote_note":"","_monsterinsights_sitenote_category":0,"footnotes":""},"class_list":["post-8884","page","type-page","status-publish","hentry"],"_links":{"self":[{"href":"https:\/\/camrt.ca\/fr\/wp-json\/wp\/v2\/pages\/8884","targetHints":{"allow":["GET"]}}],"collection":[{"href":"https:\/\/camrt.ca\/fr\/wp-json\/wp\/v2\/pages"}],"about":[{"href":"https:\/\/camrt.ca\/fr\/wp-json\/wp\/v2\/types\/page"}],"author":[{"embeddable":true,"href":"https:\/\/camrt.ca\/fr\/wp-json\/wp\/v2\/users\/30"}],"replies":[{"embeddable":true,"href":"https:\/\/camrt.ca\/fr\/wp-json\/wp\/v2\/comments?post=8884"}],"version-history":[{"count":0,"href":"https:\/\/camrt.ca\/fr\/wp-json\/wp\/v2\/pages\/8884\/revisions"}],"wp:attachment":[{"href":"https:\/\/camrt.ca\/fr\/wp-json\/wp\/v2\/media?parent=8884"}],"curies":[{"name":"wp","href":"https:\/\/api.w.org\/{rel}","templated":true}]}}