{"id":8624,"date":"2016-06-28T15:07:45","date_gmt":"2016-06-28T19:07:45","guid":{"rendered":"https:\/\/camrt.wpenginepowered.com\/fr\/?page_id=8624"},"modified":"2025-10-27T15:04:05","modified_gmt":"2025-10-27T19:04:05","slug":"rapports-annuels-annees-precedentes","status":"publish","type":"page","link":"https:\/\/camrt.ca\/fr\/rapportannuel\/rapports-annuels-annees-precedentes\/","title":{"rendered":"Rapports annuels: Ann\u00e9es pr\u00e9c\u00e9dentes"},"content":{"rendered":"<table style=\"border-collapse: collapse; width: 65.8172%; height: 192px;\">\n<tbody>\n<tr>\n<td style=\"width: 12.0797%;\">\n<h4>2023<\/h4>\n<\/td>\n<td style=\"width: 87.7958%;\"><a href=\"https:\/\/camrt.ca\/wp-content\/uploads\/2024\/05\/Rapport-Annuel-2023.pdf\">Rapport annuel 2023<\/a><\/p>\n<p><a href=\"https:\/\/camrt.ca\/wp-content\/uploads\/2024\/04\/20231231-Etats-financiers-ML-signes-ACTRM.pdf\" target=\"_blank\" rel=\"noopener\">\u00c9tats financiers 2023<\/a><\/td>\n<\/tr>\n<tr>\n<td style=\"width: 12.0797%;\">\n<h4>2022<\/h4>\n<\/td>\n<td style=\"width: 87.7958%;\"><a href=\"https:\/\/camrt.ca\/wp-content\/uploads\/2023\/05\/Rapport-annuel-2022-Online.pdf\" target=\"_blank\" rel=\"noopener\">Rapport annuel 2022<\/a><\/p>\n<p><a href=\"https:\/\/camrt.ca\/wp-content\/uploads\/2023\/05\/20221231-Etats-financiers-ML-signes-CAMRT.pdf\" target=\"_blank\" rel=\"noopener\">\u00c9tats financiers 2022<\/a><\/td>\n<\/tr>\n<tr>\n<td style=\"width: 12.0797%;\">\n<h4>2021<\/h4>\n<\/td>\n<td style=\"width: 87.7958%;\"><a href=\"https:\/\/camrt.ca\/wp-content\/uploads\/2022\/04\/2021-Annual-Report_FR_ONLINE.pdf\" target=\"_blank\" rel=\"noopener\">Rapport annuel 2021<\/a><\/p>\n<p><a href=\"https:\/\/camrt.ca\/wp-content\/uploads\/2022\/04\/2021-Etats-financiers-ACTRM.pdf\" target=\"_blank\" rel=\"noopener\">\u00c9tats financiers 2021<\/a><\/td>\n<\/tr>\n<tr>\n<td style=\"width: 12.0797%;\">\n<h4>2020<\/h4>\n<\/td>\n<td style=\"width: 87.7958%;\"><a href=\"https:\/\/camrt.ca\/wp-content\/uploads\/2021\/05\/2020-Annual-Report_FR_Final.pdf\" target=\"_blank\" rel=\"noopener\">Rapport annuel 2020<\/a><\/p>\n<p><a href=\"https:\/\/camrt.ca\/wp-content\/uploads\/2021\/04\/Rapport-annuel-Etats-financiers-2020.pdf\" target=\"_blank\" rel=\"noopener\">\u00c9tats financiers 2020<\/a><\/td>\n<\/tr>\n<tr>\n<td style=\"width: 12.0797%;\">\n<h4>2019<\/h4>\n<\/td>\n<td style=\"width: 87.7958%;\"><a href=\"https:\/\/camrt.ca\/wp-content\/uploads\/2020\/10\/ACTRM-Rapport-Annuel-2019-FR.pdf\">Rapport annuel 2019<\/a><\/p>\n<p><a href=\"https:\/\/camrt.ca\/wp-content\/uploads\/2020\/10\/CAMRT-Financial-Statements-2019-FR-1.pdf\">\u00c9tats financiers 2019<\/a><\/td>\n<\/tr>\n<tr style=\"height: 24px;\">\n<td style=\"width: 12.0797%; height: 24px;\">\n<h4>2018<\/h4>\n<\/td>\n<td style=\"width: 87.7958%; height: 24px;\"><a href=\"https:\/\/camrt.ca\/wp-content\/uploads\/2019\/04\/ACTRM-Rapport-annuel-2018.pdf\">Rapport annuel 2018<\/a> (incl. \u00e9tats financiers)<\/td>\n<\/tr>\n<tr style=\"height: 24px;\">\n<td style=\"width: 12.0797%; height: 24px;\">\n<h4>2017<\/h4>\n<\/td>\n<td style=\"width: 87.7958%; height: 24px;\"><a href=\"https:\/\/camrt.ca\/wp-content\/uploads\/2018\/08\/Rapport-Annuel-2017.pdf\">Rapport annuel 2017<\/a> (incl. \u00e9tats financiers)<\/td>\n<\/tr>\n<tr style=\"height: 24px;\">\n<td style=\"width: 12.0797%; height: 24px;\">\n<h4>2016<\/h4>\n<\/td>\n<td style=\"width: 87.7958%; height: 24px;\"><a href=\"https:\/\/camrt.ca\/wp-content\/uploads\/2016\/06\/Rapport-Annuel-2016.pdf\">Rapport annuel 2016<\/a> (incl. \u00e9tats financiers)<\/td>\n<\/tr>\n<tr style=\"height: 24px;\">\n<td style=\"width: 12.0797%; height: 24px;\">\n<h4>2015<\/h4>\n<\/td>\n<td style=\"width: 87.7958%; height: 24px;\"><a href=\"https:\/\/camrt.ca\/wp-content\/uploads\/2016\/06\/ACTRM-Rapport-Annuel-2015.pdf\">Rapport annuel 2015<\/a> (incl. \u00e9tats financiers)<\/td>\n<\/tr>\n<tr style=\"height: 24px;\">\n<td style=\"width: 12.0797%; height: 24px;\">\n<h4>2014<\/h4>\n<\/td>\n<td style=\"width: 87.7958%; height: 24px;\"><a href=\"https:\/\/camrt.ca\/wp-content\/uploads\/2016\/06\/5950_CAMRT_AR_2014_WEB_FR.pdf\" rel=\"\">Rapport annuel 2014<\/a><\/p>\n<p><a href=\"https:\/\/camrt.ca\/wp-content\/uploads\/2020\/10\/5950_CAMRT_AR_2014_Financials_FR.pdf\">\u00c9tats financiers 2014<\/a><\/td>\n<\/tr>\n<tr style=\"height: 24px;\">\n<td style=\"width: 12.0797%; height: 24px;\">\n<h4>2013<\/h4>\n<\/td>\n<td style=\"width: 87.7958%; height: 24px;\"><a href=\"https:\/\/camrt.ca\/wp-content\/uploads\/2016\/06\/5582_CAMRT_AnnualReport_2013_F_HR-1.pdf\" rel=\"\">Rapport annuel 2013<\/a> (incl. \u00e9tats financiers)<\/td>\n<\/tr>\n<tr style=\"height: 24px;\">\n<td style=\"width: 12.0797%; height: 24px;\">\n<h4>2012<\/h4>\n<\/td>\n<td style=\"width: 87.7958%; height: 24px;\"><a href=\"https:\/\/camrt.ca\/wp-content\/uploads\/2016\/06\/ACTRM_Rapport_Annuel_2012-1.pdf\" rel=\"\">Rapport annuel 2012<\/a> (incl. \u00e9tats financiers)<\/td>\n<\/tr>\n<tr style=\"height: 24px;\">\n<td style=\"width: 12.0797%; height: 24px;\">\n<h4>2011<\/h4>\n<\/td>\n<td style=\"width: 87.7958%; height: 24px;\"><a href=\"https:\/\/camrt.ca\/wp-content\/uploads\/2016\/06\/ACTRMRapportAnnuel-11-1.pdf\" rel=\"\">Rapport annuel 2011<\/a> (incl. \u00e9tats financiers)<\/td>\n<\/tr>\n<\/tbody>\n<\/table>\n<p>&nbsp;<\/p>\n<p>&nbsp;<\/p>\n<p>&nbsp;<\/p>\n<p>&nbsp;<\/p>\n<p>&nbsp;<\/p>\n<p>&nbsp;<\/p>\n<p>&nbsp;<\/p>\n<p>&nbsp;<\/p>\n","protected":false},"excerpt":{"rendered":"<p>2023 Rapport annuel 2023 \u00c9tats financiers 2023 2022 Rapport annuel 2022 \u00c9tats financiers 2022 2021 Rapport annuel 2021 \u00c9tats financiers 2021 2020 Rapport annuel 2020 \u00c9tats financiers 2020 2019 Rapport [&hellip;]<\/p>\n","protected":false},"author":30,"featured_media":0,"parent":8615,"menu_order":0,"comment_status":"closed","ping_status":"closed","template":"","meta":{"_monsterinsights_skip_tracking":false,"_monsterinsights_sitenote_active":false,"_monsterinsights_sitenote_note":"","_monsterinsights_sitenote_category":0,"footnotes":""},"class_list":["post-8624","page","type-page","status-publish","hentry"],"_links":{"self":[{"href":"https:\/\/camrt.ca\/fr\/wp-json\/wp\/v2\/pages\/8624","targetHints":{"allow":["GET"]}}],"collection":[{"href":"https:\/\/camrt.ca\/fr\/wp-json\/wp\/v2\/pages"}],"about":[{"href":"https:\/\/camrt.ca\/fr\/wp-json\/wp\/v2\/types\/page"}],"author":[{"embeddable":true,"href":"https:\/\/camrt.ca\/fr\/wp-json\/wp\/v2\/users\/30"}],"replies":[{"embeddable":true,"href":"https:\/\/camrt.ca\/fr\/wp-json\/wp\/v2\/comments?post=8624"}],"version-history":[{"count":0,"href":"https:\/\/camrt.ca\/fr\/wp-json\/wp\/v2\/pages\/8624\/revisions"}],"up":[{"embeddable":true,"href":"https:\/\/camrt.ca\/fr\/wp-json\/wp\/v2\/pages\/8615"}],"wp:attachment":[{"href":"https:\/\/camrt.ca\/fr\/wp-json\/wp\/v2\/media?parent=8624"}],"curies":[{"name":"wp","href":"https:\/\/api.w.org\/{rel}","templated":true}]}}