{"id":8615,"date":"2016-06-28T15:08:46","date_gmt":"2016-06-28T19:08:46","guid":{"rendered":"https:\/\/camrt.wpenginepowered.com\/fr\/?page_id=8615"},"modified":"2025-12-04T12:48:03","modified_gmt":"2025-12-04T17:48:03","slug":"rapportannuel","status":"publish","type":"page","link":"https:\/\/camrt.ca\/fr\/rapportannuel\/","title":{"rendered":"Rapport annuel"},"content":{"rendered":"<p>&nbsp;<\/p>\n<p>Le rapport annuel de l&rsquo;ACTRM est produit chaque ann\u00e9e pour souligner les r\u00e9alisations de l&rsquo;ann\u00e9e \u00e9coul\u00e9e et pour consigner les d\u00e9tails importants li\u00e9s au fonctionnement de l&rsquo;association, y compris ses \u00e9tats financiers v\u00e9rifi\u00e9s.<\/p>\n<p>&nbsp;<\/p>\n<h3>Ann\u00e9e en cours<\/h3>\n<p><a href=\"https:\/\/camrt.ca\/wp-content\/uploads\/sites\/3\/2025\/04\/Rapport-annuel-ACTRM-2024.pdf\">Rapport annuel 2024<\/a><\/p>\n<p><a href=\"https:\/\/camrt.ca\/wp-content\/uploads\/sites\/3\/2025\/04\/20241231-Etats-financiers-ML-signes-CAMRT.pdf\" target=\"_blank\" rel=\"noopener\">\u00c9tats financiers 2024<\/a><\/p>\n<p>&nbsp;<\/p>\n<h3>Ann\u00e9es pr\u00e9c\u00e9dentes<\/h3>\n<p><a href=\"https:\/\/camrt.ca\/fr\/rapportannuel\/rapports-annuels-annees-precedentes\/\">Rapports annuels: Ann\u00e9es pr\u00e9c\u00e9dentes<\/a><\/p>\n","protected":false},"excerpt":{"rendered":"<p>&nbsp; Le rapport annuel de l&rsquo;ACTRM est produit chaque ann\u00e9e pour souligner les r\u00e9alisations de l&rsquo;ann\u00e9e \u00e9coul\u00e9e et pour consigner les d\u00e9tails importants li\u00e9s au fonctionnement de l&rsquo;association, y compris [&hellip;]<\/p>\n","protected":false},"author":30,"featured_media":0,"parent":0,"menu_order":0,"comment_status":"closed","ping_status":"closed","template":"","meta":{"_monsterinsights_skip_tracking":false,"_monsterinsights_sitenote_active":false,"_monsterinsights_sitenote_note":"","_monsterinsights_sitenote_category":0,"footnotes":""},"class_list":["post-8615","page","type-page","status-publish","hentry"],"_links":{"self":[{"href":"https:\/\/camrt.ca\/fr\/wp-json\/wp\/v2\/pages\/8615","targetHints":{"allow":["GET"]}}],"collection":[{"href":"https:\/\/camrt.ca\/fr\/wp-json\/wp\/v2\/pages"}],"about":[{"href":"https:\/\/camrt.ca\/fr\/wp-json\/wp\/v2\/types\/page"}],"author":[{"embeddable":true,"href":"https:\/\/camrt.ca\/fr\/wp-json\/wp\/v2\/users\/30"}],"replies":[{"embeddable":true,"href":"https:\/\/camrt.ca\/fr\/wp-json\/wp\/v2\/comments?post=8615"}],"version-history":[{"count":0,"href":"https:\/\/camrt.ca\/fr\/wp-json\/wp\/v2\/pages\/8615\/revisions"}],"wp:attachment":[{"href":"https:\/\/camrt.ca\/fr\/wp-json\/wp\/v2\/media?parent=8615"}],"curies":[{"name":"wp","href":"https:\/\/api.w.org\/{rel}","templated":true}]}}