{"id":8096,"date":"2016-02-03T17:25:45","date_gmt":"2016-02-03T22:25:45","guid":{"rendered":"https:\/\/camrt.wpenginepowered.com\/fr\/?page_id=8096"},"modified":"2025-12-04T12:41:27","modified_gmt":"2025-12-04T17:41:27","slug":"rad-aid-international","status":"publish","type":"page","link":"https:\/\/camrt.ca\/fr\/a-propos-de-lactrm\/partenariats\/rad-aid-international\/","title":{"rendered":"RAD-AID International"},"content":{"rendered":"<p><a href=\"https:\/\/camrt.wpenginepowered.com\/wp-content\/uploads\/2015\/11\/rad-aid-logo.png\" rel=\"attachment wp-att-8824\"><img loading=\"lazy\" decoding=\"async\" class=\"wp-image-8824 size-full alignleft\" src=\"https:\/\/camrt.wpenginepowered.com\/wp-content\/uploads\/2015\/11\/rad-aid-logo.png\" alt=\"rad-aid logo\" width=\"445\" height=\"83\" srcset=\"https:\/\/camrt.ca\/wp-content\/uploads\/2015\/11\/rad-aid-logo.png 445w, https:\/\/camrt.ca\/wp-content\/uploads\/2015\/11\/rad-aid-logo-300x56.png 300w\" sizes=\"auto, (max-width: 445px) 100vw, 445px\" \/><\/a><\/p>\n<p>&nbsp;<\/p>\n<p>&nbsp;<\/p>\n<p>&nbsp;<\/p>\n<p>&nbsp;<\/p>\n<p>L\u2019ACTRM a form\u00e9 un nouveau partenariat avec RAD-AID International afin d\u2019offrir aux membres de l\u2019Association la possibilit\u00e9 de contribuer aux besoins de soins de sant\u00e9 dans les pays en d\u00e9veloppement par la participation aux missions de RAD-AID \u00e0 travers le monde. Les r\u00e9cipiendaires de ce prix se joindront aux \u00e9quipes de projets de RAD-AID dans des initiatives internationales visant \u00e0 am\u00e9liorer l\u2019acc\u00e8s \u00e0 l\u2019imagerie m\u00e9dicale de qualit\u00e9 pour les populations dans le besoin.<\/p>\n<p><a href=\"http:\/\/www.rad-aid.org\/\">RAD-AID<\/a> est un organisme \u00e0 but non lucratif dont la mission est d\u2019augmenter et d\u2019am\u00e9liorer les ressources en radiologie dans les pays pauvres et en d\u00e9veloppement. Selon l\u2019Organisation mondiale de la Sant\u00e9 (OMS), environ quatre milliards de personnes sur Terre sont menac\u00e9es de pertes et de d\u00e9c\u00e8s pour des causes qui pourraient \u00eatre \u00e9vit\u00e9es ou trait\u00e9es si elles avaient acc\u00e8s \u00e0 des services de radiologie. RAD-AID a \u00e9t\u00e9 cr\u00e9\u00e9e en 2008 afin de r\u00e9pondre \u00e0 ce besoin. Depuis ce temps, l\u2019organisation a grandi et peut maintenant compter sur la contribution de 3\u00a0500\u00a0personnes provenant de 200 pays et offre des programmes <a href=\"http:\/\/www.rad-aid.org\/countries\/\">sur place dans 14 pays<\/a>.<\/p>\n<p>&nbsp;<\/p>\n<h4><strong>RAD-AID et l\u2019ACTRM acceptent les demandes pour ce programme d\u00e8s maintenant!<\/strong><\/h4>\n<p>L\u2019exp\u00e9rience de travail dans une \u00e9quipe multidisciplinaire en radiologie dans le monde entier peut s\u2019av\u00e9rer gratifiante personnellement et professionnellement en apprenant \u00e0 conna\u00eetre d\u2019autres cultures et syst\u00e8mes de soins de sant\u00e9 afin d\u2019utiliser vos talents pour am\u00e9liorer la sant\u00e9 mondiale. Seuls les membres en r\u00e8gle de l\u2019ACTRM qui sont des TRM agr\u00e9\u00e9s et qui comptent au moins trois ann\u00e9es d\u2019exp\u00e9rience dans leur modalit\u00e9 d\u2019exercice sont admissibles \u00e0 ce programme de bourse. Pour en savoir davantage sur le programme, votre admissibilit\u00e9 et les exigences de candidature, consultez <a href=\"http:\/\/www.rad-aid.org\/programs\/rad-aid-camrt-fellowship\/\" target=\"_blank\" rel=\"noopener\">le site Web du programme de bourse RAD-AID ACTRM<\/a>.<\/p>\n<p>&nbsp;<\/p>\n<h4>Appuyez la participation des \u00e9quipes canadiennes de radioth\u00e9rapie m\u00e9dicale aux missions RAD-AID.<\/h4>\n<p>Envisagez d&rsquo;appuyer la participation actuelle et future des \u00e9quipes canadiennes de radioth\u00e9rapie m\u00e9dicale aux missions RAD-AID en faisant un don financier \u00e0 cette bourse.<\/p>\n<p>La totalit\u00e9 des fonds recueillis servira \u00e0 couvrir les co\u00fbts associ\u00e9s \u00e0 la bourse RAD-AID de l&rsquo;ACTRM. Les personnes int\u00e9ress\u00e9es \u00e0 faire un don sont pri\u00e9es de communiquer avec l&rsquo;ACTRM au 1-800-463-9729.<\/p>\n","protected":false},"excerpt":{"rendered":"<p>&nbsp; &nbsp; &nbsp; &nbsp; L\u2019ACTRM a form\u00e9 un nouveau partenariat avec RAD-AID International afin d\u2019offrir aux membres de l\u2019Association la possibilit\u00e9 de contribuer aux besoins de soins de sant\u00e9 dans [&hellip;]<\/p>\n","protected":false},"author":30,"featured_media":0,"parent":47019,"menu_order":0,"comment_status":"closed","ping_status":"closed","template":"","meta":{"_monsterinsights_skip_tracking":false,"_monsterinsights_sitenote_active":false,"_monsterinsights_sitenote_note":"","_monsterinsights_sitenote_category":0,"footnotes":""},"class_list":["post-8096","page","type-page","status-publish","hentry"],"_links":{"self":[{"href":"https:\/\/camrt.ca\/fr\/wp-json\/wp\/v2\/pages\/8096","targetHints":{"allow":["GET"]}}],"collection":[{"href":"https:\/\/camrt.ca\/fr\/wp-json\/wp\/v2\/pages"}],"about":[{"href":"https:\/\/camrt.ca\/fr\/wp-json\/wp\/v2\/types\/page"}],"author":[{"embeddable":true,"href":"https:\/\/camrt.ca\/fr\/wp-json\/wp\/v2\/users\/30"}],"replies":[{"embeddable":true,"href":"https:\/\/camrt.ca\/fr\/wp-json\/wp\/v2\/comments?post=8096"}],"version-history":[{"count":0,"href":"https:\/\/camrt.ca\/fr\/wp-json\/wp\/v2\/pages\/8096\/revisions"}],"up":[{"embeddable":true,"href":"https:\/\/camrt.ca\/fr\/wp-json\/wp\/v2\/pages\/47019"}],"wp:attachment":[{"href":"https:\/\/camrt.ca\/fr\/wp-json\/wp\/v2\/media?parent=8096"}],"curies":[{"name":"wp","href":"https:\/\/api.w.org\/{rel}","templated":true}]}}