{"id":7834,"date":"2015-11-17T12:11:13","date_gmt":"2015-11-17T17:11:13","guid":{"rendered":"https:\/\/camrt.wpenginepowered.com\/fr\/?page_id=7834"},"modified":"2015-11-17T12:11:13","modified_gmt":"2015-11-17T17:11:13","slug":"pratique-en-technologie-de-radiation-medicale-au-canada","status":"publish","type":"page","link":"https:\/\/camrt.ca\/fr\/agrement-2\/technologues-en-radiation-medicale-formes-a-letranger-trmfe\/pratique-en-technologie-de-radiation-medicale-au-canada\/","title":{"rendered":"Pratique en technologie de radiation m\u00e9dicale au Canada"},"content":{"rendered":"<p>Le but de ce module est de fournir des informations sur la pratique en technologie de radiation m\u00e9dicale dans un environnement de soins de sant\u00e9 canadien. Le module offre de l\u2019information sur la r\u00e9glementation , la pratique professionnelle , s\u00e9curit\u00e9 des patients et TRM , la diversit\u00e9 , l&rsquo;importance d&rsquo;une communication efficace et la valeur de l&rsquo;adh\u00e9sion \u00e0 l&rsquo;ACTRM.<\/p>\n<p><a href=\"https:\/\/camrt.wpenginepowered.com\/exercice-de-la-technologie-de-la-radiation-medicale-au-canada\/story.html\">Pratique en technologie de radiation m\u00e9dicale au Canada<\/a><\/p>\n<p>&nbsp;<\/p>\n","protected":false},"excerpt":{"rendered":"<p>Le but de ce module est de fournir des informations sur la pratique en technologie de radiation m\u00e9dicale dans un environnement de soins de sant\u00e9 canadien. Le module offre de [&hellip;]<\/p>\n","protected":false},"author":30,"featured_media":0,"parent":10814,"menu_order":0,"comment_status":"closed","ping_status":"closed","template":"","meta":{"_monsterinsights_skip_tracking":false,"_monsterinsights_sitenote_active":false,"_monsterinsights_sitenote_note":"","_monsterinsights_sitenote_category":0,"footnotes":""},"class_list":["post-7834","page","type-page","status-publish","hentry"],"_links":{"self":[{"href":"https:\/\/camrt.ca\/fr\/wp-json\/wp\/v2\/pages\/7834","targetHints":{"allow":["GET"]}}],"collection":[{"href":"https:\/\/camrt.ca\/fr\/wp-json\/wp\/v2\/pages"}],"about":[{"href":"https:\/\/camrt.ca\/fr\/wp-json\/wp\/v2\/types\/page"}],"author":[{"embeddable":true,"href":"https:\/\/camrt.ca\/fr\/wp-json\/wp\/v2\/users\/30"}],"replies":[{"embeddable":true,"href":"https:\/\/camrt.ca\/fr\/wp-json\/wp\/v2\/comments?post=7834"}],"version-history":[{"count":0,"href":"https:\/\/camrt.ca\/fr\/wp-json\/wp\/v2\/pages\/7834\/revisions"}],"up":[{"embeddable":true,"href":"https:\/\/camrt.ca\/fr\/wp-json\/wp\/v2\/pages\/10814"}],"wp:attachment":[{"href":"https:\/\/camrt.ca\/fr\/wp-json\/wp\/v2\/media?parent=7834"}],"curies":[{"name":"wp","href":"https:\/\/api.w.org\/{rel}","templated":true}]}}