{"id":7744,"date":"2015-10-26T14:28:22","date_gmt":"2015-10-26T18:28:22","guid":{"rendered":"https:\/\/camrt.wpenginepowered.com\/fr\/?page_id=7744"},"modified":"2015-10-26T14:28:22","modified_gmt":"2015-10-26T18:28:22","slug":"facons-de-promouvoir-et-de-celebrer-la-profession","status":"publish","type":"page","link":"https:\/\/camrt.ca\/fr\/evenements\/la-semaine-des-trm\/le-guide-de-la-semaine-des-trm\/facons-de-promouvoir-et-de-celebrer-la-profession\/","title":{"rendered":"Fa\u00e7ons de promouvoir et de c\u00e9l\u00e9brer la profession"},"content":{"rendered":"<p>Durant la planification, songez \u00e0 des activit\u00e9s qui combinent c\u00e9l\u00e9brations et \u00e9ducation. Il existe tellement de fa\u00e7ons efficaces et engageantes de profiter de la Semaine des TRM. Utilisez des pr\u00e9sentations visuelles color\u00e9es avec les affiches et les cadeaux publicitaires de la Semaine des TRM pour \u00e9duquer vos pairs et les patients dans votre milieu de travail sur ce que vous faites. Prenez le temps de parler aux patients et aux professionnels de la sant\u00e9 individuellement sur la fa\u00e7on dont les TRM combinent technologie et soins. Demandez \u00e0 vos m\u00e9dias locaux s\u2019ils peuvent pr\u00e9senter la profession de technologue en radiation m\u00e9dicale dans un article de journal, dans une entrevue radiodiffus\u00e9e ou t\u00e9l\u00e9diffus\u00e9e. Demandez \u00e0 un politicien local de proclamer officiellement la semaine des TRM dans votre r\u00e9gion. Pr\u00e9sentez un expos\u00e9 \u00e0 des \u00e9tudiants portant sur les avantages d\u2019une carri\u00e8re en technologie de la radiation m\u00e9dicale.<\/p>\n<h3>Id\u00e9es de promotion et de c\u00e9l\u00e9bration<\/h3>\n<div class=\"dt-sc-clear\"><\/div>\n<div class=\"dt-sc-toggle-frame\">\t<h5 class='dt-sc-toggle'><a href='#'>Cr\u00e9er un affichage visuel<\/a><\/h5>\t<div class=\"dt-sc-toggle-content\" style=\"display: none;\">\t\t<div class=\"block\"><p>Les affichages visuels captent le regard et fournissent des occasions d\u2019engager la discussion avec les patients et les autres professionnels de la sant\u00e9. Chaque ann\u00e9e, des TRM de partout au pays profitent de la Semaine des TRM pour cr\u00e9er des pr\u00e9sentations visuelles attrayantes afin de promouvoir leur profession, leur milieu de travail et les r\u00e9alisations de leurs coll\u00e8gues aupr\u00e8s des patients et des autres professionnels de la sant\u00e9. Cette ann\u00e9e, vous pouvez faire la promotion de votre profession et de votre milieu de travail aussi en utilisant les outils produits par l\u2019ACTRM et qui illustrent le lien essentiel que constituent les TRM dans le syst\u00e8me de sant\u00e9, en combinant la technologie et les soins attentionn\u00e9s.\nAffichez du mat\u00e9riel promotionnel de la semaine des TRM dans votre bureau et d\u2019autres aires de circulation intense dans votre milieu de travail, comme les entr\u00e9es, les ascenseurs, la caf\u00e9t\u00e9ria et les aires de repos avant la semaine des TRM. Installez un endroit o\u00f9 le public peut visitez le site Web aucoeurdevotresante.ca ou visionner la nouvelle vid\u00e9o de l\u2019ACTRM sur l\u2019approche NOD.\nPr\u00e9parez un affichage dans l\u2019entr\u00e9e de votre milieu de travail, sur un comptoir ou \u00e0 d\u2019autres endroits strat\u00e9giques afin de faciliter l\u2019acc\u00e8s \u00e0 l\u2019information sur la profession et les TRM. Utilisez les affiches, les \u00e9nonc\u00e9s, les signets magn\u00e9tiques et les autocollants fournis par l\u2019ACTRM pour aider \u00e0 attirer l\u2019attention. Personnalisez le tout en incluant des renseignements sur les TRM de votre \u00e9tablissement! Demandez si un centre commercial local vous permettrait de monter un affichage pendant une fin de semaine, afin d\u2019\u00e9largir la possibilit\u00e9 d\u2019informer le public de la c\u00e9l\u00e9bration de votre semaine des TRM.\nPeu importe o\u00f9 vous installez votre pr\u00e9sentation graphique, essayez qu\u2019une personne soit disponible pour r\u00e9pondre aux questions et interagir avec le public, peut-\u00eatre \u00e0 l\u2019heure du lunch.<\/p>\n<h4>Anecdotes de succ\u00e8s avec les pr\u00e9sentations graphiques<\/h4>\n<p>L\u2019OTIMRO a cr\u00e9\u00e9 des napperons qui bordaient les plateaux caf\u00e9t\u00e9ria de l\u2019h\u00f4pital le 8 Novembre.<\/p>\t\t<\/div>\t<\/div><\/div>\n<div class=\"dt-sc-toggle-frame\">\t<h5 class='dt-sc-toggle'><a href='#'>Pr\u00e9senter une s\u00e9ance d\u2019\u00e9ducation<\/a><\/h5>\t<div class=\"dt-sc-toggle-content\" style=\"display: none;\">\t\t<div class=\"block\"><p>Organisez de courts expos\u00e9s \u00e0 l\u2019heure du lunch dans votre milieu de travail \u00e0 l\u2019intention des fournisseurs de soins de sant\u00e9 et du grand public afin d\u2019accro\u00eetre la visibilit\u00e9 de la profession. Ou pr\u00e9sentez une s\u00e9ance d\u2019information au petit d\u00e9jeuner pour lancer la semaine des TRM et invitez d\u2019autres services ou coll\u00e8gues \u00e0 y participer. Mettez en \u00e9vidence des sujets propres \u00e0 votre \u00e9tablissement. C\u2019est une occasion de parler d\u2019une collaboration interprofessionnelle fructueuse \u00e0 un projet, de souligner une innovation ou une nouvelle m\u00e9thode dans votre milieu de travail, d\u2019offrir des conseils \u00e9ducatifs ou de pr\u00e9senter un aper\u00e7u de la recherche en cours. Ces s\u00e9ances peuvent devenir une tribune pour \u00e9changer des id\u00e9es avec vos coll\u00e8gues et motiver le personnel \u00e0 continuer de progresser professionnellement.<\/p>\n<p>Planification de conseils : une fois que vous avez une id\u00e9e du type de s\u00e9ance que vous souhaitez organiser, pr\u00e9parez un ordre du jour et invitez le(s) conf\u00e9rencier(s) \u00e0 l\u2019avance. R\u00e9servez le lieu de la rencontre et obtenez des rafra\u00eechissements, s\u2019il y a lieu. Assurez-vous de transmettre le message en envoyant un courriel de rappel, en inscrivant la date sur le calendrier du personnel et en affichant des avis dans votre milieu de travail. Commencez la s\u00e9ance en souhaitant la bienvenue aux participants et en pr\u00e9sentant le conf\u00e9rencier.<\/p>\n<h4>Anecdotes de succ\u00e8s en \u00e9ducation<\/h4>\n<p><em>\u00ab\u00a0La section du sud de l\u2019Alberta de l\u2019ACMDTT a lanc\u00e9 les c\u00e9l\u00e9brations de la Semaine des TRM en tenant une journ\u00e9e ax\u00e9e sur l\u2019\u00e9ducation! Des conf\u00e9renciers d\u00e9vou\u00e9s et bien renseign\u00e9s ont mis l\u2019accent sur le r\u00f4le jou\u00e9 par les TRM \u00e0 titre de membres \u00e0 part enti\u00e8re de l\u2019\u00e9quipe de soins de sant\u00e9. Le th\u00e8me de L\u2019imagerie au c\u0153ur de la sant\u00e9 \u00e9tait partout, sur les banni\u00e8res, les affiches et m\u00eame les petits g\u00e2teaux!! C\u2019\u00e9tait un excellent d\u00e9part pour une semaine compl\u00e8te de publicit\u00e9 pour notre profession.\u00a0\u00bb<\/em><\/p>\n<p><em>\u00ab\u00a0Pour une quatri\u00e8me ann\u00e9e cons\u00e9cutive, la Semaine des TRM a \u00e9t\u00e9 c\u00e9l\u00e9br\u00e9e de belle fa\u00e7on par le College of the North Atlantic Qatar (CNAQ). Cette ann\u00e9e est particuli\u00e8rement sp\u00e9ciale, parce que le programme de Radiographie m\u00e9dicale de l\u2019\u00c9cole des sciences de la sant\u00e9 a accueilli deux invit\u00e9es canadiennes \u2013 Connie Krajewski et Denise Carraretto, de l\u2019H\u00f4pital pour enfants de Toronto. Denise et Connie ont fait une pr\u00e9sentation tr\u00e8s appr\u00e9ci\u00e9e sur les pathologies p\u00e9diatriques et offert des trucs et des conseils sur les meilleures techniques d\u2019immobilisation.\u00a0\u00bb<\/em><\/p>\t\t<\/div>\t<\/div><\/div>\n<div class=\"dt-sc-toggle-frame\">\t<h5 class='dt-sc-toggle'><a href='#'>\u00c9ducation communautaire<\/a><\/h5>\t<div class=\"dt-sc-toggle-content\" style=\"display: none;\">\t\t<div class=\"block\"><p>Envisagez de communiquer avec les \u00e9coles secondaires de votre r\u00e9gion afin de vous informer des occasions de sensibiliser les \u00e9tudiants aux innombrables possibilit\u00e9s de carri\u00e8re qui s\u2019offrent \u00e0 eux en tant que technologue en radiation m\u00e9dicale.<\/p>\n<p>Incorporez le message de marque et le concept graphique de<a href=\"http:\/\/www.imageofcare.ca\/fr\/home.php\" target=\"_blank\" rel=\"noopener\"> l\u2019imagerie au c\u0153ur de la sant\u00e9 <\/a>dans votre pr\u00e9sentation. On encourage la participation \u00e0 des salons des carri\u00e8res pendant toute l\u2019ann\u00e9e et l\u2019ACTRM est heureuse de fournir des documents sur demande pour votre affichage.<\/p>\n<p>Invitez les \u00e9tudiants \u00e0 s\u2019arr\u00eater \u00e0 votre h\u00f4pital ou \u00e0 votre clinique pendant une s\u00e9ance d\u2019\u00e9ducation ou organisez une visite de votre service. Demandez aux r\u00e9cents dipl\u00f4m\u00e9s de l\u2019h\u00f4pital de raconter leurs exp\u00e9riences aux \u00e9tudiants. Acceptez toujours les invitations des \u00e9coles ou des cliniques d\u2019emploi afin de les entretenir en personne ou par \u00e9crit sur ce que vous faites. Les gens veulent entendre ce que vous avez \u00e0 dire sur des sujets li\u00e9s \u00e0 la technologie de la radiation m\u00e9dicale.<\/p>\n<h4>Anecdotes de succ\u00e8s en \u00e9ducation communautaire<\/h4>\n<p><em>\u00ab\u00a0J\u2019ai apport\u00e9 mon n\u00e9gatoscope, certaines radiographies et une trousse d\u2019enseignement (jointe \u00e0 des renseignements de l\u2019ACTRM, dont le DVD) et je me suis rendu aux \u00e9coles locales pour y pr\u00e9senter un expos\u00e9 sur la profession. Je me suis adress\u00e9 \u00e0 des \u00e9l\u00e8ves de l\u2019\u00e9l\u00e9mentaire (7e et 8e ann\u00e9es) et du secondaire. La m\u00eame semaine je me suis adress\u00e9 aux \u00e9l\u00e8ves anglophones du secondaire dans le cadre d\u2019une journ\u00e9e d\u2019orientation et un journaliste m\u2019a photographi\u00e9 et a publi\u00e9 un article dans le journal local.\u00a0\u00bb<\/em><\/p>\n<p>L\u2019ACTRM et l\u2019OAMRS ont pr\u00e9sent\u00e9 un affichage \u00e0 la Canadian Undergraduate Conference on Health Care, visant \u00e0 promouvoir les carri\u00e8res en technologie de radiation m\u00e9dicale \u00e0 plus de 300 \u00e9tudiants d\u2019universit\u00e9s qui planifient un avenir en soins de sant\u00e9.<\/p>\t\t<\/div>\t<\/div><\/div>\n<div class=\"dt-sc-toggle-frame\">\t<h5 class='dt-sc-toggle'><a href='#'>Relations m\u00e9dias<\/a><\/h5>\t<div class=\"dt-sc-toggle-content\" style=\"display: none;\">\t\t<div class=\"block\"><p>Communiquer avec les m\u00e9dias est une fa\u00e7on tr\u00e8s efficace de diffuser les messages de la Semaine des TRM aupr\u00e8s du grand public.<\/p>\n<p>En r\u00e9digeant un communiqu\u00e9 de presse (vous pouvez personnaliser l\u2019exemple donn\u00e9 ici ou cr\u00e9er votre propre communiqu\u00e9); n\u2019oubliez pas que les professionnels des m\u00e9dias veulent savoir que leurs articles ont une incidence sur l\u2019ensemble de la collectivit\u00e9. Pensez \u00e0 des points de vue qui rendront l\u2019article actuel et int\u00e9ressant pour un public local. Essayez d\u2019inclure une histoire personnelle de r\u00e9alisation d\u2019un membre du personnel et dressez une liste des noms et des titres de chaque membre du personnel afin de reconna\u00eetre encore davantage le niveau d\u2019\u00e9ducation et de professionnalisme requis dans ce domaine.<\/p>\n<p><a href=\"https:\/\/camrt.ca\/wp-content\/uploads\/2015\/09\/MRTWeek_NewsReleaseTemplate_2015_FR.doc\">mod\u00e8le de communiqu\u00e9 de presse personnalisable<\/a><\/p>\n<p>Assurez-vous d\u2019avoir choisi des porte-parole appropri\u00e9s qui consentent \u00e0 \u00eatre interview\u00e9s, au cas o\u00f9 on vous le demande. Si vous organisez une activit\u00e9 \u00e9ducative, une c\u00e9r\u00e9monie de remise de prix ou si vous participez \u00e0 une collecte de fonds, invitez votre m\u00e9dia \u00e0 y assister.<\/p>\n<h4>Conseils pour faire en sorte que vos articles soient publi\u00e9s<\/h4>\n<ul class='dt-sc-fancy-list   rounded-arrow'>\n<li>Dressez une liste des m\u00e9dias locaux et trouvez qui couvre les nouvelles m\u00e9dicales et les nouvelles locales. Dans la mesure du possible, essayez de trouver des personnes ressources pr\u00e9cises, plut\u00f4t que des num\u00e9ros de t\u00e9l\u00e9phone de services \u2013de bonnes relations avec les m\u00e9dias reposent sur les liens qu\u2019on entretient avec eux.<\/li>\n<li>Les journaux ou les stations ont-ils un programme communautaire? Un \u00e9ch\u00e9ancier? Envoyez les dates de la semaine des TRM!<\/li>\n<li>Rappelez-vous qu\u2019un communiqu\u00e9 de presse n\u2019est pas une publicit\u00e9, mais un avis aux m\u00e9dias sur votre \u00e9v\u00e9nement. Limitez-le \u00e0 une seule page et expliquez-y le fondement de l\u2019\u00e9v\u00e9nement.<\/li>\n<li>Une personne de votre \u00e9tablissement doit \u00eatre nomm\u00e9e comme principale personne-ressources. Il s\u2019agit de la premi\u00e8re personne avec laquelle tout m\u00e9dia entrera en communication relativement \u00e0 cet \u00e9v\u00e9nement et elle doit donc \u00eatre disponible pendant les heures de bureau.<\/li>\n<li>Envoyez votre communiqu\u00e9 de presse \u00e0 votre liste de m\u00e9dias quatre \u00e0 six semaines avant l\u2019\u00e9v\u00e9nement, Deux jours apr\u00e8s l\u2019envoi du communiqu\u00e9, faites un suivi t\u00e9l\u00e9phonique aupr\u00e8s de vos personnes-ressources pour vous assurer qu\u2019elles l\u2019ont re\u00e7u. Assurez-vous que la personne qui fait le suivi peut r\u00e9pondre \u00e0 des questions et exposer son point de vue sur les raisons qui rendent cet \u00e9v\u00e9nement unique et digne de mention.<\/li>\n<li>Envoyez le communiqu\u00e9 de presse de nouveau une semaine avant l\u2019\u00e9v\u00e9nement.<\/li>\n<\/ul>\n<h4>Anecdotes de succ\u00e8s en communication avec les m\u00e9dias<\/h4>\n<p>La NLAMRT a publi\u00e9 une pleine page dans l\u2019Evening Telegram faisant conna\u00eetre les TRM partout \u00e0 Terre-Neuve et au Labrador afin de souligner le travail qu\u2019ils accomplissent dans diverses disciplines.<\/p>\t\t<\/div>\t<\/div><\/div>\n<div class=\"dt-sc-toggle-frame\">\t<h5 class='dt-sc-toggle'><a href='#'>Message d\u2019int\u00e9r\u00eat public<\/a><\/h5>\t<div class=\"dt-sc-toggle-content\" style=\"display: none;\">\t\t<div class=\"block\"><p>Augmentez l\u2019exposition aux m\u00e9dias en distribuant une version r\u00e9gionalis\u00e9e du communiqu\u00e9 de presse sur la semaine des TRM et du message d\u2019int\u00e9r\u00eat public \u00e0 l\u2019interne, de m\u00eame qu\u2019\u00e0 vos personnes-ressources professionnelles et aux m\u00e9dias locaux. S\u2019il existe une station de radio ou de t\u00e9l\u00e9vision dans votre r\u00e9gion, ajoutez-les \u00e0 votre liste. Elles sont toujours \u00e0 la recherche de reportages.<\/p>\n<p>Rappelez-vous que les faits peuvent \u00eatre impersonnels. Les messages convaincants sur la fa\u00e7on dont les TRM touchent les gens dans la collectivit\u00e9 locale sont tr\u00e8s puissants. Si vous vous servez du communiqu\u00e9 de presse ou du message d\u2019int\u00e9r\u00eat public, assurez-vous de le personnaliser. Trouvez un example <strong><a href=\"https:\/\/camrt.ca\/wp-content\/uploads\/2015\/10\/PSA-_2017_FR.doc\">ICI<\/a><\/strong>.<\/p>\n<h4>Conseils pour vous aider \u00e0 livrer votre message d\u2019int\u00e9r\u00eat public aux m\u00e9dias locaux<\/h4>\n<ul class='dt-sc-fancy-list   rounded-arrow'>\n<li>Demandez \u00e0 parler au directeur des services publics ou \u00e0 celui des affaires communautaires.<\/li>\n<li>Dans le cas de la t\u00e9l\u00e9, demandez quel format il leur faut pour des messages d\u2019int\u00e9r\u00eat public. Vous devez aussi demander \u00e0 qui vous devez adresser ce message.<\/li>\n<li>Quelques jours avant le d\u00e9but de la semaine des TRM, faites un suivi afin de discuter de la possibilit\u00e9 d\u2019une entrevue au cours de la semaine des TRM.<\/li>\n<li>Surveillez le journal, la station de radio ou de t\u00e9l\u00e9vision de votre localit\u00e9 afin de v\u00e9rifier si votre message d\u2019int\u00e9r\u00eat public y para\u00eet.<\/li>\n<li>Dans l\u2019affirmative, appelez-les ou \u00e9crivez-leur pour les remercier.<\/li>\n<\/ul>\n<p>Rappelez-vous que les m\u00e9dias re\u00e7oivent des douzaines de sujets qui sont tous importants pour les organisations rivalisant pour obtenir temps et espace. Faites preuve de professionnalisme et de rigueur dans votre approche et respectez le temps des medias. Int\u00e9grez-les \u00e0 la semaine des TRM et vous aurez une bonne chance d\u2019obtenir une couverture.<\/p>\n<h4>Anecdotes de succ\u00e8s en messages d\u2019int\u00e9r\u00eat public<\/h4>\n<p>Le 8 novembre (l\u2019anniversaire de la d\u00e9couverte de la radiographie) 2011, Gord Allan, membre de l\u2019ACTRM a organis\u00e9 une apparition \u00e0 RogersTV \u00e0 Londres, Ontario pour discuter la semaine des TRM et comment ils allaient c\u00e9l\u00e9brer \u00e0 Fanshawe College.<\/p>\t\t<\/div>\t<\/div><\/div>\n<div class=\"dt-sc-toggle-frame\">\t<h5 class='dt-sc-toggle'><a href='#'>Obtenir une proclamation officielle du maire<\/a><\/h5>\t<div class=\"dt-sc-toggle-content\" style=\"display: none;\">\t\t<div class=\"block\"><p>Voici une id\u00e9e : demandez une proclamation officielle du maire de votre ville et obtenez une sensibilisation encore plus grande \u00e0 la profession et aux technologues et \u00e0 leur incidence sur la collectivit\u00e9.<\/p>\t\t<\/div>\t<\/div><\/div>\n<div class=\"dt-sc-toggle-frame\">\t<h5 class='dt-sc-toggle'><a href='#'>Organiser une collecte de fonds et s\u2019engager dans la collectivit\u00e9<\/a><\/h5>\t<div class=\"dt-sc-toggle-content\" style=\"display: none;\">\t\t<div class=\"block\"><p>La participation des TRM aux collectes de fonds ou aux activit\u00e9s communautaires pendant la semaine des TRM, ou en tout temps, est une tr\u00e8s bonne fa\u00e7on de promouvoir le travail d\u2019\u00e9quipe et d\u2019obtenir de la visibilit\u00e9 et d\u2019am\u00e9liorer la r\u00e9putation de votre profession et de votre milieu de travail. Pensez \u00e0 mettre sur pied une \u00e9quipe de TRM pour des \u00e9v\u00e9nements tels que La course \u00e0 la vie, les courses de bateaux-dragons, le Relais pour la vie, afin de faire preuve de leadership communautaire et d\u2019engage- ment \u00e0 l\u2019\u00e9gard des soins de sant\u00e9 qui est tellement propre \u00e0 la profession de technologue en radiation m\u00e9dicale. La coll\u00e9gialit\u00e9 et la camaraderie de ces \u00e9v\u00e9nements donnent souvent lieu \u00e0 des \u00ab p\u00e9riodes propices \u00e0 l\u2019apprentissage \u00bb au cours desquelles vous aurez l\u2019occasion de parler avec fiert\u00e9 de votre \u00e9quipe et de votre profession \u00e0 d\u2019autres participants La participation, le cas \u00e9ch\u00e9ant, \u00e0 des \u00e9v\u00e9nements en tant qu\u2019\u00e9quipe de TRM perp\u00e9tue l\u2019esprit de la semaine des TRM toute l\u2019ann\u00e9e durant.<\/p>\n<h4>Anecdotes de succ\u00e8s en engagement communautaire<\/h4>\n<p><em>\u00ab\u00a0Pendant la semaine de l\u2019imagerie m\u00e9dicale en 2008, aux Bermudes, une station de radio locale a diffus\u00e9 des entrevues quotidiennes avec des professionnels de l\u2019imagerie m\u00e9dicale portant sur certains tests, pour qu\u2019\u00e0 la fin de la semaine, le public ait une meilleure id\u00e9e de ce \u00e0 quoi s\u2019attendre durant ces examens.\u00a0\u00bb<\/em><\/p>\n<p><em>\u00ab\u00a0Notre \u00e9quipe de TRM de l\u2019Upper River Valley Hospital de Waterville, au Nouveau-Brunswick, a fait confectionner des t-shirts pour la Semaine des TRM. Ils ont suscit\u00e9 beaucoup d\u2019int\u00e9r\u00eat dans l\u2019h\u00f4pital, notamment aupr\u00e8s des patients et des autres employ\u00e9s.\u00a0\u00bb<\/em><\/p>\n<p>Le Centre Abbotsford de la BC Cancer Agency a c\u00e9l\u00e9br\u00e9 la Semaine des TRM en organisant deux jeux-questionnaires \u2013 La roue de fortune et le Guerre des clans \u2013 pour l\u2019ensemble des radioth\u00e9rapeutes, oncologues, infirmi\u00e8res et physiciens m\u00e9dicaux de l\u2019\u00e9tablissement. Les th\u00e8mes des jeux \u00e9taient tous ax\u00e9s sur la TRM et le slogan L\u2019imagerie au c\u0153ur de la sant\u00e9 \u00e9tait pr\u00e9sent partout o\u00f9 c\u2019\u00e9tait possible.<\/p>\n<p>Au Centre de sant\u00e9 r\u00e9gional de Thunder Bay, nous avons organis\u00e9 un jeu-questionnaire <em>\u00ab\u00a0Are you smarter than an X-ray student\u00a0\u00bb<\/em> durant la pause du d\u00eener.<\/p>\t\t<\/div>\t<\/div><\/div>\n<p>&nbsp;<\/p>\n<p>Quoi que vous choisissiez de faire, n\u2019oubliez pas de nous envoyer des photos avec le mot-clic <strong>#MRTWeek2018<\/strong> pour qu\u2019elles soient publi\u00e9es dans le num\u00e9ro d\u2019hiver des Nouvelles de l\u2019ACTRM!<br \/>\nVous pouvez aussi envoyer vos photos de la Semaine des TRM \u00e0 Jessica McGregor (<a href=\"mailto:jmcgregor@camrt.ca\">jmcgregor@camrt.ca<\/a>).<\/p>\n<p><a href=\"https:\/\/camrt.wpenginepowered.com\/fr\/?p=7728\">Promouvoir la profession de TRM<\/a><\/p>\n<p><a href=\"https:\/\/camrt.wpenginepowered.com\/fr\/?p=7740\">C\u00e9l\u00e9brer la contribution des TRM<\/a><\/p>\n","protected":false},"excerpt":{"rendered":"<p>Durant la planification, songez \u00e0 des activit\u00e9s qui combinent c\u00e9l\u00e9brations et \u00e9ducation. Il existe tellement de fa\u00e7ons efficaces et engageantes de profiter de la Semaine des TRM. Utilisez des pr\u00e9sentations visuelles color\u00e9es avec les affiches et les cadeaux publicitaires de la Semaine des TRM pour \u00e9duquer vos pairs et les patients dans votre milieu de [&hellip;]<\/p>\n","protected":false},"author":30,"featured_media":0,"parent":7726,"menu_order":0,"comment_status":"closed","ping_status":"closed","template":"","meta":{"_monsterinsights_skip_tracking":false,"_monsterinsights_sitenote_active":false,"_monsterinsights_sitenote_note":"","_monsterinsights_sitenote_category":0,"footnotes":""},"class_list":["post-7744","page","type-page","status-publish","hentry"],"_links":{"self":[{"href":"https:\/\/camrt.ca\/fr\/wp-json\/wp\/v2\/pages\/7744","targetHints":{"allow":["GET"]}}],"collection":[{"href":"https:\/\/camrt.ca\/fr\/wp-json\/wp\/v2\/pages"}],"about":[{"href":"https:\/\/camrt.ca\/fr\/wp-json\/wp\/v2\/types\/page"}],"author":[{"embeddable":true,"href":"https:\/\/camrt.ca\/fr\/wp-json\/wp\/v2\/users\/30"}],"replies":[{"embeddable":true,"href":"https:\/\/camrt.ca\/fr\/wp-json\/wp\/v2\/comments?post=7744"}],"version-history":[{"count":0,"href":"https:\/\/camrt.ca\/fr\/wp-json\/wp\/v2\/pages\/7744\/revisions"}],"up":[{"embeddable":true,"href":"https:\/\/camrt.ca\/fr\/wp-json\/wp\/v2\/pages\/7726"}],"wp:attachment":[{"href":"https:\/\/camrt.ca\/fr\/wp-json\/wp\/v2\/media?parent=7744"}],"curies":[{"name":"wp","href":"https:\/\/api.w.org\/{rel}","templated":true}]}}