{"id":7740,"date":"2015-10-26T10:55:07","date_gmt":"2015-10-26T14:55:07","guid":{"rendered":"https:\/\/camrt.wpenginepowered.com\/fr\/?page_id=7740"},"modified":"2015-10-26T10:55:07","modified_gmt":"2015-10-26T14:55:07","slug":"celebrer-la-contribution-des-trm","status":"publish","type":"page","link":"https:\/\/camrt.ca\/fr\/evenements\/la-semaine-des-trm\/le-guide-de-la-semaine-des-trm\/celebrer-la-contribution-des-trm\/","title":{"rendered":"C\u00e9l\u00e9brer la contribution des TRM"},"content":{"rendered":"<p>La Semaine des TRM est l\u2019occasion de vous c\u00e9l\u00e9brer, vous les professionnels qui travaillez sans rel\u00e2che pour offrir aux patients les avantages d\u2019une technologie de pointe avec des soins attentionn\u00e9s. La reconnaissance des r\u00e9alisations de vos coll\u00e8gues est une fa\u00e7on formidable de remonter le moral dans votre milieu de travail et d\u2019encourager le professionnalisme.<\/p>\n<p>&nbsp;<\/p>\n<h4>Reconna\u00eetre vos coll\u00e8gues<\/h4>\n<p>La semaine des TRM est une occasion de reconna\u00eetre les r\u00e9alisations du personnel \u2013 tirez parti des occasions d\u2019inclure des d\u00e9tails sur le personnel dans vos affichages de renseignements. Cela peut vous aider \u00e0 cr\u00e9er un lien significatif entre les TRM et leurs patients. Faites conna\u00eetre aux gens l\u2019expertise de votre \u00e9tablissement et les r\u00f4les essentiels que les TRM jouent dans le secteur des soins de sant\u00e9.<\/p>\n<p>Incitez votre superviseur \u00e0 mettre sur pied un programme de reconnaissance mensuel dans le cadre duquel un technologue ou un th\u00e9rapeute m\u00e9ritoire voit ses contributions et sa photo affich\u00e9es dans une aire commune. Ou encore, demandez \u00e0 un technologue de votre \u00e9tablissement de vous relater ses exp\u00e9riences personnelles en tant que TRM. Partagez-les par le biais de bulletins de l\u2019association ou de l\u2019h\u00f4pital, de m\u00e9dias sociaux, de journaux locaux ou \u00e0 l\u2019occasion de r\u00e9unions du personnel.<\/p>\n<p>&nbsp;<\/p>\n<h4>Cas de r\u00e9ussite des c\u00e9l\u00e9brations ant\u00e9rieures<\/h4>\n<p><em>\u00ab Notre chef de la direction a transmis une note de service \u00e0 tous les membres du personnel leur rappelant que la semaine des TRM avait lieu du 8 au 14\u00a0novembre 2009 et reconnaissant le r\u00f4le que nous jouons en tant que membre de l\u2019\u00e9quipe des soins de sant\u00e9 et nous remerciant de notre d\u00e9vouement \u00e0 l\u2019\u00e9gard de l\u2019h\u00f4pital et des patients que nous servons. \u00bb<\/em><\/p>\n<p><em>\u00ab\u00a0La semaine des TRM est une occasion id\u00e9ale pour \u00e9tablir un esprit communautaire au sein de notre service, de m\u00eame que pour d\u00e9montrer notre appr\u00e9ciation au personnel. Pendant toute cette semaine nous avons c\u00e9l\u00e9br\u00e9 en d\u00e9gustant du g\u00e2teau, savour\u00e9 un th\u00e9 fourni par nos secr\u00e9taires, nos r\u00e9ceptionnistes et nos coll\u00e8gues infirmi\u00e8res et nous avons termin\u00e9 la semaine avec un d\u00e9jeuner parrain\u00e9 par nos radio-oncologues.\u00a0\u00bb<\/em><\/p>\n<p>&nbsp;<\/p>\n<p>Quoi que vous choisissiez de faire, n\u2019oubliez pas de nous envoyer des photos avec le mot-clic <strong>#MRTWeek2018<\/strong>\u00a0pour qu\u2019elles soient publi\u00e9es dans le num\u00e9ro d\u2019hiver des Nouvelles de l\u2019ACTRM!<\/p>\n<p>Vous pouvez aussi envoyer vos photos de la Semaine des TRM \u00e0 Jessica McGregor (<a href=\"mailto:jmcgregor@camrt.ca\" target=\"_blank\" rel=\"noopener\">jmcgregor@camrt.ca<\/a>).<\/p>\n<p>&nbsp;<\/p>\n<p><a href=\"https:\/\/camrt.wpenginepowered.com\/fr\/?p=7728\">Promouvoir la profession de TRM<\/a><\/p>\n<p><a href=\"https:\/\/camrt.wpenginepowered.com\/fr\/?p=7744\">Fa\u00e7ons de promouvoir et de c\u00e9l\u00e9brer la profession<\/a><\/p>\n<p>&nbsp;<\/p>\n","protected":false},"excerpt":{"rendered":"<p>La Semaine des TRM est l\u2019occasion de vous c\u00e9l\u00e9brer, vous les professionnels qui travaillez sans rel\u00e2che pour offrir aux patients les avantages d\u2019une technologie de pointe avec des soins attentionn\u00e9s. [&hellip;]<\/p>\n","protected":false},"author":30,"featured_media":0,"parent":7726,"menu_order":0,"comment_status":"closed","ping_status":"closed","template":"","meta":{"_monsterinsights_skip_tracking":false,"_monsterinsights_sitenote_active":false,"_monsterinsights_sitenote_note":"","_monsterinsights_sitenote_category":0,"footnotes":""},"class_list":["post-7740","page","type-page","status-publish","hentry"],"_links":{"self":[{"href":"https:\/\/camrt.ca\/fr\/wp-json\/wp\/v2\/pages\/7740","targetHints":{"allow":["GET"]}}],"collection":[{"href":"https:\/\/camrt.ca\/fr\/wp-json\/wp\/v2\/pages"}],"about":[{"href":"https:\/\/camrt.ca\/fr\/wp-json\/wp\/v2\/types\/page"}],"author":[{"embeddable":true,"href":"https:\/\/camrt.ca\/fr\/wp-json\/wp\/v2\/users\/30"}],"replies":[{"embeddable":true,"href":"https:\/\/camrt.ca\/fr\/wp-json\/wp\/v2\/comments?post=7740"}],"version-history":[{"count":0,"href":"https:\/\/camrt.ca\/fr\/wp-json\/wp\/v2\/pages\/7740\/revisions"}],"up":[{"embeddable":true,"href":"https:\/\/camrt.ca\/fr\/wp-json\/wp\/v2\/pages\/7726"}],"wp:attachment":[{"href":"https:\/\/camrt.ca\/fr\/wp-json\/wp\/v2\/media?parent=7740"}],"curies":[{"name":"wp","href":"https:\/\/api.w.org\/{rel}","templated":true}]}}