{"id":7728,"date":"2015-10-23T17:05:43","date_gmt":"2015-10-23T21:05:43","guid":{"rendered":"https:\/\/camrt.wpenginepowered.com\/fr\/?page_id=7728"},"modified":"2015-10-23T17:05:43","modified_gmt":"2015-10-23T21:05:43","slug":"promouvoir-la-profession-de-trm","status":"publish","type":"page","link":"https:\/\/camrt.ca\/fr\/evenements\/la-semaine-des-trm\/le-guide-de-la-semaine-des-trm\/promouvoir-la-profession-de-trm\/","title":{"rendered":"Promouvoir la profession de TRM"},"content":{"rendered":"<p>Selon un sondage r\u00e9cent Harris-Decima command\u00e9 par l\u2019Association canadienne des technologues en radiation m\u00e9dicale (ACTRM), presque le tiers des Canadiens interrog\u00e9s ont indiqu\u00e9 qu\u2019ils avaient subi une proc\u00e9dure d\u2019imagerie m\u00e9dicale ou une radioth\u00e9rapie pour traiter un cancer ou une autre maladie au cours des six derniers mois. Du coup, les sondages indiquent aussi que les patients des services d\u2019imagerie et de radioth\u00e9rapie sont satisfaits des soins qui leurs sont donn\u00e9es par les TRM.<\/p>\n<p>Il y a cependant une lacune pour la profession de TRM\u00a0: seulement un faible pourcentage de Canadiens pouvait d\u00e9terminer correctement le groupe des fournisseurs de soins de sant\u00e9 qui avait offert ce service. Cette recherche indique que la plupart des Canadiens pr\u00e9sument \u00e0 tort que les TRM sont des infirmiers, infirmi\u00e8res, m\u00e9decins ou techniciens ou techniciennes de laboratoire. Ils ne comprennent pas qui donne ces services ou le r\u00f4le des TRM au sein du syst\u00e8me de soins de sant\u00e9.<\/p>\n<p>L\u2019engagement des gens par l\u2019entremise de la campagne <a href=\"http:\/\/www.imageofcare.ca\/fr\/home.php\" target=\"_blank\" rel=\"noopener\">L\u2019imagerie au c\u0153ur de la sant\u00e9<\/a> a permis de voir que l\u2019\u00e9ducation et la promotion de la profession fonctionnent. Le degr\u00e9 \u00e9lev\u00e9 de visibilit\u00e9 et de contacts avec les patients durant la Semaine des TRM offrent une occasion parfaite de discuter de la profession avec les patients.<\/p>\n<div class=\"dt-sc-toggle-frame\"><h5 class='dt-sc-toggle'><a href='#'>Devenir un champion de la marque<\/a><\/h5><div class=\"dt-sc-toggle-content\" style=\"display: none;\"><div class=\"block\"><p>Servez-vous des outils promotionnels fournis par l\u2019ACTRM pour lancer la conversation et \u00e9duquer les patients \u00e0 propos du lien essentiel que constituent les TRM entre la technologie et les soins\u00a0:<ul class='dt-sc-fancy-list   rounded-arrow'>\n<li>offrez-leur les \u00e9nonc\u00e9s et expliquez-leur qui sont les TRM\u2026ce qu\u2019ils font\u2026les diff\u00e9rents domaines dans lesquels ils travaillent, renseignez-les sur les services essentiels qu\u2019ils offrent en mati\u00e8re de soins de sant\u00e9. Les \u00e9nonc\u00e9s et le calendrier sont con\u00e7us pour servir d\u2019article pratique \u00e0 remettre qui expliquent bri\u00e8vement les r\u00f4les de chaque discipline.<\/li>\n<li>Utilisez les outils visuels de la Semaine des TRM (affiches, affichettes de table) comme aides visuels dans vos discussions<\/li>\n<li>Si votre milieu de travail dispose d\u2019un moniteur, faites jouer la vid\u00e9o sur l\u2019approche NOD dans votre salle d\u2019attente tout au long de la semaine. La vid\u00e9o explique \u00e9galement les notions de base des diff\u00e9rentes disciplines, d\u2019une fa\u00e7on tr\u00e8s int\u00e9ressante. Vous pouvez l\u2019utiliser pour amorcer une conversation &#8211; demandez aux patient s\u2019ils ont des questions sur les renseignements fournis.<\/li>\n<li>Organisez une activit\u00e9 amusante sur le th\u00e8me de la Semaine des TRM \u2013 par exemple, un jeu questionnaire, une chasse au tr\u00e9sor, etc.).<\/li>\n<li>Dirigez-les \u00e0 toute promotion publique locale relative \u00e0 la semaine des TRM, comme des articles de journaux, une autre couverture m\u00e9diatique, des proclamations du gouvernement, etc.<\/li>\n<li>Utilisez le site Web <a href=\"http:\/\/www.imageofcare.ca\/fr\/home.php\" target=\"_blank\" rel=\"noopener\">L\u2019imagerie au c\u0153ur de votre sant\u00e9<\/a> pour vous aider \u00e0 r\u00e9pondre aux questions des patients. En plus d\u2019une description des diff\u00e9rentes disciplines, il contient des sections pratiques sur les questions des patients et une foire aux questions sur la profession.<\/li>\n<li>Rappelez-vous la promesse de marque de L\u2019imagerie au c\u0153ur de la sant\u00e9\u00a0: <em>nous constituons un lien essentiel entre les patients et les soins de sant\u00e9, en ma\u00eetrisant la technologie et l\u2019art qui permettent de fournir des images diagnostiques et des traitements de radioth\u00e9rapie de pointe. Nous effectuons notre travail avec confiance, expertise, pr\u00e9cision et professionnalisme. Parce que nous accompagnons les patients \u00e0 des moments souvent \u00e9motifs, nous les \u00e9coutons et travaillons pour eux en plus d\u2019offrir notre expertise technologique. Nous sommes le lien humain entre une technologie innovatrice et l\u2019efficacit\u00e9 du diagnostique et du traitement par rayonnement.<\/em><\/li>\n<\/ul>\n<p>&nbsp;<\/p>\n<p>Vous pouvez amorcer une conversation simplement en disant \u00ab Saviez-vous que\u2026\u00bb\u2014ne soyez pas timide! Et n\u2019oubliez pas de les remercier de leur attention et de leur int\u00e9r\u00eat.<\/p>\n<p>&nbsp;<\/p>\n<h4>Succ\u00e8s en tant que champion de la marque<\/h4>\n<p>\u00ab <em>Nous avons pass\u00e9 des heures \u00e0 trouver des tr\u00e8s vieux films, \u00e0 choisir diff\u00e9rentes parties du corps pour un affichage qui changeait chaque jour. Nous avons install\u00e9 des n\u00e9gatoscopes avec des films \u00e9tiquet\u00e9s et une \u00ab Question du jour \u00bb. Nous avons eu la chance d\u2019avoir des fournisseurs du quartier qui nous ont donn\u00e9 des certificats-cadeaux que nous avons utilis\u00e9s en guise de premiers prix, puis nous avons utilis\u00e9 des stylos de la semaine des TRM et des mini-tableaux blancs comme deuxi\u00e8mes prix lorsque nous avons tir\u00e9 des noms parmi les bonnes r\u00e9ponses. L\u2019affichage a \u00e9t\u00e9 tr\u00e8s populaire aupr\u00e8s du personnel et des patients.<\/em> \u00bb<\/p><\/div><\/div><\/div>\n<div class=\"dt-sc-toggle-frame\"><h5 class='dt-sc-toggle'><a href='#'>Utilisez l&#039;approche NOD<\/a><\/h5><div class=\"dt-sc-toggle-content\" style=\"display: none;\"><div class=\"block\"><p>NOD est une approche simple, mais qui fait beaucoup.\nL\u2019approche \u00ab NOD \u00bb (nom, emploi, description) est une fa\u00e7on tr\u00e8s simple et efficace de promouvoir la profession de TRM. L\u2019une des choses que nous pouvons tous faire pour sensibiliser les gens \u00e0 notre identit\u00e9 professionnelle est d\u2019adopter l\u2019approche NOD et d\u2019utiliser notre titre dans la pr\u00e9sentation au patient \u2013 commencez en disant votre NOM, votre OCCUPATION et donnez une DESCRIPTION de votre t\u00e2che.<\/p>\n<p>&nbsp;<\/p>\n<p>La nouvelle vid\u00e9o NOD est un exemple de cette approche:<\/p>\n<p><\/p>\n<h3><\/h3>\n<h3>Histoire \u00e0 succ\u00e8s de l\u2019approche NOD<\/h3>\n<p>\u00ab\u00a0<em>Au Centre r\u00e9gional des sciences de la sant\u00e9 de Thunder Bay, les employ\u00e9s du service d\u2019imagerie diagnostique ont mis en place une approche simple appel\u00e9e NOD. On s\u2019attend d\u00e9sormais \u00e0 ce que tous les TRM utilisent l\u2019approche NOD avec tous les patients.<\/em>\u00a0\u00bb<\/p><\/div><\/div><\/div>\n<div class=\"dt-sc-toggle-frame\"><h5 class='dt-sc-toggle'><a href='#'>Promouvoir votre milieu de travail<\/a><\/h5><div class=\"dt-sc-toggle-content\" style=\"display: none;\"><div class=\"block\"><p>D\u00e9montrez que les TRM font partie d\u2019une profession distincte et hautement qualifi\u00e9e, qu\u2019ils font partie int\u00e9grante de l\u2019\u00e9quipe de soins de sant\u00e9, en \u00e9tant fiers de votre travail et de votre milieu de travail. En tant qu\u2019ambassadeur de votre profession, vous devez \u00eatre fiers de diffuser vos r\u00e9ussites! Informez les patients des mesures que prennent l\u2019h\u00f4pital et le service pour am\u00e9liorer les soins aux patients. Apr\u00e8s une r\u00e9union du personnel, dites \u00e0 vos coll\u00e8gues ce qui a \u00e9t\u00e9 accompli. Saisissez toutes les occasions de parler positivement de votre milieu de travail et de votre profession.\nOffrez d\u2019aider un \u00e9tudiant, un nouveau dipl\u00f4m\u00e9 ou un nouvel employ\u00e9 qui s\u2019adaptent \u00e0 un nouveau milieu de travail. Participez \u00e0 la c\u00e9l\u00e9bration lorsqu\u2019on reconna\u00eet les r\u00e9alisations et la promotion de vos coll\u00e8gues. Parlez de la participation communautaire de votre milieu de travail avec vos patients et encouragez la participation de ces derniers et de vos coll\u00e8gues aux activit\u00e9s de l\u2019h\u00f4pital.\nAffichez vos dipl\u00f4mes d\u2019agr\u00e9ment et de cours, le Code de d\u00e9ontologie de l\u2019ACTRM et votre certificat d\u2019adh\u00e9sion \u00e0 100 % si on en a attribu\u00e9 un \u00e0 votre \u00e9tablissement. Ces documents prouvent que vous avez accept\u00e9 votre r\u00f4le de professionnel de la sant\u00e9 respect\u00e9 et illustrent votre engagement \u00e0 l\u2019\u00e9gard des soins aux patients.<\/p><\/div><\/div><\/div>\n<p>&nbsp;<\/p>\n<p>Quoi que vous choisissiez de faire, n\u2019oubliez pas de nous envoyer des photos avec le mot-clic <strong>#MRTWeek2018<\/strong>\u00a0pour qu\u2019elles soient publi\u00e9es dans le num\u00e9ro d\u2019hiver des Nouvelles de l\u2019ACTRM!<br \/>\nVous pouvez aussi envoyer vos photos de la Semaine des TRM \u00e0 Jessica McGregor (<a href=\"mailto:jmcgregor@camrt.ca\" target=\"_blank\" rel=\"noopener\">jmcgregor@camrt.ca<\/a>).<\/p>\n<p>&nbsp;<\/p>\n<p><a href=\"https:\/\/camrt.wpenginepowered.com\/fr\/?p=7740\">C\u00e9l\u00e9brer la contribution des TRM<\/a><br \/>\n<a href=\"https:\/\/camrt.wpenginepowered.com\/fr\/?p=7744\">Fa\u00e7ons de promouvoir et de c\u00e9l\u00e9brer la profession<\/a><\/p>\n<p>&nbsp;<\/p>\n<p>&nbsp;<\/p>\n","protected":false},"excerpt":{"rendered":"<p>Selon un sondage r\u00e9cent Harris-Decima command\u00e9 par l\u2019Association canadienne des technologues en radiation m\u00e9dicale (ACTRM), presque le tiers des Canadiens interrog\u00e9s ont indiqu\u00e9 qu\u2019ils avaient subi une proc\u00e9dure d\u2019imagerie m\u00e9dicale ou une radioth\u00e9rapie pour traiter un cancer ou une autre maladie au cours des six derniers mois. Du coup, les sondages indiquent aussi que les [&hellip;]<\/p>\n","protected":false},"author":30,"featured_media":0,"parent":7726,"menu_order":0,"comment_status":"closed","ping_status":"closed","template":"","meta":{"_monsterinsights_skip_tracking":false,"_monsterinsights_sitenote_active":false,"_monsterinsights_sitenote_note":"","_monsterinsights_sitenote_category":0,"footnotes":""},"class_list":["post-7728","page","type-page","status-publish","hentry"],"_links":{"self":[{"href":"https:\/\/camrt.ca\/fr\/wp-json\/wp\/v2\/pages\/7728","targetHints":{"allow":["GET"]}}],"collection":[{"href":"https:\/\/camrt.ca\/fr\/wp-json\/wp\/v2\/pages"}],"about":[{"href":"https:\/\/camrt.ca\/fr\/wp-json\/wp\/v2\/types\/page"}],"author":[{"embeddable":true,"href":"https:\/\/camrt.ca\/fr\/wp-json\/wp\/v2\/users\/30"}],"replies":[{"embeddable":true,"href":"https:\/\/camrt.ca\/fr\/wp-json\/wp\/v2\/comments?post=7728"}],"version-history":[{"count":0,"href":"https:\/\/camrt.ca\/fr\/wp-json\/wp\/v2\/pages\/7728\/revisions"}],"up":[{"embeddable":true,"href":"https:\/\/camrt.ca\/fr\/wp-json\/wp\/v2\/pages\/7726"}],"wp:attachment":[{"href":"https:\/\/camrt.ca\/fr\/wp-json\/wp\/v2\/media?parent=7728"}],"curies":[{"name":"wp","href":"https:\/\/api.w.org\/{rel}","templated":true}]}}