{"id":7726,"date":"2015-10-26T10:29:34","date_gmt":"2015-10-26T14:29:34","guid":{"rendered":"https:\/\/camrt.wpenginepowered.com\/fr\/?page_id=7726"},"modified":"2015-10-26T10:29:34","modified_gmt":"2015-10-26T14:29:34","slug":"le-guide-de-la-semaine-des-trm","status":"publish","type":"page","link":"https:\/\/camrt.ca\/fr\/evenements\/la-semaine-des-trm\/le-guide-de-la-semaine-des-trm\/","title":{"rendered":"Le Guide de la Semaine des TRM"},"content":{"rendered":"<p><span style=\"color: #000000\"><a href=\"https:\/\/camrt.wpenginepowered.com\/fr\/evenements\/la-semaine-des-trm\/le-guide-de-la-semaine-des-trm\/13322-2\/\" target=\"_blank\" class=\"dt-sc-button   medium\">Voir comment: le guide pour la Semaine des TRM 2021<\/a><\/span><\/p>\n<p>&nbsp;<\/p>\n<p>La c\u00e9l\u00e9bration de la semaine des TRM, parrain\u00e9e par l\u2019Association canadienne des technologues en radiation m\u00e9dicale (ACTRM)\u00a0et ses organisations provinciales membres, donne l\u2019occasion aux technologues en radiation m\u00e9dicale (TRM) du Canada de d\u00e9montrer la fiert\u00e9 qu\u2019ils \u00e9prouvent \u00e0 l\u2019\u00e9gard de leur profession et de transmettre des messages importants sur le lien essentiel que les TRM constituent entre la technologie et les patients dans le syst\u00e8me de sant\u00e9.<\/p>\n<p>La semaine des TRM offre des occasions de c\u00e9l\u00e9brer et de reconna\u00eetre les r\u00e9alisations professionnelles et de sensibiliser le public et les coll\u00e8gues des soins de sant\u00e9 \u00e0 la profession de technologue en radiation m\u00e9dicale et au r\u00f4le important que les TRM jouent en imagerie m\u00e9dicale et en traitement th\u00e9rapeutique. Gr\u00e2ce \u00e0 leur pr\u00e9sentation efficace, ces messages demeureront pr\u00e9sents chez leurs coll\u00e8gues, leurs patients et le grand public longtemps apr\u00e8s la semaine des TRM.<\/p>\n<p>Durant la planification, songez \u00e0 des activit\u00e9s qui combinent c\u00e9l\u00e9brations et \u00e9ducation. Il existe tellement de fa\u00e7ons efficaces et engageantes de profiter de la Semaine des TRM. Utilisez des pr\u00e9sentations visuelles color\u00e9es avec les affiches et les cadeaux publicitaires de la Semaine des TRM pour \u00e9duquer vos pairs et les patients dans votre milieu de travail sur ce que vous faites. Prenez le temps de parler aux patients et aux professionnels de la sant\u00e9 individuellement sur la fa\u00e7on dont les TRM combinent technologie et soins. Demandez \u00e0 vos m\u00e9dias locaux s\u2019ils peuvent pr\u00e9senter la profession de technologue en radiation m\u00e9dicale dans un article de journal, dans une entrevue radiodiffus\u00e9e ou t\u00e9l\u00e9diffus\u00e9e. Demandez \u00e0 un politicien local de proclamer officiellement la semaine des TRM dans votre r\u00e9gion. Pr\u00e9sentez un expos\u00e9 \u00e0 des \u00e9tudiants portant sur les avantages d\u2019une carri\u00e8re en technologie de la radiation m\u00e9dicale.<\/p>\n<p>Les sections qui suivent pr\u00e9sentent des id\u00e9es, des trucs et des anecdotes de succ\u00e8s des ann\u00e9es pass\u00e9es pour vous aider dans votre planification\u00a0:<\/p>\n<p>&nbsp;<\/p>\n<p><a href=\"https:\/\/camrt.wpenginepowered.com\/fr\/?p=7728\">Promouvoir la profession de TRM<\/a><\/p>\n<p><a href=\"https:\/\/camrt.wpenginepowered.com\/fr\/?p=7740\">C\u00e9l\u00e9brer la contribution des TRM<\/a><\/p>\n<p><a href=\"https:\/\/camrt.wpenginepowered.com\/fr\/?p=7744\">Fa\u00e7ons de promouvoir et de c\u00e9l\u00e9brer la profession<\/a><\/p>\n","protected":false},"excerpt":{"rendered":"<p>&nbsp; La c\u00e9l\u00e9bration de la semaine des TRM, parrain\u00e9e par l\u2019Association canadienne des technologues en radiation m\u00e9dicale (ACTRM)\u00a0et ses organisations provinciales membres, donne l\u2019occasion aux technologues en radiation m\u00e9dicale (TRM) [&hellip;]<\/p>\n","protected":false},"author":30,"featured_media":0,"parent":7485,"menu_order":0,"comment_status":"closed","ping_status":"closed","template":"","meta":{"_monsterinsights_skip_tracking":false,"_monsterinsights_sitenote_active":false,"_monsterinsights_sitenote_note":"","_monsterinsights_sitenote_category":0,"footnotes":""},"class_list":["post-7726","page","type-page","status-publish","hentry"],"_links":{"self":[{"href":"https:\/\/camrt.ca\/fr\/wp-json\/wp\/v2\/pages\/7726","targetHints":{"allow":["GET"]}}],"collection":[{"href":"https:\/\/camrt.ca\/fr\/wp-json\/wp\/v2\/pages"}],"about":[{"href":"https:\/\/camrt.ca\/fr\/wp-json\/wp\/v2\/types\/page"}],"author":[{"embeddable":true,"href":"https:\/\/camrt.ca\/fr\/wp-json\/wp\/v2\/users\/30"}],"replies":[{"embeddable":true,"href":"https:\/\/camrt.ca\/fr\/wp-json\/wp\/v2\/comments?post=7726"}],"version-history":[{"count":0,"href":"https:\/\/camrt.ca\/fr\/wp-json\/wp\/v2\/pages\/7726\/revisions"}],"up":[{"embeddable":true,"href":"https:\/\/camrt.ca\/fr\/wp-json\/wp\/v2\/pages\/7485"}],"wp:attachment":[{"href":"https:\/\/camrt.ca\/fr\/wp-json\/wp\/v2\/media?parent=7726"}],"curies":[{"name":"wp","href":"https:\/\/api.w.org\/{rel}","templated":true}]}}