{"id":7626,"date":"2015-10-05T17:24:59","date_gmt":"2015-10-05T21:24:59","guid":{"rendered":"https:\/\/camrt.wpenginepowered.com\/fr\/?page_id=7626"},"modified":"2026-02-25T15:47:19","modified_gmt":"2026-02-25T20:47:19","slug":"programmation-virtuelle","status":"publish","type":"page","link":"https:\/\/camrt.ca\/fr\/perfectionnement-professionnel\/programmation-virtuelle\/","title":{"rendered":"Programmation virtuelle"},"content":{"rendered":"<p><a href=\"https:\/\/camrt.ca\/wp-content\/uploads\/2019\/05\/VP-Image-Adobe-Stock-FR.jpg\"><img loading=\"lazy\" decoding=\"async\" class=\"aligncenter size-large wp-image-12046\" src=\"https:\/\/camrt.ca\/wp-content\/uploads\/2019\/05\/VP-Image-Adobe-Stock-FR-1024x673.jpg\" alt=\"\" width=\"1024\" height=\"673\" srcset=\"https:\/\/camrt.ca\/wp-content\/uploads\/2019\/05\/VP-Image-Adobe-Stock-FR-1024x673.jpg 1024w, https:\/\/camrt.ca\/wp-content\/uploads\/2019\/05\/VP-Image-Adobe-Stock-FR-300x197.jpg 300w, https:\/\/camrt.ca\/wp-content\/uploads\/2019\/05\/VP-Image-Adobe-Stock-FR-768x505.jpg 768w, https:\/\/camrt.ca\/wp-content\/uploads\/2019\/05\/VP-Image-Adobe-Stock-FR-1536x1010.jpg 1536w, https:\/\/camrt.ca\/wp-content\/uploads\/2019\/05\/VP-Image-Adobe-Stock-FR-2048x1347.jpg 2048w\" sizes=\"auto, (max-width: 1024px) 100vw, 1024px\" \/><\/a>L\u2019ACTRM a le plaisir d\u2019offrir aux TRM une gamme de nouvelles occasions de perfectionnement professionnel continu (PPC) en ligne \u00e0 peu de frais. La programmation virtuelle est con\u00e7ue pour apporter un PPC de haute qualit\u00e9 directement \u00e0 vous, selon votre horaire. Il s&rsquo;agit de webinaires en ligne, de conf\u00e9rences enregistr\u00e9es, de cours virtuels et d\u2019autoformations rapides.<\/p>\n<div class=\"dt-sc-contact-info\"><div class='icon'><i class='fa fa-envelope'><\/i><\/div><p><a href=\"mailto:cpd@camrt.ca\">cpd@camrt.ca<\/a><\/p><\/div>\n<hr \/>\n<h2><a href=\"https:\/\/camrt.ca\/wp-content\/uploads\/2015\/06\/Coup-doeil-sur-la-pratique-website-e1507662020121.jpg\"><img loading=\"lazy\" decoding=\"async\" class=\"alignnone size-medium wp-image-7234\" src=\"\/wp-content\/uploads\/sites\/3\/2015\/06\/Coup-doeil-sur-la-pratique-website-300x76.jpg\" alt=\"Coup d'oeil sur la pratique website\" width=\"300\" height=\"76\" \/><\/a><\/h2>\n<p><strong>Webinaires \u202f:<\/strong><\/p>\n<p>Coup d\u2019\u0153il sur la pratique\u202fest une s\u00e9rie de webinaires offrant aux TRM des perceptions et de la formation sur des sujets d\u2019int\u00e9r\u00eat clinique et professionnel. Cette s\u00e9rie de webinaires met en vedette des recherches sur la TRM, les innovations de l\u2019industrie et d\u2019autres renseignements pertinents sur la pratique.\u202fGratuit pour les membres de l\u2019ACTRM!<\/p>\n<a href=\"https:\/\/camrt.my.site.com\/CPBase__store?site=a0a1a00000AMdCoAAL&#038;catalog=a0p1a000004oxfB\" target=\"_blank\" class=\"dt-sc-button   medium\">WEBINAIRES<\/a>\n<hr \/>\n<h2><strong><a href=\"https:\/\/camrt.ca\/wp-content\/uploads\/2015\/09\/Virtual_Conference_FR.jpg\"><img loading=\"lazy\" decoding=\"async\" class=\"alignnone size-medium wp-image-7472\" src=\"https:\/\/camrt.ca\/wp-content\/uploads\/2015\/09\/Virtual_Conference_FR-300x95.jpg\" alt=\"Virtual_Conference_FR\" width=\"300\" height=\"95\" srcset=\"https:\/\/camrt.ca\/wp-content\/uploads\/2015\/09\/Virtual_Conference_FR-300x95.jpg 300w, https:\/\/camrt.ca\/wp-content\/uploads\/2015\/09\/Virtual_Conference_FR-1024x325.jpg 1024w, https:\/\/camrt.ca\/wp-content\/uploads\/2015\/09\/Virtual_Conference_FR-768x244.jpg 768w, https:\/\/camrt.ca\/wp-content\/uploads\/2015\/09\/Virtual_Conference_FR-1536x488.jpg 1536w, https:\/\/camrt.ca\/wp-content\/uploads\/2015\/09\/Virtual_Conference_FR.jpg 1688w\" sizes=\"auto, (max-width: 300px) 100vw, 300px\" \/><\/a><br \/>\n<\/strong><\/h2>\n<p>La s\u00e9rie Conf\u00e9rences virtuelles est con\u00e7ue pour vous donner un acc\u00e8s direct \u00e0 un perfectionnement professionnel de grande qualit\u00e9, au moment qui vous convient. Elle rend les occasions de formation disponible \u00e0 un plus grand nombre de TRM, en \u00e9liminant les obstacles de temps et d\u2019argent qui emp\u00eachent souvent la participation.<\/p>\n<a href=\"https:\/\/camrt.my.site.com\/CPBase__store?site=a0a1a00000AMdCoAAL&#038;catalog=a0p1a000004oxew\" target=\"_blank\" class=\"dt-sc-button   medium\">CONFERENCES VIRTUELLES<\/a>\n<hr \/>\n<p><strong>La s\u00e9rie de Classes virtuelles<\/strong> est une s\u00e9rie de conf\u00e9rences interactives en ligne con\u00e7ues pour am\u00e9liorer et rafra\u00eechir les connaissances de base. Elles sont racont\u00e9es par l\u2019auteur\/trice dans la m\u00eame fa\u00e7on comme une le\u00e7on acad\u00e9mique.<\/p>\n<p><strong>\u00a0Autoformations rapides<\/strong> : Ils sont des cours en ligne autodirig\u00e9s, con\u00e7us pour \u00eatre suivis d\u00e8s que vous avez quelques heures \u00e0 consacrer \u00e0 l&rsquo;apprentissage. Ils sont con\u00e7us pour approfondir un sujet sp\u00e9cifique avec des r\u00e9sultats d&rsquo;apprentissage clairement d\u00e9finis que vous pouvez atteindre en quelques heures d&rsquo;apprentissage.<\/p>\n<p>Les conf\u00e9rences virtuelles, les autoformations rapides (et beaucoup des webinaires) valent entre 1.0-4.0 cr\u00e9dits de cat\u00e9gorie \u00ab A \u00bb et sont admissibles dans le cadre du DP de l\u2019OTIMROEPMQ.<\/p>\n<a href=\"https:\/\/camrt.my.site.com\/CPBase__store?site=a0a1a00000AMdCoAAL&#038;catalog=a0p2L0000061YDQ\" target=\"_blank\" class=\"dt-sc-button   medium\">CLASSES VIRTUELLES<\/a>\n<a href=\"https:\/\/camrt.my.site.com\/CPBase__store?site=a0a1a00000AMdCoAAL&#038;catalog=a0p1a000004ola9\" target=\"_blank\" class=\"dt-sc-button   medium\">AUTOFORMATION RAPIDES<\/a>\n<div class=\"dt-sc-toggle-frame\"><h5 class='dt-sc-toggle'><a href='#'>Comment s\u2019inscrire<\/a><\/h5><div class=\"dt-sc-toggle-content\" style=\"display: none;\"><div class=\"block\"><p>Les inscriptions sont accept\u00e9es durant toute l\u2019ann\u00e9e pour la programmation virtuelle. L\u2019inscription est accessible en ligne seulement. Pour acc\u00e9der \u00e0 cette page personnelle, le candidat doit acc\u00e9der \u00e0 la section r\u00e9serv\u00e9e aux membres du site Web de l\u2019ACTRM.<\/p>\n<p>La page personnelle de PPC du candidat contient de l\u2019information sur l\u2019inscription, un dossier complet des activit\u00e9s et r\u00e9sultats de PPC, les re\u00e7us, un registre de participation aux conf\u00e9rences.<\/p>\n<ul style=\"list-style-type: circle\">\n<li>Seul le paiement par carte Visa ou MasterCard est accept\u00e9.<\/li>\n<li>Un courriel vous sera envoy\u00e9 pour confirmer votre inscription et le paiement incluant les directives d\u2019acc\u00e9der aux mat\u00e9riels de cours.<\/li>\n<li>Les re\u00e7us sont accessibles en ligne. Pour obtenir un re\u00e7u :\n<ul style=\"list-style-type: disc\">\n<li>Allez sur votre\u202fpage personnelle<\/li>\n<li>Entrez votre nom d\u2019utilisateur et votre mot de passe<\/li>\n<li>Cliquez sur\u202fMy Transactions<\/li>\n<\/ul>\n<\/li>\n<\/ul>\n<p>Les re\u00e7us fiscaux ne sont g\u00e9n\u00e9ralement disponibles que pour les cours complets qui r\u00e9pondent aux exigences de l\u2019ARC.<\/p>\n<p><a href=\"https:\/\/camrt.my.site.com\/CPBase__store?site=a0a1a00000AMdCoAAL\">Inscrivez-vous maintenant<\/a>.<\/p><\/div><\/div><\/div>\n<div class=\"dt-sc-toggle-frame\"><h5 class='dt-sc-toggle'><a href='#'>Frais d\u2019inscription<\/a><\/h5><div class=\"dt-sc-toggle-content\" style=\"display: none;\"><div class=\"block\"><p><strong>Consultez<a href=\"https:\/\/camrt.my.site.com\/CPBase__store?site=a0a1a00000AMdCoAAL\"> le\u202fcatalogue de PPC<\/a> \u202fsur le site Web de l\u2019ACTRM, pour obtenir des rabais en temps r\u00e9el, des co\u00fbts et des forfaits promotionnels !<\/strong> Notez que les membres doivent \u00eatre connect\u00e9s pour voir les prix exacts dans le catalogue, sinon le tarif non-membre appara\u00eetra. Le bouton de connexion est situ\u00e9 en haut \u00e0 droite de la page sur la barre bleue. Ce qui suit repr\u00e9sente le co\u00fbt moyen de notre programmation virtuelle. L\u2019ACTRM s\u2019efforce d\u2019offrir \u00e0 ses membres des formations de premi\u00e8re qualit\u00e9 \u00e0 un co\u00fbt concurrentiel ; cependant, ces prix doivent \u00eatre ajust\u00e9s p\u00e9riodiquement pour nous permettre de g\u00e9rer le contenu actuel et de poursuivre le d\u00e9veloppement de nouvelles ressources. Tous les frais sont en devises canadiennes.<\/p>\n<table style=\"border-collapse: collapse;width: 100%;height: 139px\">\n<tbody>\n<tr style=\"height: 23px\">\n<td style=\"width: 50%;height: 23px\">Cours d\u2019autoformation rapide (1-4 cr\u00e9dits)<\/td>\n<td style=\"width: 50%;height: 23px\">75.00 $ membre\/ 150.00 $ non-membre<\/td>\n<\/tr>\n<tr style=\"height: 23px\">\n<td style=\"width: 50%;height: 23px\">Cours d\u2019autoformation rapide (5+ cr\u00e9dits)<\/td>\n<td style=\"width: 50%;height: 23px\">100.00 $ membre\/ 200.00 $ non-membre<\/td>\n<\/tr>\n<tr style=\"height: 23px\">\n<td style=\"width: 50%;height: 23px\">Classe virtuelle<\/td>\n<td style=\"width: 50%;height: 23px\">49.00 $ membre\/ 98.00 $ non-membre<\/td>\n<\/tr>\n<tr style=\"height: 23px\">\n<td style=\"width: 50%;height: 23px\">Webinaires de l\u2019ACTRM<\/td>\n<td style=\"width: 50%;height: 23px\">Gratuit &#8211; membre\/ 40.00 $ non-membre<\/td>\n<\/tr>\n<tr style=\"height: 47px\">\n<td style=\"width: 50%;height: 47px\">Conf\u00e9rences virtuelles<\/td>\n<td style=\"width: 50%;height: 47px\"><span class=\"TextRun Highlight SCXW137562767 BCX0\" lang=\"FR-FR\" xml:lang=\"FR-FR\" data-contrast=\"none\"><span class=\"NormalTextRun SCXW137562767 BCX0\">Ces co\u00fbts varient en fonction du parrainage. Beaucoup sont gratuits pour les membres. Veuillez consulter le catalogue pour conna\u00eetre les prix exacts.<\/span><\/span><\/td>\n<\/tr>\n<\/tbody>\n<\/table>\n<p><strong>Les frais d\u2019administration<\/strong>:<\/p>\n<table style=\"border-collapse: collapse;width: 100%;height: 138px\">\n<tbody>\n<tr style=\"height: 23px\">\n<td style=\"width: 50%;height: 23px\">Relev\u00e9s de notes (25\u202f$+TPS)<\/td>\n<td style=\"width: 50%;height: 23px\">26.25 $<\/td>\n<\/tr>\n<tr style=\"height: 23px\">\n<td style=\"width: 50%;height: 23px\">Relev\u00e9s de notes (25\u202f$+TVH)<\/td>\n<td style=\"width: 50%;height: 23px\">28.25 $<\/td>\n<\/tr>\n<tr style=\"height: 23px\">\n<td style=\"width: 50%;height: 23px\">Reprise Cours d\u2019autoformation rapide<\/td>\n<td style=\"width: 50%;height: 23px\">25.00 $ membre\/ 50.00 $ non-membre<\/td>\n<\/tr>\n<tr style=\"height: 23px\">\n<td style=\"width: 50%;height: 23px\">Reprise Classe virtuelle, Conf\u00e9rences virtuelles &amp; Webinaires<\/td>\n<td style=\"width: 50%;height: 23px\">10.00 $ membre; 20 $ non-membre<\/td>\n<\/tr>\n<tr style=\"height: 23px\">\n<td style=\"width: 50%;height: 23px\">Reprises et cours expir\u00e9es (ce frais d\u2019administration s\u2019applique \u00e9galement dans le cas des cours gratuits).<\/td>\n<td style=\"width: 50%;height: 23px\">25.00 $ membre\/ 50.00 $ non-membre<\/td>\n<\/tr>\n<tr style=\"height: 23px\">\n<td style=\"width: 50%;height: 23px\">Les candidats peuvent se retirer d\u2019un cours d\u2019autoformation rapide<\/td>\n<td style=\"width: 50%;height: 23px\">90 % des frais d\u2019inscription \u00e0 un cours d\u2019autoformation rapide\u202fseront rembours\u00e9s\u202fsi\u202fla demande de retrait est re\u00e7ue dans la semaine suivante l\u2019inscription au cours.<\/td>\n<\/tr>\n<\/tbody>\n<\/table>\n<p>Il n\u2019y aura aucun remboursement pour les classes virtuelles, conf\u00e9rences virtuelles &amp; webinaires.\u00a0Les candidats qui ont d\u00e9pass\u00e9 leur d\u00e9lai de quatre mois doivent racheter le cours s\u2019ils veulent le cr\u00e9dit.<\/p><\/div><\/div><\/div>\n<div class=\"dt-sc-toggle-frame\"><h5 class='dt-sc-toggle'><a href='#'>Documents du cours<\/a><\/h5><div class=\"dt-sc-toggle-content\" style=\"display: none;\"><div class=\"block\"><p>Les mat\u00e9riaux sont disponibles dans votre profil personnel sur le site Web de l\u2019ACTRM, suite \u00e0 votre paiement,\u202fpour une p\u00e9riode de 4 mois seulement.<\/p>\n<p>Les candidats doivent t\u00e9l\u00e9charger une copie des documents\/du manuel du cours (en format PDF) sur leur ordinateur ou sur une cl\u00e9 USB, puisque l\u2019ACTRM ne fournira pas ces documents plus tard.<\/p>\n<p>Les cours offerts dans le cadre du syst\u00e8me de gestion de l\u2019apprentissage sont offerts dans un format de pr\u00e9sentation interactive en ligne seulement. Il n\u2019est pas recommand\u00e9 d\u2019utiliser un appareil portatif comme un t\u00e9l\u00e9phone intelligent. Les candidats peuvent imprimer ou sauvegarder les diapositives individuelles, mais tous les exercices pratiques et le quiz doivent \u00eatre faits en ligne.<\/p><\/div><\/div><\/div>\n<div class=\"dt-sc-toggle-frame\"><h5 class='dt-sc-toggle'><a href='#'>Notifications des r\u00e9sultats et cr\u00e9dits de formation continue<\/a><\/h5><div class=\"dt-sc-toggle-content\" style=\"display: none;\"><div class=\"block\"><p><strong>Cr\u00e9dits de formation continue :<\/strong><\/p>\n<p>L\u2019ACTRM attribue une valeur en cr\u00e9dits de formation continue \u00e0 toutes les activit\u00e9s de perfectionnement professionnel offertes par l\u2019association. Les technologues peuvent utiliser ces cr\u00e9dits (heures) pour respecter les exigences de formation continue \u00e9tablies par un organisme professionnel ou un ordre de r\u00e9glementation.<\/p>\n<p>L\u2019ACTRM est un Programme d\u2019agr\u00e9ment des cr\u00e9dits de formation continue (PACFC) pour l\u2019ARRT et peut donc attribuer des cr\u00e9dits de cat\u00e9gorie \u00ab A \u00bb. Les technologues des \u00c9tats-Unis et du Canada qui sont membre en r\u00e8gle de l\u2019ARRT peuvent recevoir des cr\u00e9dits applicables aux exigences de cr\u00e9dits de formation continue de l\u2019ARRT. Veuillez consulter les descriptions de cours pour conna\u00eetre le nombre de cr\u00e9dits attribu\u00e9s.<\/p>\n<p>Apr\u00e8s avoir compl\u00e9t\u00e9 le cours, les candidats peuvent r\u00e9pondre \u00e0 un court examen \u00e0 choix multiples &#8211; <strong>la note de passage est de 75 %.<\/strong> Vous avez quatre mois \u00e0 compter de la date d\u2019achat pour faire parvenir votre feuille-r\u00e9ponse afin d\u2019obtenir les cr\u00e9dits\/heures de cat\u00e9gorie \u00ab A \u00bb. <strong>Les candidats qui ont d\u00e9pass\u00e9 la limite de quatre mois devront se r\u00e9inscrire au cours.<\/strong><\/p>\n<p>Veuillez allouer jusqu\u2019\u00e0 trois semaines pour que le cr\u00e9dit soit trait\u00e9 et apparaisse dans votre profil de PPC sur le site Web de l\u2019ACTRM.<\/p>\n<p>Les candidats qui n\u2019obtiennent pas la note de passage ont un an \u00e0 compter de la date d\u2019inscription initiale pour demander une reprise d\u2019examen. Des frais administratifs s\u2019appliquent pour une demande de reprise d\u2019examen pour les classes virtuelles, conf\u00e9rences virtuelles &amp; webinaires, et les autoformations rapides.<\/p>\n<p><b><span data-contrast=\"none\">Notifications des r\u00e9sultats<\/span><\/b><span data-ccp-props=\"{&quot;201341983&quot;:2,&quot;335557856&quot;:16777215,&quot;335559739&quot;:0,&quot;335559740&quot;:360}\"> :<\/span><\/p>\n<p>La lettre indiquant la note obtenue par le candidat pour le cours est affich\u00e9e dans le profil personnel du candidat sur le site Web de l\u2019ACTRM. Veuillez allouer jusqu\u2019\u00e0 3 semaines pour l\u2019affichage des notes.<\/p>\n<p><b><span data-contrast=\"none\">Pour acc\u00e9der \u00e0 cette information :<\/span><\/b><span data-ccp-props=\"{&quot;201341983&quot;:2,&quot;335557856&quot;:16777215,&quot;335559739&quot;:0,&quot;335559740&quot;:360}\">\u00a0<\/span><\/p>\n<ul>\n<li>Allez sur votre\u202fpage personnelle<\/li>\n<li>Entrez votre nom d\u2019utilisateur et votre mot de passe<\/li>\n<li>Cliquez sur My CPD\/Mon PPC<\/li>\n<li>Cliquez sur My Virtual Programming<\/li>\n<li>Cliquez sur la fl\u00e8che pour ouvrir le cours<\/li>\n<li>Cliquez sur<em> Result Letter\u00a0<\/em><\/li>\n<\/ul>\n<p><span data-ccp-props=\"{&quot;201341983&quot;:2,&quot;335557856&quot;:16777215,&quot;335559739&quot;:0,&quot;335559740&quot;:360}\">\u00a0<\/span><b><span data-contrast=\"none\">Relev\u00e9 de notes<\/span><\/b><span data-ccp-props=\"{&quot;201341983&quot;:2,&quot;335557856&quot;:16777215,&quot;335559739&quot;:0,&quot;335559740&quot;:360}\"> :<\/span><\/p>\n<p>Des frais d\u2019administration seront factur\u00e9s aux candidats qui demanderont un relev\u00e9 de notes officiel.\u00a0Veuillez contacter\u202fcpd@camrt.ca\u202fpour demander un relev\u00e9 de notes officiel.<\/p><\/div><\/div><\/div>\n<div class=\"dt-sc-toggle-frame\"><h5 class='dt-sc-toggle'><a href='#'>Programmes virtuelles expir\u00e9es<\/a><\/h5><div class=\"dt-sc-toggle-content\" style=\"display: none;\"><div class=\"block\"><p>Les candidats qui ont d\u00e9pass\u00e9 la limite de quatre mois devront se r\u00e9inscrire au cours (ce frais d\u2019administration s\u2019applique \u00e9galement dans le cas des cours gratuits).<\/p><\/div><\/div><\/div>\n","protected":false},"excerpt":{"rendered":"<p>L\u2019ACTRM a le plaisir d\u2019offrir aux TRM une gamme de nouvelles occasions de perfectionnement professionnel continu (PPC) en ligne \u00e0 peu de frais. La programmation virtuelle est con\u00e7ue pour apporter un PPC de haute qualit\u00e9 directement \u00e0 vous, selon votre horaire. Il s&rsquo;agit de webinaires en ligne, de conf\u00e9rences enregistr\u00e9es, de cours virtuels et d\u2019autoformations [&hellip;]<\/p>\n","protected":false},"author":30,"featured_media":0,"parent":47008,"menu_order":0,"comment_status":"closed","ping_status":"closed","template":"","meta":{"_monsterinsights_skip_tracking":false,"_monsterinsights_sitenote_active":false,"_monsterinsights_sitenote_note":"","_monsterinsights_sitenote_category":0,"footnotes":""},"class_list":["post-7626","page","type-page","status-publish","hentry"],"_links":{"self":[{"href":"https:\/\/camrt.ca\/fr\/wp-json\/wp\/v2\/pages\/7626","targetHints":{"allow":["GET"]}}],"collection":[{"href":"https:\/\/camrt.ca\/fr\/wp-json\/wp\/v2\/pages"}],"about":[{"href":"https:\/\/camrt.ca\/fr\/wp-json\/wp\/v2\/types\/page"}],"author":[{"embeddable":true,"href":"https:\/\/camrt.ca\/fr\/wp-json\/wp\/v2\/users\/30"}],"replies":[{"embeddable":true,"href":"https:\/\/camrt.ca\/fr\/wp-json\/wp\/v2\/comments?post=7626"}],"version-history":[{"count":1,"href":"https:\/\/camrt.ca\/fr\/wp-json\/wp\/v2\/pages\/7626\/revisions"}],"predecessor-version":[{"id":60247,"href":"https:\/\/camrt.ca\/fr\/wp-json\/wp\/v2\/pages\/7626\/revisions\/60247"}],"up":[{"embeddable":true,"href":"https:\/\/camrt.ca\/fr\/wp-json\/wp\/v2\/pages\/47008"}],"wp:attachment":[{"href":"https:\/\/camrt.ca\/fr\/wp-json\/wp\/v2\/media?parent=7626"}],"curies":[{"name":"wp","href":"https:\/\/api.w.org\/{rel}","templated":true}]}}