{"id":7463,"date":"2015-09-04T14:38:12","date_gmt":"2015-09-04T18:38:12","guid":{"rendered":"https:\/\/camrt.wpenginepowered.com\/fr\/?page_id=7463"},"modified":"2015-09-04T14:38:12","modified_gmt":"2015-09-04T18:38:12","slug":"conference-virtuelle","status":"publish","type":"page","link":"https:\/\/camrt.ca\/fr\/perfectionnement-professionnel\/programmation-virtuelle\/conference-virtuelle\/","title":{"rendered":"CONF\u00c9RENCE VIRTUELLE"},"content":{"rendered":"<h2><strong><a href=\"https:\/\/camrt.ca\/wp-content\/uploads\/2015\/09\/Virtual_Conference_FR.jpg\"><img loading=\"lazy\" decoding=\"async\" class=\"alignnone size-medium wp-image-7472\" src=\"https:\/\/camrt.ca\/wp-content\/uploads\/2015\/09\/Virtual_Conference_FR-300x95.jpg\" alt=\"Virtual_Conference_FR\" width=\"300\" height=\"95\" srcset=\"https:\/\/camrt.ca\/wp-content\/uploads\/2015\/09\/Virtual_Conference_FR-300x95.jpg 300w, https:\/\/camrt.ca\/wp-content\/uploads\/2015\/09\/Virtual_Conference_FR-1024x325.jpg 1024w, https:\/\/camrt.ca\/wp-content\/uploads\/2015\/09\/Virtual_Conference_FR-768x244.jpg 768w, https:\/\/camrt.ca\/wp-content\/uploads\/2015\/09\/Virtual_Conference_FR-1536x488.jpg 1536w, https:\/\/camrt.ca\/wp-content\/uploads\/2015\/09\/Virtual_Conference_FR.jpg 1688w\" sizes=\"auto, (max-width: 300px) 100vw, 300px\" \/><\/a><br \/>\n<\/strong><\/h2>\n<p>La s\u00e9rie Conf\u00e9rences virtuelles est con\u00e7ue pour vous offrir des activit\u00e9s \u00e9ducatives de grande qualit\u00e9 reli\u00e9es \u00e0 votre pratique tout en \u00e9largissant l\u2019acc\u00e8s pour les personnes qui ne sont pas en mesure de se rendre en personne aux diff\u00e9rents \u00e9v\u00e9nements. La diffusion en direct et les enregistrements pour consultation future offrent une souplesse r\u00e9elle, et un choix toujours plus grand d\u2019activit\u00e9s de PPC est disponible pour visionnement et apprentissage \u00e0 votre rythme et \u00e0 votre convenance. Et pas de bagages \u00e0 faire!<\/p>\n<p><strong>Les enregistrements de conf\u00e9rence incluent (<em>disponible en anglais seulement<\/em>):<\/strong><\/p>\n<ul class='dt-sc-fancy-list   rounded-arrow'>\n<li>2017 CAMRT-OAMRS AGC (gratuit pour membres seulement)<\/li>\n<li>2018 CANM-CAMRT Joint Conference (gratuit pour membres seulement)<\/li>\n<li>2018 CONNECT (gratuit pour membres seulement)<\/li>\n<li>2018 Game Changers in Medical Radiation Technology (gratuit pour membres seulement)<\/li>\n<li>MR Learning Labs (gratuit pour membres seulement)<\/li>\n<li>2018 Radiological Technology Roadshow (gratuit pour membres seulement)<\/li>\n<li>2019 Game Changers in Medical Radiation Technology (gratuit pour membres seulement)<\/li>\n<li>2019 CONNECT (gratuit pour membres seulement)<\/li>\n<li>2019 Radiological Technology Roadshow (gratuit pour membres seulement)<\/li>\n<li>2020 CAMRT (gratuit pour membres seulement)<\/li>\n<li>2021 CAMRT<\/li>\n<li>2022 CAMRT<\/li>\n<\/ul>\n<p style=\"text-align: center\"><a href=\"https:\/\/camrt.force.com\/CPBase__store?site=a0a1a00000AMdCoAAL&#038;catalog=a0p1a000004oxew\" target=\"_blank\" class=\"dt-sc-button   medium\">VOIR LA LISTE DES CONF\u00c9RENCES DISPONIBLES<\/a>\n<h5><strong>Cr\u00e9dits de formation continue<\/strong><\/h5>\n<h6><strong>Conf\u00e9rences virtuelle offrant des cr\u00e9dits de formation continue\/cr\u00e9dits de cat\u00e9gorie \u00ab A \u00bb<\/strong><\/h6>\n<p>Des cr\u00e9dits de formation continue (heures\/cr\u00e9dits de cat\u00e9gorie \u00ab A \u00bb) sont attribu\u00e9s \u00e0 certaine des pr\u00e9sentations enregistr\u00e9es. Pour obtenir les cr\u00e9dits, les candidats doivent remplir et r\u00e9ussir un quiz. <em>Remarque : les candidats qui ont obtenu des cr\u00e9dits pour avoir assist\u00e9 \u00e0 la pr\u00e9sentation en direct (c\u2019est-\u00e0-dire \u00e0 la conf\u00e9rence o\u00f9 la pr\u00e9sentation a \u00e9t\u00e9 faite) ne peuvent pas demander aussi les cr\u00e9dits pour la version enregistr\u00e9e.<\/em><\/p>\n<p>Les conf\u00e9rences virtuelles valent entre 0.25-1.0 cr\u00e9dits de cat\u00e9gorie \u00ab A \u00bb.<\/p>\n<p><a href=\"https:\/\/camrt.ca\/wp-content\/uploads\/2015\/11\/logo_OTIMRO_Coul-1.jpg\"><img loading=\"lazy\" decoding=\"async\" class=\"alignleft wp-image-7796\" src=\"https:\/\/camrt.ca\/wp-content\/uploads\/2015\/11\/logo_OTIMRO_Coul-1.jpg\" alt=\"\" width=\"213\" height=\"75\" \/><\/a>Les conf\u00e9rences virtuelles offrant des cr\u00e9dits de formation sont admissibles dans le cadre du DP de l\u2019OTIMROEPMQ.<\/p>\n<p>&nbsp;<\/p>\n<h6><strong>Conf\u00e9rences virtuelles n\u2019offrant pas de cr\u00e9dits de formation continue\/cr\u00e9dits de cat\u00e9gorie \u00ab A \u00bb<\/strong><\/h6>\n<p style=\"text-align: left\">Certaines pr\u00e9sentations enregistr\u00e9es n\u2019offrent pas de cr\u00e9dits de formation continue (heures\/cr\u00e9dits de cat\u00e9gorie \u00ab A \u00bb), parce qu\u2019elles ne r\u00e9pondent pas \u00e0 la d\u00e9finition d\u2019activit\u00e9 de formation continue au sens du programme d\u2019agr\u00e9ment des cr\u00e9dits de formation continue (PACFP) de l\u2019ACTRM. Dans ces cas, il n\u2019y a pas de feuille d\u2019examen et un certificat de r\u00e9ussite n\u2019est pas \u00e9mis. Les candidats peuvent cependant utiliser ces activit\u00e9s pour satisfaire \u00e0 leurs propres exigences de perfectionnement professionnel continu (par exemple pour un organisme de r\u00e9glementation).<\/p>\n<h5><strong>Frais<\/strong><\/h5>\n<p>Membre: $10, sauf les enregistrements de 2017 CAMRT-OAMRS AGC, CONNECT 2018 &amp; 2018 Game Changers in Medical Radiation Technology qui sont gratuits pour les membres<br \/>\n<em><strong>Veuillez noter que les membres doivent avoir ouvert une session pour que le prix correct soit affich\u00e9 dans le catalogue, sinon le prix pour les non membres appara\u00eetra. Le bouton d\u2019ouverture de session se trouve dans le coin sup\u00e9rieur droit de la page, dans la barre en bleu.<\/strong><\/em><\/p>\n<p>Non-membre: $20<\/p>\n<p><em>Il n\u2019y aura aucun remboursement pour les cours de programmation virtuelle.<\/em><\/p>\n<h5><strong>Quiz<\/strong><\/h5>\n<p>Apr\u00e8s avoir regard\u00e9 la conf\u00e9rence, les candidats peuvent r\u00e9pondre \u00e0 un court quiz \u00e0 choix multiples. Vous avez quatre mois \u00e0 compter de la date d\u2019achat pour faire parvenir votre feuille-r\u00e9ponse afin d\u2019obtenir les cr\u00e9dits\/heures de cat\u00e9gorie \u00ab A \u00bb. Les candidats qui ont d\u00e9pass\u00e9 la limite de quatre mois devront se r\u00e9inscrire \u00e0 la conf\u00e9rence.<br \/>\nLa note de passage est de 75 %.<br \/>\nLes candidats qui n\u2019obtiennent pas la note de passage ont un an \u00e0 compter de la date d\u2019inscription initiale pour demander une reprise d\u2019examen. Des frais administratifs de 10 $ pour les membres et de 20 $ pour les non membres s\u2019appliquent pour une demande de reprise d\u2019examen.<\/p>\n<p><strong>Notifications des r\u00e9sultats<\/strong><\/p>\n<p style=\"text-align: justify\">La lettre indiquant la note obtenue par le candidat pour le cours est affich\u00e9e dans le profil personnel du candidat sur le site Web de l\u2019ACTRM. Veuillez allouer jusqu\u2019\u00e0 3 semaines pour l\u2019affichage des notes.<\/p>\n<p><strong>Pour acc\u00e9der \u00e0 cette information :<\/strong><\/p>\n<ul class='dt-sc-fancy-list   rounded-arrow'>\n<li>Allez sur votre <a href=\"https:\/\/camrt.force.com\/CAMRT_Login_Page?startURL=%2Fsetup%2Fsecur%2FRemoteAccessAuthorizationPage.apexp%3Fsource%3DCAAAAV3s4qgQME8wMzAwMDAwMDA0Qzk3AAAA0NQdZ8LzErkwomDZdT5kMoZbITBSVq9EgLcfMUAQHIx8NZpo8n6rcezSqHO2mcY5GwqCV9-BaqOB5nvhFKuDHK_6YZEaYvFAV3tr4PYh0c9lrBGhVQhLQhdRLCxvkTZiEbiYea99Yd0Cq_FlrvN04K37nM9qnQ2S052mRJtdIbZ8HRwc2lFiVlI4wxV6EhXnawhdYTyXOVSWqb7YNXfpmvBdtEJj7H4lAPoWn2XP4bI7IZYeWwNzFjmD6JkY8fhSNyTwcPYr8wmGxcbBCR9wzVL4uOQfcj0zA-OQPO1atctOMh8XCi8PdBGjDriM7w5tjs--7nzKMjKjH9zuZwvatEY6yzTpkrFxXrQWK_NWQK_IChOzvlhxusjMDP-kFcCEoZEwHPAilRHb2B4rDKNaES9LK_HBlnPHK_R5HKeo148fKCIKr625qVlC_hUFjiP0RGmylTA7Gtd6lHPBP7O5G0wSrBA5Jfys3xjFdgIlFVpjZ1Lr3MO7_I8btVIWFUJWxsiixJVDO7RZvQZ7g9XiQyUV9vxrtqEpXGbQtETiI0WgjvF3ljw_LJRwoN-N69cFOw%253D%253D\">page personnelle<\/a><\/li>\n<li>Entrez votre nom d&rsquo;utilisateur et votre mot de passe<\/li>\n<li>Cliquez sur My CPD\/Mon PPC<\/li>\n<li>Cliquez sur My Virtual Programming<\/li>\n<li>Cliquez sur la fl\u00e8che pour ouvrir le cours<\/li>\n<li>Cliquez sur Result Letter<\/li>\n<\/ul>\n<p><strong>Relev\u00e9 de notes<\/strong><\/p>\n<p style=\"text-align: justify\">Des frais d\u2019administration de 25 $ (plus TPS ou TVH) seront factur\u00e9s aux candidats qui demanderont un relev\u00e9 de notes officiel.<\/p>\n<p>Veuillez contacter <a href=\"mailto:cpd@camrt.ca\"><strong>cpd@camrt.ca <\/strong><\/a>pour demander un relev\u00e9 de notes officiel.<\/p>\n","protected":false},"excerpt":{"rendered":"<p>La s\u00e9rie Conf\u00e9rences virtuelles est con\u00e7ue pour vous offrir des activit\u00e9s \u00e9ducatives de grande qualit\u00e9 reli\u00e9es \u00e0 votre pratique tout en \u00e9largissant l\u2019acc\u00e8s pour les personnes qui ne sont pas [&hellip;]<\/p>\n","protected":false},"author":30,"featured_media":0,"parent":7626,"menu_order":0,"comment_status":"open","ping_status":"open","template":"","meta":{"_monsterinsights_skip_tracking":false,"_monsterinsights_sitenote_active":false,"_monsterinsights_sitenote_note":"","_monsterinsights_sitenote_category":0,"footnotes":""},"class_list":["post-7463","page","type-page","status-publish","hentry"],"_links":{"self":[{"href":"https:\/\/camrt.ca\/fr\/wp-json\/wp\/v2\/pages\/7463","targetHints":{"allow":["GET"]}}],"collection":[{"href":"https:\/\/camrt.ca\/fr\/wp-json\/wp\/v2\/pages"}],"about":[{"href":"https:\/\/camrt.ca\/fr\/wp-json\/wp\/v2\/types\/page"}],"author":[{"embeddable":true,"href":"https:\/\/camrt.ca\/fr\/wp-json\/wp\/v2\/users\/30"}],"replies":[{"embeddable":true,"href":"https:\/\/camrt.ca\/fr\/wp-json\/wp\/v2\/comments?post=7463"}],"version-history":[{"count":0,"href":"https:\/\/camrt.ca\/fr\/wp-json\/wp\/v2\/pages\/7463\/revisions"}],"up":[{"embeddable":true,"href":"https:\/\/camrt.ca\/fr\/wp-json\/wp\/v2\/pages\/7626"}],"wp:attachment":[{"href":"https:\/\/camrt.ca\/fr\/wp-json\/wp\/v2\/media?parent=7463"}],"curies":[{"name":"wp","href":"https:\/\/api.w.org\/{rel}","templated":true}]}}