{"id":7409,"date":"2015-07-10T16:31:13","date_gmt":"2015-07-10T20:31:13","guid":{"rendered":"https:\/\/camrt.wpenginepowered.com\/fr\/?page_id=7409"},"modified":"2026-05-06T09:48:10","modified_gmt":"2026-05-06T13:48:10","slug":"profils-de-competences-2","status":"publish","type":"page","link":"https:\/\/camrt.ca\/fr\/agrement-2\/profils-de-competences-2\/","title":{"rendered":"Profil national de comp\u00e9tences au seuil d&rsquo;entr\u00e9e \u00e0 la pratique"},"content":{"rendered":"<h3><strong>Profil national de comp\u00e9tences au seuil d&rsquo;entr\u00e9e \u00e0 la pratique<\/strong><\/h3>\n<h4>Date d&rsquo;entr\u00e9e en vigueur : mai 2024<\/h4>\n<ul class='dt-sc-fancy-list   rounded-arrow'>\n<li><a href=\"https:\/\/camrt.ca\/fr\/wp-content\/uploads\/sites\/3\/2021\/10\/Profil-de-competences-national-2019.pdf\">Profil national de comp\u00e9tences pour les TRM<\/a><\/li>\n<\/ul>\n<p>Documents d&rsquo;accompagnement pour le profil de comp\u00e9tences pour l&rsquo;acc\u00e8s \u00e0 la pratique<\/p>\n<ul class='dt-sc-fancy-list   rounded-arrow'>\n<li><a href=\"https:\/\/camrt.ca\/wp-content\/uploads\/2020\/03\/MR-template-FR_update.pdf\">R\u00e9sonance magn\u00e9tique<\/a><\/li>\n<li><a href=\"https:\/\/camrt.ca\/wp-content\/uploads\/2020\/03\/NM-template-FR_update.pdf\">M\u00e9decine nucl\u00e9aire<\/a><\/li>\n<li><a href=\"https:\/\/camrt.ca\/wp-content\/uploads\/2020\/03\/RTR-template-FR_update.pdf\">Technologie de radiologie<\/a><\/li>\n<li><a href=\"https:\/\/camrt.ca\/wp-content\/uploads\/2020\/03\/RTT-template-FR_update.pdf\">Radioth\u00e9rapie<\/a><\/li>\n<\/ul>\n<h3>Profil de comp\u00e9tences national r\u00e9vis\u00e9 sera publi\u00e9 \u00e0 l&rsquo;automne 2026<\/h3>\n<p>Le sondage pancanadien de validation du profil de comp\u00e9tences national est d\u00e9sormais clos.<\/p>\n<p>Le sondage s\u2019est d\u00e9roul\u00e9 de d\u00e9cembre 2025 \u00e0 janvier 2026 (date limite pour le public), la date limite pour les organismes de r\u00e9glementation ayant \u00e9t\u00e9 report\u00e9e \u00e0 f\u00e9vrier 2026. Au total, 1 066 r\u00e9ponses ont \u00e9t\u00e9 re\u00e7ues, dont 998 provenant de technologues en radiation m\u00e9dicale\u00a0(TRM). Merci \u00e0 tous ceux qui ont apport\u00e9 leurs pr\u00e9cieux commentaires sur les mises \u00e0 jour propos\u00e9es.<\/p>\n<p>L&rsquo;Alliance des organismes de r\u00e9glementation des technologues en radiologie et en imagerie m\u00e9dicale du Canada (AMRITRC) et le Conseil consultatif en \u00e9ducation (CCE) de l&rsquo;ACTRM ont examin\u00e9 les r\u00e9sultats et formul\u00e9 des recommandations afin d&rsquo;\u00e9clairer les r\u00e9visions finales du profil de comp\u00e9tences, marquant ainsi l&rsquo;ach\u00e8vement de la phase de validation. Le document est actuellement en cours de finalisation et devrait \u00eatre publi\u00e9 cet automne.<\/p>\n<p>La prochaine \u00e9tape consistera \u00e0 mettre \u00e0 jour les documents d\u2019accompagnement et les plans d\u2019examen. La mise en \u0153uvre des nouveaux plans d\u2019examen est pr\u00e9vue \u00e0 partir des examens de certification de mai 2031.<\/p>\n<p>Des questions ? Veuillez contacter <a href=\"mailto:certification@camrt.ca\">certification@camrt.ca<\/a>.<\/p>\n","protected":false},"excerpt":{"rendered":"<p>Profil national de comp\u00e9tences au seuil d&rsquo;entr\u00e9e \u00e0 la pratique Date d&rsquo;entr\u00e9e en vigueur : mai 2024 Documents d&rsquo;accompagnement pour le profil de comp\u00e9tences pour l&rsquo;acc\u00e8s \u00e0 la pratique Profil [&hellip;]<\/p>\n","protected":false},"author":30,"featured_media":0,"parent":10730,"menu_order":0,"comment_status":"closed","ping_status":"closed","template":"","meta":{"_monsterinsights_skip_tracking":false,"_monsterinsights_sitenote_active":false,"_monsterinsights_sitenote_note":"","_monsterinsights_sitenote_category":0,"footnotes":""},"class_list":["post-7409","page","type-page","status-publish","hentry"],"_links":{"self":[{"href":"https:\/\/camrt.ca\/fr\/wp-json\/wp\/v2\/pages\/7409","targetHints":{"allow":["GET"]}}],"collection":[{"href":"https:\/\/camrt.ca\/fr\/wp-json\/wp\/v2\/pages"}],"about":[{"href":"https:\/\/camrt.ca\/fr\/wp-json\/wp\/v2\/types\/page"}],"author":[{"embeddable":true,"href":"https:\/\/camrt.ca\/fr\/wp-json\/wp\/v2\/users\/30"}],"replies":[{"embeddable":true,"href":"https:\/\/camrt.ca\/fr\/wp-json\/wp\/v2\/comments?post=7409"}],"version-history":[{"count":2,"href":"https:\/\/camrt.ca\/fr\/wp-json\/wp\/v2\/pages\/7409\/revisions"}],"predecessor-version":[{"id":62083,"href":"https:\/\/camrt.ca\/fr\/wp-json\/wp\/v2\/pages\/7409\/revisions\/62083"}],"up":[{"embeddable":true,"href":"https:\/\/camrt.ca\/fr\/wp-json\/wp\/v2\/pages\/10730"}],"wp:attachment":[{"href":"https:\/\/camrt.ca\/fr\/wp-json\/wp\/v2\/media?parent=7409"}],"curies":[{"name":"wp","href":"https:\/\/api.w.org\/{rel}","templated":true}]}}