{"id":7404,"date":"2015-08-24T15:48:06","date_gmt":"2015-08-24T19:48:06","guid":{"rendered":"https:\/\/camrt.wpenginepowered.com\/fr\/?page_id=7404"},"modified":"2015-08-24T15:48:06","modified_gmt":"2015-08-24T19:48:06","slug":"profils-de-competences","status":"publish","type":"page","link":"https:\/\/camrt.ca\/fr\/agrement\/profils-de-competences\/","title":{"rendered":"Profils de comp\u00e9tences (inactive)"},"content":{"rendered":"<p>Le Profil de comp\u00e9tences d\u00e9crit les r\u00e9sultats requis pour l\u2019admission \u00e0 la profession et constitue le fondement pour l\u2019\u00e9laboration de l\u2019examen.<\/p>\n<ul class='dt-sc-fancy-list   rounded-arrow'>\n<li><a href=\"https:\/\/camrt.wpenginepowered.com\/fr\/agrement\/profils-de-competences\/profils-de-competences-2018-mai\/\">Profils de comp\u00e9tences 2018 mai<\/a><\/li>\n<\/ul>\n","protected":false},"excerpt":{"rendered":"<p>Le Profil de comp\u00e9tences d\u00e9crit les r\u00e9sultats requis pour l\u2019admission \u00e0 la profession et constitue le fondement pour l\u2019\u00e9laboration de l\u2019examen.<\/p>\n","protected":false},"author":30,"featured_media":0,"parent":46978,"menu_order":0,"comment_status":"open","ping_status":"open","template":"","meta":{"_monsterinsights_skip_tracking":false,"_monsterinsights_sitenote_active":false,"_monsterinsights_sitenote_note":"","_monsterinsights_sitenote_category":0,"footnotes":""},"class_list":["post-7404","page","type-page","status-publish","hentry"],"_links":{"self":[{"href":"https:\/\/camrt.ca\/fr\/wp-json\/wp\/v2\/pages\/7404","targetHints":{"allow":["GET"]}}],"collection":[{"href":"https:\/\/camrt.ca\/fr\/wp-json\/wp\/v2\/pages"}],"about":[{"href":"https:\/\/camrt.ca\/fr\/wp-json\/wp\/v2\/types\/page"}],"author":[{"embeddable":true,"href":"https:\/\/camrt.ca\/fr\/wp-json\/wp\/v2\/users\/30"}],"replies":[{"embeddable":true,"href":"https:\/\/camrt.ca\/fr\/wp-json\/wp\/v2\/comments?post=7404"}],"version-history":[{"count":0,"href":"https:\/\/camrt.ca\/fr\/wp-json\/wp\/v2\/pages\/7404\/revisions"}],"up":[{"embeddable":true,"href":"https:\/\/camrt.ca\/fr\/wp-json\/wp\/v2\/pages\/46978"}],"wp:attachment":[{"href":"https:\/\/camrt.ca\/fr\/wp-json\/wp\/v2\/media?parent=7404"}],"curies":[{"name":"wp","href":"https:\/\/api.w.org\/{rel}","templated":true}]}}