{"id":7188,"date":"2015-06-29T11:55:04","date_gmt":"2015-06-29T15:55:04","guid":{"rendered":"https:\/\/camrt.wpenginepowered.com\/fr\/?page_id=7188"},"modified":"2015-06-29T11:55:04","modified_gmt":"2015-06-29T15:55:04","slug":"coup-doeil-sur-la-pratique-une-serie-de-webinaires","status":"publish","type":"page","link":"https:\/\/camrt.ca\/fr\/perfectionnement-professionnel\/coup-doeil-sur-la-pratique-une-serie-de-webinaires\/","title":{"rendered":"COUP D&rsquo;\u0152IL SUR LA PRATIQUE : UNE S\u00c9RIE DE WEBINAIRES"},"content":{"rendered":"<h2><a href=\"https:\/\/camrt.ca\/wp-content\/uploads\/2015\/06\/Coup-doeil-sur-la-pratique-website-e1507662020121.jpg\"><img loading=\"lazy\" decoding=\"async\" class=\"alignnone size-medium wp-image-7234\" src=\"https:\/\/camrt.wpenginepowered.com\/fr\/wp-content\/uploads\/sites\/3\/2015\/06\/Coup-doeil-sur-la-pratique-website-300x76.jpg\" alt=\"Coup d'oeil sur la pratique website\" width=\"300\" height=\"76\" \/><\/a><\/h2>\n<p><em>Coup d\u2019\u0153il sur la pratique<\/em> est une s\u00e9rie de webinaires offrant aux TRM des perceptions et de la formation sur des sujets d\u2019int\u00e9r\u00eat clinique et professionnel. Cette s\u00e9rie de webinaires met en vedette des recherches sur la TRM, les innovations de l\u2019industrie et d\u2019autres renseignements pertinents sur la pratique. <strong>Gratuit pour les membres de l\u2019ACTRM!<\/strong><\/p>\n<h5><strong>Cr\u00e9dits de formation continue<\/strong><\/h5>\n<p>Un cr\u00e9dit de formation continue (cr\u00e9dits\/heures de cat\u00e9gorie \u00ab A \u00bb) est attribu\u00e9 \u00e0 chaque webinaire enregistr\u00e9. Pour obtenir le cr\u00e9dit, les candidats doivent r\u00e9ussir un quiz et en soumettre les r\u00e9sultats. Veuillez allouer jusqu\u2019\u00e0 trois semaines pour que le cr\u00e9dit soit trait\u00e9 et apparaisse dans votre profil de PPC sur le site Web de l\u2019ACTRM.<\/p>\n<p><a href=\"https:\/\/camrt.ca\/wp-content\/uploads\/2015\/11\/logo_OTIMRO_Coul-1.jpg\"><img loading=\"lazy\" decoding=\"async\" class=\"alignleft wp-image-7796\" src=\"https:\/\/camrt.ca\/wp-content\/uploads\/2015\/11\/logo_OTIMRO_Coul-1.jpg\" alt=\"\" width=\"213\" height=\"75\" \/><\/a><\/p>\n<p>Les w\u00e9binaires valent entre 0.5-1.00 cr\u00e9dits de cat\u00e9gorie \u00ab A \u00bb et sont admissibles dans le cadre du DP de l\u2019OTIMROEPMQ.<\/p>\n<p>&nbsp;<\/p>\n<p>&nbsp;<\/p>\n<h5><strong>Frais<\/strong><\/h5>\n<p>Membre: GRATUIT<br \/>\n<em><strong>Veuillez noter que les membres doivent avoir ouvert une session pour que le prix correct soit affich\u00e9 dans le catalogue, sinon le prix pour les non membres appara\u00eetra. Le bouton d\u2019ouverture de session se trouve dans le coin sup\u00e9rieur droit de la page, dans la barre en bleu.<\/strong><\/em><\/p>\n<p>Non-membre: 40 $<\/p>\n<p><em>Il n\u2019y aura aucun remboursement pour les cours de programmation virtuelle.<\/em><\/p>\n<h5><strong>Quiz<\/strong><\/h5>\n<p>Apr\u00e8s avoir regard\u00e9 la conf\u00e9rence, les candidats peuvent r\u00e9pondre \u00e0 un court examen \u00e0 choix multiples. Vous avez quatre mois \u00e0 compter de la date d\u2019achat pour faire parvenir votre feuille-r\u00e9ponse afin d\u2019obtenir les cr\u00e9dits\/heures de cat\u00e9gorie \u00ab A \u00bb. Les candidats qui ont d\u00e9pass\u00e9 la limite de quatre mois devront se r\u00e9inscrire au w\u00e9binaire.<br \/>\nLa note de passage est de 75 %.<br \/>\nLes candidats qui n\u2019obtiennent pas la note de passage ont un an \u00e0 compter de la date d\u2019inscription initiale pour demander une reprise d\u2019examen. Des frais administratifs de 10 $ pour les membres et de 20 $ pour les non membres s\u2019appliquent pour une demande de reprise d\u2019examen.<br \/>\nLes renseignements ci-dessus s\u2019appliquent aussi aux webinaires gratuits.<\/p>\n<p><strong>Notifications des r\u00e9sultats<\/strong><\/p>\n<p style=\"text-align: justify\">La lettre indiquant la note obtenue par le candidat pour le cours est affich\u00e9e dans le profil personnel du candidat sur le site Web de l\u2019ACTRM. Veuillez allouer jusqu\u2019\u00e0 3 semaines pour l\u2019affichage des notes.<\/p>\n<p><strong>Pour acc\u00e9der \u00e0 cette information :<\/strong><\/p>\n<ul class='dt-sc-fancy-list   rounded-arrow'>\n<li>Allez sur votre <a href=\"https:\/\/camrt.force.com\/CAMRT_Login_Page?startURL=%2Fsetup%2Fsecur%2FRemoteAccessAuthorizationPage.apexp%3Fsource%3DCAAAAV3s4qgQME8wMzAwMDAwMDA0Qzk3AAAA0NQdZ8LzErkwomDZdT5kMoZbITBSVq9EgLcfMUAQHIx8NZpo8n6rcezSqHO2mcY5GwqCV9-BaqOB5nvhFKuDHK_6YZEaYvFAV3tr4PYh0c9lrBGhVQhLQhdRLCxvkTZiEbiYea99Yd0Cq_FlrvN04K37nM9qnQ2S052mRJtdIbZ8HRwc2lFiVlI4wxV6EhXnawhdYTyXOVSWqb7YNXfpmvBdtEJj7H4lAPoWn2XP4bI7IZYeWwNzFjmD6JkY8fhSNyTwcPYr8wmGxcbBCR9wzVL4uOQfcj0zA-OQPO1atctOMh8XCi8PdBGjDriM7w5tjs--7nzKMjKjH9zuZwvatEY6yzTpkrFxXrQWK_NWQK_IChOzvlhxusjMDP-kFcCEoZEwHPAilRHb2B4rDKNaES9LK_HBlnPHK_R5HKeo148fKCIKr625qVlC_hUFjiP0RGmylTA7Gtd6lHPBP7O5G0wSrBA5Jfys3xjFdgIlFVpjZ1Lr3MO7_I8btVIWFUJWxsiixJVDO7RZvQZ7g9XiQyUV9vxrtqEpXGbQtETiI0WgjvF3ljw_LJRwoN-N69cFOw%253D%253D\">page personnelle<\/a><\/li>\n<li>Entrez votre nom d&rsquo;utilisateur et votre mot de passe<\/li>\n<li>Cliquez sur My CPD\/Mon PPC<\/li>\n<li>Cliquez sur My Virtual Programming<\/li>\n<li>Cliquez sur la fl\u00e8che pour ouvrir le cours<\/li>\n<li>Cliquez sur Result Letter<\/li>\n<\/ul>\n<p><strong>Relev\u00e9 de notes<\/strong><\/p>\n<p style=\"text-align: justify\">Des frais d\u2019administration de 25 $ (plus TPS ou TVH) seront factur\u00e9s aux candidats qui demanderont un relev\u00e9 de notes officiel.<\/p>\n<p>Veuillez contacter <a href=\"mailto:cpd@camrt.ca\"><strong>cpd@camrt.ca <\/strong><\/a>pour demander un relev\u00e9 de notes officiel.<\/p>\n<a href=\"https:\/\/camrt.force.com\/CPBase__store?site=a0a1a00000AMdCoAAL&#038;catalog=a0p1a000004oxfB\" target=\"_blank\" class=\"dt-sc-button   medium\">Explorer tous les cours<\/a>\n","protected":false},"excerpt":{"rendered":"<p>Coup d\u2019\u0153il sur la pratique est une s\u00e9rie de webinaires offrant aux TRM des perceptions et de la formation sur des sujets d\u2019int\u00e9r\u00eat clinique et professionnel. Cette s\u00e9rie de webinaires [&hellip;]<\/p>\n","protected":false},"author":30,"featured_media":0,"parent":47008,"menu_order":0,"comment_status":"open","ping_status":"open","template":"","meta":{"_monsterinsights_skip_tracking":false,"_monsterinsights_sitenote_active":false,"_monsterinsights_sitenote_note":"","_monsterinsights_sitenote_category":0,"footnotes":""},"class_list":["post-7188","page","type-page","status-publish","hentry"],"_links":{"self":[{"href":"https:\/\/camrt.ca\/fr\/wp-json\/wp\/v2\/pages\/7188","targetHints":{"allow":["GET"]}}],"collection":[{"href":"https:\/\/camrt.ca\/fr\/wp-json\/wp\/v2\/pages"}],"about":[{"href":"https:\/\/camrt.ca\/fr\/wp-json\/wp\/v2\/types\/page"}],"author":[{"embeddable":true,"href":"https:\/\/camrt.ca\/fr\/wp-json\/wp\/v2\/users\/30"}],"replies":[{"embeddable":true,"href":"https:\/\/camrt.ca\/fr\/wp-json\/wp\/v2\/comments?post=7188"}],"version-history":[{"count":0,"href":"https:\/\/camrt.ca\/fr\/wp-json\/wp\/v2\/pages\/7188\/revisions"}],"up":[{"embeddable":true,"href":"https:\/\/camrt.ca\/fr\/wp-json\/wp\/v2\/pages\/47008"}],"wp:attachment":[{"href":"https:\/\/camrt.ca\/fr\/wp-json\/wp\/v2\/media?parent=7188"}],"curies":[{"name":"wp","href":"https:\/\/api.w.org\/{rel}","templated":true}]}}