{"id":7179,"date":"2015-06-24T14:56:41","date_gmt":"2015-06-24T18:56:41","guid":{"rendered":"https:\/\/camrt.wpenginepowered.com\/fr\/?page_id=7179"},"modified":"2026-03-23T10:12:20","modified_gmt":"2026-03-23T14:12:20","slug":"conseil-dadministration-de-la-fondation-de-lactrm-et-liaisons-amp","status":"publish","type":"page","link":"https:\/\/camrt.ca\/fr\/a-propos-de-lactrm\/fondation-de-actrm\/conseil-dadministration-de-la-fondation-de-lactrm-et-liaisons-amp\/","title":{"rendered":"Conseil d&rsquo;administration de la Fondation de l&rsquo;ACTRM"},"content":{"rendered":"<h3>Conseil d&rsquo;administration de la Fondation de l&rsquo;ACTRM, 2025-2026<\/h3>\n<table border=\"0\" width=\"100%\" cellspacing=\"5\" cellpadding=\"3\">\n<tbody>\n<tr>\n<td valign=\"top\"><strong>Pr\u00e9sidente<\/strong><\/td>\n<td valign=\"top\">\u00a0Dorothy Bennett, t.e.r.<\/td>\n<\/tr>\n<tr>\n<td valign=\"top\"><strong>Pr\u00e9sidente sortante<\/strong><\/td>\n<td valign=\"top\">Melissa Sponagle, t.e.m.n., FACTRM<\/td>\n<\/tr>\n<tr>\n<td valign=\"top\"><strong>Tr\u00e9sori\u00e8re<\/strong><\/td>\n<td valign=\"top\">Kendall Fellinger, t.e.r. CTIC, CIR<\/td>\n<\/tr>\n<tr>\n<td valign=\"top\"><strong>Secr\u00e9taire g\u00e9n\u00e9ral<\/strong><\/td>\n<td valign=\"top\">Jackie Middleton, t.e.t.<\/td>\n<\/tr>\n<tr>\n<td valign=\"top\"><strong>Membre du conseil<\/strong><\/td>\n<td valign=\"top\">Janelle Hordos, t.e.t.<\/td>\n<\/tr>\n<tr>\n<td valign=\"top\"><strong>Membre du conseil<\/strong><\/td>\n<td valign=\"top\">Breanna Sebesten, t.e.r.<\/td>\n<\/tr>\n<tr>\n<td valign=\"top\"><strong>Membre du conseil<\/strong><\/td>\n<td valign=\"top\">Rebecca Snow, t.e.r., BHS, CTIC<\/td>\n<\/tr>\n<tr>\n<td valign=\"top\"><strong>Membre du conseil<\/strong><\/td>\n<td valign=\"top\">Vishall Vara, t.e.t.<\/td>\n<\/tr>\n<tr>\n<td valign=\"top\"><strong>Membre du conseil<\/strong><\/td>\n<td valign=\"top\">Livia Vitaterna, t.e.r.<\/td>\n<\/tr>\n<\/tbody>\n<\/table>\n<p>Vous pouvez communiquer avec les membres du Conseil ex\u00e9cutif \u00e0 : <a href=\"mailto:foundation@camrt.ca\">foundation@camrt.ca<\/a><\/p>\n","protected":false},"excerpt":{"rendered":"<p>Conseil d&rsquo;administration de la Fondation de l&rsquo;ACTRM, 2025-2026 Pr\u00e9sidente \u00a0Dorothy Bennett, t.e.r. Pr\u00e9sidente sortante Melissa Sponagle, t.e.m.n., FACTRM Tr\u00e9sori\u00e8re Kendall Fellinger, t.e.r. CTIC, CIR Secr\u00e9taire g\u00e9n\u00e9ral Jackie Middleton, t.e.t. Membre du conseil Janelle Hordos, t.e.t. Membre du conseil Breanna Sebesten, t.e.r. Membre du conseil Rebecca Snow, t.e.r., BHS, CTIC Membre du conseil Vishall Vara, t.e.t. [&hellip;]<\/p>\n","protected":false},"author":30,"featured_media":0,"parent":47018,"menu_order":0,"comment_status":"closed","ping_status":"closed","template":"","meta":{"_monsterinsights_skip_tracking":false,"_monsterinsights_sitenote_active":false,"_monsterinsights_sitenote_note":"","_monsterinsights_sitenote_category":0,"footnotes":""},"class_list":["post-7179","page","type-page","status-publish","hentry"],"_links":{"self":[{"href":"https:\/\/camrt.ca\/fr\/wp-json\/wp\/v2\/pages\/7179","targetHints":{"allow":["GET"]}}],"collection":[{"href":"https:\/\/camrt.ca\/fr\/wp-json\/wp\/v2\/pages"}],"about":[{"href":"https:\/\/camrt.ca\/fr\/wp-json\/wp\/v2\/types\/page"}],"author":[{"embeddable":true,"href":"https:\/\/camrt.ca\/fr\/wp-json\/wp\/v2\/users\/30"}],"replies":[{"embeddable":true,"href":"https:\/\/camrt.ca\/fr\/wp-json\/wp\/v2\/comments?post=7179"}],"version-history":[{"count":2,"href":"https:\/\/camrt.ca\/fr\/wp-json\/wp\/v2\/pages\/7179\/revisions"}],"predecessor-version":[{"id":61373,"href":"https:\/\/camrt.ca\/fr\/wp-json\/wp\/v2\/pages\/7179\/revisions\/61373"}],"up":[{"embeddable":true,"href":"https:\/\/camrt.ca\/fr\/wp-json\/wp\/v2\/pages\/47018"}],"wp:attachment":[{"href":"https:\/\/camrt.ca\/fr\/wp-json\/wp\/v2\/media?parent=7179"}],"curies":[{"name":"wp","href":"https:\/\/api.w.org\/{rel}","templated":true}]}}