{"id":7117,"date":"2015-05-19T14:55:49","date_gmt":"2015-05-19T18:55:49","guid":{"rendered":"https:\/\/camrt.wpenginepowered.com\/fr\/?page_id=7117"},"modified":"2015-06-11T13:15:46","modified_gmt":"2015-06-11T17:15:46","slug":"arp","status":"publish","type":"page","link":"https:\/\/camrt.ca\/fr\/adhesion\/avantages\/arp\/","title":{"rendered":"\u00c0 propos du programme de l\u2019ARP"},"content":{"rendered":"<h2><h2 class='border-title  '>Qu\u2019est-ce que l\u2019assurance responsabilit\u00e9 professionnelle (ARP)?<span><\/span><\/h2><\/h2>\n<p>L&rsquo;assurance responsabilit\u00e9 professionnelle (ARP) vous prot\u00e8ge contre la responsabilit\u00e9 ou les all\u00e9gations de responsabilit\u00e9 pour des blessures ou des dommages qui ont r\u00e9sult\u00e9 d&rsquo;un acte n\u00e9gligent, d&rsquo;une erreur, d&rsquo;une omission ou d&rsquo;une faute professionnelle qui a d\u00e9coul\u00e9 de votre capacit\u00e9 professionnelle en tant que technologue en radiation m\u00e9dicale. L&rsquo;ARP prot\u00e8ge les TRM en garantissant que votre d\u00e9fense juridique est coordonn\u00e9e et pay\u00e9e si une r\u00e9clamation est faite contre vous. Votre ARP couvre \u00e9galement le co\u00fbt de l&rsquo;indemnisation du client, ou des dommages.<\/p>\n<a href=\"https:\/\/camrt.wpenginepowered.com\/fr\/adhesion\/avantages\/arp\/couverture\/\" target=\"_blank\" class=\"dt-sc-button   small\">D\u00e9tails de la couverture<\/a> \u00a0 <a href=\"https:\/\/camrt.wpenginepowered.com\/fr\/adhesion\/avantages\/arp\/mythes\/\" target=\"_blank\" class=\"dt-sc-button   small\">Mythes communs<\/a> \u00a0 <a href=\"https:\/\/camrt.wpenginepowered.com\/fr\/adhesion\/avantages\/arp\/exemples-de-reclamations\/\" target=\"_blank\" class=\"dt-sc-button   small\">Exemples de r\u00e9clamations<\/a> \u00a0 <a href=\"https:\/\/camrt.wpenginepowered.com\/fr\/adhesion\/avantages\/arp\/conseils-juridiques\/\" target=\"_blank\" class=\"dt-sc-button   small\">En cas de r\u00e9clamation<\/a>\n<div class='dt-sc-hr-invisible-small'><\/div>\n<p>&nbsp;<\/p>\n<h2><h3 class='border-title  '>Incluse dans l\u2019adh\u00e9sion \u00e0 l\u2019ACTRM<span><\/span><\/h3><\/h2>\n<p>Offerte exclusivement aux membres de l&rsquo;Association canadienne des technologues en radiation m\u00e9dicale, l&rsquo;assurance responsabilit\u00e9 professionnelle de l&rsquo;ACTRM est une assurance personnelle de premi\u00e8re classe con\u00e7ue sp\u00e9cialement pour les TRM. L&rsquo;ACTRM fournit aux TRM une assurance responsabilit\u00e9 professionnelle depuis plus de 25 ans et, \u00e0 l&rsquo;heure actuelle, plus de 10 000 TRM au Canada profitent de la tranquillit\u00e9 d&rsquo;esprit qu&rsquo;offre notre programme d&rsquo;assurance responsabilit\u00e9 professionnelle. <strong>L&rsquo;assurance responsabilit\u00e9 civile professionnelle est offerte dans le cadre de l&rsquo;adh\u00e9sion \u00e0 part enti\u00e8re, de l&rsquo;adh\u00e9sion \u00e0 titre temporaire et de l&rsquo;adh\u00e9sion \u00e0 vie.<\/strong><\/p>\n<p><em>\u00c0 l&rsquo;attention des \u00e9chographistes diagnostiques :<\/em> Si vous \u00eates un technologue en radiation m\u00e9dicale agr\u00e9\u00e9 par l\u2019ACTRM exer\u00e7ant l\u2019\u00e9chographie diagnostique, le programme d\u2019assurance responsabilit\u00e9 professionnelle de l\u2019ACTRM couvrira votre exercice de cette profession dans la mesure o\u00f9 vous respectez les conditions d\u2019admissibilit\u00e9 \u00e0 l\u2019adh\u00e9sion.<\/p>\n<p><a href=\"https:\/\/camrt.wpenginepowered.com\/fr\/adhesion\/categories-adhesion-frais\/#categories_frais\">Devenez membre d\u00e8s aujourd\u2019hui<\/a>\u00a0pour obtenir des avantages tangibles, y compris la tranquillit\u00e9 d&rsquo;esprit que procure le fait de savoir que vous b\u00e9n\u00e9ficiez d\u2019une assurance responsabilit\u00e9 professionnelle compl\u00e8te.<\/p>\n<h2><h3 class='border-title  '>Points saillants de la police ARP de l\u2019ACTRM<span><\/span><\/h3><\/h2>\n<p>&nbsp;<\/p>\n<ul class='dt-sc-fancy-list   rounded-arrow'>\n<li>Une protection de 5 million de dollars qui r\u00e9pond et d\u00e9passe les exigences fix\u00e9es par les organismes de r\u00e9glementation provinciaux<\/li>\n<li>Couverture de la d\u00e9fense juridique r\u00e9glementaire (disciplinaire)<\/li>\n<li>Remboursement de la d\u00e9fense p\u00e9nale<\/li>\n<li>Il s&rsquo;agit d&rsquo;une assurance personnelle, c&rsquo;est-\u00e0-dire qu&rsquo;elle vous appartient et vous suit partout o\u00f9 vous travaillez au Canada.<\/li>\n<li>Conseils juridiques GRATUITS<\/li>\n<li>Comprend des extensions de police telles que:<\/li>\n<\/ul>\n<ul>\n<li style=\"list-style-type: none\">\n<ul>\n<li>Couverture de la perte de revenus<\/li>\n<li>Frais d&rsquo;audience du coroner<\/li>\n<li>Fonds de th\u00e9rapie et de conseil en cas d&rsquo;abus sexuel<\/li>\n<li>Couverture pendant la retraite<\/li>\n<\/ul>\n<\/li>\n<\/ul>\n<h2><h3 class='border-title  '>Pourquoi vous avez besoin d\u2019une assurance responsabilit\u00e9 professionnelle \u2013 prot\u00e9gez-vous<span><\/span><\/h3><\/h2>\n<p>La raison pour laquelle les professionnels de la sant\u00e9 ont besoin d\u2019une assurance responsabilit\u00e9 professionnelle est fort simple. Dans notre syst\u00e8me juridique, s\u2019il est all\u00e9gu\u00e9 que vous avez fait ou omis de faire quelque chose et que cela est consid\u00e9r\u00e9 comme un \u00e9cart par rapport \u00e0 la norme de soins dans notre profession, et que cet \u00e9cart cause des dommages, il est probable que quelqu\u2019un vous poursuivra. Si vous \u00eates poursuivi, que vous ayez \u00e9t\u00e9 n\u00e9gligent ou non, vous devrez vous d\u00e9fendre. Il s\u2019agit de l\u2019une des d\u00e9penses couvertes par une assurance responsabilit\u00e9 professionnelle. Beaucoup de gens qui ne se pr\u00e9occupent pas de cette r\u00e9alit\u00e9 ne savent pas \u00e0 quel point une d\u00e9fense juridique peut \u00eatre co\u00fbteuse.<\/p>\n<p>Une poursuite en responsabilit\u00e9 professionnelle peut \u00eatre d\u00e9vastatrice financi\u00e8rement pour un TRM qui ne dispose pas d\u2019une assurance ad\u00e9quate pour obtenir les services d\u2019un avocat. M\u00eame des all\u00e9gations frivoles peuvent entra\u00eener des frais juridiques importants, et le nombre de ces all\u00e9gations est en hausse. Ne pas \u00eatre en mesure de d\u00e9fendre votre r\u00e9putation professionnelle ou votre accr\u00e9ditation pourrait m\u00eame mener \u00e0 la perte d\u2019emploi. Le programme d\u2019assurance responsabilit\u00e9 professionnelle de l\u2019ACTRM vous prot\u00e8ge en cas de r\u00e9clamation.<\/p>\n<p>&nbsp;<\/p>\n<h4><strong>Les organismes de r\u00e9glementation l&rsquo;exigent<\/strong><\/h4>\n<p>Tous les technologues en radiation m\u00e9dicale titulaires d&rsquo;un permis d&rsquo;exercice dans les provinces de l&rsquo;Alberta, de l&rsquo;\u00cele-du-Prince-\u00c9douard, du Nouveau-Brunswick, de la Nouvelle-\u00c9cosse, de l&rsquo;Ontario, du Qu\u00e9bec et de la Saskatchewan doivent d\u00e9tenir une assurance responsabilit\u00e9 professionnelle, <u>comme le pr\u00e9cise l&rsquo;organisme de r\u00e9glementation <\/u>de cette province. L&rsquo;ARP compl\u00e8te comprise dans l&rsquo;adh\u00e9sion \u00e0 l&rsquo;ACTRM satisfait ou d\u00e9passe toutes les exigences minimales en mati\u00e8re d&rsquo;ARP \u00e9tablies par les organismes de r\u00e9glementation de ces provinces.<\/p>\n<h2><h3 class='border-title  '>Les polices ne sont pas toutes \u00e9quivalentes!<span><\/span><\/h3><\/h2>\n<p>Les employeurs et les syndicats peuvent proposer des assurances, MAIS toutes les polices ne sont pas \u00e9quivalentes. D&rsquo;autres polices peuvent vous rendre vuln\u00e9rable en cas de sinistre. L&rsquo;adh\u00e9sion \u00e0 l&rsquo;ACTRM vous prot\u00e8ge.<\/p>\n<p>Si votre employeur indique offrir une assurance responsabilit\u00e9 professionnelle, assurez-vous de bien v\u00e9rifier l&rsquo;\u00e9tendue de cette protection.<\/p>\n<p>&nbsp;<\/p>\n<p>Points \u00e0 consid\u00e9rer\u00a0:<\/p>\n<ul class='dt-sc-fancy-list   rounded-arrow'>\n<li>La police couvre-t-elle les audiences devant votre organisme de r\u00e9glementation ou de votre organisation provinciale? La majorit\u00e9 des r\u00e9clamations sont faites par l&rsquo;interm\u00e9diaire des organismes de r\u00e9glementation provinciaux et de nombreux programmes d&rsquo;assurance ne comprennent pas de couverture aupr\u00e8s des organismes de r\u00e9glementation.<\/li>\n<li>L\u2019assurance comprend-elle une assurance de d\u00e9fense juridique pour les poursuites judiciaires intent\u00e9es en vertu du Code criminel?<\/li>\n<li>L&rsquo;assurance de votre employeur vous couvrira-t-elle toujours en cas de cong\u00e9diement \u00e0 la suite d&rsquo;un incident? Probablement pas.<\/li>\n<li>L\u2019assurance de votre employeur est-elle un pool de couverture partag\u00e9e? S&rsquo;il y a une r\u00e9clamation importante qui implique plusieurs personnes dans votre h\u00f4pital, il se peut qu&rsquo;il n&rsquo;y ait pas assez d&rsquo;argent pour couvrir toutes les personnes nomm\u00e9es dans la r\u00e9clamation, ce qui pourrait vous laisser sans protection.<\/li>\n<\/ul>\n<p>Avec l\u2019assurance responsabilit\u00e9 professionnelle de l&rsquo;ACTRM, vous n&rsquo;avez pas \u00e0 vous soucier de ce qui pr\u00e9c\u00e8de. Notre police couvre tout cela et plus encore.<\/p>\n<p>&nbsp;<\/p>\n<p>T\u00e9l\u00e9chargez ce tableau comparatif pour comparer notre programme d\u2019assurance responsabilit\u00e9 professionnelle \u00e0 d&rsquo;autres.<\/p>\n<a href=\"https:\/\/camrt.ca\/wp-content\/uploads\/2023\/01\/CAMRT_PLI-Comparison_Chart_2023-1.pdf\" target=\"_blank\" class=\"dt-sc-button   small\">Tableau comparatif ARP<\/a>\n<div class='dt-sc-hr-invisible-small'><\/div>\n<p><iframe loading=\"lazy\" title=\"Assurance Responsabilit\u00e9 Professionnelle: avec l&#039;ACTRM, vous \u00eates couvert\" width=\"1170\" height=\"658\" src=\"https:\/\/www.youtube.com\/embed\/LR-WbU2K8R0?feature=oembed&#038;wmode=opaque\" frameborder=\"0\" allow=\"accelerometer; autoplay; clipboard-write; encrypted-media; gyroscope; picture-in-picture; web-share\" allowfullscreen><\/iframe><\/p>\n","protected":false},"excerpt":{"rendered":"<p>L&rsquo;assurance responsabilit\u00e9 professionnelle (ARP) vous prot\u00e8ge contre la responsabilit\u00e9 ou les all\u00e9gations de responsabilit\u00e9 pour des blessures ou des dommages qui ont r\u00e9sult\u00e9 d&rsquo;un acte n\u00e9gligent, d&rsquo;une erreur, d&rsquo;une omission [&hellip;]<\/p>\n","protected":false},"author":30,"featured_media":0,"parent":47025,"menu_order":0,"comment_status":"closed","ping_status":"closed","template":"","meta":{"_monsterinsights_skip_tracking":false,"_monsterinsights_sitenote_active":false,"_monsterinsights_sitenote_note":"","_monsterinsights_sitenote_category":0,"footnotes":""},"class_list":["post-7117","page","type-page","status-publish","hentry"],"_links":{"self":[{"href":"https:\/\/camrt.ca\/fr\/wp-json\/wp\/v2\/pages\/7117","targetHints":{"allow":["GET"]}}],"collection":[{"href":"https:\/\/camrt.ca\/fr\/wp-json\/wp\/v2\/pages"}],"about":[{"href":"https:\/\/camrt.ca\/fr\/wp-json\/wp\/v2\/types\/page"}],"author":[{"embeddable":true,"href":"https:\/\/camrt.ca\/fr\/wp-json\/wp\/v2\/users\/30"}],"replies":[{"embeddable":true,"href":"https:\/\/camrt.ca\/fr\/wp-json\/wp\/v2\/comments?post=7117"}],"version-history":[{"count":0,"href":"https:\/\/camrt.ca\/fr\/wp-json\/wp\/v2\/pages\/7117\/revisions"}],"up":[{"embeddable":true,"href":"https:\/\/camrt.ca\/fr\/wp-json\/wp\/v2\/pages\/47025"}],"wp:attachment":[{"href":"https:\/\/camrt.ca\/fr\/wp-json\/wp\/v2\/media?parent=7117"}],"curies":[{"name":"wp","href":"https:\/\/api.w.org\/{rel}","templated":true}]}}