{"id":7113,"date":"2015-06-11T13:25:59","date_gmt":"2015-06-11T17:25:59","guid":{"rendered":"https:\/\/camrt.wpenginepowered.com\/fr\/?page_id=7113"},"modified":"2015-06-11T13:25:59","modified_gmt":"2015-06-11T17:25:59","slug":"une-protection-qui-vous-suit-ou-que-vous-alliez","status":"publish","type":"page","link":"https:\/\/camrt.ca\/fr\/adhesion\/avantages\/arp\/une-protection-qui-vous-suit-ou-que-vous-alliez\/","title":{"rendered":"Une protection qui vous suit o\u00f9 que vous alliez\u2026"},"content":{"rendered":"<p>Le programme d\u2019assurance responsabilit\u00e9 professionnelle (ARP) de l\u2019ACTRM offre plusieurs am\u00e9liorations en 2014. Ces nouveaux avantages sont offerts sans frais suppl\u00e9mentaires et exclusivement aux membres de l\u2019ACTRM. En voici les points saillants\u00a0:<\/p>\n<ul class='dt-sc-fancy-list   rounded-arrow'>\n<li>la couverture de base d\u2019assurance responsabilit\u00e9 professionnelle double et passe \u00e0 deux millions de dollars par r\u00e9clamation;<\/li>\n<li>les frais de d\u00e9fense sont maintenant exclus de la limite;<\/li>\n<li>le remboursement des frais juridiques;<\/li>\n<li>la protection pour perte de revenu;<\/li>\n<li>p\u00e9riode de prolongation prolong\u00e9e illimit\u00e9e;<\/li>\n<li>ajout d\u2019une protection d\u2019assurance responsabilit\u00e9 relative \u00e0 la cyberprotection de la vie priv\u00e9e<\/li>\n<li>ajout d\u2019une protection contre la perte de documents<\/li>\n<\/ul>\n<p>La liste compl\u00e8te des am\u00e9liorations au programme est disponible <u>ici<\/u>. Pour plus d\u2019information sur le programme d\u2019ARP ou pour signaler un incident: BMS Risques sp\u00e9cialis\u00e9s Sans frais\u00a0: 1-855-318-6558 Courriel\u00a0: <a href=\"mailto:camrt.insurance@bmsgroup.com\">camrt.insurance@bmsgroup.com<\/a><\/p>\n<p><strong>\u00a0<\/strong><\/p>\n","protected":false},"excerpt":{"rendered":"<p>Le programme d\u2019assurance responsabilit\u00e9 professionnelle (ARP) de l\u2019ACTRM offre plusieurs am\u00e9liorations en 2014. Ces nouveaux avantages sont offerts sans frais suppl\u00e9mentaires et exclusivement aux membres de l\u2019ACTRM. En voici les [&hellip;]<\/p>\n","protected":false},"author":30,"featured_media":0,"parent":7117,"menu_order":0,"comment_status":"open","ping_status":"open","template":"","meta":{"_monsterinsights_skip_tracking":false,"_monsterinsights_sitenote_active":false,"_monsterinsights_sitenote_note":"","_monsterinsights_sitenote_category":0,"footnotes":""},"class_list":["post-7113","page","type-page","status-publish","hentry"],"_links":{"self":[{"href":"https:\/\/camrt.ca\/fr\/wp-json\/wp\/v2\/pages\/7113","targetHints":{"allow":["GET"]}}],"collection":[{"href":"https:\/\/camrt.ca\/fr\/wp-json\/wp\/v2\/pages"}],"about":[{"href":"https:\/\/camrt.ca\/fr\/wp-json\/wp\/v2\/types\/page"}],"author":[{"embeddable":true,"href":"https:\/\/camrt.ca\/fr\/wp-json\/wp\/v2\/users\/30"}],"replies":[{"embeddable":true,"href":"https:\/\/camrt.ca\/fr\/wp-json\/wp\/v2\/comments?post=7113"}],"version-history":[{"count":0,"href":"https:\/\/camrt.ca\/fr\/wp-json\/wp\/v2\/pages\/7113\/revisions"}],"up":[{"embeddable":true,"href":"https:\/\/camrt.ca\/fr\/wp-json\/wp\/v2\/pages\/7117"}],"wp:attachment":[{"href":"https:\/\/camrt.ca\/fr\/wp-json\/wp\/v2\/media?parent=7113"}],"curies":[{"name":"wp","href":"https:\/\/api.w.org\/{rel}","templated":true}]}}