{"id":7111,"date":"2015-06-11T13:28:21","date_gmt":"2015-06-11T17:28:21","guid":{"rendered":"https:\/\/camrt.wpenginepowered.com\/fr\/?page_id=7111"},"modified":"2015-06-11T13:28:21","modified_gmt":"2015-06-11T17:28:21","slug":"admissibilite","status":"publish","type":"page","link":"https:\/\/camrt.ca\/fr\/adhesion\/avantages\/arp\/admissibilite\/","title":{"rendered":"Admissibilit\u00e9"},"content":{"rendered":"<p>Notre assurance responsabilit\u00e9 professionnelle est automatiquement incluse dans le co\u00fbt de l\u2019adh\u00e9sion \u00e0 titre de membre \u00e0 part enti\u00e8re, membre en exercice limit\u00e9e, membre \u00e0 vie ou membre temporaire de l\u2019ACTRM et de votre association provinciale. Pour plus d\u2019information sur l\u2019adh\u00e9sion \u00e0 l\u2019ACTRM, veuillez <a href=\"http:\/\/www.actrm.ca\/ladhesion\/\">cliquer ici<\/a>.<\/p>\n<p><strong>Technologues en \u00e9chographie diagnostique:<\/strong><\/p>\n<p>Si vous \u00eates un technologue en radiation m\u00e9dicale agr\u00e9\u00e9 par l\u2019ACTRM exer\u00e7ant <strong>l\u2019\u00e9chographie <\/strong>diagnostique, le programme d\u2019assurance responsabilit\u00e9 professionnelle de l\u2019ACTRM couvrira votre exercice de cette profession dans la mesure o\u00f9 vous respectez les conditions d\u2019admissibilit\u00e9 \u00e0 l\u2019adh\u00e9sion.<\/p>\n","protected":false},"excerpt":{"rendered":"<p>Notre assurance responsabilit\u00e9 professionnelle est automatiquement incluse dans le co\u00fbt de l\u2019adh\u00e9sion \u00e0 titre de membre \u00e0 part enti\u00e8re, membre en exercice limit\u00e9e, membre \u00e0 vie ou membre temporaire de [&hellip;]<\/p>\n","protected":false},"author":30,"featured_media":0,"parent":7117,"menu_order":0,"comment_status":"open","ping_status":"open","template":"","meta":{"_monsterinsights_skip_tracking":false,"_monsterinsights_sitenote_active":false,"_monsterinsights_sitenote_note":"","_monsterinsights_sitenote_category":0,"footnotes":""},"class_list":["post-7111","page","type-page","status-publish","hentry"],"_links":{"self":[{"href":"https:\/\/camrt.ca\/fr\/wp-json\/wp\/v2\/pages\/7111","targetHints":{"allow":["GET"]}}],"collection":[{"href":"https:\/\/camrt.ca\/fr\/wp-json\/wp\/v2\/pages"}],"about":[{"href":"https:\/\/camrt.ca\/fr\/wp-json\/wp\/v2\/types\/page"}],"author":[{"embeddable":true,"href":"https:\/\/camrt.ca\/fr\/wp-json\/wp\/v2\/users\/30"}],"replies":[{"embeddable":true,"href":"https:\/\/camrt.ca\/fr\/wp-json\/wp\/v2\/comments?post=7111"}],"version-history":[{"count":0,"href":"https:\/\/camrt.ca\/fr\/wp-json\/wp\/v2\/pages\/7111\/revisions"}],"up":[{"embeddable":true,"href":"https:\/\/camrt.ca\/fr\/wp-json\/wp\/v2\/pages\/7117"}],"wp:attachment":[{"href":"https:\/\/camrt.ca\/fr\/wp-json\/wp\/v2\/media?parent=7111"}],"curies":[{"name":"wp","href":"https:\/\/api.w.org\/{rel}","templated":true}]}}