{"id":7101,"date":"2015-06-11T13:45:29","date_gmt":"2015-06-11T17:45:29","guid":{"rendered":"https:\/\/camrt.wpenginepowered.com\/fr\/?page_id=7101"},"modified":"2015-06-11T13:45:29","modified_gmt":"2015-06-11T17:45:29","slug":"exemples-de-reclamations","status":"publish","type":"page","link":"https:\/\/camrt.ca\/fr\/adhesion\/avantages\/arp\/exemples-de-reclamations\/","title":{"rendered":"Exemples de r\u00e9clamations"},"content":{"rendered":"<h2><h3 class='border-title  '>Sc\u00e9nario de n\u00e9gligence (tribunaux civils):<span><\/span><\/h3><\/h2>\n<p>Un patient all\u00e8gue avoir subi des blessures en raison d\u2019un manque d\u2019attention\/de n\u00e9gligence pendant un examen radiographique et retient les services d\u2019un avocat pour d\u00e9poser une poursuite en dommages.<\/p>\n<ul class='dt-sc-fancy-list   rounded-arrow'>\n<li>L\u2019assureur retient les services d\u2019un expert qui fait enqu\u00eate et constate que le technologue a effectivement \u00e9t\u00e9 n\u00e9gligent.<\/li>\n<li>L\u2019assureur a pay\u00e9 <strong>5\u00a0500\u00a0$ <\/strong>(indemnisation pour blessures + 1\u00a0424\u00a0$ de frais d\u2019expertise)<\/li>\n<\/ul>\n<h2><h3 class='border-title  '>Sc\u00e9nario disciplinaire n<sup>o<\/sup>\u00a01:<span><\/span><\/h3><\/h2>\n<p>Une patiente \u00e2g\u00e9e d\u00e9pose une plainte aupr\u00e8s de l\u2019Ordre all\u00e9guant que la technologue l\u2019a brusqu\u00e9e et l\u2019a bless\u00e9e pendant l\u2019ex\u00e9cution d\u2019un examen de tomodensitom\u00e9trie.<\/p>\n<ul class='dt-sc-fancy-list   rounded-arrow'>\n<li>L\u2019avocat a aid\u00e9 la technologue \u00e0 r\u00e9pondre \u00e0 l\u2019Ordre et assist\u00e9 \u00e0 la rencontre avec le repr\u00e9sentant de l\u2019Ordre pour \u00e9tudier le bien-fond\u00e9 de la plainte.<\/li>\n<li>L\u2019Ordre a statu\u00e9 que la plainte n\u2019\u00e9tait pas fond\u00e9e.<\/li>\n<li>L\u2019assureur a pay\u00e9 <strong>9\u00a0735\u00a0$ <\/strong>en frais juridiques.<\/li>\n<\/ul>\n<h2><h3 class='border-title  '>Sc\u00e9nario disciplinaire n<sup>o<\/sup>\u00a02:<span><\/span><\/h3><\/h2>\n<p>Une patiente d\u00e9pose une plainte aupr\u00e8s de l\u2019Ordre, all\u00e9guant que le technologue l\u2019a touch\u00e9e de mani\u00e8re inappropri\u00e9e durant une s\u00e9ance de radiographie et qu\u2019elle s\u2019est sentie mal \u00e0 l\u2019aise face \u00e0 la fa\u00e7on dont elle a \u00e9t\u00e9 trait\u00e9e durant l\u2019examen.<\/p>\n<ul class='dt-sc-fancy-list   rounded-arrow'>\n<li>Le membre assur\u00e9 a retenu les services d\u2019un avocat pour l\u2019aider \u00e0 r\u00e9pondre \u00e0 l\u2019Ordre et assister \u00e0 l\u2019audience disciplinaire.<\/li>\n<li>L\u2019Ordre a conclu que le membre n\u2019avait pas fait preuve d\u2019inconduite professionnelle.<\/li>\n<li>L\u2019assureur a pay\u00e9 <strong>12\u00a0125\u00a0$ <\/strong>en frais juridiques.<\/li>\n<\/ul>\n<h2><h3 class='border-title  '>Sc\u00e9nario penal:<span><\/span><\/h3><\/h2>\n<p>La patiente du sc\u00e9nario pr\u00e9c\u00e9dent a \u00e9galement d\u00e9pos\u00e9 une plainte pour agression sexuelle en vertu du Code criminel.<\/p>\n<ul class='dt-sc-fancy-list   rounded-arrow'>\n<li>Le programme d\u2019ARP de l\u2019ACTRM comporte un \u00e9largissement pour les frais de d\u00e9fense p\u00e9nale (ce qui n\u2019est souvent pas le cas pour les r\u00e9gimes offerts par un employeur ou un syndicat).<\/li>\n<\/ul>\n<h2><h3 class='border-title  '>Autres exemples de r\u00e9clamations fr\u00e9quentes<span><\/span><\/h3><\/h2>\n<p>&nbsp;<\/p>\n<ul class='dt-sc-fancy-list   rounded-arrow'>\n<li>Tomber d\u2019une table ou d\u2019un tabouret pendant une proc\u00e9dure et s\u2019infliger des blessures<\/li>\n<li>Erreur dans l\u2019information donn\u00e9e au patient pour obtenir le consentement \u00e9clair\u00e9<\/li>\n<li>Traitement au mauvais patient (erreur d\u2019identification du patient)<\/li>\n<li>Transmission d\u2019information sans le consentement du patient<\/li>\n<li>Accusation d\u2019inconduite sexuelle apr\u00e8s avoir touch\u00e9 un organe sexuel par inadvertance<\/li>\n<li>Imagerie du mauvais membre<\/li>\n<li>Traitement par radioth\u00e9rapie de la mauvaise partie du corps<\/li>\n<li>Divulgation de renseignements contenus dans le dossier du patient<\/li>\n<li>Causer une blessure au patient en le soulevant<\/li>\n<li>Probl\u00e8me avec un implant mammaire pendant la radioth\u00e9rapie ou la mammographie<\/li>\n<li>Attitude non professionnelle, ton de voix, etc.<\/li>\n<\/ul>\n","protected":false},"excerpt":{"rendered":"<p>&nbsp;<\/p>\n","protected":false},"author":30,"featured_media":0,"parent":7117,"menu_order":0,"comment_status":"open","ping_status":"open","template":"","meta":{"_monsterinsights_skip_tracking":false,"_monsterinsights_sitenote_active":false,"_monsterinsights_sitenote_note":"","_monsterinsights_sitenote_category":0,"footnotes":""},"class_list":["post-7101","page","type-page","status-publish","hentry"],"_links":{"self":[{"href":"https:\/\/camrt.ca\/fr\/wp-json\/wp\/v2\/pages\/7101","targetHints":{"allow":["GET"]}}],"collection":[{"href":"https:\/\/camrt.ca\/fr\/wp-json\/wp\/v2\/pages"}],"about":[{"href":"https:\/\/camrt.ca\/fr\/wp-json\/wp\/v2\/types\/page"}],"author":[{"embeddable":true,"href":"https:\/\/camrt.ca\/fr\/wp-json\/wp\/v2\/users\/30"}],"replies":[{"embeddable":true,"href":"https:\/\/camrt.ca\/fr\/wp-json\/wp\/v2\/comments?post=7101"}],"version-history":[{"count":0,"href":"https:\/\/camrt.ca\/fr\/wp-json\/wp\/v2\/pages\/7101\/revisions"}],"up":[{"embeddable":true,"href":"https:\/\/camrt.ca\/fr\/wp-json\/wp\/v2\/pages\/7117"}],"wp:attachment":[{"href":"https:\/\/camrt.ca\/fr\/wp-json\/wp\/v2\/media?parent=7101"}],"curies":[{"name":"wp","href":"https:\/\/api.w.org\/{rel}","templated":true}]}}