{"id":7099,"date":"2015-06-11T13:47:30","date_gmt":"2015-06-11T17:47:30","guid":{"rendered":"https:\/\/camrt.wpenginepowered.com\/fr\/?page_id=7099"},"modified":"2015-06-11T13:47:30","modified_gmt":"2015-06-11T17:47:30","slug":"hpia","status":"publish","type":"page","link":"https:\/\/camrt.ca\/fr\/adhesion\/avantages\/arp\/hpia\/","title":{"rendered":"HPIA"},"content":{"rendered":"<h2>Par les membres, pour les membres<\/h2>\n<p>Avec d\u2019autres associations nationales de professionnels de la sant\u00e9, l\u2019ACTRM est membre de l\u2019Healthcare Professionals Insurance Alliance (HPIA). HPIA est la structure la plus efficace, efficiente, durable et mutuellement b\u00e9n\u00e9fique pour prot\u00e9ger et s\u00e9curiser les membres de l\u2019ACTRM et leur offrir une protection d\u2019assurance responsabilit\u00e9 professionnelle.<\/p>\n<p>L\u2019adh\u00e9sion \u00e0 HPIA signifie que le volume collectif de participants nous permet d\u2019adopter un mod\u00e8le dans lequel nos programmes d\u2019assurance sont con\u00e7us par les membres, pour les membres, avec un accent sur la gestion du risque, des garanties exclusives et une protection sp\u00e9cialis\u00e9e qui r\u00e9pondent aux risques et aux besoins particuliers des technologues en radiation m\u00e9dicale. Cela fait en sorte que la participation et la gestion des risques ont des r\u00e9percussions positives directes sur le programme, au lieu que la totalit\u00e9 des b\u00e9n\u00e9fices aille \u00e0 l\u2019industrie de l\u2019assurance. Les membres re\u00e7oivent des conseils juridiques sp\u00e9cialis\u00e9s et des ressources de gestion des risques bas\u00e9es sur les tendances observ\u00e9es dans notre profession.<\/p>\n<p>&nbsp;<\/p>\n","protected":false},"excerpt":{"rendered":"<p>Par les membres, pour les membres Avec d\u2019autres associations nationales de professionnels de la sant\u00e9, l\u2019ACTRM est membre de l\u2019Healthcare Professionals Insurance Alliance (HPIA). HPIA est la structure la plus efficace, efficiente, durable et mutuellement b\u00e9n\u00e9fique pour prot\u00e9ger et s\u00e9curiser les membres de l\u2019ACTRM et leur offrir une protection d\u2019assurance responsabilit\u00e9 professionnelle. L\u2019adh\u00e9sion \u00e0 HPIA [&hellip;]<\/p>\n","protected":false},"author":30,"featured_media":0,"parent":7117,"menu_order":0,"comment_status":"open","ping_status":"open","template":"","meta":{"_monsterinsights_skip_tracking":false,"_monsterinsights_sitenote_active":false,"_monsterinsights_sitenote_note":"","_monsterinsights_sitenote_category":0,"footnotes":""},"class_list":["post-7099","page","type-page","status-publish","hentry"],"_links":{"self":[{"href":"https:\/\/camrt.ca\/fr\/wp-json\/wp\/v2\/pages\/7099","targetHints":{"allow":["GET"]}}],"collection":[{"href":"https:\/\/camrt.ca\/fr\/wp-json\/wp\/v2\/pages"}],"about":[{"href":"https:\/\/camrt.ca\/fr\/wp-json\/wp\/v2\/types\/page"}],"author":[{"embeddable":true,"href":"https:\/\/camrt.ca\/fr\/wp-json\/wp\/v2\/users\/30"}],"replies":[{"embeddable":true,"href":"https:\/\/camrt.ca\/fr\/wp-json\/wp\/v2\/comments?post=7099"}],"version-history":[{"count":0,"href":"https:\/\/camrt.ca\/fr\/wp-json\/wp\/v2\/pages\/7099\/revisions"}],"up":[{"embeddable":true,"href":"https:\/\/camrt.ca\/fr\/wp-json\/wp\/v2\/pages\/7117"}],"wp:attachment":[{"href":"https:\/\/camrt.ca\/fr\/wp-json\/wp\/v2\/media?parent=7099"}],"curies":[{"name":"wp","href":"https:\/\/api.w.org\/{rel}","templated":true}]}}