{"id":6557,"date":"2016-04-20T11:04:00","date_gmt":"2016-04-20T15:04:00","guid":{"rendered":"https:\/\/camrt.wpenginepowered.com\/fr\/?page_id=6557"},"modified":"2015-03-30T11:26:44","modified_gmt":"2015-03-30T15:26:44","slug":"programme-dagrement-des-credits-de-formation-continue","status":"publish","type":"page","link":"https:\/\/camrt.ca\/fr\/perfectionnement-professionnel\/programme-dagrement-des-credits-de-formation-continue\/","title":{"rendered":"Programme d\u2019agr\u00e9ment des cr\u00e9dits de formation continue"},"content":{"rendered":"<h3 style=\"text-align: justify\"><strong>Am\u00e9liorez la valeur et augmentez la port\u00e9e de vos activit\u00e9s de formation<\/strong><\/h3>\n<p style=\"text-align: justify\">Le Programme d\u2019agr\u00e9ment des cr\u00e9dits de formation continue (PACFP) est un processus qui assure la tenue d\u2019activit\u00e9s de formation de grande qualit\u00e9 aux technologues en radiation m\u00e9dicale (TRM) au Canada. Les processus de ce programme ont \u00e9t\u00e9 mis \u00e0 jour r\u00e9cemment afin de mieux refl\u00e9ter les possibilit\u00e9s actuelles de formation qui contribuent au maintien de la comp\u00e9tence et au perfectionnement personnel\/professionnel des TRM.<\/p>\n<p style=\"text-align: justify\"><strong>Avantages du PACFC<\/strong><\/p>\n<p style=\"text-align: justify\"><ul class='dt-sc-fancy-list   rounded-arrow'>\n<li style=\"text-align: justify\">Cette accr\u00e9ditation indique \u00e0 vos participants que l&rsquo;activit\u00e9 r\u00e9pond \u00e0 des normes \u00e9ducatives \u00e9lev\u00e9es.<\/li>\n<li style=\"text-align: justify\">L&rsquo;obtention de l&rsquo;approbation est facile et se fait en collaboration !<\/li>\n<li style=\"text-align: justify\">Vous b\u00e9n\u00e9ficierez d&rsquo;une inscription gratuite dans le <a href=\"https:\/\/repository.camrt.ca\/fr\/\">r\u00e9pertoire de PPC<\/a> et pourrez faire conna\u00eetre votre activit\u00e9 comme \u00e9tant approuv\u00e9e par l&rsquo;ACTRM-PACFC.<\/li>\n<li style=\"text-align: justify\">Satisfaction des exigences en mati\u00e8re de formation continue \u00e9tablies par les associations ou les organismes de r\u00e9glementation provinciaux, dont l\u2019ARRT. Une fois approuv\u00e9e, votre activit\u00e9 r\u00e9pondra aux exigences de formation continue \u00e9tablies par les associations provinciales ou les organismes de r\u00e9glementation, y compris l&rsquo;ARRT, de sorte que les TRM sauront que le fait de participer \u00e0 votre activit\u00e9 leur est directement b\u00e9n\u00e9fique.<\/li>\n<\/ul>\n<p style=\"text-align: justify\">\n<p>Le PACFC d\u00e9montre son engagement \u00e0 fournir un PPC examin\u00e9 par des pairs, ce qui am\u00e9liore les connaissances professionnelles, les comp\u00e9tences et le jugement.<\/p>\n<p>Pour plus de d\u00e9tails, t\u00e9l\u00e9charger le <strong><a href=\"https:\/\/camrt.wpenginepowered.com\/fr\/wp-content\/uploads\/sites\/3\/2023\/03\/CECAP-Handbook-2023.pdf\">Manuel PACFC<\/a><\/strong>. Veuillez noter que ce manuel est disponible en anglais seulement.<\/p>\n<p>Tous les d\u00e9tails se trouvent dans le manuel, mais une <strong><a href=\"https:\/\/camrt.wpenginepowered.com\/fr\/wp-content\/uploads\/sites\/3\/2023\/03\/CECAP-Application-Form.pdf\">demande<\/a><\/strong> n\u00e9cessite g\u00e9n\u00e9ralement les \u00e9l\u00e9ments suivants :<\/p>\n<p style=\"text-align: justify\"><ul class='dt-sc-fancy-list   rounded-arrow'>\n<li>le plan\/programme de l&rsquo;activit\u00e9<\/li>\n<li>le date\/titre de l&rsquo;activit\u00e9<\/li>\n<li>le nom du sponsor (organisateur)<\/li>\n<li>les noms et d\u00e9signations\/qualifications des auteurs, leurs employeurs<\/li>\n<li>les objectifs d&rsquo;apprentissage des sessions<\/li>\n<li>la m\u00e9thode de suivi de la participation<\/li>\n<li>s&rsquo;il s&rsquo;agit d&rsquo;un cours : un programme d\u00e9taill\u00e9 \u00e0 examiner (ce cours est-il dispens\u00e9 en direct (dans une salle de classe) ? S&rsquo;agit-il d&rsquo;un cours \u00e0 la demande ? Un webinaire ? Quelle en est la dur\u00e9e ?)<\/li>\n<\/ul>\n<p>Pour plus d\u2019informations sur le PACFC ou si vous avez des questions ou si vous avez besoin de cr\u00e9dits \u201cNon-Category A\u201d, veuillez contacter <strong><a href=\"mailto:cecap@camrt.ca\">cecap@camrt.ca<\/a><\/strong>.<\/p>\n","protected":false},"excerpt":{"rendered":"<p>Am\u00e9liorez la valeur et augmentez la port\u00e9e de vos activit\u00e9s de formation Le Programme d\u2019agr\u00e9ment des cr\u00e9dits de formation continue (PACFP) est un processus qui assure la tenue d\u2019activit\u00e9s de [&hellip;]<\/p>\n","protected":false},"author":30,"featured_media":0,"parent":47008,"menu_order":6,"comment_status":"closed","ping_status":"closed","template":"","meta":{"_monsterinsights_skip_tracking":false,"_monsterinsights_sitenote_active":false,"_monsterinsights_sitenote_note":"","_monsterinsights_sitenote_category":0,"footnotes":""},"class_list":["post-6557","page","type-page","status-publish","hentry"],"_links":{"self":[{"href":"https:\/\/camrt.ca\/fr\/wp-json\/wp\/v2\/pages\/6557","targetHints":{"allow":["GET"]}}],"collection":[{"href":"https:\/\/camrt.ca\/fr\/wp-json\/wp\/v2\/pages"}],"about":[{"href":"https:\/\/camrt.ca\/fr\/wp-json\/wp\/v2\/types\/page"}],"author":[{"embeddable":true,"href":"https:\/\/camrt.ca\/fr\/wp-json\/wp\/v2\/users\/30"}],"replies":[{"embeddable":true,"href":"https:\/\/camrt.ca\/fr\/wp-json\/wp\/v2\/comments?post=6557"}],"version-history":[{"count":0,"href":"https:\/\/camrt.ca\/fr\/wp-json\/wp\/v2\/pages\/6557\/revisions"}],"up":[{"embeddable":true,"href":"https:\/\/camrt.ca\/fr\/wp-json\/wp\/v2\/pages\/47008"}],"wp:attachment":[{"href":"https:\/\/camrt.ca\/fr\/wp-json\/wp\/v2\/media?parent=6557"}],"curies":[{"name":"wp","href":"https:\/\/api.w.org\/{rel}","templated":true}]}}