{"id":6539,"date":"2015-03-26T09:40:43","date_gmt":"2015-03-26T13:40:43","guid":{"rendered":"https:\/\/camrt.wpenginepowered.com\/fr\/?page_id=6539"},"modified":"2026-02-25T12:59:40","modified_gmt":"2026-02-25T17:59:40","slug":"programmes-de-certificats","status":"publish","type":"page","link":"https:\/\/camrt.ca\/fr\/perfectionnement-professionnel\/programmes-de-certificats\/","title":{"rendered":"Programmes de certificats"},"content":{"rendered":"<h3 style=\"text-align: justify;\">Valeur d\u2019un programme de certificat<\/h3>\n<p style=\"text-align: justify;\">Un programme de certificat fournit un m\u00e9canisme servant \u00e0 d\u00e9montrer les connaissances et la comp\u00e9tence dans un champ d\u2019exercice, favorise les normes d\u2019excellence et d\u00e9termine les personnes qui ont atteint une norme reconnue \u00e0 l\u2019\u00e9chelle nationale.<\/p>\n<p style=\"text-align: justify;\">Les programmes offrent une excellente occasion de perfectionnement professionnel continu, un titre de comp\u00e9tence qui est admir\u00e9 et recherch\u00e9 par les employeurs et une fa\u00e7on, pour le milieu de la sant\u00e9 et le public, de reconna\u00eetre les technologues qui ont atteint un niveau de comp\u00e9tences dans un champ d\u2019exercice particulier. Chaque programme de certificat comprend deux volets, qui doivent \u00eatre r\u00e9ussis tous les deux: 1) Volet didactique \u2013 un m\u00e9lange de cours complets \/ de cours d&rsquo;auto-apprentissage rapide et 2) Volet clinique, un sommaire des comp\u00e9tences cliniques pour \u00e9valuation des comp\u00e9tences cliniques et de la prise de d\u00e9cision (\u00ab\u00a0SCC\u00a0\u00bb &#8211; en anglais seulement). Le \u00ab\u00a0SCC\u00a0\u00bb comprend des examens \u00e0 passer sous la supervision d&rsquo;un conseiller cliniques.<\/p>\n<p style=\"text-align: justify;\">Les programmes de certificat permettent les TRM \u00e0 am\u00e9liorer leurs comp\u00e9tences th\u00e9oriques et cliniques, et les candidats peuvent choisir de s&rsquo;inscrire \u00e0 la composante clinique une fois qu&rsquo;ils ont rempli les conditions d&rsquo;admissibilit\u00e9. Pour plus de d\u00e9tails, veuillez lire le manuel du programme qui vous int\u00e9resse, et n&rsquo;h\u00e9sitez pas \u00e0 nous contacter si vous avez de questions!<\/p>\n<p>N&rsquo;oubliez pas : Toutes les comp\u00e9tences cliniques doivent \u00eatre acquises *apr\u00e8s* l&rsquo;inscription au programme de certificat.<\/p>\n<p style=\"text-align: justify;\">Ces programmes ne permettent pas un individu de travailler comme TRM au Canada. <strong>Veuillez voir la section \u00ab <a href=\"https:\/\/camrt.wpenginepowered.com\/fr\/agrement\/\">Agr\u00e9ment<\/a> \u00bb du site pour plus d&rsquo;informations sur l\u2019agr\u00e9ment.\u00a0<\/strong><\/p>\n<a href=\"https:\/\/camrt.my.site.com\/joinapi__membershiplist?id=a2K2L000001DxvsUAC&#038;order=1\" target=\"_top\" class=\"dt-sc-button   medium\">COUP D\u2019\u0152IL SUR LES PROGRAMMES<\/a>\n<div class=\"dt-sc-contact-info\"><div class='icon'><i class='fa fa-envelope'><\/i><\/div><p><a href=\"mailto:specialtycertificates@camrt.ca\">specialtycertificates@camrt.ca<\/a><\/p><\/div>\n<div  class='column dt-sc-one-half  space  '   ><div class=\"dt-sc-titled-box\"><h6 class=\"dt-sc-titled-box-title\" style=\"background-color:#c9252c;border-color:#c9252c;color:#ffffff;\"> Programmes de certificats (en anglais seulement)<\/h6><div class=\"dt-sc-titled-box-content\"><ul class='dt-sc-fancy-list   rounded-arrow'>\n<li><a href=\"https:\/\/camrt.wpenginepowered.com\/professional-development\/certificate-programs\/cdc\/\" target=\"_blank\" rel=\"noopener\">Dosim\u00e9trie<\/a><\/li>\n<li>Imagerie du sein\n<ul class='dt-sc-fancy-list   rounded-arrow'>\n<li><a href=\"https:\/\/camrt.wpenginepowered.com\/professional-development\/certificate-programs\/certificate-in-breast-imaging-screening\/\" target=\"_blank\" rel=\"noopener\">D\u00e9pistage<\/a><\/li>\n<li><a href=\"https:\/\/camrt.wpenginepowered.com\/professional-development\/certificate-programs\/certificate-in-breast-imaging-diagnostic-cbid\/\" target=\"_blank\" rel=\"noopener\">Diagnostic<\/a><\/li>\n<\/ul>\n<\/li>\n<li><a href=\"https:\/\/camrt.wpenginepowered.com\/professional-development\/certificate-programs\/cir\/\" target=\"_blank\" rel=\"noopener\">Radiologie interventionnelle<\/a><\/li>\n<li><a href=\"https:\/\/camrt.wpenginepowered.com\/professional-development\/certificate-programs\/petct-certificate\/\" target=\"_blank\" rel=\"noopener\">TEP\/TDM<\/a><\/li>\n<li><a href=\"https:\/\/camrt.wpenginepowered.com\/professional-development\/certificate-programs\/ct-therapy-certificate\/\" target=\"_blank\" rel=\"noopener\">Tomodensitom\u00e9trie \u2013 Radioth\u00e9rapie<\/a><\/li>\n<li><a href=\"https:\/\/camrt.wpenginepowered.com\/professional-development\/certificate-programs\/computed-tomography-imaging-certificate\/\" target=\"_blank\" rel=\"noopener\">Tomodensitom\u00e9trie \u2013 Technologie de radiologie<\/a><\/li>\n<\/ul>\n<p>SVP, veuillez noter que la communication avec l&rsquo;ACTRM doit se faire<strong> par e-mail <\/strong>(de pr\u00e9f\u00e9rence) ou par t\u00e9l\u00e9phone, et non par courrier.<\/p><\/div><\/div><\/div>\n<div  class='column dt-sc-one-half  space  '   ><div class=\"dt-sc-titled-box\"><h6 class=\"dt-sc-titled-box-title\" style=\"background-color:#c2242b;border-color:#c2242b;color:#ffffff;\"> Admissibilit\u00e9 aux programmes<\/h6><div class=\"dt-sc-titled-box-content\"><p style=\"text-align: justify\">Les personnes suivantes sont admissibles aux programmes de certificats :<\/p>\n<p style=\"text-align: justify\"><ul class='dt-sc-fancy-list   rounded-arrow'>\n<li>Les membres \u00e0 part enti\u00e8re de l\u2019ACTRM<\/li>\n<li>Les non-membres qui ont \u00e9t\u00e9 agr\u00e9\u00e9s par l\u2019ACTRM<\/li>\n<li>Les technologues en radiation m\u00e9dicale form\u00e9s \u00e0 l\u2019\u00e9tranger (TRMFE) qui sont dipl\u00f4m\u00e9s de programmes de technologie en radiation m\u00e9dicale*<\/li>\n<\/ul>\n<p>* voir le manuel du programme pour les documents n\u00e9cessaires avant de s\u2019inscrire au volet clinique.<\/p><\/div><\/div><\/div>\n<div class=\"dt-sc-clear\"><\/div>\n<div  class='column dt-sc-one-half  space  '   ><div class=\"dt-sc-titled-box\"><h6 class=\"dt-sc-titled-box-title\" style=\"background-color:#ac2027;border-color:#ac2027;color:#ffffff;\"> Structure des programmes<\/h6><div class=\"dt-sc-titled-box-content\"><p style=\"text-align: justify\">Chaque programme de certificat comprend deux volets, qui doivent \u00eatre r\u00e9ussis tous les deux.<\/p>\n<p style=\"text-align: justify\"><ul class='dt-sc-fancy-list   rounded-arrow'>\n<li>Volet didactique \u2013 cours complet \/ cours d\u2019autoformation rapide<\/li>\n<li>Volet clinique \u2013 Sommaire des comp\u00e9tences cliniques pour \u00e9valuation des comp\u00e9tences cliniques et de la prise de d\u00e9cision<\/li>\n<\/ul><\/div><\/div><\/div>\n<div  class='column dt-sc-one-half  space  '   ><div class=\"dt-sc-titled-box\"><h6 class=\"dt-sc-titled-box-title\" style=\"background-color:#971c22;border-color:#971c22;color:#ffffff;\"> Conseillers cliniques\/\u00e9valuateurs d\u00e9l\u00e9gu\u00e9s<\/h6><div class=\"dt-sc-titled-box-content\"><p style=\"text-align: justify\">Tous les programmes de certificat de l\u2019ACTRM exigent que le candidat ait un conseiller clinique pour le volet clinique du programme.<\/p>\n<p><a href=\"https:\/\/camrt.wpenginepowered.com\/fr\/wp-content\/uploads\/sites\/3\/2018\/08\/Clinical-Advisor-Role-2018.pdf\"><strong>R\u00f4le et responsabilit\u00e9s des Conseillers cliniques\/\u00e9valuateurs d\u00e9l\u00e9gu\u00e9s (disponible en anglais seulement)<\/strong><\/a><\/p><\/div><\/div><\/div>\n","protected":false},"excerpt":{"rendered":"<p>Valeur d\u2019un programme de certificat Un programme de certificat fournit un m\u00e9canisme servant \u00e0 d\u00e9montrer les connaissances et la comp\u00e9tence dans un champ d\u2019exercice, favorise les normes d\u2019excellence et d\u00e9termine les personnes qui ont atteint une norme reconnue \u00e0 l\u2019\u00e9chelle nationale. Les programmes offrent une excellente occasion de perfectionnement professionnel continu, un titre de comp\u00e9tence [&hellip;]<\/p>\n","protected":false},"author":30,"featured_media":0,"parent":47008,"menu_order":0,"comment_status":"closed","ping_status":"closed","template":"","meta":{"_monsterinsights_skip_tracking":false,"_monsterinsights_sitenote_active":false,"_monsterinsights_sitenote_note":"","_monsterinsights_sitenote_category":0,"footnotes":""},"class_list":["post-6539","page","type-page","status-publish","hentry"],"_links":{"self":[{"href":"https:\/\/camrt.ca\/fr\/wp-json\/wp\/v2\/pages\/6539","targetHints":{"allow":["GET"]}}],"collection":[{"href":"https:\/\/camrt.ca\/fr\/wp-json\/wp\/v2\/pages"}],"about":[{"href":"https:\/\/camrt.ca\/fr\/wp-json\/wp\/v2\/types\/page"}],"author":[{"embeddable":true,"href":"https:\/\/camrt.ca\/fr\/wp-json\/wp\/v2\/users\/30"}],"replies":[{"embeddable":true,"href":"https:\/\/camrt.ca\/fr\/wp-json\/wp\/v2\/comments?post=6539"}],"version-history":[{"count":1,"href":"https:\/\/camrt.ca\/fr\/wp-json\/wp\/v2\/pages\/6539\/revisions"}],"predecessor-version":[{"id":60213,"href":"https:\/\/camrt.ca\/fr\/wp-json\/wp\/v2\/pages\/6539\/revisions\/60213"}],"up":[{"embeddable":true,"href":"https:\/\/camrt.ca\/fr\/wp-json\/wp\/v2\/pages\/47008"}],"wp:attachment":[{"href":"https:\/\/camrt.ca\/fr\/wp-json\/wp\/v2\/media?parent=6539"}],"curies":[{"name":"wp","href":"https:\/\/api.w.org\/{rel}","templated":true}]}}