{"id":6508,"date":"2015-03-25T22:08:57","date_gmt":"2015-03-26T02:08:57","guid":{"rendered":"https:\/\/camrt.wpenginepowered.com\/fr\/?page_id=6508"},"modified":"2026-02-23T13:40:31","modified_gmt":"2026-02-23T18:40:31","slug":"cours-complets","status":"publish","type":"page","link":"https:\/\/camrt.ca\/fr\/perfectionnement-professionnel\/cours-complets\/","title":{"rendered":"Cours compl\u00e8ts"},"content":{"rendered":"<p style=\"text-align: justify;\"><div  class='column dt-sc-one-half  space  '   ><h3>Cours compl\u00e8ts* d\u2019un coup d\u2019\u0153il<\/h3>\n<p><strong><em>* Tous les cours compl\u00e8ts sont disponibles en anglais seulement<\/em><\/strong><\/p>\n<ul class='dt-sc-fancy-list   rounded-arrow'>\n<li>Cours compl\u00e8ts de 13 semaines<\/li>\n<li>Offert chaque hiver et automne<\/li>\n<li>Heures\/cr\u00e9dits de formation\/\u00e9ducation continue<\/li>\n<li>Pr\u00e9sent\u00e9s en ligne<\/li>\n<li>Assistance d\u2019un instructeur<\/li>\n<li>Chaque cours a six travaux<\/li>\n<li>Chaque cours a un examen final<\/li>\n<\/ul>\n<a href=\"https:\/\/camrt.my.site.com\/CPBase__store?site=a0a1a00000AMdCoAAL\" target=\"_top\" class=\"dt-sc-button   medium\">COUP D\u2019\u0152IL SUR LES COURS DISPONIBLES<\/a><\/div>\n<div  class='column dt-sc-one-half  space  '   ><h3>Offre en ligne<\/h3>\n<p style=\"text-align: justify\">Le service de Perfectionnement professionnel continu de l\u2019ACTRM offre tous ses cours complet et cours d\u2019autoformation rapide en format \u00e9lectronique. Tous les examens finaux sont offerts en ligne seulement.<\/p>\n<p style=\"text-align: justify\"><div class=\"dt-sc-contact-info\"><div class='icon'><i class='fa fa-envelope'><\/i><\/div><p><a href=\"mailto:cpd@camrt.ca\">cpd@camrt.ca<\/a><\/p><\/div>\n<p style=\"text-align: justify\"><\/div>\n<div class='dt-sc-hr-invisible'><\/div>\n<div class=\"dt-sc-toggle-frame\"><h5 class='dt-sc-toggle'><a href='#'>MAINTENANT DISPONIBLE<\/a><\/h5><div class=\"dt-sc-toggle-content\" style=\"display: none;\"><div class=\"block\"><ul class='dt-sc-fancy-list   rounded-arrow'>\n<li><strong>En anglais seulement :\u00a0<\/strong><a href=\"https:\/\/camrt.my.site.com\/CPBase__store?site=a0a1a00000AMdCoAAL\"><strong>Artificial Intelligence and its Application in Medical Radiation Technology<\/strong><\/a><\/li>\n<\/ul>\n<a href=\"https:\/\/camrt.wpenginepowered.com\/wp-content\/uploads\/2021\/05\/JlomglsJ_AI_Course_Cover_Image_jpg.jpg\"><img loading=\"lazy\" decoding=\"async\" class=\"size-thumbnail wp-image-25381 alignleft\" src=\"https:\/\/camrt.wpenginepowered.com\/wp-content\/uploads\/2021\/05\/JlomglsJ_AI_Course_Cover_Image_jpg-150x150.jpg\" alt=\"\" width=\"150\" height=\"150\" \/><\/a>Mise \u00e0 jour pr\u00e9vue pour l&rsquo;automne 2023: This course is designed for practicing MRTs interested in foundational understanding of artificial intelligence (AI) as it applies to their field. It will cover the basic concepts relevant to machine learning and big data, as well as how emerging AI strategies will impact medical imaging and radiation therapy practice, including practical, ethical, regulatory, and professional considerations.<\/p>\n<a href=\"https:\/\/camrt.my.site.com\/CPBase__store?site=a0a1a00000AMdCoAAL\" target=\"_top\" class=\"dt-sc-button\">S&rsquo;inscrire<\/a><\/div><\/div><\/div>\n<div class=\"dt-sc-toggle-frame\"><h5 class='dt-sc-toggle'><a href='#'>ANNONCES IMPORTANTES<\/a><\/h5><div class=\"dt-sc-toggle-content\" style=\"display: none;\"><div class=\"block\"><ul class='dt-sc-fancy-list   rounded-arrow'>\n<li><strong>Cours de dosim\u00e9trie et programme de certificat<\/strong><\/li>\n<\/ul>\n<p><img loading=\"lazy\" decoding=\"async\" class=\"alignleft wp-image-25385 size-medium\" src=\"https:\/\/camrt.wpenginepowered.com\/wp-content\/uploads\/2021\/05\/COMP-Logo-300x67.jpg\" alt=\"\" width=\"300\" height=\"67\" srcset=\"https:\/\/camrt.ca\/wp-content\/uploads\/2021\/05\/COMP-Logo-300x67.jpg 300w, https:\/\/camrt.ca\/wp-content\/uploads\/2021\/05\/COMP-Logo-1024x229.jpg 1024w, https:\/\/camrt.ca\/wp-content\/uploads\/2021\/05\/COMP-Logo-768x172.jpg 768w, https:\/\/camrt.ca\/wp-content\/uploads\/2021\/05\/COMP-Logo-1536x343.jpg 1536w, https:\/\/camrt.ca\/wp-content\/uploads\/2021\/05\/COMP-Logo-2048x458.jpg 2048w\" sizes=\"auto, (max-width: 300px) 100vw, 300px\" \/>L\u2019Organisation canadienne des physiciens m\u00e9dicaux (OCPM) a examin\u00e9 et approuv\u00e9 les cours de dosim\u00e9trie et le programme de certificat.<\/p>\n<p>&nbsp;<\/p>\n<ul class='dt-sc-fancy-list   rounded-arrow'>\n<li><strong>Cours de radiologie d&rsquo;intervention et programme de certificat<\/strong><\/li>\n<\/ul>\n<p><a href=\"https:\/\/camrt.wpenginepowered.com\/wp-content\/uploads\/2021\/06\/Logo_CAIR_RGB-002-e1522942140582.jpg\"><img loading=\"lazy\" decoding=\"async\" class=\"alignleft wp-image-25612 size-full\" src=\"https:\/\/camrt.wpenginepowered.com\/wp-content\/uploads\/2021\/06\/Logo_CAIR_RGB-002-e1522942140582.jpg\" alt=\"\" width=\"296\" height=\"100\" \/><\/a>L&rsquo;Association canadienne pour la radiologie d&rsquo;intervention (CAIR) a examin\u00e9 et approuv\u00e9 les cours de radiologie interventionnelle et le programme de certificat.<\/p><\/div><\/div><\/div>\n<p>&nbsp;<\/p>\n","protected":false},"excerpt":{"rendered":"<p>&nbsp;<\/p>\n","protected":false},"author":30,"featured_media":0,"parent":47008,"menu_order":0,"comment_status":"closed","ping_status":"closed","template":"","meta":{"_monsterinsights_skip_tracking":false,"_monsterinsights_sitenote_active":false,"_monsterinsights_sitenote_note":"","_monsterinsights_sitenote_category":0,"footnotes":""},"class_list":["post-6508","page","type-page","status-publish","hentry"],"_links":{"self":[{"href":"https:\/\/camrt.ca\/fr\/wp-json\/wp\/v2\/pages\/6508","targetHints":{"allow":["GET"]}}],"collection":[{"href":"https:\/\/camrt.ca\/fr\/wp-json\/wp\/v2\/pages"}],"about":[{"href":"https:\/\/camrt.ca\/fr\/wp-json\/wp\/v2\/types\/page"}],"author":[{"embeddable":true,"href":"https:\/\/camrt.ca\/fr\/wp-json\/wp\/v2\/users\/30"}],"replies":[{"embeddable":true,"href":"https:\/\/camrt.ca\/fr\/wp-json\/wp\/v2\/comments?post=6508"}],"version-history":[{"count":1,"href":"https:\/\/camrt.ca\/fr\/wp-json\/wp\/v2\/pages\/6508\/revisions"}],"predecessor-version":[{"id":60122,"href":"https:\/\/camrt.ca\/fr\/wp-json\/wp\/v2\/pages\/6508\/revisions\/60122"}],"up":[{"embeddable":true,"href":"https:\/\/camrt.ca\/fr\/wp-json\/wp\/v2\/pages\/47008"}],"wp:attachment":[{"href":"https:\/\/camrt.ca\/fr\/wp-json\/wp\/v2\/media?parent=6508"}],"curies":[{"name":"wp","href":"https:\/\/api.w.org\/{rel}","templated":true}]}}