{"id":6504,"date":"2015-03-26T13:42:54","date_gmt":"2015-03-26T17:42:54","guid":{"rendered":"https:\/\/camrt.wpenginepowered.com\/fr\/?page_id=6504"},"modified":"2015-03-26T13:42:54","modified_gmt":"2015-03-26T17:42:54","slug":"description-de-la-pratique","status":"publish","type":"page","link":"https:\/\/camrt.ca\/fr\/profession-de-trm\/description-de-la-pratique\/","title":{"rendered":"Description de la pratique"},"content":{"rendered":"<p>Le pr\u00e9sent document a pour but de donner une description de la pratique en technologie de la radiation m\u00e9dicale dans le syst\u00e8me de sant\u00e9 canadien actuel et de pr\u00e9senter les principales qualit\u00e9s professionnelles n\u00e9cessaires \u00e0 un technologue en radiation m\u00e9dicale (TRM) afin d\u2019exercer cette profession de fa\u00e7on s\u00e9curitaire et efficace.<\/p>\n<p>En raison de l\u2019\u00e9volution rapide de la technologie et des changements dans l\u2019environnement r\u00e9glementaire, il est important pour les professionnels en technologie de la radiation m\u00e9dicale, les d\u00e9cideurs pour la profession et les employeurs, de comprendre les apports du travail des TRM \u00e0 l\u2019ensemble du monde m\u00e9dical.<\/p>\n<p>Les progr\u00e8s en technologie de la radiation m\u00e9dicale ont transform\u00e9 la m\u00e9decine. L\u2019\u00e9volution dans ce domaine depuis plus d\u2019un si\u00e8cle a donn\u00e9 lieu au d\u00e9veloppement d\u2019une imagerie m\u00e9dicale de pointe et de technologies de traitement qui ont r\u00e9volutionn\u00e9 l\u2019identification et le diagnostic de pathologies ainsi que le traitement des maladies.<\/p>\n<p>Au fil du temps, les professionnels de la sant\u00e9 et les patients en sont arriv\u00e9s \u00e0 compter sur le professionnalisme et l\u2019expertise de TRM hautement sp\u00e9cialis\u00e9s, pour fournir le lien essentiel vers le pouvoir de la technologie dans les services de r\u00e9sonance magn\u00e9tique, de m\u00e9decine nucl\u00e9aire, de technologie radiologique et de radioth\u00e9rapie \u00e0 travers le Canada, dans les h\u00f4pitaux, les cliniques et les centres d\u2019oncologie.<\/p>\n<h2>Professionnalisme<\/h2>\n<p>Le professionnalisme est une caract\u00e9ristique essentielle. Les \u00e9l\u00e9ments et les valeurs du professionnalisme d\u00e9crits ci-dessous forment le fondement m\u00eame de la pratique des TRM, orientant la prise de d\u00e9cisions et les actions et fa\u00e7onnant la perception de la profession.<\/p>\n<h3>Soins ax\u00e9s sur le patient et la famille<\/h3>\n<p>Les patients sont le focus premier des TRM dans leur pratique clinique. Les TRM sont des professionnels qui font preuve de bienveillance et de compassion, ce qui comblent le foss\u00e9 entre l\u2019aspect humain de la profession et la technologie de pointe dont ils se servent.<\/p>\n<p>Le contact direct avec les patients en milieu clinique offre aux TRM l\u2019occasion de reconnaitre et de pr\u00e9voir les besoins des patients et de leurs familles et d\u2019adapter leur pratique aux normes accept\u00e9es pour dispenser des soins de qualit\u00e9.<\/p>\n<p>La communication avec les patients et leurs familles constitue l\u2019un des nombreux aspects importants du r\u00f4le des TRM. En tant que premier point de contact pour les patients dans le milieu des soins de sant\u00e9, ils les renseignent sur les proc\u00e9dures et les traitements \u00e0 recevoir et r\u00e9pondent \u00e0 leurs questions afin d\u2019am\u00e9liorer leurs connaissances et d\u2019all\u00e9ger leur anxi\u00e9t\u00e9 et leur stress.<\/p>\n<p>Les TRM font preuve d\u2019engagement \u00e0 l\u2019\u00e9gard d\u2019une approche des soins ax\u00e9s sur le patient et la famille en travaillant pour obtenir les meilleurs r\u00e9sultats pour le patient, en respectant ses droits (p. ex. la confidentialit\u00e9) et ses besoins et en encourageant sa participation lorsqu&rsquo;il re\u00e7oit ses propres soins. Cet engagement s\u2019\u00e9tend aux patients de toutes les cultures et tous les milieux et les TRM s\u2019assurent qu\u2019ils sont tous trait\u00e9s avec dignit\u00e9, \u00e9quit\u00e9 et respect.<\/p>\n<h3>Collaboration interprofessionnelle<\/h3>\n<p>Les TRM travaillent en \u00e9troite collaboration avec d\u2019autres professionnels de la sant\u00e9 pour offrir des services de diagnostic et de traitement de qualit\u00e9 au patient. Ils sont eux-m\u00eames des membres respect\u00e9s et essentiels de l\u2019\u00e9quipe interprofessionnelle et reconnaissent et respectent le r\u00f4le de toutes les personnes qui participent au processus de collaboration dont l\u2019objectif est de garantir des r\u00e9sultats optimaux pour les patients.<\/p>\n<p>En tant que chefs de file dans leur domaine, de nombreux TRM mettent \u00e0 profit leurs connaissances et leur expertise pour aider \u00e0 \u00e9laborer les politiques et les d\u00e9cisions et en offrant une formation en technologie de la radiation m\u00e9dicale aux autres membres de l\u2019\u00e9quipe de collaboration en soins de sant\u00e9.<\/p>\n<h3>Engagement \u00e0 l\u2019\u00e9gard de la formation et du d\u00e9veloppement professionnel permanent<\/h3>\n<p>Un \u00e9l\u00e9ment cl\u00e9 du professionnalisme consiste \u00e0 respecter une norme de formation avec les connaissances, les comp\u00e9tences et le jugement n\u00e9cessaires \u00e0 l\u2019accomplissement de son travail de fa\u00e7on comp\u00e9tente.<\/p>\n<p>La formation en technologie de la radiation m\u00e9dicale est offerte par des programmes agr\u00e9\u00e9s de Agr\u00e9ment Canada dans des coll\u00e8ges et universit\u00e9s du Canada. Le programme est \u00e9labor\u00e9 \u00e0 l\u2019aide de profils de comp\u00e9tences (professionnelles) qui ont \u00e9t\u00e9 \u00e9labor\u00e9s \u00e0 l\u2019aide d\u2019un processus de consultation et de validation vaste et rigoureuse avec tous les intervenants. Les profils d\u2019entr\u00e9es pr\u00e9sentent les comportements et les comp\u00e9tences n\u00e9cessaires afin de devenir un TRM avec une pratique s\u00e9curitaire et efficace ainsi que la base pour la pratique future. L\u2019obtention d\u2019un dipl\u00f4me dans le cadre de ces programmes agr\u00e9\u00e9s donne au titulaire l\u2019acc\u00e8s \u00e0 un examen d\u2019agr\u00e9ment, soit de l\u2019OTIMROEPMQ au Qu\u00e9bec, ou de l\u2019ACTRM dans le reste du Canada, dont la r\u00e9ussite est la condition pour la pratique de la profession.<\/p>\n<p>La pens\u00e9e critique, l\u2019utilisation de pratiques exemplaires et la gestion novatrice afin d\u2019assurer la comp\u00e9tence, sont des \u00e9l\u00e9ments importants du professionnalisme des TRM. Dans un environnement de soins de sant\u00e9 dynamique, avec de nouvelles technologies et une pratique en plein changement, le d\u00e9veloppement professionnel permanent est essentiel au maintien des comp\u00e9tences. Le TRM s\u2019engage dans la pratique r\u00e9flexive en \u00e9tablissant ses lacunes en mati\u00e8re de connaissances et de comp\u00e9tences, en formulant un plan d\u2019apprentissage et en accomplissant des activit\u00e9s conformes aux besoins et aux objectifs d\u2019apprentissage.<\/p>\n<p>Pour en savoir plus\u00a0de les lignes directrices sur les pratiques exemplaires de l\u2019ACTRM cliquez <a href=\"https:\/\/ww2.camrt.ca\/bpg\/index.php?lang=FR\">ici<\/a>.<\/p>\n<h3>Engagement envers la profession<\/h3>\n<p>Les TRM se consacrent \u00e0 l\u2019avancement de la profession de technologue en radiation m\u00e9dicale. Le leadership en milieu de travail, une vaste participation dans les organisations professionnelles, un engagement accru en mati\u00e8re de recherche et le d\u00e9veloppement de communaut\u00e9s de pratique d\u00e9montrent l\u2019engagement des TRM envers l\u2019exercice de leur profession et les r\u00e9sultats optimaux pour les patients.<\/p>\n<h3>Respecter les limites juridiques et \u00e9thiques<\/h3>\n<p>En tant que professionnels de la sant\u00e9, les TRM exercent leur profession conform\u00e9ment \u00e0 un code de d\u00e9ontologie, aux normes de pratique ainsi qu\u2019aux exigences r\u00e9glementaires, s\u2019il y a lieu. Ils adh\u00e8rent \u00e9galement aux politiques et proc\u00e9dures de leurs \u00e9tablissements.<\/p>\n<h2>Expertise en imagerie m\u00e9dicale et en radioth\u00e9rapie<\/h2>\n<p>L\u2019expertise n\u00e9cessaire \u00e0 une pratique comp\u00e9tente est acquise \u00e0 l\u2019aide d\u2019un programme de formation complet et sp\u00e9cialis\u00e9 en sciences de la radiation m\u00e9dicale, auquel s\u2019ajoute un perfectionnement professionnel continu tout au long d\u2019une carri\u00e8re.<\/p>\n<p>Les TRM utilisent leur connaissance approfondie de l\u2019\u00e9quipement d\u2019imagerie ou de radioth\u00e9rapie ainsi que leur compr\u00e9hension pouss\u00e9e des principes d\u2019anatomie, de physiologie, de pathologie, de l\u2019acquisition d\u2019images, du traitement et de la radioprotection pour administrer\u00a0des soins de qualit\u00e9 \u00e0 leurs patients. Les TRM veillent toujours \u00e0 ce que les soins prodigu\u00e9s soient s\u00e9curitaires, appropri\u00e9s, adapt\u00e9s, opportuns et maximisent le potentiel de l\u2019\u00e9quipement et des ressources disponibles.<\/p>\n<h3>Qualit\u00e9 des soins aux patients<\/h3>\n<p>Les TRM concentrent leurs efforts \u00e0 produire des r\u00e9sultats de la plus grande qualit\u00e9 pour les patients en imagerie m\u00e9dicale et en radioth\u00e9rapie. En imagerie m\u00e9dicale, cela signifie l\u2019acquisition d\u2019images de la plus grande qualit\u00e9 possible, tandis qu\u2019en radioth\u00e9rapie, l\u2019attention est orient\u00e9e sur la planification et la production d\u2019un rayonnement ionisant optimal \u00e0 des fins th\u00e9rapeutiques.<\/p>\n<p>L\u2019imagerie diagnostique et l\u2019administration de la radioth\u00e9rapie sont effectu\u00e9es avec beaucoup d\u2019attention et de pr\u00e9cision. De concert avec l\u2019\u00e9quipe interdisciplinaire, les TRM de toutes les disciplines utilisent leurs connaissances et leur expertise consid\u00e9rable pour \u00e9valuer les patients et leurs ant\u00e9c\u00e9dents cliniques en lien avec l\u2019examen et\/ou la prescription demand\u00e9s, en veillant \u00e0 s\u2019assurer que les patients re\u00e7oivent les soins les plus appropri\u00e9s. Ensuite, les TRM utilisent l\u2019information recueillie pour planifier l\u2019examen ou le traitement pour garantir des r\u00e9sultats optimaux, adaptant les protocoles au besoin pour tenir compte de l\u2019\u00e9tat et de la condition du patient, de l\u2019\u00e9quipement disponible et de l\u2019environnement o\u00f9 la proc\u00e9dure a lieu.<\/p>\n<p>Les TRM sont \u00e9galement pr\u00e9sents pour la dur\u00e9e des proc\u00e9dures d\u2019imagerie diagnostique et l\u2019administration de la radioth\u00e9rapie. Ils veillent \u00e0 ce que les patients soient en position id\u00e9ale pour subir l\u2019examen ou le traitement et administrent au besoin les produits pharmaceutiques li\u00e9s aux proc\u00e9dures. Ils surveillent ensuite l\u2019\u00e9tat du patient et r\u00e9agissent \u00e0 tout changement, afin d\u2019assurer la s\u00e9curit\u00e9 et le confort de celui-ci.<\/p>\n<p>En plus de pr\u00e9parer le patient physiquement \u00e0 subir un traitement, les TRM jouent \u00e9galement le r\u00f4le de renseigner les patients en leur donnant de l\u2019information li\u00e9e aux examens et aux traitements prodigu\u00e9s et une opportunit\u00e9 pour le patient d\u2019obtenir une r\u00e9ponse \u00e0 leurs questions. Dans certaines situations, comme les interactions de plusieurs semaines en radioth\u00e9rapie, les TRM sont le principal point d\u2019interaction, offrant des renseignements et des conseils pour r\u00e9pondre\u00a0aux besoins physiques, psychologiques et \u00e9motifs du patient.<\/p>\n<h3>Un environnement s\u00e9curitaire<\/h3>\n<p>Les TRM offrent un environnement s\u00e9curitaire aux patients, aux familles et aux autres coll\u00e8gues et fournisseurs de soins de sant\u00e9. Guid\u00e9s par le principe <em>\u00ab\u00a0As Low As Reasonably Achievable (ALARA)\u00a0\u00bb<\/em> que l\u2019on peut traduire par \u00ab\u00a0Aussi faible que raisonnablement possible\u00a0\u00bb, les TRM appliquent leur connaissance des effets et des risques des rayonnements pour r\u00e9duire au minimum la dose pour leurs patients, d\u2019autres coll\u00e8gues des soins de sant\u00e9 et du public. Ils renseignent le patient, le fournisseur et le public sur les avantages et les risques de l\u2019imagerie et de la th\u00e9rapie \u00e0 l\u2019aide de diff\u00e9rents moyens et situations. Cette responsabilit\u00e9 de renseigner s\u2019\u00e9tend \u00e9galement \u00e0 la d\u00e9fense des droits des patients, \u00e9tant donn\u00e9 que le TRM est le dernier professionnel de premi\u00e8re ligne dans le processus d\u00e9cisionnel de prise d\u2019image ou de traitement\u00a0du patient.<\/p>\n<p>La s\u00e9curit\u00e9 est am\u00e9lior\u00e9e gr\u00e2ce \u00e0 la participation du TRM \u00e0 divers programmes, de ceux ax\u00e9s sur les aspects techniques \u00e0 ceux ax\u00e9s sur le patient. Les programmes de contr\u00f4le, d\u2019assurance et d\u2019am\u00e9lioration de la qualit\u00e9 veillent \u00e0 ce que l\u2019\u00e9quipement utilis\u00e9 par les TRM fonctionne \u00e0 un rendement optimal pour obtenir un diagnostic et des r\u00e9sultats de traitement exacts.<\/p>\n<p style=\"text-align: right\"><em>Mars 2015<\/em><\/p>\n","protected":false},"excerpt":{"rendered":"<p>Le pr\u00e9sent document a pour but de donner une description de la pratique en technologie de la radiation m\u00e9dicale dans le syst\u00e8me de sant\u00e9 canadien actuel et de pr\u00e9senter les principales qualit\u00e9s professionnelles n\u00e9cessaires \u00e0 un technologue en radiation m\u00e9dicale (TRM) afin d\u2019exercer cette profession de fa\u00e7on s\u00e9curitaire et efficace. En raison de l\u2019\u00e9volution rapide [&hellip;]<\/p>\n","protected":false},"author":30,"featured_media":0,"parent":47020,"menu_order":0,"comment_status":"open","ping_status":"open","template":"","meta":{"_monsterinsights_skip_tracking":false,"_monsterinsights_sitenote_active":false,"_monsterinsights_sitenote_note":"","_monsterinsights_sitenote_category":0,"footnotes":""},"class_list":["post-6504","page","type-page","status-publish","hentry"],"_links":{"self":[{"href":"https:\/\/camrt.ca\/fr\/wp-json\/wp\/v2\/pages\/6504","targetHints":{"allow":["GET"]}}],"collection":[{"href":"https:\/\/camrt.ca\/fr\/wp-json\/wp\/v2\/pages"}],"about":[{"href":"https:\/\/camrt.ca\/fr\/wp-json\/wp\/v2\/types\/page"}],"author":[{"embeddable":true,"href":"https:\/\/camrt.ca\/fr\/wp-json\/wp\/v2\/users\/30"}],"replies":[{"embeddable":true,"href":"https:\/\/camrt.ca\/fr\/wp-json\/wp\/v2\/comments?post=6504"}],"version-history":[{"count":0,"href":"https:\/\/camrt.ca\/fr\/wp-json\/wp\/v2\/pages\/6504\/revisions"}],"up":[{"embeddable":true,"href":"https:\/\/camrt.ca\/fr\/wp-json\/wp\/v2\/pages\/47020"}],"wp:attachment":[{"href":"https:\/\/camrt.ca\/fr\/wp-json\/wp\/v2\/media?parent=6504"}],"curies":[{"name":"wp","href":"https:\/\/api.w.org\/{rel}","templated":true}]}}