{"id":59469,"date":"2026-01-15T15:50:31","date_gmt":"2026-01-15T20:50:31","guid":{"rendered":"https:\/\/camrt.ca\/?page_id=59469"},"modified":"2026-03-11T10:02:21","modified_gmt":"2026-03-11T14:02:21","slug":"programme-de-subvention-de-recherche","status":"publish","type":"page","link":"https:\/\/camrt.ca\/fr\/profession-de-trm\/ressources-professionnelles\/subvention-de-recherche\/programme-de-subvention-de-recherche\/","title":{"rendered":"Programme de subvention de recherche"},"content":{"rendered":"<h1>Programme de subventions de recherche<\/h1>\n<p>Le programme de subventions de recherche de l&rsquo;ACTRM offre du financement pour soutenir des projets de recherche distincts men\u00e9s par des chercheuses et des chercheurs dans le domaine des sciences de la radiation m\u00e9dicale. Le programme vise \u00e0 faciliter la r\u00e9alisation d&rsquo;\u00e9tudes cibl\u00e9es, de projets pilotes et de recherches appliqu\u00e9es en soutenant des activit\u00e9s de recherche sp\u00e9cifiques et des co\u00fbts de projet qui contribuent \u00e0 l&rsquo;avancement de la pratique professionnelle, de l&rsquo;\u00e9ducation ou de l&rsquo;innovation au sein de la profession de TRM.<\/p>\n<p>La subvention de recherche est con\u00e7ue pour soutenir des activit\u00e9s de recherche sp\u00e9cifiques \u00e0 un projet dans un d\u00e9lai d\u00e9fini d&rsquo;un an et peut \u00e9galement servir de base \u00e0 de futures initiatives de recherche \u00e0 plus grande \u00e9chelle.<\/p>\n<h4>\u00c0 qui s\u2019adresse ce programme?<\/h4>\n<p>Ce programme s&rsquo;adresse aux chercheurs et chercheuses en d\u00e9but de carri\u00e8re ou \u00e9mergents dans le domaine de la TRM qui recherchent un financement pour mener un projet de recherche cibl\u00e9 d&rsquo;une dur\u00e9e d&rsquo;un an, une \u00e9tude pilote ou une initiative de recherche appliqu\u00e9e en rapport avec la pratique, l&rsquo;\u00e9ducation ou l&rsquo;innovation en TRM.<\/p>\n<p><em>Vous souhaitez mener une initiative de recherche \u00e0 plus grande \u00e9chelle avec du temps r\u00e9serv\u00e9 \u00e0 la recherche et une port\u00e9e <\/em><em>nationale? Apprenez-en davantage sur la\u00a0<a href=\"https:\/\/camrt.ca\/fr\/profession-de-trm\/ressources-professionnelles\/subvention-de-recherche\/bourse-de-recherche\/\">Bourse de recherche<\/a><\/em><\/p>\n<h3>Aper\u00e7u du programme de subventions de recherche<\/h3>\n<ul class='dt-sc-fancy-list   rounded-arrow'>\n<li><strong>Valeur et dur\u00e9e<\/strong> : Jusqu&rsquo;\u00e0 5 000 $ pour un an<\/li>\n<li><strong>Nombre disponible<\/strong> : Une subvention accord\u00e9e par cycle de concours<\/li>\n<li><strong>Type de concours<\/strong> : National<\/li>\n<li><strong>Date limite de candidature<\/strong> : 31 mars (chaque ann\u00e9e)<\/li>\n<li><strong>Soumission<\/strong> : <a href=\"mailto:professionalpractice@camrt.ca\">professionalpractice@camrt.ca<\/a><\/li>\n<\/ul>\n<h4>Avant de postuler<\/h4>\n<p>Les personnes int\u00e9ress\u00e9es \u00e0 pr\u00e9senter une demande sont vivement encourag\u00e9es \u00e0 lire attentivement les documents suivants avant de soumettre leur candidature :<\/p>\n<ul class='dt-sc-fancy-list   rounded-arrow'>\n<li><strong><a href=\"https:\/\/camrt.ca\/wp-content\/uploads\/2026\/03\/RG-Application-Guidelines_2026_final-French.pdf\" target=\"_blank\" rel=\"noopener\">Directives pour la pr\u00e9sentation d\u2019une demande de subvention de recherche<\/a><\/strong>\u00a0<em>(comprend les crit\u00e8res d&rsquo;admissibilit\u00e9, les d\u00e9penses admissibles et non admissibles, les exigences relatives aux propositions et les crit\u00e8res d&rsquo;\u00e9valuation)<\/em><\/li>\n<li><strong><a href=\"https:\/\/camrt.ca\/wp-content\/uploads\/2026\/03\/RG-Conditions-of-Funding-Agreement-2026_final-French.pdf\" target=\"_blank\" rel=\"noopener\">Accord sur les conditions de financement de la subvention de recherche<\/a><\/strong> <em>(comprend les conditions de d\u00e9blocage des fonds, les obligations en mati\u00e8re de rapports, la responsabilit\u00e9 financi\u00e8re et les exigences relatives au remboursement des fonds inutilis\u00e9s ou non d\u00e9pens\u00e9s)<\/em><\/li>\n<\/ul>\n<h4>But et port\u00e9e<\/h4>\n<p>La subvention de recherche soutient les projets qui :<\/p>\n<ul class='dt-sc-fancy-list   rounded-arrow'>\n<li>traitent de questions de recherche ou de recherche appliqu\u00e9e clairement d\u00e9finies;<\/li>\n<li>sont r\u00e9alisables dans un d\u00e9lai d&rsquo;un an;<\/li>\n<li>soutiennent le d\u00e9veloppement des comp\u00e9tences et les capacit\u00e9s de recherche des chercheurs en d\u00e9but de carri\u00e8re;<\/li>\n<li>sont conformes \u00e0 l&rsquo;<strong><a href=\"https:\/\/camrt.ca\/fr\/a-propos-de-lactrm\/gouvernance\/orientation-strategique\/\" target=\"_blank\" rel=\"noopener\">Orientation strat\u00e9gique<\/a><\/strong> de l&rsquo;ACTRM; et<\/li>\n<li>g\u00e9n\u00e8rent des r\u00e9sultats pouvant \u00eatre diffus\u00e9s aupr\u00e8s de la communaut\u00e9 des TRM.<\/li>\n<\/ul>\n<h4>Admissibilit\u00e9 des demandeurs<\/h4>\n<p>Les demandes doivent \u00eatre soumises par un chercheur principal (CP) qui r\u00e9pond \u00e0 tous les crit\u00e8res suivants au moment de la demande :<\/p>\n<ul class='dt-sc-fancy-list   rounded-arrow'>\n<li>\u00catre agr\u00e9\u00e9 par l\u2019ACTRM ou l\u2019OTIMROEPMQ,<\/li>\n<li>\u00catre membre en r\u00e8gle de l&rsquo;ACTRM pendant toute la dur\u00e9e de la p\u00e9riode de financement, et<\/li>\n<li>S&rsquo;identifier comme un chercheur en d\u00e9but de carri\u00e8re ou \u00e9mergent.<\/li>\n<\/ul>\n<p>Les collaborateurs (s\u2019il y a lieu) peuvent ne pas \u00eatre membres de l\u2019ACTRM, mais ne doivent pas \u00eatre des agents d\u2019une entit\u00e9 commerciale, quelle qu\u2019elle soit.<\/p>\n<p>Autres crit\u00e8res d&rsquo;admissibilit\u00e9 :<br \/>\n<ul class='dt-sc-fancy-list   rounded-arrow'>\n<li>Les CP peuvent soumettre une seule demande de subvention de recherche par an;<\/li>\n<li>Les CP ne peuvent pas d\u00e9tenir simultan\u00e9ment plusieurs subventions de recherche de l&rsquo;ACTRM;<\/li>\n<li>Les anciens b\u00e9n\u00e9ficiaires d&rsquo;une subvention de recherche peuvent pr\u00e9senter une nouvelle demande.<\/li>\n<\/ul>\n<p>Les crit\u00e8res d&rsquo;admissibilit\u00e9 complets sont d\u00e9crits dans les <a href=\"https:\/\/camrt.ca\/wp-content\/uploads\/2026\/03\/RG-Application-Guidelines_2026_final-French.pdf\" target=\"_blank\" rel=\"noopener\">Directives pour la pr\u00e9sentation d\u2019une demande de subvention de recherche<\/a>.<\/p>\n<h4>Processus de demande et d&rsquo;\u00e9valuation<\/h4>\n<p>Les demandes sont \u00e9valu\u00e9es par des pairs et class\u00e9es par le comit\u00e9 d&rsquo;attribution des subventions de recherche de l&rsquo;ACTRM. \u00c0 la discr\u00e9tion du comit\u00e9, des \u00e9valuateurs externes peuvent \u00eatre consult\u00e9s lorsque des comp\u00e9tences sp\u00e9cialis\u00e9es sont requises. Les d\u00e9cisions du comit\u00e9 sont sans appel.<\/p>\n<ul class='dt-sc-fancy-list   rounded-arrow'>\n<li><strong><a href=\"https:\/\/camrt.ca\/wp-content\/uploads\/2026\/03\/CAMRT-Research-Grant-Application-FR-2026.pdf\" target=\"_blank\" rel=\"noopener\">Demande de subvention de recherche de l\u2019ACTRM<\/a><\/strong> <em>[T\u00e9l\u00e9charger le formulaire \u00e0 remplir]<\/em><\/li>\n<\/ul>\n<h4>En savoir plus<\/h4>\n<p>Les exigences d\u00e9taill\u00e9es en mati\u00e8re d\u2019admissibilit\u00e9 et de pr\u00e9sentation de la demande, les crit\u00e8res d\u2019\u00e9valuation et les conditions de financement se trouvent dans les documents suivants :<br \/>\n<ul class='dt-sc-fancy-list   rounded-arrow'>\n<li><strong><a href=\"https:\/\/camrt.ca\/wp-content\/uploads\/2026\/03\/RG-Application-Guidelines_2026_final-French.pdf\" target=\"_blank\" rel=\"noopener\">Directives pour la pr\u00e9sentation d\u2019une demande de subvention de recherche<\/a><\/strong><\/li>\n<li><strong><a href=\"https:\/\/camrt.ca\/wp-content\/uploads\/2026\/03\/RG-Conditions-of-Funding-Agreement-2026_final-French.pdf\" target=\"_blank\" rel=\"noopener\">Accord sur les conditions de financement de la subvention de recherche<\/a><\/strong><\/li>\n<\/ul>\n<p>Pour toute question concernant le programme de subventions de recherche de l\u2019ACTRM, veuillez communiquer avec <a href=\"mailto:professionalpractice@camrt.ca\" target=\"_blank\" rel=\"noopener\">professionalpractice@camrt.ca<\/a><\/p>\n<p>&nbsp;<\/p>\n<div class=\"dt-sc-toggle-frame\"><h5 class='dt-sc-toggle'><a href='#'>Anciens laur\u00e9ats<\/a><\/h5><div class=\"dt-sc-toggle-content\" style=\"display: none;\"><div class=\"block\"><p><strong>2025<\/strong> \u2013 PI: Caroline Marr; Co-Investigators: Yat Tsang, Michael Velec; <em>Perspectives and Reflections on IMplementing Excellence in Person-Centred Care for Radiation Therapists (PRIME-PCC)<\/em>.<\/p>\n<p><strong>2024<\/strong> \u2013 PI: Petronella Kager; Co-Investigators: Mackenzie Smith, Ho Ling, Paudel Moti; <em>MRI Guided Vaginal Vault Brachytherapy: A Pilot Study<\/em>.<\/p>\n<p><strong>2023<\/strong> \u2013 PI: Kitty Chan; Co-Investigators: Nicole Harnett, Yat Man Tsang; <em>\u00a0International Perspective on Advanced Practice (AP) Radiation Therapy Activities.<\/em><\/p>\n<p><strong>2022<\/strong> \u2013 PI: Brian Chwyl; Co-Investigator: Jennifer Dewhurst; <em>RadSkills &#8211; a pilot project: Investigating online video OERs for teaching radiation therapy clinical skills in a blended learning environment.<\/em><\/p>\n<p><strong>2021<\/strong> &#8211; PI: William Tran; Co-Investigators: Mateusz Bielecki, Eileen Rakovitch;\u00a0<em>An artificial intelligence framework to predict breast cancer response to neoadjuvant stereotactic ablative radiotherapy (SABR): A pilot study<\/em><em>. <\/em><a href=\"https:\/\/www.tandfonline.com\/doi\/abs\/10.1080\/14737140.2021.1953987?journalCode=iery20\" target=\"_blank\" rel=\"noopener\">Ahead of print<\/a><strong>\n<\/strong><\/p>\n<p><strong>2020<\/strong> &#8211; PI: Caitlin Gillan; Co-Investigators: Sheena Chung, Paul Cornacchione, Rachel Fleming, Chao Li, Aruna Mahabir, Joanna Talotta, Nicole Harnett; <em>Process optimization in breast imaging: Exploring advanced roles for medical radiation technologists.<\/em> <a href=\"https:\/\/www.jmirs.org\/article\/S1939-8654(21)00299-X\/fulltext\" target=\"_blank\" rel=\"noopener\">Full paper<\/a><\/p>\n<p><strong>2019<\/strong> &#8211; PI: Tara Rosewall; Co-Investigators: Vickie Kong, Andrew Bayley; <em>Therapist-recorded patient assessment facilitates evidence-based practice: An evaluation of prospectively documented acute toxicity for prostate cancer patients treated with radical external beam radiotherapy from 2001 to 2017.\n<\/em><\/p>\n<p><strong>2018<\/strong> &#8211; PI: Nichole Smith; Co-Investigators: Amy Morris, Jonathan Bower, Melissa Sponagle, Rebeckah Bahr, Janet O\u2019Connor; Collaborators: Mohamed Abdolell, Robert Gilbert; <em>Evaluation of the clinical value of extended field of view vs. standard field of view 18F fluoro-2-deoxy-glucose PET\/CT imaging in melanoma patients: A multi-center study.<\/em>\u00a0<a href=\"https:\/\/camrt.wpenginepowered.com\/wp-content\/uploads\/2019\/05\/Executive-Summary-CAMRT-May-8-Final.docx\" target=\"_blank\" rel=\"noopener\">Executive Summary<\/a><\/p>\n<p><strong>2017<\/strong> &#8211; PI: Harinder Grewal, MRT(N), CTIC (NM), Co-Investigators: Jisla Mathews, Ravi Menezes, Paul Cornacchione;<em> Consensus-based development of image quality assessment criteria for technologist peer review.<\/em>\u00a0<a href=\"https:\/\/www.jmirs.org\/article\/S1939-8654(20)30344-1\/fulltext\" target=\"_blank\" rel=\"noopener\">Full paper<\/a>; <a href=\"https:\/\/camrt.wpenginepowered.com\/wp-content\/uploads\/2018\/05\/Executive-Summary-Final_CAMRT-May-2018.doc\" target=\"_blank\" rel=\"noopener\">Executive Summary<\/a><\/p>\n<p><strong>2016<\/strong> &#8211; PI: Winnie Li, RTT; <em>Frame-based versus frame-less immobilization for gamma knife stereotactic radiosurgery: Patient perspective.<\/em>\u00a0<a href=\"https:\/\/www.jmirs.org\/article\/S1939-8654(20)30213-7\/fulltext\" target=\"_blank\" rel=\"noopener\">Full paper<\/a>; <a href=\"https:\/\/camrt.wpenginepowered.com\/wp-content\/uploads\/2019\/10\/CAMRTGrant_ExecutiveSummary_2016.pdf\" target=\"_blank\" rel=\"noopener\">Executive Summary<\/a><\/p>\n<p><strong>2015<\/strong> &#8211; PI: Colleen Dickie, RTT, RTMR; Co-Investigators: Nicole Harnett, ACR, RTT; Lynn Nguyen, RTT; Charles Catton, Michael Sharpe;<em> Online learning module for evidence-based radiation treatment of soft tissue sarcoma.<\/em>\u00a0<a href=\"http:\/\/www.jmirs.org\/article\/S1939-8654(15)00098-3\/fulltext\" target=\"_blank\" rel=\"noopener\">Abstract<\/a>; <a href=\"https:\/\/camrt.wpenginepowered.com\/wp-content\/uploads\/2016\/10\/Sarcoma-Mobile-Learning-Module-CAMRT-Grant-Summary.docx\" target=\"_blank\" rel=\"noopener\">Executive Summary<\/a><\/p>\n<p><strong>2014<\/strong> &#8211; PI: Elizabeth Lorusso, RTR, RTMR; Co-Investigators: Lyndsay Fitzgeorge; <em>Dose optimization in direct digital radiography: A study of practitioners\u2019 assessments of image quality and perceptions.<\/em>\u00a0<a href=\"http:\/\/www.jmirs.org\/article\/S1939-8654(15)00111-3\/abstract\" target=\"_blank\" rel=\"noopener\">Full paper<\/a>; <a href=\"https:\/\/camrt.wpenginepowered.com\/wp-content\/uploads\/2015\/10\/Research-Executive-Summary-2014-Lorusso.pdf\" target=\"_blank\" rel=\"noopener\">Executive Summary<\/a><\/p>\n<p><strong>2013<\/strong> &#8211; PI: Tessa Larsen, RTT; Co-Investigators: Mina Yaver, RTT; Ann Foo, RTT; <em>Evaluation of new bowel and bladder preparation guidelines for radical prostate and prostate bed patients receiving radiation therapy: A pilot study at Peel Region Cancer Center (PRCC<\/em><em>).<\/em> <a href=\"http:\/\/www.jmirs.org\/article\/S1939-8654(15)00266-0\/fulltext\" target=\"_blank\" rel=\"noopener\">Full paper<\/a>; <a href=\"https:\/\/camrt.wpenginepowered.com\/wp-content\/uploads\/2015\/11\/Larsen-executive-summary_2013-grant.pdf\" target=\"_blank\" rel=\"noopener\">Executive Summary<\/a><\/p>\n<p><strong>2012<\/strong> &#8211; PI: Michelle Lau, RTT; <em>Employing telemedicine for follow-up of patients after completion of palliative whole-brain radiotherapy for intracranial metastases.<\/em> <a href=\"http:\/\/www.jmirs.org\/article\/S1939-8654(14)00069-1\/fulltext\" target=\"_blank\" rel=\"noopener\">Abstract<\/a><\/p>\n<p><strong>2011<\/strong> &#8211; Two winners: PI: Kitty Chan, RTT and Co-Investigator: Michael Milosevic, <em>Identifying factors to optimize the efficiency of MRI-guided brachytherapy process for cervical cancer.<\/em> <a href=\"http:\/\/www.jmirs.org\/article\/S1939-8654(17)30313-2\/fulltext\" target=\"_blank\" rel=\"noopener\">Full paper<\/a><\/p>\n<p>PI: John Hsien, RTT; and Co-Investigators: Rebecca Wong; Tara Rosewall, RTT, FCAMRT, <em>The importance of follow-up care after palliative radiotherapy \u2013 The patients\u2019 and caregivers\u2019 perspective. <\/em><a href=\"http:\/\/www.jmirs.org\/article\/S1939-8654(13)00018-0\/abstract\" target=\"_blank\" rel=\"noopener\">Full paper<\/a>; <a href=\"https:\/\/camrt.wpenginepowered.com\/wp-content\/uploads\/2015\/10\/Research-Executive-Summary-for-CAMRT-John-Hsien-2011.pdf\" target=\"_blank\" rel=\"noopener\">Executive Summary<\/a><\/p><\/div><\/div><\/div>\n","protected":false},"excerpt":{"rendered":"<p>Programme de subventions de recherche Le programme de subventions de recherche de l&rsquo;ACTRM offre du financement pour soutenir des projets de recherche distincts men\u00e9s par des chercheuses et des chercheurs dans le domaine des sciences de la radiation m\u00e9dicale. Le programme vise \u00e0 faciliter la r\u00e9alisation d&rsquo;\u00e9tudes cibl\u00e9es, de projets pilotes et de recherches appliqu\u00e9es [&hellip;]<\/p>\n","protected":false},"author":13,"featured_media":0,"parent":47043,"menu_order":0,"comment_status":"closed","ping_status":"closed","template":"","meta":{"_monsterinsights_skip_tracking":false,"_monsterinsights_sitenote_active":false,"_monsterinsights_sitenote_note":"","_monsterinsights_sitenote_category":0,"footnotes":""},"class_list":["post-59469","page","type-page","status-publish","hentry"],"_links":{"self":[{"href":"https:\/\/camrt.ca\/fr\/wp-json\/wp\/v2\/pages\/59469","targetHints":{"allow":["GET"]}}],"collection":[{"href":"https:\/\/camrt.ca\/fr\/wp-json\/wp\/v2\/pages"}],"about":[{"href":"https:\/\/camrt.ca\/fr\/wp-json\/wp\/v2\/types\/page"}],"author":[{"embeddable":true,"href":"https:\/\/camrt.ca\/fr\/wp-json\/wp\/v2\/users\/13"}],"replies":[{"embeddable":true,"href":"https:\/\/camrt.ca\/fr\/wp-json\/wp\/v2\/comments?post=59469"}],"version-history":[{"count":21,"href":"https:\/\/camrt.ca\/fr\/wp-json\/wp\/v2\/pages\/59469\/revisions"}],"predecessor-version":[{"id":60579,"href":"https:\/\/camrt.ca\/fr\/wp-json\/wp\/v2\/pages\/59469\/revisions\/60579"}],"up":[{"embeddable":true,"href":"https:\/\/camrt.ca\/fr\/wp-json\/wp\/v2\/pages\/47043"}],"wp:attachment":[{"href":"https:\/\/camrt.ca\/fr\/wp-json\/wp\/v2\/media?parent=59469"}],"curies":[{"name":"wp","href":"https:\/\/api.w.org\/{rel}","templated":true}]}}