{"id":58900,"date":"2022-01-18T09:49:24","date_gmt":"2022-01-18T14:49:24","guid":{"rendered":"https:\/\/camrt.ca\/?page_id=58900"},"modified":"2025-12-02T16:06:11","modified_gmt":"2025-12-02T21:06:11","slug":"a-propos-de-lactrm-atl","status":"publish","type":"page","link":"https:\/\/camrt.ca\/fr\/atlantique\/a-propos-de-lactrm-atl\/","title":{"rendered":"\u00c0 Propos de l\u2019ACTRM-ATL"},"content":{"rendered":"<h2><img loading=\"lazy\" decoding=\"async\" class=\"alignnone size-large wp-image-14923 aligncenter\" src=\"https:\/\/camrt.ca\/wp-content\/uploads\/2022\/12\/About-e1671725165487-1024x259.png\" alt=\"\" width=\"1024\" height=\"259\" srcset=\"https:\/\/camrt.ca\/wp-content\/uploads\/2022\/12\/About-e1671725165487-1024x259.png 1024w, https:\/\/camrt.ca\/wp-content\/uploads\/2022\/12\/About-e1671725165487-300x76.png 300w, https:\/\/camrt.ca\/wp-content\/uploads\/2022\/12\/About-e1671725165487-768x194.png 768w, https:\/\/camrt.ca\/wp-content\/uploads\/2022\/12\/About-e1671725165487-1536x388.png 1536w, https:\/\/camrt.ca\/wp-content\/uploads\/2022\/12\/About-e1671725165487-2048x517.png 2048w\" sizes=\"auto, (max-width: 1024px) 100vw, 1024px\" \/><\/h2>\n<h2 style=\"text-align: center;\">La voix provinciale du Canada atlantique<\/h2>\n<p>&nbsp;<\/p>\n<p>L\u2019Association canadienne des technologues en radiation m\u00e9dicale (ACTRM) est l\u2019association nationale canadienne et l\u2019organisme d\u2019agr\u00e9ment des technologues en radiologie, en m\u00e9decine nucl\u00e9aire, en r\u00e9sonance magn\u00e9tique et des radioth\u00e9rapeutes.\u00a0Reconnue au Canada et \u00e0 l\u2019\u00e9tranger comme une voix de premier plan dans la d\u00e9fense des int\u00e9r\u00eats de la profession de la technologie de radiation m\u00e9dicale, l\u2019ACTRM fait autorit\u00e9 sur les questions cruciales qui affectent ses membres et leur pratique.<\/p>\n<p>&nbsp;<\/p>\n<h3><strong>ACTRM-ATL Personnel<\/strong><\/h3>\n<p>En octobre 2021, Jennifer Carey a assum\u00e9 le r\u00f4le de gestionnaire provinciale de l\u2019ACTRM-ATL.<\/p>\n<h5><img loading=\"lazy\" decoding=\"async\" class=\"wp-image-26702 alignleft\" src=\"https:\/\/camrt.wpenginepowered.com\/wp-content\/uploads\/2021\/12\/Jennifer-Carey-RTR-CTIC-1-768x1024.jpg\" alt=\"\" width=\"248\" height=\"331\" srcset=\"https:\/\/camrt.ca\/wp-content\/uploads\/2021\/12\/Jennifer-Carey-RTR-CTIC-1-768x1024.jpg 768w, https:\/\/camrt.ca\/wp-content\/uploads\/2021\/12\/Jennifer-Carey-RTR-CTIC-1-225x300.jpg 225w, https:\/\/camrt.ca\/wp-content\/uploads\/2021\/12\/Jennifer-Carey-RTR-CTIC-1-1152x1536.jpg 1152w, https:\/\/camrt.ca\/wp-content\/uploads\/2021\/12\/Jennifer-Carey-RTR-CTIC-1-1536x2048.jpg 1536w, https:\/\/camrt.ca\/wp-content\/uploads\/2021\/12\/Jennifer-Carey-RTR-CTIC-1-scaled.jpg 1920w\" sizes=\"auto, (max-width: 248px) 100vw, 248px\" \/><\/h5>\n<p>En savoir plus sur Jenn <a href=\"https:\/\/camrt.wpenginepowered.com\/fr\/atlantique\/a-propos-de-lactrm-atl\/actrm-atl-personnel\/\" target=\"_blank\" rel=\"noopener\"><strong>ici<\/strong><\/a><\/p>\n<h5><\/h5>\n<p>&nbsp;<\/p>\n<p>&nbsp;<\/p>\n<p>&nbsp;<\/p>\n<p>&nbsp;<\/p>\n<p>&nbsp;<\/p>\n<p>&nbsp;<\/p>\n<p>&nbsp;<\/p>\n<p>&nbsp;<\/p>\n<p>&nbsp;<\/p>\n<h3><strong>Conseil Consultatif de l\u2019ACTRM-ATL<\/strong><\/h3>\n<p>Le conseil consultatif de l\u2019ACTRM-ATL offre une expertise et un soutien au conseil d\u2019administration et au personnel de l\u2019ACTRM concernant les questions li\u00e9es \u00e0 l\u2019exercice de la profession de TRM et aux services aux membres dans les provinces de l\u2019Atlantique. Il s\u2019agit d\u2019une voix essentielle qui repr\u00e9sente les TRM du Nouveau-Brunswick, de Terre-Neuve-et-Labrador, de la Nouvelle-\u00c9cosse et de l\u2019\u00cele-du-Prince-\u00c9douard, et qui \u00e9value les besoins des membres dans des domaines comme le perfectionnement professionnel continu, la d\u00e9fense des int\u00e9r\u00eats, les \u00e9v\u00e9nements sociaux, les prix et la reconnaissance des membres. Veuillez consulter le\u00a0<a href=\"https:\/\/camrt.ca\/wp-content\/uploads\/2021\/09\/Atlantic-Advisory-Council-Terms-of-Reference-FR-Sep2021.pdf\" target=\"_blank\" rel=\"noopener\">mandat pour de plus amples renseignements<\/a>.<\/p>\n<table style=\"width: 97.5496%; height: 180px;\" border=\"0\" width=\"100%\" cellspacing=\"5\" cellpadding=\"3\">\n<tbody>\n<tr style=\"height: 24px;\">\n<td style=\"width: 47.8608%; height: 24px;\" valign=\"top\"><strong><span class=\"abouttext\">Kurtis Billard RTNM<\/span><\/strong><strong><span class=\"abouttext\"><br \/>\n<\/span><\/strong><\/td>\n<td style=\"width: 50.9065%; height: 24px;\" valign=\"top\">Terre-Neuve et Labrador<\/td>\n<\/tr>\n<tr style=\"height: 24px;\">\n<td style=\"width: 47.8608%; height: 24px;\" valign=\"top\"><strong>Monica Brideau RTNM<\/strong><\/td>\n<td style=\"width: 50.9065%; height: 24px;\" valign=\"top\">Nouveau Brunswick<\/td>\n<\/tr>\n<tr style=\"height: 24px;\">\n<td style=\"width: 47.8608%; height: 24px;\" valign=\"top\"><strong><span class=\"abouttext\">Nicole Jenkins RTR, RTMR<\/span><\/strong><\/td>\n<td style=\"width: 50.9065%; height: 24px;\" valign=\"top\">Terre-Neuve et Labrador<\/td>\n<\/tr>\n<tr style=\"height: 48px;\">\n<td style=\"width: 47.8608%; height: 26px;\" valign=\"top\"><strong><span class=\"abouttext\">Jessica Kimber RT<\/span><\/strong><strong><span class=\"abouttext\"><br \/>\n<\/span><\/strong><\/td>\n<td style=\"width: 50.9065%; height: 26px;\" valign=\"top\">Nouvelle-\u00c9cosse<\/td>\n<\/tr>\n<tr style=\"height: 24px;\">\n<td style=\"width: 47.8608%; height: 24px;\" valign=\"top\"><strong>Adam MacDonald RTT<\/strong><\/td>\n<td style=\"width: 50.9065%; height: 24px;\" valign=\"top\">Nouvelle-\u00c9cosse<\/td>\n<\/tr>\n<tr style=\"height: 24px;\">\n<td style=\"width: 47.8608%; height: 24px;\" valign=\"top\"><strong>Laura MacKillop RTT<\/strong><\/td>\n<td style=\"width: 50.9065%; height: 24px;\" valign=\"top\">Nouvelle-\u00c9cosse<\/td>\n<\/tr>\n<tr style=\"height: 24px;\">\n<td style=\"width: 47.8608%; height: 10px;\" valign=\"top\"><strong>Stephanie Pearson RTR<\/strong><\/td>\n<td style=\"width: 50.9065%; height: 10px;\" valign=\"top\">Terre-Neuve et Labrador<\/td>\n<\/tr>\n<tr style=\"height: 24px;\">\n<td style=\"width: 47.8608%; height: 24px;\" valign=\"top\"><strong>Kelsey Phelan RTR, RTMR<\/strong><\/td>\n<td style=\"width: 50.9065%; height: 24px;\" valign=\"top\">\u00cele-du-Prince-\u00c9douard<\/td>\n<\/tr>\n<\/tbody>\n<\/table>\n<p><a href=\"https:\/\/camrt.wpenginepowered.com\/fr\/atlantique\/a-propos-de-lactrm-atl\/conseil-consultatif-de-lactrm-atl\/\" target=\"_blank\" rel=\"noopener\">En savoir plus sur les membres du conseil consultatif de l\u2019ACTRM-ATL ici<\/a><\/p>\n<p>&nbsp;<\/p>\n<h3><strong>Devenir Ambassadeurs de site<\/strong><\/h3>\n<p>Le programme des ambassadeurs et ambassadrices de site est un r\u00e9seau de technologues en radiation m\u00e9dicale qui partagent le d\u00e9sir d\u2019informer et d\u2019engager les membres par des activit\u00e9s et des discussions locales. Ces personnes jouent un r\u00f4le essentiel en tant que point de contact entre la gestionnaire provinciale de l\u2019ACTRM-ATL et les membres. Votre participation en tant qu\u2019ambassadeur ou ambassadrice de site sera enrichissante sur le plan personnel et professionnel et contribuera \u00e0 renforcer l\u2019effectif des TRM dans le Canada atlantique. Les ambassadeurs de site travailleront sous la direction de la gestionnaire provinciale.<\/p>\n<p>L\u2019objectif est d\u2019avoir un ambassadeur ou une ambassadrice de site sur chaque site de travail au Canada atlantique! Voir le\u00a0<a href=\"https:\/\/camrt.ca\/wp-content\/uploads\/2021\/09\/Site-Ambassador-Network_Terms-of-Reference-FR.pdf\" target=\"_blank\" rel=\"noopener\">Mandat des ambassadeurs et ambassadrices de site<\/a>\u00a0pour plus d\u2019information.<\/p>\n<p>Cela vous int\u00e9resse?\u00a0<a href=\"https:\/\/airtable.com\/shrzqxdgNaN2sYJki\" target=\"_blank\" rel=\"noopener\">Cliquez ici<\/a>\u00a0et nous ajouterons votre nom \u00e0 la liste de distribution par courriel des ambassadeurs de site!<\/p>\n<h3><a href=\"https:\/\/camrt.wpenginepowered.com\/fr\/des-ambassadeurs-et-ambassadrices-de-site-de-lactrm-atl\/\" target=\"_blank\" rel=\"noopener\"><strong>Trouvez votre Ambassadeur de Site<\/strong><\/a><\/h3>\n<p>&nbsp;<\/p>\n<h3><strong>Faites du B\u00e9n\u00e9volat \u00e0 l\u2019ACTRM-ATL<\/strong><\/h3>\n<p>Int\u00e9ress\u00e9 \u00e0 faire du b\u00e9n\u00e9volat avec CAMRT-ATL? Vous avez des questions? Contactez: jcarey@camrt.ca<\/p>\n<p>&nbsp;<\/p>\n<p>&nbsp;<\/p>\n<p>&nbsp;<\/p>\n","protected":false},"excerpt":{"rendered":"<p>La voix provinciale du Canada atlantique &nbsp; L\u2019Association canadienne des technologues en radiation m\u00e9dicale (ACTRM) est l\u2019association nationale canadienne et l\u2019organisme d\u2019agr\u00e9ment des technologues en radiologie, en m\u00e9decine nucl\u00e9aire, en [&hellip;]<\/p>\n","protected":false},"author":13,"featured_media":0,"parent":13690,"menu_order":0,"comment_status":"closed","ping_status":"closed","template":"","meta":{"_monsterinsights_skip_tracking":false,"_monsterinsights_sitenote_active":false,"_monsterinsights_sitenote_note":"","_monsterinsights_sitenote_category":0,"footnotes":""},"class_list":["post-58900","page","type-page","status-publish","hentry"],"_links":{"self":[{"href":"https:\/\/camrt.ca\/fr\/wp-json\/wp\/v2\/pages\/58900","targetHints":{"allow":["GET"]}}],"collection":[{"href":"https:\/\/camrt.ca\/fr\/wp-json\/wp\/v2\/pages"}],"about":[{"href":"https:\/\/camrt.ca\/fr\/wp-json\/wp\/v2\/types\/page"}],"author":[{"embeddable":true,"href":"https:\/\/camrt.ca\/fr\/wp-json\/wp\/v2\/users\/13"}],"replies":[{"embeddable":true,"href":"https:\/\/camrt.ca\/fr\/wp-json\/wp\/v2\/comments?post=58900"}],"version-history":[{"count":0,"href":"https:\/\/camrt.ca\/fr\/wp-json\/wp\/v2\/pages\/58900\/revisions"}],"up":[{"embeddable":true,"href":"https:\/\/camrt.ca\/fr\/wp-json\/wp\/v2\/pages\/13690"}],"wp:attachment":[{"href":"https:\/\/camrt.ca\/fr\/wp-json\/wp\/v2\/media?parent=58900"}],"curies":[{"name":"wp","href":"https:\/\/api.w.org\/{rel}","templated":true}]}}