{"id":58405,"date":"2015-02-06T06:04:01","date_gmt":"2015-02-06T11:04:01","guid":{"rendered":"https:\/\/camrt.ca\/?page_id=58405"},"modified":"2026-02-24T14:06:40","modified_gmt":"2026-02-24T19:06:40","slug":"analyse-des-echelles-salariales","status":"publish","type":"page","link":"https:\/\/camrt.ca\/fr\/profession-de-trm\/ressources-professionnelles\/analyse-des-echelles-salariales\/","title":{"rendered":"Analyse des \u00e9chelles salariales"},"content":{"rendered":"<p>Les renseignements relatifs aux \u00e9chelles salariales furent rassembl\u00e9s \u00e0 fin de r\u00e9f\u00e9rence pour les technologues en radiation m\u00e9dicale pratiquants et par les \u00e9tudiants qui se pr\u00e9parent \u00e0 int\u00e9grer ce champ de pratique au Canada. Il s&rsquo;agit d&rsquo;une collection d&rsquo;\u00e9chelles salariales provinciales obtenues aupr\u00e8s des syndicats et des conventions collectives des unit\u00e9s de n\u00e9gociation externes. Veuillez prendre en note que certaines conventions collectives ne font aucune distinction entre les quatre disciplines (Radiologie, Radioth\u00e9rapie, M\u00e9decine nucl\u00e9aire et R\u00e9sonance magn\u00e9tique). Toutefois, nous avons tent\u00e9, dans la mesure du possible, de pr\u00e9ciser les \u00e9chelles salariales des quatre disciplines. Les renseignements suppl\u00e9mentaires renferment les majorations pour le travail suppl\u00e9mentaire et une annexe qui traite de l&rsquo;\u00e9cart du co\u00fbt de la vie entre les provinces.<\/p>\n<p><strong><a href=\"https:\/\/camrt.ca\/wp-content\/uploads\/2026\/02\/ACTRM_echelle_salariale_2026-02_Feb.pdf\" target=\"_blank\" rel=\"noopener\">ACTRM Analyse de l&rsquo;\u00e9chelle salariale, 2026-02<\/a><\/strong><\/p>\n<p>&nbsp;<\/p>\n<div class='dt-sc-info-box'><p style=\"text-align: justify;\"><strong>Invitation \u00e0 la participation des membres :<\/strong> Si vous connaissez des renseignements plus r\u00e9cents ou manquants sur les conventions collectives, l\u2019ACTRM appr\u00e9cierait votre aide afin de maintenir l\u2019analyse de l\u2019\u00e9chelle salariale \u00e0 jour et pertinente pour ses membres. \u00c0 cette fin, veuillez communiquer avec <a href=\"mailto:pwilliams@camrt.ca\">Phyllis Williams<\/a> \u00e0 l\u2019ACTRM.<\/div>\n","protected":false},"excerpt":{"rendered":"<p>Les renseignements relatifs aux \u00e9chelles salariales furent rassembl\u00e9s \u00e0 fin de r\u00e9f\u00e9rence pour les technologues en radiation m\u00e9dicale pratiquants et par les \u00e9tudiants qui se pr\u00e9parent \u00e0 int\u00e9grer ce champ de pratique au Canada. Il s&rsquo;agit d&rsquo;une collection d&rsquo;\u00e9chelles salariales provinciales obtenues aupr\u00e8s des syndicats et des conventions collectives des unit\u00e9s de n\u00e9gociation externes. Veuillez [&hellip;]<\/p>\n","protected":false},"author":49,"featured_media":0,"parent":47036,"menu_order":0,"comment_status":"closed","ping_status":"closed","template":"","meta":{"_monsterinsights_skip_tracking":false,"_monsterinsights_sitenote_active":false,"_monsterinsights_sitenote_note":"","_monsterinsights_sitenote_category":0,"footnotes":""},"class_list":["post-58405","page","type-page","status-publish","hentry"],"_links":{"self":[{"href":"https:\/\/camrt.ca\/fr\/wp-json\/wp\/v2\/pages\/58405","targetHints":{"allow":["GET"]}}],"collection":[{"href":"https:\/\/camrt.ca\/fr\/wp-json\/wp\/v2\/pages"}],"about":[{"href":"https:\/\/camrt.ca\/fr\/wp-json\/wp\/v2\/types\/page"}],"author":[{"embeddable":true,"href":"https:\/\/camrt.ca\/fr\/wp-json\/wp\/v2\/users\/49"}],"replies":[{"embeddable":true,"href":"https:\/\/camrt.ca\/fr\/wp-json\/wp\/v2\/comments?post=58405"}],"version-history":[{"count":2,"href":"https:\/\/camrt.ca\/fr\/wp-json\/wp\/v2\/pages\/58405\/revisions"}],"predecessor-version":[{"id":60184,"href":"https:\/\/camrt.ca\/fr\/wp-json\/wp\/v2\/pages\/58405\/revisions\/60184"}],"up":[{"embeddable":true,"href":"https:\/\/camrt.ca\/fr\/wp-json\/wp\/v2\/pages\/47036"}],"wp:attachment":[{"href":"https:\/\/camrt.ca\/fr\/wp-json\/wp\/v2\/media?parent=58405"}],"curies":[{"name":"wp","href":"https:\/\/api.w.org\/{rel}","templated":true}]}}