{"id":58190,"date":"2025-10-26T21:49:36","date_gmt":"2025-10-27T01:49:36","guid":{"rendered":"https:\/\/camrt.ca\/renew\/"},"modified":"2025-10-31T18:07:42","modified_gmt":"2025-10-31T22:07:42","slug":"renouveler","status":"publish","type":"page","link":"https:\/\/camrt.ca\/fr\/renouveler\/","title":{"rendered":"Votre adh\u00e9sion pour 2026"},"content":{"rendered":"<h1 style=\"text-align: center;\">Votre adh\u00e9sion \u00e0 l&rsquo;ACTRM pour 2026<\/h1>\n<h2 style=\"text-align: center;\" data-pm-slice=\"1 1 []\">Fa\u00e7onnez votre avenir. \u00c9levez votre pratique.\u00a0Dynamisez votre carri\u00e8re.<\/h2>\n<p style=\"text-align: center;\">L&rsquo;adh\u00e9sion vous offre la protection, la formation et la reconnaissance dont vous avez besoin pour prosp\u00e9rer en tant que TRM.<\/p>\n<p style=\"text-align: center;\"><a href='https:\/\/camrt.my.site.com\/CPBase__custom_login?site=a0a1a00000AMdDwAAL' target='_top'  class='dt-sc-button   large  ' >Renouveler maintenant<\/a>\n<p>&nbsp;<\/p>\n<h2 data-start=\"933\" data-end=\"990\">L&rsquo;adh\u00e9sion qui fait avancer votre carri\u00e8re<\/h2>\n<p data-start=\"964\" data-end=\"1095\"><img loading=\"lazy\" decoding=\"async\" class=\"wp-image-42990 alignright\" src=\"https:\/\/camrt.ca\/wp-content\/uploads\/2025\/10\/woman-in-scrubs-1024x688.png\" alt=\"\" width=\"420\" height=\"282\" \/><\/p>\n<p data-start=\"707\" data-end=\"760\">\u2705 Assurance responsabilit\u00e9 professionnelle (ARP) personnelle de 5 millions de dollars<\/p>\n<p data-start=\"763\" data-end=\"817\">\u2705 Opportunit\u00e9s exclusives de perfectionnement professionnel continu (PPC)<\/p>\n<p data-start=\"820\" data-end=\"878\">\u2705 D\u00e9fense des int\u00e9r\u00eats qui rehausse le profil des TRM \u00e0 travers le Canada<\/p>\n<p data-start=\"881\" data-end=\"930\">\u2705 R\u00e9ductions sur les conf\u00e9rences, les produits li\u00e9s au mode de vie et le PPC<\/p>\n<p data-start=\"933\" data-end=\"990\">\u2705 Acc\u00e8s \u00e0 des ressources et publications fiables sur la pratique<\/p>\n<p data-start=\"933\" data-end=\"990\">\u2705 Appartenance \u00e0 une communaut\u00e9 professionnelle dynamique ;<\/p>\n<p><strong style=\"font-size: 18px;\">\u21d2 Voir tous les <a href=\"https:\/\/camrt.ca\/fr\/adhesion\/avantages\/\">avantages r\u00e9serv\u00e9s aux membres<\/a><\/strong><\/p>\n<p>&nbsp;<\/p>\n<h2>De nouveaux avantages et de nouvelles possibilit\u00e9s pour vous en 2026<\/h2>\n<ul style=\"list-style-type: disc;\">\n<li data-start=\"1321\" data-end=\"1382\">Biblioth\u00e8que d&rsquo;apprentissage en ligne mise \u00e0 jour avec de nouveaux cours sp\u00e9cialis\u00e9s<\/li>\n<li data-start=\"1321\" data-end=\"1382\">R\u00e9ductions r\u00e9serv\u00e9es aux membres am\u00e9lior\u00e9es<\/li>\n<li data-start=\"1321\" data-end=\"1382\">Nouvelles initiatives de d\u00e9fense des int\u00e9r\u00eats visant \u00e0 renforcer la reconnaissance des TRM<\/li>\n<li data-start=\"1321\" data-end=\"1382\">L&rsquo;ACTRM 2026, la conf\u00e9rence nationale des TRM \u00e0 Victoria, en Colombie-Britannique (tarifs r\u00e9serv\u00e9s aux membres)<\/li>\n<\/ul>\n<h2>Pourquoi les membres renouvellent leur adh\u00e9sion ann\u00e9e apr\u00e8s ann\u00e9e<\/h2>\n<p><img loading=\"lazy\" decoding=\"async\" class=\"alignleft wp-image-41969\" src=\"https:\/\/camrt.ca\/wp-content\/uploads\/2025\/05\/250503-CAMRT-Jasper-090111-1024x683.jpg\" alt=\"CAMRT member\" width=\"445\" height=\"297\" \/><br \/>\n\u00ab L\u2019adh\u00e9sion \u00e0 l\u2019ACTRM me donne confiance, car je sais que je suis couvert et soutenu. De plus, la formation qu\u2019ils offrent me permet de rester \u00e0 jour et d\u2019affiner mes comp\u00e9tences. \u00bb \u2014 Membre, Ontario<\/p>\n<p>&nbsp;<\/p>\n<p>\u00ab Faire partie de l\u2019ACTRM me donne le sentiment de ne pas \u00eatre seul dans cette profession. \u00bb \u2013 Membre, Nouveau-Brunswick<\/p>\n<p>&nbsp;<\/p>\n<p>\u00ab L\u2019ACTRM me procure un sentiment de fiert\u00e9 et d\u2019appartenance \u2014 c\u2019est agr\u00e9able de faire partie de quelque chose de plus grand. \u00bb \u2013 Membre, Colombie-Britannique<\/p>\n<p>&nbsp;<\/p>\n<p>&nbsp;<\/p>\n<h2>Le renouvellement ne prend que 3 minutes<\/h2>\n<ul style=\"list-style-type: disc;\">\n<li>Renouvelez directement dans votre compte CAMRT (ou cliquez ci-dessous).<\/li>\n<li>N&rsquo;attendez pas : pour continuer \u00e0 b\u00e9n\u00e9ficier des avantages et de la couverture PLI sans interruption, vous devez renouveler votre adh\u00e9sion avant <strong>le 31 d\u00e9cembre 2025<\/strong>.<\/li>\n<\/ul>\n<a href='https:\/\/camrt.my.site.com\/CPBase__custom_login?site=a0a1a00000AMdDwAAL' target='_top'  class='dt-sc-button   large  ' >Renouveler mon adh\u00e9sion<\/a>\n<p>&nbsp;<\/p>\n<h2>Faites partie d&rsquo;un mouvement plus vaste<\/h2>\n<p>Lorsque vous renouvelez votre adh\u00e9sion \u00e0 l&rsquo;ACTRM, vous ne faites pas que conserver vos avantages individuels, vous vous joignez \u00e0 plus de 11 000 TRM \u00e0 travers le Canada. Ensemble, nous formons une communaut\u00e9 nationale qui stimule l&rsquo;innovation, renforce notre profession et veille \u00e0 ce que les patients partout dans le pays re\u00e7oivent des soins de la plus haute qualit\u00e9. Chaque renouvellement renforce notre voix collective dans le domaine des soins de sant\u00e9, garantissant que les TRM sont reconnus, valoris\u00e9s et soutenus pour le r\u00f4le essentiel qu&rsquo;ils jouent.<\/p>\n<p>&nbsp;<\/p>\n<h2><strong>Vous avez des questions sur l\u2019adh\u00e9sion ?<\/strong><\/h2>\n<p data-start=\"3415\" data-end=\"3460\"><div class=\"dt-sc-toggle-frame\">\t<h5 class='dt-sc-toggle'><a href='#'>Quels sont les frais d'adh\u00e9sion pour 2025 et 2026 ?<\/a><\/h5>\t<div class=\"dt-sc-toggle-content\" style=\"display: none;\">\t\t<div class=\"block\">Veuillez consulter le tableau des types d&rsquo;adh\u00e9sion et des frais d&rsquo;adh\u00e9sion <a href=\"https:\/\/camrt.ca\/fr\/adhesion\/categories-adhesion-frais\/\">ici<\/a>.\t\t<\/div>\t<\/div><\/div>\n<p data-start=\"3415\" data-end=\"3460\"><div class=\"dt-sc-toggle-frame\">\t<h5 class='dt-sc-toggle'><a href='#'>O\u00f9 puis-je trouver ma carte de membre ?<\/a><\/h5>\t<div class=\"dt-sc-toggle-content\" style=\"display: none;\">\t\t<div class=\"block\">Sous l&rsquo;onglet \u00ab Mon adh\u00e9sion \u00bb de votre compte membre. Les cartes de membre peuvent \u00eatre t\u00e9l\u00e9charg\u00e9es.\t\t<\/div>\t<\/div><\/div>\n<p data-start=\"3415\" data-end=\"3460\"><div class=\"dt-sc-toggle-frame\">\t<h5 class='dt-sc-toggle'><a href='#'>O\u00f9 puis-je trouver mon certificat d'ARP (assurance) ?<\/a><\/h5>\t<div class=\"dt-sc-toggle-content\" style=\"display: none;\">\t\t<div class=\"block\">Sous l&rsquo;onglet \u00ab Mon adh\u00e9sion \u00bb de votre compte membre. Les certificats peuvent \u00eatre t\u00e9l\u00e9charg\u00e9s.\t\t<\/div>\t<\/div><\/div>\n<div class=\"dt-sc-toggle-frame\">\t<h5 class='dt-sc-toggle'><a href='#'>Que se passe-t-il si mon employeur paie ma cotisation ?<\/a><\/h5>\t<div class=\"dt-sc-toggle-content\" style=\"display: none;\">\t\t<div class=\"block\">Dans ce cas, vous n&rsquo;avez rien \u00e0 faire, aucun renouvellement n&rsquo;est n\u00e9cessaire. Nous vous demandons toutefois de prendre quelques instants pour vous connecter \u00e0 votre compte ACTRM et v\u00e9rifier vos coordonn\u00e9es et vos pr\u00e9f\u00e9rences en mati\u00e8re de communication.\t\t<\/div>\t<\/div><\/div>\n<p data-start=\"3415\" data-end=\"3460\"><div class=\"dt-sc-toggle-frame\">\t<h5 class='dt-sc-toggle'><a href='#'>Que faire si mes cotisations \u00e0 l'ACTRM sont pr\u00e9lev\u00e9es sur mon salaire par mon employeur?<\/a><\/h5>\t<div class=\"dt-sc-toggle-content\" style=\"display: none;\">\t\t<div class=\"block\">Dans ce cas, vous n&rsquo;avez rien \u00e0 faire, aucun renouvellement n&rsquo;est n\u00e9cessaire. Nous vous demandons toutefois de prendre quelques instants pour vous connecter \u00e0 votre compte ACTRM et v\u00e9rifier vos coordonn\u00e9es et vos pr\u00e9f\u00e9rences en mati\u00e8re de communication.\t\t<\/div>\t<\/div><\/div>\n<div class=\"dt-sc-toggle-frame\">\t<h5 class='dt-sc-toggle'><a href='#'>Que se passe-t-il si je manque la date limite ?<\/a><\/h5>\t<div class=\"dt-sc-toggle-content\" style=\"display: none;\">\t\t<div class=\"block\">Vous pouvez toujours renouveler votre adh\u00e9sion, mais vous aurez une interruption dans votre adh\u00e9sion et votre couverture ARP si vous renouvelez apr\u00e8s le 31 d\u00e9cembre. Votre adh\u00e9sion et votre ARP pour 2025 expirent \u00e0 23 h 59 le 31 d\u00e9cembre 2025. Si vous renouvelez apr\u00e8s cette date, votre adh\u00e9sion et votre ARP deviendront actives au moment de votre achat.\t\t<\/div>\t<\/div><\/div>\n<p data-start=\"3415\" data-end=\"3460\"><div class=\"dt-sc-toggle-frame\">\t<h5 class='dt-sc-toggle'><a href='#'>Puis-je configurer le renouvellement automatique ?<\/a><\/h5>\t<div class=\"dt-sc-toggle-content\" style=\"display: none;\">\t\t<div class=\"block\">Oui, vous aurez la possibilit\u00e9 d&rsquo;opter pour le renouvellement automatique (pour les ann\u00e9es suivantes) lors de l&rsquo;achat de votre adh\u00e9sion 2026. Veillez \u00e0 ajouter une carte de cr\u00e9dit \u00e0 votre profil en ligne sous \u00ab Mes modes de paiement \u00bb avant de finaliser votre achat d&rsquo;adh\u00e9sion.\t\t<\/div>\t<\/div><\/div>\n<p data-start=\"3415\" data-end=\"3460\"><div class=\"dt-sc-toggle-frame\">\t<h5 class='dt-sc-toggle'><a href='#'>Puis-je payer par versements mensuels ?<\/a><\/h5>\t<div class=\"dt-sc-toggle-content\" style=\"display: none;\">\t\t<div class=\"block\">Oui, vous pouvez choisir entre un abonnement payable en une seule fois ou par versements mensuels. N&rsquo;oubliez pas que les deux options correspondent \u00e0 un engagement d&rsquo;un an, mais que l&rsquo;une d&rsquo;entre elles offre la possibilit\u00e9 d&rsquo;\u00e9taler les cotisations sur 12 paiements. Si vous optez pour le paiement par mensualit\u00e9s, votre premier mois (janvier) et votre assurance responsabilit\u00e9 professionnelle seront pr\u00e9lev\u00e9s lors du paiement. Les paiements mensuels suivants seront effectu\u00e9s le premier jour du mois, \u00e0 compter du 1er f\u00e9vrier. L&rsquo;option de paiement par mensualit\u00e9 est disponible pour les adh\u00e9sions \u00e0 titre de membre \u00e0 part enti\u00e8re.\t\t<\/div>\t<\/div><\/div>\n","protected":false},"excerpt":{"rendered":"<p>Votre adh\u00e9sion \u00e0 l&rsquo;ACTRM pour 2026 Fa\u00e7onnez votre avenir. \u00c9levez votre pratique.\u00a0Dynamisez votre carri\u00e8re. L&rsquo;adh\u00e9sion vous offre la protection, la formation et la reconnaissance dont vous avez besoin pour prosp\u00e9rer en tant que TRM. &nbsp; L&rsquo;adh\u00e9sion qui fait avancer votre carri\u00e8re \u2705 Assurance responsabilit\u00e9 professionnelle (ARP) personnelle de 5 millions de dollars \u2705 Opportunit\u00e9s exclusives [&hellip;]<\/p>\n","protected":false},"author":30,"featured_media":0,"parent":0,"menu_order":0,"comment_status":"closed","ping_status":"closed","template":"","meta":{"_monsterinsights_skip_tracking":false,"_monsterinsights_sitenote_active":false,"_monsterinsights_sitenote_note":"","_monsterinsights_sitenote_category":0,"footnotes":""},"class_list":["post-58190","page","type-page","status-publish","hentry"],"_links":{"self":[{"href":"https:\/\/camrt.ca\/fr\/wp-json\/wp\/v2\/pages\/58190","targetHints":{"allow":["GET"]}}],"collection":[{"href":"https:\/\/camrt.ca\/fr\/wp-json\/wp\/v2\/pages"}],"about":[{"href":"https:\/\/camrt.ca\/fr\/wp-json\/wp\/v2\/types\/page"}],"author":[{"embeddable":true,"href":"https:\/\/camrt.ca\/fr\/wp-json\/wp\/v2\/users\/30"}],"replies":[{"embeddable":true,"href":"https:\/\/camrt.ca\/fr\/wp-json\/wp\/v2\/comments?post=58190"}],"version-history":[{"count":0,"href":"https:\/\/camrt.ca\/fr\/wp-json\/wp\/v2\/pages\/58190\/revisions"}],"wp:attachment":[{"href":"https:\/\/camrt.ca\/fr\/wp-json\/wp\/v2\/media?parent=58190"}],"curies":[{"name":"wp","href":"https:\/\/api.w.org\/{rel}","templated":true}]}}